{"id":3095,"date":"2021-08-06T10:37:28","date_gmt":"2021-08-06T08:37:28","guid":{"rendered":"https:\/\/agora.xtec.cat\/escolamontserratsola\/?page_id=3095"},"modified":"2025-09-19T18:37:02","modified_gmt":"2025-09-19T16:37:02","slug":"espais-de-menjador-acollida-i-activitats-de-lleure-educatiu","status":"publish","type":"page","link":"https:\/\/agora.xtec.cat\/escolamontserratsola\/comunicats\/espais-de-menjador-acollida-i-activitats-de-lleure-educatiu\/","title":{"rendered":"Activitat de migdia, acollida i de lleure educatiu"},"content":{"rendered":"<p>L\u2019escola t\u00e9 la voluntat de col\u00b7laborar amb les fam\u00edlies en la conciliaci\u00f3 del seu horari laboral i familiar amb l\u2019organitzaci\u00f3 de serveis fora de l\u2019horari lectiu i donar continu\u00eftat al proc\u00e9s educatiu dels nens i nenes: servei de menjador, acollida de mat\u00ed i tarda, activitats de lleure educatiu i casals.<\/p>\n<p>Tots els moments viscuts a l\u2019escola s\u00f3n educatius. Per tant, tots aquests serveis formen part del projecte educatiu del centre. Es gestionen coordinadament entre l\u2019AFA i l\u2019equip docent a trav\u00e9s del treball per comissions. L\u2019AFA gestiona aquestes activitats.<\/p>\n<p>Per fer \u00fas d\u2019algun d\u2019aquests serveis cal formalitzar la inscripci\u00f3 corresponent. Per donar-se\u2019n de baixa, cal informar per escrit 15 dies abans que acabi el mes corresponent.<\/p>\n<p>Cal tenir en compte que, a fi d\u2019assegurar el seu benestar, un infant no hauria de romandre a l\u2019escola m\u00e9s de 8 hores seguides.<\/p>\n<h4><strong>L&#8217;espai de migdia<\/strong><\/h4>\n<p>Aquest moment ocupa l\u2019horari entre les 12:30h. i les 15h. L\u2019empresa KALIU gestiona el servei de menjador. Tenim cuina pr\u00f2pia. Els productes s\u00f3n de proximitat, qualitat i majorit\u00e0riament ecol\u00f2gics. El men\u00fa s\u2019adapta als infants amb trastorns gastrointestinals lleus i puntuals, intoler\u00e0ncies i al\u00b7l\u00e8rgies aliment\u00e0ries i per opcions personals.<\/p>\n<p>Tenim com a objectiu assegurar un bon nivell d\u2019atenci\u00f3 a les necessitats b\u00e0siques d\u2019alimentaci\u00f3, salut i benestar dels nens i les nenes i garantir la qualitat pedag\u00f2gica en el tractament dels h\u00e0bits d\u2019higiene, d\u2019autonomia personal i de relaci\u00f3 social: durant el migdia es vetlla per crear una atmosfera familiar, de manera que els nens i les nenes se sentin atesos d\u2019una manera molt personal. Dinen amb la taula parada mentre la conversa flueix entre ells i amb les persones que els atenen. En acabar, es garanteix una estona de descans que permet fer la migdiada als infants que encara la necessiten.<\/p>\n<p>En aquest enlla\u00e7 podeu consultar el men\u00fa: <a href=\"https:\/\/drive.google.com\/file\/d\/1Pk1nSxzOJczaDwsxHK3pdCYbZia7XQ1D\/view?usp=sharing\"><span style=\"text-decoration: underline;\">Men\u00fa KALIU curs 2025-2026<\/span><\/a>.<\/p>\n<p>Els tiquets de menjador es poden comprar al punt d\u2019atenci\u00f3 a les fam\u00edlies (al menjador de l\u2019escola) en efectiu o amb targeta de d\u00e8bit o cr\u00e8dit. Tamb\u00e9 fent una transfer\u00e8ncia banc\u00e0ria. En aquest cas, s\u2019ha d\u2019enviar per whatsapp o impr\u00e8s en paper, el comprovant.<\/p>\n<ul>\n<li style=\"text-align: left;\">Horari d\u2019atenci\u00f3: de 9h a 9:15h i de 16:30h a 17h.<\/li>\n<li style=\"text-align: left;\">Tel\u00e8fon: 622826327 (atenci\u00f3 telef\u00f2nica durant l\u2019horari lectiu).<\/li>\n<li style=\"text-align: left;\">L\u2019import del tiquet de 6,70 \u20ac. Es pot comprar una tira de cinc tiquets per 33,50 \u20ac.<\/li>\n<li style=\"text-align: left;\">N\u00famero de compte: 0081 0036 46 0002424245.<\/li>\n<\/ul>\n<p>Els tiquets de menjador es depositen en la b\u00fastia que hi ha a l\u2019entrada de l\u2019escola, al mat\u00ed. En el cas que s\u2019hagi lliurat un o m\u00e9s tiquets amb antelaci\u00f3 i l\u2019infant no es pugui quedar a dinar, el tiquet servir\u00e0 per a un altre dia, sempre i quan s\u2019hagi avisat abans de les 10h.<\/p>\n<p>Per a m\u00e9s informaci\u00f3, podeu consultar la <span style=\"text-decoration: underline;\"><a href=\"https:\/\/drive.google.com\/file\/d\/1VxhqYlh2uWrnN-PSC7v_AZpKYT1n-6cz\/view?usp=drive_link\">infografia de Kaliu Viu<\/a><\/span>.<\/p>\n<h4><strong>Espais d\u2019acollida<\/strong><\/h4>\n<p>El servei d\u2019acollida t\u00e9 lloc en dos moments del dia: l\u2019acollida del mat\u00ed i la de la tarda. Aquestes dues estones de m\u00e9s que el nen i la nena es queda a l\u2019escola, esdevenen espais d\u2019activitat tranquil\u00b7la i reposada, de relaci\u00f3 i conversa, amb una atenci\u00f3 personalitzada segons les necessitats de cada infant.<\/p>\n<ul>\n<li>Acollida de mat\u00ed: de 8h. a 9h. L\u2019objectiu \u00e9s fer una rebuda personal que respecti el ritme natural de cada infant en aquesta primera hora del dia. En arribar, els infants poden escollir l\u2019activitat que volen fer: jugar, dibuixar, conversar, mirar contes&#8230;<\/li>\n<li>Acollida de tarda: de 16:30 h. a 17:30 h. L\u2019objectiu \u00e9s acompanyar-los en el moment del berenar fomentant h\u00e0bits socials, d\u2019autonomia, de salut i higiene.<\/li>\n<\/ul>\n<p>Vetllar per uns bons h\u00e0bits de comunicaci\u00f3 i de relaci\u00f3 mitjan\u00e7ant activitats l\u00fadiques i educatives dirigides i\/o lliures, en un ambient relaxat per acabar tranquil\u00b7lament el dia. Quan ja fa bon temps l\u2019estona de joc lliure i dirigit, es fa al pati.<\/p>\n<p>L\u2019import del tiquet mensual \u00e9s de 27 \u20ac i el del tiquet espor\u00e0dic \u00e9s 2,70 \u20ac l\u2019hora. Es pot abonar l\u2019import per domiciliaci\u00f3 banc\u00e0ria (en el cas d\u2019un \u00fas regular del servei), amb targeta de cr\u00e8dit o d\u00e8bit o en efectiu al menjador de l\u2019escola en horari d\u2019atenci\u00f3. Els mesos de setembre, desembre, gener i juny, es pagar\u00e0 el mes sencer.<\/p>\n<h4><strong>Activitats de lleure educatiu<\/strong><\/h4>\n<p>Clic-Clac \u00e9s l\u2019equip que coordina les activitats de lleure educatiu. L\u2019atenci\u00f3 a les fam\u00edlies la fan al despatx de l\u2019AFA que restar\u00e0 obert de dilluns a divendres de les 16h a les 18h.<\/p>\n<p>Les activitats estan relacionades amb el joc, l\u2019art, l\u2019esport i la tecnologia. Comencen a partir del mes d\u2019octubre. La programaci\u00f3 s\u2019adapta a cada etapa i \u00e9s coherent amb el projecte educatiu del centre.<\/p>\n<p>El preu varia en funci\u00f3 de l&#8217;activitat. A continuaci\u00f3 us presentem el programa de les activitats d&#8217;Infantil i de Prim\u00e0ria:<\/p>\n<ul>\n<li><a href=\"https:\/\/drive.google.com\/file\/d\/1Vckt4qYXc_1elr7F61H0DMoglILrMtJN\/view?usp=sharing\">Activitats de lleure d&#8217;educaci\u00f3 infantil<\/a>.<\/li>\n<li><a href=\"https:\/\/drive.google.com\/file\/d\/12rSYSOqF2jA0QYA9HuHF_2xfpJzqxEoU\/view?usp=sharing\">Activitats de lleure d&#8217;educaci\u00f3 prim\u00e0ria<\/a>.<\/li>\n<\/ul>\n","protected":false},"excerpt":{"rendered":"<p>L\u2019escola t\u00e9 la voluntat de col\u00b7laborar amb les fam\u00edlies en la conciliaci\u00f3 del seu horari laboral i familiar amb l\u2019organitzaci\u00f3 de serveis fora de l\u2019horari lectiu i donar continu\u00eftat al proc\u00e9s educatiu dels nens i nenes: servei de menjador, acollida de mat\u00ed i tarda, activitats de lleure educatiu i casals. Tots els moments viscuts a [&hellip;]<\/p>\n","protected":false},"author":1,"featured_media":0,"parent":521,"menu_order":3,"comment_status":"closed","ping_status":"closed","template":"page-templates\/side-menu.php","meta":{"_bbp_topic_count":0,"_bbp_reply_count":0,"_bbp_total_topic_count":0,"_bbp_total_reply_count":0,"_bbp_voice_count":0,"_bbp_anonymous_reply_count":0,"_bbp_topic_count_hidden":0,"_bbp_reply_count_hidden":0,"_bbp_forum_subforum_count":0,"site-sidebar-layout":"default","site-content-layout":"","ast-site-content-layout":"","site-content-style":"default","site-sidebar-style":"default","ast-global-header-display":"","ast-banner-title-visibility":"","ast-main-header-display":"","ast-hfb-above-header-display":"","ast-hfb-below-header-display":"","ast-hfb-mobile-header-display":"","site-post-title":"","ast-breadcrumbs-content":"","ast-featured-img":"","footer-sml-layout":"","theme-transparent-header-meta":"","adv-header-id-meta":"","stick-header-meta":"","header-above-stick-meta":"","header-main-stick-meta":"","header-below-stick-meta":"","astra-migrate-meta-layouts":"default","ast-page-background-enabled":"default","ast-page-background-meta":{"desktop":{"background-color":"var(--ast-global-color-4)","background-image":"","background-repeat":"repeat","background-position":"center center","background-size":"auto","background-attachment":"scroll","background-type":"","background-media":"","overlay-type":"","overlay-color":"","overlay-opacity":"","overlay-gradient":""},"tablet":{"background-color":"","background-image":"","background-repeat":"repeat","background-position":"center center","background-size":"auto","background-attachment":"scroll","background-type":"","background-media":"","overlay-type":"","overlay-color":"","overlay-opacity":"","overlay-gradient":""},"mobile":{"background-color":"","background-image":"","background-repeat":"repeat","background-position":"center center","background-size":"auto","background-attachment":"scroll","background-type":"","background-media":"","overlay-type":"","overlay-color":"","overlay-opacity":"","overlay-gradient":""}},"ast-content-background-meta":{"desktop":{"background-color":"var(--ast-global-color-5)","background-image":"","background-repeat":"repeat","background-position":"center center","background-size":"auto","background-attachment":"scroll","background-type":"","background-media":"","overlay-type":"","overlay-color":"","overlay-opacity":"","overlay-gradient":""},"tablet":{"background-color":"var(--ast-global-color-5)","background-image":"","background-repeat":"repeat","background-position":"center center","background-size":"auto","background-attachment":"scroll","background-type":"","background-media":"","overlay-type":"","overlay-color":"","overlay-opacity":"","overlay-gradient":""},"mobile":{"background-color":"var(--ast-global-color-5)","background-image":"","background-repeat":"repeat","background-position":"center center","background-size":"auto","background-attachment":"scroll","background-type":"","background-media":"","overlay-type":"","overlay-color":"","overlay-opacity":"","overlay-gradient":""}},"footnotes":""},"class_list":["post-3095","page","type-page","status-publish","hentry"],"post_mailing_queue_ids":[],"_links":{"self":[{"href":"https:\/\/agora.xtec.cat\/escolamontserratsola\/wp-json\/wp\/v2\/pages\/3095","targetHints":{"allow":["GET"]}}],"collection":[{"href":"https:\/\/agora.xtec.cat\/escolamontserratsola\/wp-json\/wp\/v2\/pages"}],"about":[{"href":"https:\/\/agora.xtec.cat\/escolamontserratsola\/wp-json\/wp\/v2\/types\/page"}],"author":[{"embeddable":true,"href":"https:\/\/agora.xtec.cat\/escolamontserratsola\/wp-json\/wp\/v2\/users\/1"}],"replies":[{"embeddable":true,"href":"https:\/\/agora.xtec.cat\/escolamontserratsola\/wp-json\/wp\/v2\/comments?post=3095"}],"version-history":[{"count":6,"href":"https:\/\/agora.xtec.cat\/escolamontserratsola\/wp-json\/wp\/v2\/pages\/3095\/revisions"}],"predecessor-version":[{"id":4451,"href":"https:\/\/agora.xtec.cat\/escolamontserratsola\/wp-json\/wp\/v2\/pages\/3095\/revisions\/4451"}],"up":[{"embeddable":true,"href":"https:\/\/agora.xtec.cat\/escolamontserratsola\/wp-json\/wp\/v2\/pages\/521"}],"wp:attachment":[{"href":"https:\/\/agora.xtec.cat\/escolamontserratsola\/wp-json\/wp\/v2\/media?parent=3095"}],"curies":[{"name":"wp","href":"https:\/\/api.w.org\/{rel}","templated":true}]}}