{"id":26,"date":"2014-09-18T12:24:32","date_gmt":"2014-09-18T10:24:32","guid":{"rendered":"http:\/\/agora.xtec.cat\/escolamontserratsola\/?page_id=26"},"modified":"2021-09-08T17:32:53","modified_gmt":"2021-09-08T15:32:53","slug":"historia","status":"publish","type":"page","link":"https:\/\/agora.xtec.cat\/escolamontserratsola\/lescola\/historia\/","title":{"rendered":"La hist\u00f2ria de la nostra escola"},"content":{"rendered":"<p>El projecte educatiu de l&#8217;escola Montserrat Sol\u00e0 va comen\u00e7ar a gestar-se en el marc de l&#8217;escola d&#8217;estiu del Maresme, el juliol del 2004. Llavors, tres mestres van comen\u00e7ar a formar equip, a trobar-se, a pensar i a escriure un projecte de direcci\u00f3, per a una escola de nova creaci\u00f3 que posava en relleu:<\/p>\n<ul>\n<li>L&#8217;activitat i les necessitats evolutives dels nens i les nenes.<\/li>\n<li>El desenvolupament dels diversos llenguatges: expressius, comunicatius, simb\u00f2lics, cognitius, \u00e8tics, metaf\u00f2rics, l\u00f2gics, imaginatius i de relaci\u00f3.<\/li>\n<li>L\u2019experi\u00e8ncia com a base de qualsevol proc\u00e9s d\u2019aprenentatge.<\/li>\n<li>El temps que cada criatura necessita per consolidar els propis processos personals i d\u2019aprenentatge.<\/li>\n<li>La pedagogia de les arts com a mitj\u00e0 d\u2019expressi\u00f3 i comunicaci\u00f3 amb el m\u00f3n.<\/li>\n<li>Una escola en constant interacci\u00f3 amb el medi cultural, natural i social.<\/li>\n<li><span style=\"font-family: inherit; font-size: 1em;\">La implicaci\u00f3 i el treball conjunt entre mestres i fam\u00edlies per contribuir favorablement a la creaci\u00f3 d\u2019entorns de relaci\u00f3, d\u2019empatia, de col\u00b7laboraci\u00f3 i de fidelitzaci\u00f3.<\/span><\/li>\n<\/ul>\n<p>L&#8217;escola Montserrat Sol\u00e0 \u00e9s actualment una escola d&#8217;educaci\u00f3 Infantil i Prim\u00e0ria. Va obrir les seves portes el curs 2007-2008 amb dos grups de nens i nenes de tres anys i quatre mestres en una ubicaci\u00f3 provisional. El curs 2009-2010, s&#8217;inaugur\u00e0 el nou edifici en el seu empla\u00e7ament actual, a la Pla\u00e7a dels Alocs.<\/p>\n<p>Durant el curs 2010-2011 vam viure un proc\u00e9s d&#8217;acollida de l&#8217;escola Men\u00e9ndez y Pelayo, una de les escoles m\u00e9s antigues de la ciutat que es trobava en fase de tancament progressiu des del curs 2007-2008. Ambdues comunitats escolars vam fer possible una bona viv\u00e8ncia: els equips de mestres vam compartir una formaci\u00f3 de m\u00fasica i dansa, les dues comunitats de fam\u00edlies van compartir diverses activitats i trobades, i els nens i les nenes van visitar totes dues escoles i van participar en una cantata comuna, <em>La cigala i les formigues<\/em>, al Casal l&#8217;Alian\u00e7a de Matar\u00f3. Aquest proc\u00e9s va culminar el curs 2011-2012 amb la incorporaci\u00f3 dels grups de tercer fins a sis\u00e8.<\/p>\n<p>I continuem avan\u00e7ant en el nostre cam\u00ed a favor d\u2019aquella escola amable, emp\u00e0tica i en constant conviv\u00e8ncia que ens imagin\u00e0vem en un principi. El futur \u00e9s aquell que anem construint dia a dia. La nostra ess\u00e8ncia i all\u00f2 que ens identifica, \u00e9s el que ens ha de permetre continuar fent via amb una mirada transformada i transformadora de l\u2019educaci\u00f3.<\/p>\n","protected":false},"excerpt":{"rendered":"<p>El projecte educatiu de l&#8217;escola Montserrat Sol\u00e0 va comen\u00e7ar a gestar-se en el marc de l&#8217;escola d&#8217;estiu del Maresme, el juliol del 2004. Llavors, tres mestres van comen\u00e7ar a formar equip, a trobar-se, a pensar i a escriure un projecte de direcci\u00f3, per a una escola de nova creaci\u00f3 que posava en relleu: L&#8217;activitat i [&hellip;]<\/p>\n","protected":false},"author":1,"featured_media":0,"parent":22,"menu_order":6,"comment_status":"closed","ping_status":"closed","template":"page-templates\/side-menu.php","meta":{"_bbp_topic_count":0,"_bbp_reply_count":0,"_bbp_total_topic_count":0,"_bbp_total_reply_count":0,"_bbp_voice_count":0,"_bbp_anonymous_reply_count":0,"_bbp_topic_count_hidden":0,"_bbp_reply_count_hidden":0,"_bbp_forum_subforum_count":0,"site-sidebar-layout":"default","site-content-layout":"","ast-site-content-layout":"","site-content-style":"default","site-sidebar-style":"default","ast-global-header-display":"","ast-banner-title-visibility":"","ast-main-header-display":"","ast-hfb-above-header-display":"","ast-hfb-below-header-display":"","ast-hfb-mobile-header-display":"","site-post-title":"","ast-breadcrumbs-content":"","ast-featured-img":"","footer-sml-layout":"","theme-transparent-header-meta":"","adv-header-id-meta":"","stick-header-meta":"","header-above-stick-meta":"","header-main-stick-meta":"","header-below-stick-meta":"","astra-migrate-meta-layouts":"default","ast-page-background-enabled":"default","ast-page-background-meta":{"desktop":{"background-color":"var(--ast-global-color-4)","background-image":"","background-repeat":"repeat","background-position":"center center","background-size":"auto","background-attachment":"scroll","background-type":"","background-media":"","overlay-type":"","overlay-color":"","overlay-opacity":"","overlay-gradient":""},"tablet":{"background-color":"","background-image":"","background-repeat":"repeat","background-position":"center center","background-size":"auto","background-attachment":"scroll","background-type":"","background-media":"","overlay-type":"","overlay-color":"","overlay-opacity":"","overlay-gradient":""},"mobile":{"background-color":"","background-image":"","background-repeat":"repeat","background-position":"center center","background-size":"auto","background-attachment":"scroll","background-type":"","background-media":"","overlay-type":"","overlay-color":"","overlay-opacity":"","overlay-gradient":""}},"ast-content-background-meta":{"desktop":{"background-color":"var(--ast-global-color-5)","background-image":"","background-repeat":"repeat","background-position":"center center","background-size":"auto","background-attachment":"scroll","background-type":"","background-media":"","overlay-type":"","overlay-color":"","overlay-opacity":"","overlay-gradient":""},"tablet":{"background-color":"var(--ast-global-color-5)","background-image":"","background-repeat":"repeat","background-position":"center center","background-size":"auto","background-attachment":"scroll","background-type":"","background-media":"","overlay-type":"","overlay-color":"","overlay-opacity":"","overlay-gradient":""},"mobile":{"background-color":"var(--ast-global-color-5)","background-image":"","background-repeat":"repeat","background-position":"center center","background-size":"auto","background-attachment":"scroll","background-type":"","background-media":"","overlay-type":"","overlay-color":"","overlay-opacity":"","overlay-gradient":""}},"footnotes":""},"class_list":["post-26","page","type-page","status-publish","hentry"],"post_mailing_queue_ids":[],"_links":{"self":[{"href":"https:\/\/agora.xtec.cat\/escolamontserratsola\/wp-json\/wp\/v2\/pages\/26","targetHints":{"allow":["GET"]}}],"collection":[{"href":"https:\/\/agora.xtec.cat\/escolamontserratsola\/wp-json\/wp\/v2\/pages"}],"about":[{"href":"https:\/\/agora.xtec.cat\/escolamontserratsola\/wp-json\/wp\/v2\/types\/page"}],"author":[{"embeddable":true,"href":"https:\/\/agora.xtec.cat\/escolamontserratsola\/wp-json\/wp\/v2\/users\/1"}],"replies":[{"embeddable":true,"href":"https:\/\/agora.xtec.cat\/escolamontserratsola\/wp-json\/wp\/v2\/comments?post=26"}],"version-history":[{"count":4,"href":"https:\/\/agora.xtec.cat\/escolamontserratsola\/wp-json\/wp\/v2\/pages\/26\/revisions"}],"predecessor-version":[{"id":3080,"href":"https:\/\/agora.xtec.cat\/escolamontserratsola\/wp-json\/wp\/v2\/pages\/26\/revisions\/3080"}],"up":[{"embeddable":true,"href":"https:\/\/agora.xtec.cat\/escolamontserratsola\/wp-json\/wp\/v2\/pages\/22"}],"wp:attachment":[{"href":"https:\/\/agora.xtec.cat\/escolamontserratsola\/wp-json\/wp\/v2\/media?parent=26"}],"curies":[{"name":"wp","href":"https:\/\/api.w.org\/{rel}","templated":true}]}}