{"id":2501,"date":"2021-03-07T16:34:50","date_gmt":"2021-03-07T15:34:50","guid":{"rendered":"https:\/\/agora.xtec.cat\/escolamontserratsola\/?page_id=2501"},"modified":"2022-05-08T11:54:05","modified_gmt":"2022-05-08T09:54:05","slug":"fase-2-disseny","status":"publish","type":"page","link":"https:\/\/agora.xtec.cat\/escolamontserratsola\/transformem-el-nostre-pati\/fase-2-disseny\/","title":{"rendered":"Fase 2: Dissenyem"},"content":{"rendered":"<p>Per\u00edode: d&#8217;abril a juny de 2021<\/p>\n<p>L\u2019equip impulsor de patis, a trav\u00e9s d\u2019una din\u00e0mica de grup recondu\u00efda per SEO\/BirdLife, valora les seg\u00fcents accions en relaci\u00f3 a l\u2019objectiu que es planteja. Les accions que es descriuen estan ordenades segons els recursos econ\u00f2mics i humans dels que disposem i del valor educatiu i pedag\u00f2gic.<\/p>\n<p><strong style=\"font-family: inherit; font-size: 1em;\">Potenciar i fomentar la biodiversitat al pati<\/strong><\/p>\n<p>Accions:<\/p>\n<ul>\n<li>Treballar perqu\u00e8 els arbres puguin ser m\u00e9s grans: fent un clot al voltant del tronc, que es pugui descompactar la terra i recollir l&#8217;aigua, plantar-hi plantes arom\u00e0tiques o amb flors (com si fossin els escocells de BCN).<\/li>\n<li>Posar menjadores per a ocells (cacauets, llavors&#8230;) als arbres.<\/li>\n<li>Augmentar el nombre de jardineres amb m\u00e9s varietat de plantes arom\u00e0tiques i amb flors (ja sigui al pati de terra actual o a sobre la pista de ciment).<\/li>\n<li>Guanyar terreny a la pista esportiva instal\u00b7lant jardineres i triant molt b\u00e9 les plantes per fomentar la biodiversitat.<\/li>\n<li>Fer una coberta al \u201ctipi\u201d. Amb aquesta proposta generem un espai d\u2019amagatall pels infants i proporcionem aliments als ocells.<\/li>\n<\/ul>\n<p><strong style=\"font-family: inherit; font-size: 1em;\">Utilitzar el pati i l\u2019entorn immediat per desenvolupar el curr\u00edculum m\u00e9s enll\u00e0 de l\u2019educaci\u00f3 f\u00edsica i el medi<\/strong><\/p>\n<p>Accions:<\/p>\n<ul>\n<li>Incorporar l\u2019exterior en l\u2019horari lectiu de manera setmanal.<\/li>\n<li>(Tots els cicles): Tenir una \u201ccapsa de materials de descoberta de la natura&#8221; (lupes, miniguies identificaci\u00f3 d\u2019ocells o insectes&#8230; binocles).<\/li>\n<li>Potenciar vegetaci\u00f3 que permeti observar el canvi de les diferents estacions de l\u2019any (plantes que floreixin en diferent \u00e8poca, plantes anuals-bianuals i perennes, de fulla caduca-perenne&#8230;).<\/li>\n<li>Generar racons m\u00e9s acollidors i \u00edntims amb la disposici\u00f3 de jardineres, per exemple.<\/li>\n<li>Dissenyar espais amb ombra a l\u2019estiu i sol a l\u2019hivern per poder fer classe a l\u2019exterior.<\/li>\n<\/ul>\n<p><strong> Transformar i enriquir el pati per afavorir din\u00e0miques socials positives, inclusives i coeducatives<\/strong><\/p>\n<p>Accions:<\/p>\n<ul>\n<li>Aportar elements m\u00f2bils com pedres, branques, troncs, etc.<\/li>\n<li>Elements per canalitzar l\u2019energia (muntanyeta, espiral d\u2019arom\u00e0tiques, laberint de jardineres, etc.)<\/li>\n<li>Elements pel sorral acords a cada moment evolutiu (oferir possibilitats de cavar, despla\u00e7ar terra&#8230;).<\/li>\n<li>Elements per relaxar l\u2019esquena: gronxadors, hamaques&#8230;<\/li>\n<li>\u201cTrencar\u201d el pla amb elements naturals que donin joc i diversifiquin el moviment global (llesques de troncs, crear desnivells, troncs grans).<\/li>\n<li>Replantejar i diversificar les propostes de les pistes esportives. En una pista esportiva (jocs esportius, jocs grupals que impliquin corre, el \u201cpilla-pilla\u201d el \u201ccome coco\u201d&#8230; En l\u2019altra, propostes per desenvolupar la part superior del cos (barres per penjar-se, trapezi, elements per escalar, cordes amb nusos, cordes per saltar, cercles, cintes per moure amb el moviment dels bra\u00e7os&#8230;).<\/li>\n<li>Reduir la proporci\u00f3 de la pista de ciment i augmentar la part de pati de terra. Si de moment no es pot per pressupost, guanyar terreny a la pista de ciment: instal\u00b7lar jardineres i triar molt acuradament les plantes per fomentar la biodiversitat.<\/li>\n<\/ul>\n","protected":false},"excerpt":{"rendered":"<p>Per\u00edode: d&#8217;abril a juny de 2021 L\u2019equip impulsor de patis, a trav\u00e9s d\u2019una din\u00e0mica de grup recondu\u00efda per SEO\/BirdLife, valora les seg\u00fcents accions en relaci\u00f3 a l\u2019objectiu que es planteja. Les accions que es descriuen estan ordenades segons els recursos econ\u00f2mics i humans dels que disposem i del valor educatiu i pedag\u00f2gic. Potenciar i fomentar [&hellip;]<\/p>\n","protected":false},"author":1,"featured_media":0,"parent":2440,"menu_order":2,"comment_status":"closed","ping_status":"closed","template":"page-templates\/side-menu.php","meta":{"_bbp_topic_count":0,"_bbp_reply_count":0,"_bbp_total_topic_count":0,"_bbp_total_reply_count":0,"_bbp_voice_count":0,"_bbp_anonymous_reply_count":0,"_bbp_topic_count_hidden":0,"_bbp_reply_count_hidden":0,"_bbp_forum_subforum_count":0,"site-sidebar-layout":"default","site-content-layout":"","ast-site-content-layout":"","site-content-style":"default","site-sidebar-style":"default","ast-global-header-display":"","ast-banner-title-visibility":"","ast-main-header-display":"","ast-hfb-above-header-display":"","ast-hfb-below-header-display":"","ast-hfb-mobile-header-display":"","site-post-title":"","ast-breadcrumbs-content":"","ast-featured-img":"","footer-sml-layout":"","theme-transparent-header-meta":"","adv-header-id-meta":"","stick-header-meta":"","header-above-stick-meta":"","header-main-stick-meta":"","header-below-stick-meta":"","astra-migrate-meta-layouts":"default","ast-page-background-enabled":"default","ast-page-background-meta":{"desktop":{"background-color":"var(--ast-global-color-4)","background-image":"","background-repeat":"repeat","background-position":"center center","background-size":"auto","background-attachment":"scroll","background-type":"","background-media":"","overlay-type":"","overlay-color":"","overlay-opacity":"","overlay-gradient":""},"tablet":{"background-color":"","background-image":"","background-repeat":"repeat","background-position":"center center","background-size":"auto","background-attachment":"scroll","background-type":"","background-media":"","overlay-type":"","overlay-color":"","overlay-opacity":"","overlay-gradient":""},"mobile":{"background-color":"","background-image":"","background-repeat":"repeat","background-position":"center center","background-size":"auto","background-attachment":"scroll","background-type":"","background-media":"","overlay-type":"","overlay-color":"","overlay-opacity":"","overlay-gradient":""}},"ast-content-background-meta":{"desktop":{"background-color":"var(--ast-global-color-5)","background-image":"","background-repeat":"repeat","background-position":"center center","background-size":"auto","background-attachment":"scroll","background-type":"","background-media":"","overlay-type":"","overlay-color":"","overlay-opacity":"","overlay-gradient":""},"tablet":{"background-color":"var(--ast-global-color-5)","background-image":"","background-repeat":"repeat","background-position":"center center","background-size":"auto","background-attachment":"scroll","background-type":"","background-media":"","overlay-type":"","overlay-color":"","overlay-opacity":"","overlay-gradient":""},"mobile":{"background-color":"var(--ast-global-color-5)","background-image":"","background-repeat":"repeat","background-position":"center center","background-size":"auto","background-attachment":"scroll","background-type":"","background-media":"","overlay-type":"","overlay-color":"","overlay-opacity":"","overlay-gradient":""}},"footnotes":""},"class_list":["post-2501","page","type-page","status-publish","hentry"],"post_mailing_queue_ids":[],"_links":{"self":[{"href":"https:\/\/agora.xtec.cat\/escolamontserratsola\/wp-json\/wp\/v2\/pages\/2501","targetHints":{"allow":["GET"]}}],"collection":[{"href":"https:\/\/agora.xtec.cat\/escolamontserratsola\/wp-json\/wp\/v2\/pages"}],"about":[{"href":"https:\/\/agora.xtec.cat\/escolamontserratsola\/wp-json\/wp\/v2\/types\/page"}],"author":[{"embeddable":true,"href":"https:\/\/agora.xtec.cat\/escolamontserratsola\/wp-json\/wp\/v2\/users\/1"}],"replies":[{"embeddable":true,"href":"https:\/\/agora.xtec.cat\/escolamontserratsola\/wp-json\/wp\/v2\/comments?post=2501"}],"version-history":[{"count":3,"href":"https:\/\/agora.xtec.cat\/escolamontserratsola\/wp-json\/wp\/v2\/pages\/2501\/revisions"}],"predecessor-version":[{"id":3415,"href":"https:\/\/agora.xtec.cat\/escolamontserratsola\/wp-json\/wp\/v2\/pages\/2501\/revisions\/3415"}],"up":[{"embeddable":true,"href":"https:\/\/agora.xtec.cat\/escolamontserratsola\/wp-json\/wp\/v2\/pages\/2440"}],"wp:attachment":[{"href":"https:\/\/agora.xtec.cat\/escolamontserratsola\/wp-json\/wp\/v2\/media?parent=2501"}],"curies":[{"name":"wp","href":"https:\/\/api.w.org\/{rel}","templated":true}]}}