{"id":2482,"date":"2021-03-07T15:40:38","date_gmt":"2021-03-07T14:40:38","guid":{"rendered":"https:\/\/agora.xtec.cat\/escolamontserratsola\/?page_id=2482"},"modified":"2025-01-04T13:15:24","modified_gmt":"2025-01-04T12:15:24","slug":"fase-1-diagnosi","status":"publish","type":"page","link":"https:\/\/agora.xtec.cat\/escolamontserratsola\/transformem-el-nostre-pati\/fase-1-diagnosi\/","title":{"rendered":"Fase 1: Diagnosi"},"content":{"rendered":"<p>Hem iniciat un projecte participatiu de transformaci\u00f3 del pati on comptem amb la participaci\u00f3 de les fam\u00edlies, els infants, l&#8217;equip de mestres i l&#8217;equip de migdia.<\/p>\n<p>Aquest projecte consta de tres fases:<\/p>\n<ul>\n<li>Diagnosi: desembre 2020-mar\u00e7 2021.<\/li>\n<li>Disseny: abril-juny 2021.<\/li>\n<li>Transformaci\u00f3: setembre-desembre 2021.<\/li>\n<\/ul>\n<p>La part relacional de la diagnosi la dinamitza la cooperativa <em>Coeducacci\u00f3<\/em> i est\u00e0 subvencionada per l\u2019Ajuntament de Matar\u00f3 i per la Diputaci\u00f3 de Barcelona.<\/p>\n<p>La part naturalista la coordina l&#8217;equip\u00a0<span class=\"il\">Pati<\/span> (R)evoluci\u00f3 + Natura, de l&#8217;organitzaci\u00f3 SEO\/BirdLife. El disseny i la transformaci\u00f3 tamb\u00e9 la durem a terme amb el seu acompanyament.<\/p>\n<p><a href=\"https:\/\/agora.xtec.cat\/escolamontserratsola\/wp-content\/uploads\/usu1322\/2020\/12\/20201127_MSolaGrupMotor_patis.jpg\"><img loading=\"lazy\" decoding=\"async\" class=\"alignleft wp-image-2241 size-full\" src=\"https:\/\/agora.xtec.cat\/escolamontserratsola\/wp-content\/uploads\/usu1322\/2020\/12\/20201127_MSolaGrupMotor_patis-e1608391215677.jpg\" alt=\"\" width=\"2048\" height=\"1310\" srcset=\"https:\/\/agora.xtec.cat\/escolamontserratsola\/wp-content\/uploads\/usu1322\/2020\/12\/20201127_MSolaGrupMotor_patis-e1608391215677.jpg 2048w, https:\/\/agora.xtec.cat\/escolamontserratsola\/wp-content\/uploads\/usu1322\/2020\/12\/20201127_MSolaGrupMotor_patis-e1608391215677-300x192.jpg 300w, https:\/\/agora.xtec.cat\/escolamontserratsola\/wp-content\/uploads\/usu1322\/2020\/12\/20201127_MSolaGrupMotor_patis-e1608391215677-768x491.jpg 768w, https:\/\/agora.xtec.cat\/escolamontserratsola\/wp-content\/uploads\/usu1322\/2020\/12\/20201127_MSolaGrupMotor_patis-e1608391215677-1024x655.jpg 1024w\" sizes=\"auto, (max-width: 2048px) 100vw, 2048px\" \/><\/a>Per fer la diagnosi cal con\u00e8ixer quina \u00e9s l&#8217;opini\u00f3 de totes les persones que som usu\u00e0ries del pati de l&#8217;escola. Amb aquesta intenci\u00f3 el projecte el coordina un grup impulsor format per representants de fam\u00edlies, infants, mestres, equip de direcci\u00f3 i l\u2019equip de Kaliu.<\/p>\n<p>Les conclusions d&#8217;aquesta primera fase estan recollides en dos documents. Un fa refer\u00e8ncia a l&#8217;\u00e0mbit relacional i social i l&#8217;altre a l&#8217;\u00e0mbit naturalista. Tots dos, a banda de detallar el proc\u00e9s de diagnosi i els seus resultats, recullen una s\u00e8rie de propostes que s\u00f3n el punt de partida del disseny del pati i de les quals l&#8217;equip impulsor hi est\u00e0 treballant.<\/p>\n","protected":false},"excerpt":{"rendered":"<p>Hem iniciat un projecte participatiu de transformaci\u00f3 del pati on comptem amb la participaci\u00f3 de les fam\u00edlies, els infants, l&#8217;equip de mestres i l&#8217;equip de migdia. Aquest projecte consta de tres fases: Diagnosi: desembre 2020-mar\u00e7 2021. Disseny: abril-juny 2021. Transformaci\u00f3: setembre-desembre 2021. La part relacional de la diagnosi la dinamitza la cooperativa Coeducacci\u00f3 i est\u00e0 [&hellip;]<\/p>\n","protected":false},"author":1,"featured_media":0,"parent":2440,"menu_order":1,"comment_status":"closed","ping_status":"closed","template":"page-templates\/side-menu.php","meta":{"_bbp_topic_count":0,"_bbp_reply_count":0,"_bbp_total_topic_count":0,"_bbp_total_reply_count":0,"_bbp_voice_count":0,"_bbp_anonymous_reply_count":0,"_bbp_topic_count_hidden":0,"_bbp_reply_count_hidden":0,"_bbp_forum_subforum_count":0,"site-sidebar-layout":"default","site-content-layout":"","ast-site-content-layout":"","site-content-style":"default","site-sidebar-style":"default","ast-global-header-display":"","ast-banner-title-visibility":"","ast-main-header-display":"","ast-hfb-above-header-display":"","ast-hfb-below-header-display":"","ast-hfb-mobile-header-display":"","site-post-title":"","ast-breadcrumbs-content":"","ast-featured-img":"","footer-sml-layout":"","theme-transparent-header-meta":"","adv-header-id-meta":"","stick-header-meta":"","header-above-stick-meta":"","header-main-stick-meta":"","header-below-stick-meta":"","astra-migrate-meta-layouts":"default","ast-page-background-enabled":"default","ast-page-background-meta":{"desktop":{"background-color":"var(--ast-global-color-4)","background-image":"","background-repeat":"repeat","background-position":"center center","background-size":"auto","background-attachment":"scroll","background-type":"","background-media":"","overlay-type":"","overlay-color":"","overlay-opacity":"","overlay-gradient":""},"tablet":{"background-color":"","background-image":"","background-repeat":"repeat","background-position":"center center","background-size":"auto","background-attachment":"scroll","background-type":"","background-media":"","overlay-type":"","overlay-color":"","overlay-opacity":"","overlay-gradient":""},"mobile":{"background-color":"","background-image":"","background-repeat":"repeat","background-position":"center center","background-size":"auto","background-attachment":"scroll","background-type":"","background-media":"","overlay-type":"","overlay-color":"","overlay-opacity":"","overlay-gradient":""}},"ast-content-background-meta":{"desktop":{"background-color":"var(--ast-global-color-5)","background-image":"","background-repeat":"repeat","background-position":"center center","background-size":"auto","background-attachment":"scroll","background-type":"","background-media":"","overlay-type":"","overlay-color":"","overlay-opacity":"","overlay-gradient":""},"tablet":{"background-color":"var(--ast-global-color-5)","background-image":"","background-repeat":"repeat","background-position":"center center","background-size":"auto","background-attachment":"scroll","background-type":"","background-media":"","overlay-type":"","overlay-color":"","overlay-opacity":"","overlay-gradient":""},"mobile":{"background-color":"var(--ast-global-color-5)","background-image":"","background-repeat":"repeat","background-position":"center center","background-size":"auto","background-attachment":"scroll","background-type":"","background-media":"","overlay-type":"","overlay-color":"","overlay-opacity":"","overlay-gradient":""}},"footnotes":""},"class_list":["post-2482","page","type-page","status-publish","hentry"],"post_mailing_queue_ids":[],"_links":{"self":[{"href":"https:\/\/agora.xtec.cat\/escolamontserratsola\/wp-json\/wp\/v2\/pages\/2482","targetHints":{"allow":["GET"]}}],"collection":[{"href":"https:\/\/agora.xtec.cat\/escolamontserratsola\/wp-json\/wp\/v2\/pages"}],"about":[{"href":"https:\/\/agora.xtec.cat\/escolamontserratsola\/wp-json\/wp\/v2\/types\/page"}],"author":[{"embeddable":true,"href":"https:\/\/agora.xtec.cat\/escolamontserratsola\/wp-json\/wp\/v2\/users\/1"}],"replies":[{"embeddable":true,"href":"https:\/\/agora.xtec.cat\/escolamontserratsola\/wp-json\/wp\/v2\/comments?post=2482"}],"version-history":[{"count":5,"href":"https:\/\/agora.xtec.cat\/escolamontserratsola\/wp-json\/wp\/v2\/pages\/2482\/revisions"}],"predecessor-version":[{"id":4172,"href":"https:\/\/agora.xtec.cat\/escolamontserratsola\/wp-json\/wp\/v2\/pages\/2482\/revisions\/4172"}],"up":[{"embeddable":true,"href":"https:\/\/agora.xtec.cat\/escolamontserratsola\/wp-json\/wp\/v2\/pages\/2440"}],"wp:attachment":[{"href":"https:\/\/agora.xtec.cat\/escolamontserratsola\/wp-json\/wp\/v2\/media?parent=2482"}],"curies":[{"name":"wp","href":"https:\/\/api.w.org\/{rel}","templated":true}]}}