{"id":2477,"date":"2021-03-07T15:37:27","date_gmt":"2021-03-07T14:37:27","guid":{"rendered":"https:\/\/agora.xtec.cat\/escolamontserratsola\/?page_id=2477"},"modified":"2025-01-04T13:11:29","modified_gmt":"2025-01-04T12:11:29","slug":"converses-de-lequip-impulsor","status":"publish","type":"page","link":"https:\/\/agora.xtec.cat\/escolamontserratsola\/transformem-el-nostre-pati\/fase-1-diagnosi\/converses-de-lequip-impulsor\/","title":{"rendered":"Converses de l&#8217;equip impulsor"},"content":{"rendered":"<p>Per analitzar i reflexionar sobre els resultats de la diagnosi del nostre pati, ens vam reunir el passat dimarts 23 de febrer amb els infants representants del cicle de grans i a la tarda amb tot el claustre. Divendres 5 de mar\u00e7 ho vam fer amb l&#8217;equip impulsor format per mestres, equip de migdia i fam\u00edlies. L&#8217;objectiu era comen\u00e7ar a visualitzar propostes i idees que contribueixin a la millora de l&#8217;\u00e0mbit social i relacional d&#8217;aquest espai, aix\u00ed com tamb\u00e9 les millores f\u00edsiques que considerem que cal tenir en compte per tal de fer un pati m\u00e9s amable, acollidor, natural, que fomenti unes relacions sanes i un joc enriquidor, cooperatiu i coeducatiu.<\/p>\n<p>A partir d&#8217;aquesta an\u00e0lisi, continuarem treballant per tal de dissenyar i transformar un pati coherent amb els valors del projecte educatiu de la nostra escola.<\/p>\n","protected":false},"excerpt":{"rendered":"<p>Per analitzar i reflexionar sobre els resultats de la diagnosi del nostre pati, ens vam reunir el passat dimarts 23 de febrer amb els infants representants del cicle de grans i a la tarda amb tot el claustre. Divendres 5 de mar\u00e7 ho vam fer amb l&#8217;equip impulsor format per mestres, equip de migdia i [&hellip;]<\/p>\n","protected":false},"author":1,"featured_media":0,"parent":2482,"menu_order":5,"comment_status":"closed","ping_status":"closed","template":"page-templates\/side-menu.php","meta":{"_bbp_topic_count":0,"_bbp_reply_count":0,"_bbp_total_topic_count":0,"_bbp_total_reply_count":0,"_bbp_voice_count":0,"_bbp_anonymous_reply_count":0,"_bbp_topic_count_hidden":0,"_bbp_reply_count_hidden":0,"_bbp_forum_subforum_count":0,"site-sidebar-layout":"default","site-content-layout":"","ast-site-content-layout":"","site-content-style":"default","site-sidebar-style":"default","ast-global-header-display":"","ast-banner-title-visibility":"","ast-main-header-display":"","ast-hfb-above-header-display":"","ast-hfb-below-header-display":"","ast-hfb-mobile-header-display":"","site-post-title":"","ast-breadcrumbs-content":"","ast-featured-img":"","footer-sml-layout":"","theme-transparent-header-meta":"","adv-header-id-meta":"","stick-header-meta":"","header-above-stick-meta":"","header-main-stick-meta":"","header-below-stick-meta":"","astra-migrate-meta-layouts":"default","ast-page-background-enabled":"default","ast-page-background-meta":{"desktop":{"background-color":"var(--ast-global-color-4)","background-image":"","background-repeat":"repeat","background-position":"center center","background-size":"auto","background-attachment":"scroll","background-type":"","background-media":"","overlay-type":"","overlay-color":"","overlay-opacity":"","overlay-gradient":""},"tablet":{"background-color":"","background-image":"","background-repeat":"repeat","background-position":"center center","background-size":"auto","background-attachment":"scroll","background-type":"","background-media":"","overlay-type":"","overlay-color":"","overlay-opacity":"","overlay-gradient":""},"mobile":{"background-color":"","background-image":"","background-repeat":"repeat","background-position":"center center","background-size":"auto","background-attachment":"scroll","background-type":"","background-media":"","overlay-type":"","overlay-color":"","overlay-opacity":"","overlay-gradient":""}},"ast-content-background-meta":{"desktop":{"background-color":"var(--ast-global-color-5)","background-image":"","background-repeat":"repeat","background-position":"center center","background-size":"auto","background-attachment":"scroll","background-type":"","background-media":"","overlay-type":"","overlay-color":"","overlay-opacity":"","overlay-gradient":""},"tablet":{"background-color":"var(--ast-global-color-5)","background-image":"","background-repeat":"repeat","background-position":"center center","background-size":"auto","background-attachment":"scroll","background-type":"","background-media":"","overlay-type":"","overlay-color":"","overlay-opacity":"","overlay-gradient":""},"mobile":{"background-color":"var(--ast-global-color-5)","background-image":"","background-repeat":"repeat","background-position":"center center","background-size":"auto","background-attachment":"scroll","background-type":"","background-media":"","overlay-type":"","overlay-color":"","overlay-opacity":"","overlay-gradient":""}},"footnotes":""},"class_list":["post-2477","page","type-page","status-publish","hentry"],"post_mailing_queue_ids":[],"_links":{"self":[{"href":"https:\/\/agora.xtec.cat\/escolamontserratsola\/wp-json\/wp\/v2\/pages\/2477","targetHints":{"allow":["GET"]}}],"collection":[{"href":"https:\/\/agora.xtec.cat\/escolamontserratsola\/wp-json\/wp\/v2\/pages"}],"about":[{"href":"https:\/\/agora.xtec.cat\/escolamontserratsola\/wp-json\/wp\/v2\/types\/page"}],"author":[{"embeddable":true,"href":"https:\/\/agora.xtec.cat\/escolamontserratsola\/wp-json\/wp\/v2\/users\/1"}],"replies":[{"embeddable":true,"href":"https:\/\/agora.xtec.cat\/escolamontserratsola\/wp-json\/wp\/v2\/comments?post=2477"}],"version-history":[{"count":4,"href":"https:\/\/agora.xtec.cat\/escolamontserratsola\/wp-json\/wp\/v2\/pages\/2477\/revisions"}],"predecessor-version":[{"id":4170,"href":"https:\/\/agora.xtec.cat\/escolamontserratsola\/wp-json\/wp\/v2\/pages\/2477\/revisions\/4170"}],"up":[{"embeddable":true,"href":"https:\/\/agora.xtec.cat\/escolamontserratsola\/wp-json\/wp\/v2\/pages\/2482"}],"wp:attachment":[{"href":"https:\/\/agora.xtec.cat\/escolamontserratsola\/wp-json\/wp\/v2\/media?parent=2477"}],"curies":[{"name":"wp","href":"https:\/\/api.w.org\/{rel}","templated":true}]}}