{"id":2463,"date":"2021-03-07T14:09:09","date_gmt":"2021-03-07T13:09:09","guid":{"rendered":"https:\/\/agora.xtec.cat\/escolamontserratsola\/?page_id=2463"},"modified":"2021-03-07T16:01:03","modified_gmt":"2021-03-07T15:01:03","slug":"converses-entre-mestres","status":"publish","type":"page","link":"https:\/\/agora.xtec.cat\/escolamontserratsola\/transformem-el-nostre-pati\/fase-1-diagnosi\/converses-entre-mestres\/","title":{"rendered":"Converses entre mestres"},"content":{"rendered":"<p>2\/02\/2021<\/p>\n<p><a href=\"https:\/\/agora.xtec.cat\/escolamontserratsola\/wp-content\/uploads\/usu1322\/2021\/02\/claustre.jpg\"><img loading=\"lazy\" decoding=\"async\" class=\"alignnone size-medium wp-image-2318\" src=\"https:\/\/agora.xtec.cat\/escolamontserratsola\/wp-content\/uploads\/usu1322\/2021\/02\/claustre-300x115.jpg\" alt=\"\" width=\"300\" height=\"115\" srcset=\"https:\/\/agora.xtec.cat\/escolamontserratsola\/wp-content\/uploads\/usu1322\/2021\/02\/claustre-300x115.jpg 300w, https:\/\/agora.xtec.cat\/escolamontserratsola\/wp-content\/uploads\/usu1322\/2021\/02\/claustre.jpg 567w\" sizes=\"auto, (max-width: 300px) 100vw, 300px\" \/><\/a><\/p>\n<p>Avui, l\u2019equip de mestres, fem conversa i compartim els nostres records de quan \u00e9rem infants: ens expliquem com eren els patis de les nostres escoles, els nostres jocs, la relaci\u00f3 que ten\u00edem amb els nostres iguals i amb les i els mestres\u2026 Durant la conversa reflexionem sobre com el context influencia en la construcci\u00f3 del g\u00e8nere al llarg de la vida.<\/p>\n<p>I qu\u00e8 passa ara? Qu\u00e8 passa en el pati de la nostra escola? Ens trobem en la fase de la diagnosi del projecte \u201cTransformem el nostre pati\u201d. Explicar-nos les evid\u00e8ncies de tot all\u00f2 que vivim i observem ens permet continuar millorant la nostra pr\u00e0ctica docent.<\/p>\n<p>Iniciem un cam\u00ed que intu\u00efm que ser\u00e0 ric i ens ajudar\u00e0 a grans i a petits a prendre consci\u00e8ncia de la manera com ens relacionem, del llenguatge que emprem, del lloc que ocupem\u2026 Volem continuar avan\u00e7ant cap a una escola encara m\u00e9s segura, on tots els infants es desenvolupin de la manera m\u00e9s lliure possible, fora dels estereotips de g\u00e8nere que els limiten i que s\u00f3n tan evidents en la nostra societat.<\/p>\n<p>Floreix all\u00f2 que mirem. I mirem cap a un pati m\u00e9s amable i cur\u00f3s amb les persones i amb el medi, on l\u2019espai, el temps i els materials permetin experi\u00e8ncies riques i diverses als infants, que promoguin una relaci\u00f3 assertiva i simp\u00e0tica i afavoreixi l\u2019aprenentatge real i valu\u00f3s.<\/p>\n","protected":false},"excerpt":{"rendered":"<p>2\/02\/2021 Avui, l\u2019equip de mestres, fem conversa i compartim els nostres records de quan \u00e9rem infants: ens expliquem com eren els patis de les nostres escoles, els nostres jocs, la relaci\u00f3 que ten\u00edem amb els nostres iguals i amb les i els mestres\u2026 Durant la conversa reflexionem sobre com el context influencia en la construcci\u00f3 [&hellip;]<\/p>\n","protected":false},"author":1,"featured_media":0,"parent":2482,"menu_order":3,"comment_status":"closed","ping_status":"closed","template":"page-templates\/side-menu.php","meta":{"_bbp_topic_count":0,"_bbp_reply_count":0,"_bbp_total_topic_count":0,"_bbp_total_reply_count":0,"_bbp_voice_count":0,"_bbp_anonymous_reply_count":0,"_bbp_topic_count_hidden":0,"_bbp_reply_count_hidden":0,"_bbp_forum_subforum_count":0,"site-sidebar-layout":"default","site-content-layout":"","ast-site-content-layout":"","site-content-style":"default","site-sidebar-style":"default","ast-global-header-display":"","ast-banner-title-visibility":"","ast-main-header-display":"","ast-hfb-above-header-display":"","ast-hfb-below-header-display":"","ast-hfb-mobile-header-display":"","site-post-title":"","ast-breadcrumbs-content":"","ast-featured-img":"","footer-sml-layout":"","theme-transparent-header-meta":"","adv-header-id-meta":"","stick-header-meta":"","header-above-stick-meta":"","header-main-stick-meta":"","header-below-stick-meta":"","astra-migrate-meta-layouts":"default","ast-page-background-enabled":"default","ast-page-background-meta":{"desktop":{"background-color":"var(--ast-global-color-4)","background-image":"","background-repeat":"repeat","background-position":"center center","background-size":"auto","background-attachment":"scroll","background-type":"","background-media":"","overlay-type":"","overlay-color":"","overlay-opacity":"","overlay-gradient":""},"tablet":{"background-color":"","background-image":"","background-repeat":"repeat","background-position":"center center","background-size":"auto","background-attachment":"scroll","background-type":"","background-media":"","overlay-type":"","overlay-color":"","overlay-opacity":"","overlay-gradient":""},"mobile":{"background-color":"","background-image":"","background-repeat":"repeat","background-position":"center center","background-size":"auto","background-attachment":"scroll","background-type":"","background-media":"","overlay-type":"","overlay-color":"","overlay-opacity":"","overlay-gradient":""}},"ast-content-background-meta":{"desktop":{"background-color":"var(--ast-global-color-5)","background-image":"","background-repeat":"repeat","background-position":"center center","background-size":"auto","background-attachment":"scroll","background-type":"","background-media":"","overlay-type":"","overlay-color":"","overlay-opacity":"","overlay-gradient":""},"tablet":{"background-color":"var(--ast-global-color-5)","background-image":"","background-repeat":"repeat","background-position":"center center","background-size":"auto","background-attachment":"scroll","background-type":"","background-media":"","overlay-type":"","overlay-color":"","overlay-opacity":"","overlay-gradient":""},"mobile":{"background-color":"var(--ast-global-color-5)","background-image":"","background-repeat":"repeat","background-position":"center center","background-size":"auto","background-attachment":"scroll","background-type":"","background-media":"","overlay-type":"","overlay-color":"","overlay-opacity":"","overlay-gradient":""}},"footnotes":""},"class_list":["post-2463","page","type-page","status-publish","hentry"],"post_mailing_queue_ids":[],"_links":{"self":[{"href":"https:\/\/agora.xtec.cat\/escolamontserratsola\/wp-json\/wp\/v2\/pages\/2463","targetHints":{"allow":["GET"]}}],"collection":[{"href":"https:\/\/agora.xtec.cat\/escolamontserratsola\/wp-json\/wp\/v2\/pages"}],"about":[{"href":"https:\/\/agora.xtec.cat\/escolamontserratsola\/wp-json\/wp\/v2\/types\/page"}],"author":[{"embeddable":true,"href":"https:\/\/agora.xtec.cat\/escolamontserratsola\/wp-json\/wp\/v2\/users\/1"}],"replies":[{"embeddable":true,"href":"https:\/\/agora.xtec.cat\/escolamontserratsola\/wp-json\/wp\/v2\/comments?post=2463"}],"version-history":[{"count":1,"href":"https:\/\/agora.xtec.cat\/escolamontserratsola\/wp-json\/wp\/v2\/pages\/2463\/revisions"}],"predecessor-version":[{"id":2464,"href":"https:\/\/agora.xtec.cat\/escolamontserratsola\/wp-json\/wp\/v2\/pages\/2463\/revisions\/2464"}],"up":[{"embeddable":true,"href":"https:\/\/agora.xtec.cat\/escolamontserratsola\/wp-json\/wp\/v2\/pages\/2482"}],"wp:attachment":[{"href":"https:\/\/agora.xtec.cat\/escolamontserratsola\/wp-json\/wp\/v2\/media?parent=2463"}],"curies":[{"name":"wp","href":"https:\/\/api.w.org\/{rel}","templated":true}]}}