{"id":2214,"date":"2020-10-18T21:21:03","date_gmt":"2020-10-18T19:21:03","guid":{"rendered":"https:\/\/agora.xtec.cat\/escolamontserratsola\/?page_id=2214"},"modified":"2025-09-30T13:03:39","modified_gmt":"2025-09-30T11:03:39","slug":"els-habits-a-lescola-i-a-casa","status":"publish","type":"page","link":"https:\/\/agora.xtec.cat\/escolamontserratsola\/comunicats\/els-habits-a-lescola-i-a-casa\/","title":{"rendered":"Informacions d&#8217;inter\u00e8s educatiu"},"content":{"rendered":"<ul>\n<li><a href=\"https:\/\/drive.google.com\/file\/d\/1j9ZF-ZoZe8eDn2b9LONSDfKyzLMGpXY3\/view?usp=sharing\">Els h\u00e0bits a l&#8217;escola i a casa<\/a><\/li>\n<li><a href=\"https:\/\/drive.google.com\/open?id=0BxzXT5zC14iJSlNqb0pHY2k4ZG0wOENjVlA2YVliWTFiQjZ3\" target=\"_blank\" rel=\"noopener noreferrer\">Promoure la lectura des de l&#8217;afecte i l&#8217;emoci\u00f3<\/a><\/li>\n<li><a href=\"https:\/\/drive.google.com\/open?id=0BxzXT5zC14iJNnI5UE03cE95T2daVkVBSkV1NEJkTzdqbW5V\" target=\"_blank\" rel=\"noopener noreferrer\">Sobre els videojocs i les xarxes socials<\/a><\/li>\n<li><a href=\"https:\/\/drive.google.com\/file\/d\/1FKuz3TQC-AAc5cGgCtm9QMSvKwse-3UW\/view?usp=drive_link\">Menys pantalla, m\u00e9s vida!<\/a> Educaci\u00f3 i digitalitzaci\u00f3: Guia per acompanyar les fam\u00edlies.<\/li>\n<li><a href=\"https:\/\/somconnexio.coop\/wp-content\/uploads\/2022\/05\/GuiaSomConnexio-Online-Catala-Pagines.pdf\">Guia per a fam\u00edlies cruels i malvades<\/a>. O com acompanyar els fills i filles en la incorporaci\u00f3 del tel\u00e8fon m\u00f2bil.<\/li>\n<\/ul>\n","protected":false},"excerpt":{"rendered":"<p>Els h\u00e0bits a l&#8217;escola i a casa Promoure la lectura des de l&#8217;afecte i l&#8217;emoci\u00f3 Sobre els videojocs i les xarxes socials Menys pantalla, m\u00e9s vida! Educaci\u00f3 i digitalitzaci\u00f3: Guia per acompanyar les fam\u00edlies. Guia per a fam\u00edlies cruels i malvades. O com acompanyar els fills i filles en la incorporaci\u00f3 del tel\u00e8fon m\u00f2bil.<\/p>\n","protected":false},"author":1,"featured_media":0,"parent":521,"menu_order":9,"comment_status":"closed","ping_status":"closed","template":"page-templates\/side-menu.php","meta":{"_bbp_topic_count":0,"_bbp_reply_count":0,"_bbp_total_topic_count":0,"_bbp_total_reply_count":0,"_bbp_voice_count":0,"_bbp_anonymous_reply_count":0,"_bbp_topic_count_hidden":0,"_bbp_reply_count_hidden":0,"_bbp_forum_subforum_count":0,"site-sidebar-layout":"default","site-content-layout":"","ast-site-content-layout":"","site-content-style":"default","site-sidebar-style":"default","ast-global-header-display":"","ast-banner-title-visibility":"","ast-main-header-display":"","ast-hfb-above-header-display":"","ast-hfb-below-header-display":"","ast-hfb-mobile-header-display":"","site-post-title":"","ast-breadcrumbs-content":"","ast-featured-img":"","footer-sml-layout":"","theme-transparent-header-meta":"","adv-header-id-meta":"","stick-header-meta":"","header-above-stick-meta":"","header-main-stick-meta":"","header-below-stick-meta":"","astra-migrate-meta-layouts":"default","ast-page-background-enabled":"default","ast-page-background-meta":{"desktop":{"background-color":"var(--ast-global-color-4)","background-image":"","background-repeat":"repeat","background-position":"center center","background-size":"auto","background-attachment":"scroll","background-type":"","background-media":"","overlay-type":"","overlay-color":"","overlay-opacity":"","overlay-gradient":""},"tablet":{"background-color":"","background-image":"","background-repeat":"repeat","background-position":"center center","background-size":"auto","background-attachment":"scroll","background-type":"","background-media":"","overlay-type":"","overlay-color":"","overlay-opacity":"","overlay-gradient":""},"mobile":{"background-color":"","background-image":"","background-repeat":"repeat","background-position":"center center","background-size":"auto","background-attachment":"scroll","background-type":"","background-media":"","overlay-type":"","overlay-color":"","overlay-opacity":"","overlay-gradient":""}},"ast-content-background-meta":{"desktop":{"background-color":"var(--ast-global-color-5)","background-image":"","background-repeat":"repeat","background-position":"center center","background-size":"auto","background-attachment":"scroll","background-type":"","background-media":"","overlay-type":"","overlay-color":"","overlay-opacity":"","overlay-gradient":""},"tablet":{"background-color":"var(--ast-global-color-5)","background-image":"","background-repeat":"repeat","background-position":"center center","background-size":"auto","background-attachment":"scroll","background-type":"","background-media":"","overlay-type":"","overlay-color":"","overlay-opacity":"","overlay-gradient":""},"mobile":{"background-color":"var(--ast-global-color-5)","background-image":"","background-repeat":"repeat","background-position":"center center","background-size":"auto","background-attachment":"scroll","background-type":"","background-media":"","overlay-type":"","overlay-color":"","overlay-opacity":"","overlay-gradient":""}},"footnotes":""},"class_list":["post-2214","page","type-page","status-publish","hentry"],"post_mailing_queue_ids":[],"_links":{"self":[{"href":"https:\/\/agora.xtec.cat\/escolamontserratsola\/wp-json\/wp\/v2\/pages\/2214","targetHints":{"allow":["GET"]}}],"collection":[{"href":"https:\/\/agora.xtec.cat\/escolamontserratsola\/wp-json\/wp\/v2\/pages"}],"about":[{"href":"https:\/\/agora.xtec.cat\/escolamontserratsola\/wp-json\/wp\/v2\/types\/page"}],"author":[{"embeddable":true,"href":"https:\/\/agora.xtec.cat\/escolamontserratsola\/wp-json\/wp\/v2\/users\/1"}],"replies":[{"embeddable":true,"href":"https:\/\/agora.xtec.cat\/escolamontserratsola\/wp-json\/wp\/v2\/comments?post=2214"}],"version-history":[{"count":5,"href":"https:\/\/agora.xtec.cat\/escolamontserratsola\/wp-json\/wp\/v2\/pages\/2214\/revisions"}],"predecessor-version":[{"id":4452,"href":"https:\/\/agora.xtec.cat\/escolamontserratsola\/wp-json\/wp\/v2\/pages\/2214\/revisions\/4452"}],"up":[{"embeddable":true,"href":"https:\/\/agora.xtec.cat\/escolamontserratsola\/wp-json\/wp\/v2\/pages\/521"}],"wp:attachment":[{"href":"https:\/\/agora.xtec.cat\/escolamontserratsola\/wp-json\/wp\/v2\/media?parent=2214"}],"curies":[{"name":"wp","href":"https:\/\/api.w.org\/{rel}","templated":true}]}}