{"id":22,"date":"2014-09-18T12:19:57","date_gmt":"2014-09-18T11:19:57","guid":{"rendered":"http:\/\/agora.xtec.cat\/escolamontserratsola\/?page_id=22"},"modified":"2021-08-06T10:05:51","modified_gmt":"2021-08-06T08:05:51","slug":"lescola","status":"publish","type":"page","link":"https:\/\/agora.xtec.cat\/escolamontserratsola\/lescola\/","title":{"rendered":"La nostra escola"},"content":{"rendered":"<p>Montserrat Sol\u00e0 \u00e9s una escola de dues l\u00ednies d\u2019educaci\u00f3 infantil i prim\u00e0ria del Departament d&#8217;Educaci\u00f3 que basa el seu projecte en la pedagogia de les arts i, amb la seva pr\u00e0ctica, treballa a favor de la transformaci\u00f3 educativa en el nostre pa\u00eds. Amb ulls d\u2019infant, volem mirar la manera particular que tenen els nens i les nenes de relacionar-se amb el m\u00f3n, la seva capacitat comunicativa i expressiva, les seves estrat\u00e8gies d\u2019an\u00e0lisi, les seves emocions i pensaments i acompanyar-los en les seves descobertes de vida.<\/p>\n<p>Volem obrir canals, establir ponts i interconnexions que generin preguntes, idees, sentiments, sensacions i ens facin descobrir la veritable riquesa de cadasc\u00fa. Som una escola arrelada a la cultura del pa\u00eds, que treballa pel desenvolupament integral dels infants, per la ciutadania des de la cohesi\u00f3 social, per la sostenibilitat ambiental i per la cooperaci\u00f3.<\/p>\n<p>Som una comunitat educativa que creix amb moltes ganes de fer, del seu projecte, una experi\u00e8ncia compartida de vida creativa i apassionada, que afavoreixi el desenvolupament integral dels infants, amb uns h\u00e0bits basats en el civisme, la solidaritat i l\u2019empatia en les relacions humanes i que promogui actituds i comportaments cooperatius i solidaris en el marc de l\u2019aula, l\u2019escola i el m\u00f3n.<\/p>\n<p><a href=\"https:\/\/agora.xtec.cat\/escolamontserratsola\/wp-content\/uploads\/usu1322\/2019\/10\/PresentacioEscola.jpg\"><img loading=\"lazy\" decoding=\"async\" class=\"aligncenter wp-image-595 size-large\" src=\"https:\/\/agora.xtec.cat\/escolamontserratsola\/wp-content\/uploads\/usu1322\/2019\/10\/PresentacioEscola-1024x443.jpg\" alt=\"\" width=\"1024\" height=\"443\" srcset=\"https:\/\/agora.xtec.cat\/escolamontserratsola\/wp-content\/uploads\/usu1322\/2019\/10\/PresentacioEscola-1024x443.jpg 1024w, https:\/\/agora.xtec.cat\/escolamontserratsola\/wp-content\/uploads\/usu1322\/2019\/10\/PresentacioEscola-300x130.jpg 300w, https:\/\/agora.xtec.cat\/escolamontserratsola\/wp-content\/uploads\/usu1322\/2019\/10\/PresentacioEscola-768x332.jpg 768w, https:\/\/agora.xtec.cat\/escolamontserratsola\/wp-content\/uploads\/usu1322\/2019\/10\/PresentacioEscola.jpg 1300w\" sizes=\"auto, (max-width: 1024px) 100vw, 1024px\" \/><\/a><\/p>\n","protected":false},"excerpt":{"rendered":"<p>Montserrat Sol\u00e0 \u00e9s una escola de dues l\u00ednies d\u2019educaci\u00f3 infantil i prim\u00e0ria del Departament d&#8217;Educaci\u00f3 que basa el seu projecte en la pedagogia de les arts i, amb la seva pr\u00e0ctica, treballa a favor de la transformaci\u00f3 educativa en el nostre pa\u00eds. Amb ulls d\u2019infant, volem mirar la manera particular que tenen els nens i [&hellip;]<\/p>\n","protected":false},"author":1,"featured_media":0,"parent":0,"menu_order":0,"comment_status":"closed","ping_status":"closed","template":"page-templates\/side-menu.php","meta":{"_bbp_topic_count":0,"_bbp_reply_count":0,"_bbp_total_topic_count":0,"_bbp_total_reply_count":0,"_bbp_voice_count":0,"_bbp_anonymous_reply_count":0,"_bbp_topic_count_hidden":0,"_bbp_reply_count_hidden":0,"_bbp_forum_subforum_count":0,"site-sidebar-layout":"default","site-content-layout":"","ast-site-content-layout":"","site-content-style":"default","site-sidebar-style":"default","ast-global-header-display":"","ast-banner-title-visibility":"","ast-main-header-display":"","ast-hfb-above-header-display":"","ast-hfb-below-header-display":"","ast-hfb-mobile-header-display":"","site-post-title":"","ast-breadcrumbs-content":"","ast-featured-img":"","footer-sml-layout":"","theme-transparent-header-meta":"","adv-header-id-meta":"","stick-header-meta":"","header-above-stick-meta":"","header-main-stick-meta":"","header-below-stick-meta":"","astra-migrate-meta-layouts":"default","ast-page-background-enabled":"default","ast-page-background-meta":{"desktop":{"background-color":"var(--ast-global-color-4)","background-image":"","background-repeat":"repeat","background-position":"center center","background-size":"auto","background-attachment":"scroll","background-type":"","background-media":"","overlay-type":"","overlay-color":"","overlay-opacity":"","overlay-gradient":""},"tablet":{"background-color":"","background-image":"","background-repeat":"repeat","background-position":"center center","background-size":"auto","background-attachment":"scroll","background-type":"","background-media":"","overlay-type":"","overlay-color":"","overlay-opacity":"","overlay-gradient":""},"mobile":{"background-color":"","background-image":"","background-repeat":"repeat","background-position":"center center","background-size":"auto","background-attachment":"scroll","background-type":"","background-media":"","overlay-type":"","overlay-color":"","overlay-opacity":"","overlay-gradient":""}},"ast-content-background-meta":{"desktop":{"background-color":"var(--ast-global-color-5)","background-image":"","background-repeat":"repeat","background-position":"center center","background-size":"auto","background-attachment":"scroll","background-type":"","background-media":"","overlay-type":"","overlay-color":"","overlay-opacity":"","overlay-gradient":""},"tablet":{"background-color":"var(--ast-global-color-5)","background-image":"","background-repeat":"repeat","background-position":"center center","background-size":"auto","background-attachment":"scroll","background-type":"","background-media":"","overlay-type":"","overlay-color":"","overlay-opacity":"","overlay-gradient":""},"mobile":{"background-color":"var(--ast-global-color-5)","background-image":"","background-repeat":"repeat","background-position":"center center","background-size":"auto","background-attachment":"scroll","background-type":"","background-media":"","overlay-type":"","overlay-color":"","overlay-opacity":"","overlay-gradient":""}},"footnotes":""},"class_list":["post-22","page","type-page","status-publish","hentry"],"post_mailing_queue_ids":[],"_links":{"self":[{"href":"https:\/\/agora.xtec.cat\/escolamontserratsola\/wp-json\/wp\/v2\/pages\/22","targetHints":{"allow":["GET"]}}],"collection":[{"href":"https:\/\/agora.xtec.cat\/escolamontserratsola\/wp-json\/wp\/v2\/pages"}],"about":[{"href":"https:\/\/agora.xtec.cat\/escolamontserratsola\/wp-json\/wp\/v2\/types\/page"}],"author":[{"embeddable":true,"href":"https:\/\/agora.xtec.cat\/escolamontserratsola\/wp-json\/wp\/v2\/users\/1"}],"replies":[{"embeddable":true,"href":"https:\/\/agora.xtec.cat\/escolamontserratsola\/wp-json\/wp\/v2\/comments?post=22"}],"version-history":[{"count":3,"href":"https:\/\/agora.xtec.cat\/escolamontserratsola\/wp-json\/wp\/v2\/pages\/22\/revisions"}],"predecessor-version":[{"id":3079,"href":"https:\/\/agora.xtec.cat\/escolamontserratsola\/wp-json\/wp\/v2\/pages\/22\/revisions\/3079"}],"wp:attachment":[{"href":"https:\/\/agora.xtec.cat\/escolamontserratsola\/wp-json\/wp\/v2\/media?parent=22"}],"curies":[{"name":"wp","href":"https:\/\/api.w.org\/{rel}","templated":true}]}}