{"id":2173,"date":"2020-10-11T20:48:10","date_gmt":"2020-10-11T18:48:10","guid":{"rendered":"https:\/\/agora.xtec.cat\/escolamontserratsola\/?page_id=2173"},"modified":"2025-07-16T08:32:00","modified_gmt":"2025-07-16T06:32:00","slug":"comunicats-pla-dactuacio-setembre-2020","status":"publish","type":"page","link":"https:\/\/agora.xtec.cat\/escolamontserratsola\/comunicats\/comunicats-pla-dactuacio-setembre-2020\/","title":{"rendered":"Comunicats d&#8217;inici de curs 2025-2026"},"content":{"rendered":"<p>Cliqueu a sobre de cada enlla\u00e7:<\/p>\n<ul>\n<li><a href=\"https:\/\/agora.xtec.cat\/escolamontserratsola\/lescola\/qui-som\/equip-docent\/\">Informaci\u00f3 de les tutories i de l&#8217;equip de mestres<\/a>.<\/li>\n<li><a href=\"https:\/\/drive.google.com\/file\/d\/1311Y0HyiY6odSf3jeOBfGhQpM2b4TuZ1\/view?usp=sharing\">Llibret informatiu per a les fam\u00edlies<\/a>.<\/li>\n<li><a href=\"https:\/\/drive.google.com\/file\/d\/1i0I6uDkaT_7ayI6AvMmwCCoTRW6dy0MZ\/view?usp=sharing\">Material: Petits<\/a> (I3, I4, I5).<\/li>\n<li><a href=\"https:\/\/drive.google.com\/file\/d\/1RjlnL2c8_-FUzfd7CN33g5OeHJ2bDpU1\/view?usp=sharing\">Material: Novells<\/a> (1r i 2n).<\/li>\n<li><a href=\"https:\/\/drive.google.com\/file\/d\/1Do4FQW7v5f8T6enKKd-LIRHIPE1tKw4p\/view?usp=sharing\">Material: Mitjans i Grans<\/a> (3r, 4t, 5\u00e8 i 6\u00e8).<\/li>\n<\/ul>\n","protected":false},"excerpt":{"rendered":"<p>Cliqueu a sobre de cada enlla\u00e7: Informaci\u00f3 de les tutories i de l&#8217;equip de mestres. Llibret informatiu per a les fam\u00edlies. Material: Petits (I3, I4, I5). Material: Novells (1r i 2n). Material: Mitjans i Grans (3r, 4t, 5\u00e8 i 6\u00e8).<\/p>\n","protected":false},"author":1,"featured_media":0,"parent":521,"menu_order":4,"comment_status":"closed","ping_status":"closed","template":"page-templates\/side-menu.php","meta":{"_bbp_topic_count":0,"_bbp_reply_count":0,"_bbp_total_topic_count":0,"_bbp_total_reply_count":0,"_bbp_voice_count":0,"_bbp_anonymous_reply_count":0,"_bbp_topic_count_hidden":0,"_bbp_reply_count_hidden":0,"_bbp_forum_subforum_count":0,"site-sidebar-layout":"default","site-content-layout":"","ast-site-content-layout":"","site-content-style":"default","site-sidebar-style":"default","ast-global-header-display":"","ast-banner-title-visibility":"","ast-main-header-display":"","ast-hfb-above-header-display":"","ast-hfb-below-header-display":"","ast-hfb-mobile-header-display":"","site-post-title":"","ast-breadcrumbs-content":"","ast-featured-img":"","footer-sml-layout":"","theme-transparent-header-meta":"","adv-header-id-meta":"","stick-header-meta":"","header-above-stick-meta":"","header-main-stick-meta":"","header-below-stick-meta":"","astra-migrate-meta-layouts":"default","ast-page-background-enabled":"default","ast-page-background-meta":{"desktop":{"background-color":"var(--ast-global-color-4)","background-image":"","background-repeat":"repeat","background-position":"center center","background-size":"auto","background-attachment":"scroll","background-type":"","background-media":"","overlay-type":"","overlay-color":"","overlay-opacity":"","overlay-gradient":""},"tablet":{"background-color":"","background-image":"","background-repeat":"repeat","background-position":"center center","background-size":"auto","background-attachment":"scroll","background-type":"","background-media":"","overlay-type":"","overlay-color":"","overlay-opacity":"","overlay-gradient":""},"mobile":{"background-color":"","background-image":"","background-repeat":"repeat","background-position":"center center","background-size":"auto","background-attachment":"scroll","background-type":"","background-media":"","overlay-type":"","overlay-color":"","overlay-opacity":"","overlay-gradient":""}},"ast-content-background-meta":{"desktop":{"background-color":"var(--ast-global-color-5)","background-image":"","background-repeat":"repeat","background-position":"center center","background-size":"auto","background-attachment":"scroll","background-type":"","background-media":"","overlay-type":"","overlay-color":"","overlay-opacity":"","overlay-gradient":""},"tablet":{"background-color":"var(--ast-global-color-5)","background-image":"","background-repeat":"repeat","background-position":"center center","background-size":"auto","background-attachment":"scroll","background-type":"","background-media":"","overlay-type":"","overlay-color":"","overlay-opacity":"","overlay-gradient":""},"mobile":{"background-color":"var(--ast-global-color-5)","background-image":"","background-repeat":"repeat","background-position":"center center","background-size":"auto","background-attachment":"scroll","background-type":"","background-media":"","overlay-type":"","overlay-color":"","overlay-opacity":"","overlay-gradient":""}},"footnotes":""},"class_list":["post-2173","page","type-page","status-publish","hentry"],"post_mailing_queue_ids":[],"_links":{"self":[{"href":"https:\/\/agora.xtec.cat\/escolamontserratsola\/wp-json\/wp\/v2\/pages\/2173","targetHints":{"allow":["GET"]}}],"collection":[{"href":"https:\/\/agora.xtec.cat\/escolamontserratsola\/wp-json\/wp\/v2\/pages"}],"about":[{"href":"https:\/\/agora.xtec.cat\/escolamontserratsola\/wp-json\/wp\/v2\/types\/page"}],"author":[{"embeddable":true,"href":"https:\/\/agora.xtec.cat\/escolamontserratsola\/wp-json\/wp\/v2\/users\/1"}],"replies":[{"embeddable":true,"href":"https:\/\/agora.xtec.cat\/escolamontserratsola\/wp-json\/wp\/v2\/comments?post=2173"}],"version-history":[{"count":6,"href":"https:\/\/agora.xtec.cat\/escolamontserratsola\/wp-json\/wp\/v2\/pages\/2173\/revisions"}],"predecessor-version":[{"id":4435,"href":"https:\/\/agora.xtec.cat\/escolamontserratsola\/wp-json\/wp\/v2\/pages\/2173\/revisions\/4435"}],"up":[{"embeddable":true,"href":"https:\/\/agora.xtec.cat\/escolamontserratsola\/wp-json\/wp\/v2\/pages\/521"}],"wp:attachment":[{"href":"https:\/\/agora.xtec.cat\/escolamontserratsola\/wp-json\/wp\/v2\/media?parent=2173"}],"curies":[{"name":"wp","href":"https:\/\/api.w.org\/{rel}","templated":true}]}}