{"id":84,"date":"2014-09-18T14:11:31","date_gmt":"2014-09-18T13:11:31","guid":{"rendered":"http:\/\/agora.xtec.cat\/escolamontserratina\/?page_id=84"},"modified":"2025-10-11T20:34:12","modified_gmt":"2025-10-11T18:34:12","slug":"activitats-extraescolars","status":"publish","type":"page","link":"https:\/\/agora.xtec.cat\/escolamontserratina\/ampa\/activitats-extraescolars\/","title":{"rendered":"Activitats Extraescolars"},"content":{"rendered":"<p>L\u2019AMPA organitza un conjunt d\u2019activitats extraescolars que s\u00f3n portades a terme per professionals especialitzats a partir de les 16:30 hores.<\/p>\n<p>Trobareu tota la informaci\u00f3 per realitzar les inscripcions 2025-2026 a la seva p\u00e0gina web:<\/p>\n<p><a href=\"https:\/\/ampamontserratina.cat\/fes-les-inscripcions\/\">https:\/\/ampamontserratina.cat\/fes-les-inscripcions\/<\/a><\/p>\n<p>Per a m\u00e9s informaci\u00f3 sobre les activitats, horaris, calendari i preus us heu de posar en contacte amb l\u2019AMPA. Els divendres de 16:30 a 17:30 hores al tel\u00e8fon de l&#8217;escola 935139395 o al correu electr\u00f2nic seg\u00fcent:<\/p>\n<p><a href=\"mailto:montserratina.ampa@gmail.com\">montserratina.ampa@gmail.com<\/a><\/p>\n<p><a href=\"https:\/\/agora.xtec.cat\/escolamontserratina\/wp-content\/uploads\/usu275\/2020\/02\/0001.jpg\"><img loading=\"lazy\" decoding=\"async\" class=\"size-large wp-image-1970 aligncenter\" src=\"https:\/\/agora.xtec.cat\/escolamontserratina\/wp-content\/uploads\/usu275\/2020\/02\/0001-1024x768.jpg\" alt=\"\" width=\"1024\" height=\"768\" srcset=\"https:\/\/agora.xtec.cat\/escolamontserratina\/wp-content\/uploads\/usu275\/2020\/02\/0001-1024x768.jpg 1024w, https:\/\/agora.xtec.cat\/escolamontserratina\/wp-content\/uploads\/usu275\/2020\/02\/0001-300x225.jpg 300w, https:\/\/agora.xtec.cat\/escolamontserratina\/wp-content\/uploads\/usu275\/2020\/02\/0001-768x576.jpg 768w, https:\/\/agora.xtec.cat\/escolamontserratina\/wp-content\/uploads\/usu275\/2020\/02\/0001-200x150.jpg 200w\" sizes=\"auto, (max-width: 1024px) 100vw, 1024px\" \/><\/a><\/p>\n<p><a href=\"https:\/\/agora.xtec.cat\/escolamontserratina\/wp-content\/uploads\/usu275\/2022\/09\/Captura-de-pantalla-2022-09-12-a-las-11.46.57.png\"><br \/>\n<\/a><a href=\"https:\/\/agora.xtec.cat\/escolamontserratina\/wp-content\/uploads\/usu275\/2025\/10\/ACTIVITATS-AMPA-MONTSERRATINAok.jpg\"><img loading=\"lazy\" decoding=\"async\" class=\"alignleft size-large wp-image-9074\" src=\"https:\/\/agora.xtec.cat\/escolamontserratina\/wp-content\/uploads\/usu275\/2025\/10\/ACTIVITATS-AMPA-MONTSERRATINAok-1024x724.jpg\" alt=\"\" width=\"1024\" height=\"724\" srcset=\"https:\/\/agora.xtec.cat\/escolamontserratina\/wp-content\/uploads\/usu275\/2025\/10\/ACTIVITATS-AMPA-MONTSERRATINAok-1024x724.jpg 1024w, https:\/\/agora.xtec.cat\/escolamontserratina\/wp-content\/uploads\/usu275\/2025\/10\/ACTIVITATS-AMPA-MONTSERRATINAok-300x212.jpg 300w, https:\/\/agora.xtec.cat\/escolamontserratina\/wp-content\/uploads\/usu275\/2025\/10\/ACTIVITATS-AMPA-MONTSERRATINAok-768x543.jpg 768w, https:\/\/agora.xtec.cat\/escolamontserratina\/wp-content\/uploads\/usu275\/2025\/10\/ACTIVITATS-AMPA-MONTSERRATINAok-1536x1086.jpg 1536w, https:\/\/agora.xtec.cat\/escolamontserratina\/wp-content\/uploads\/usu275\/2025\/10\/ACTIVITATS-AMPA-MONTSERRATINAok.jpg 2000w\" sizes=\"auto, (max-width: 1024px) 100vw, 1024px\" \/><\/a><\/p>\n<p>&nbsp;<\/p>\n<p>&nbsp;<\/p>\n","protected":false},"excerpt":{"rendered":"<p>L\u2019AMPA organitza un conjunt d\u2019activitats extraescolars que s\u00f3n portades a terme per professionals especialitzats a partir de les 16:30 hores.<br \/>\nTrobareu tota la informaci\u00f3 per realitzar les inscripcions 2025-2026 a la seva p\u00e0gina web:<br \/>\n<a href=\"https:\/\/ampamontserratina.cat\/fes-les-inscripcions\/\">https:\/\/ampamontserratina.cat\/fes-les-inscripcions\/<\/a><br \/>\nPer a m\u00e9s informaci\u00f3 sobre les activitats, horaris, calendari i preus us&hellip;  <a href=\"https:\/\/agora.xtec.cat\/escolamontserratina\/ampa\/activitats-extraescolars\/\" title=\"Read Activitats Extraescolars\">Llegeix m\u00e9s\u00bb<\/a><\/p>\n","protected":false},"author":1,"featured_media":0,"parent":548,"menu_order":60,"comment_status":"closed","ping_status":"closed","template":"page-templates\/side-menu.php","meta":{"_bbp_topic_count":0,"_bbp_reply_count":0,"_bbp_total_topic_count":0,"_bbp_total_reply_count":0,"_bbp_voice_count":0,"_bbp_anonymous_reply_count":0,"_bbp_topic_count_hidden":0,"_bbp_reply_count_hidden":0,"_bbp_forum_subforum_count":0,"footnotes":""},"class_list":["post-84","page","type-page","status-publish","hentry"],"post_mailing_queue_ids":[],"_links":{"self":[{"href":"https:\/\/agora.xtec.cat\/escolamontserratina\/wp-json\/wp\/v2\/pages\/84","targetHints":{"allow":["GET"]}}],"collection":[{"href":"https:\/\/agora.xtec.cat\/escolamontserratina\/wp-json\/wp\/v2\/pages"}],"about":[{"href":"https:\/\/agora.xtec.cat\/escolamontserratina\/wp-json\/wp\/v2\/types\/page"}],"author":[{"embeddable":true,"href":"https:\/\/agora.xtec.cat\/escolamontserratina\/wp-json\/wp\/v2\/users\/1"}],"replies":[{"embeddable":true,"href":"https:\/\/agora.xtec.cat\/escolamontserratina\/wp-json\/wp\/v2\/comments?post=84"}],"version-history":[{"count":7,"href":"https:\/\/agora.xtec.cat\/escolamontserratina\/wp-json\/wp\/v2\/pages\/84\/revisions"}],"predecessor-version":[{"id":9075,"href":"https:\/\/agora.xtec.cat\/escolamontserratina\/wp-json\/wp\/v2\/pages\/84\/revisions\/9075"}],"up":[{"embeddable":true,"href":"https:\/\/agora.xtec.cat\/escolamontserratina\/wp-json\/wp\/v2\/pages\/548"}],"wp:attachment":[{"href":"https:\/\/agora.xtec.cat\/escolamontserratina\/wp-json\/wp\/v2\/media?parent=84"}],"curies":[{"name":"wp","href":"https:\/\/api.w.org\/{rel}","templated":true}]}}