{"id":836,"date":"2018-04-05T15:08:32","date_gmt":"2018-04-05T13:08:32","guid":{"rendered":"http:\/\/agora.xtec.cat\/escolamontserratina\/?page_id=836"},"modified":"2019-10-01T16:17:30","modified_gmt":"2019-10-01T14:17:30","slug":"escola-verda","status":"publish","type":"page","link":"https:\/\/agora.xtec.cat\/escolamontserratina\/projectes\/escola-verda\/","title":{"rendered":"Escola Verda"},"content":{"rendered":"<p>Des de fa molts anys un dels nostres objectius ha estat la presa de consci\u00e8ncia\u00a0per la cura del medi ambient, \u00e9s per aix\u00f2 que en el seu moment vam decidir comen\u00e7ar a fer accions per tal de garantir la sostenibilitat del nostre planeta.<\/p>\n<p>El curs 2012-2013 ens van atorgar\u00a0el distintiu\u00a0d&#8217;Escola Verda.<\/p>\n<p>Les accions que duem a terme s\u00f3n les seg\u00fcents:<\/p>\n<ul>\n<li>Hort Escolar<\/li>\n<li>Aquari<\/li>\n<li>Reducci\u00f3 del paper i utilitzaci\u00f3 del correu electr\u00f2nic per les circulars informatives<\/li>\n<li>Reciclatge de paper, pl\u00e0stic i vidre<\/li>\n<li>Reciclatge de l&#8217;org\u00e0nica<\/li>\n<li>\u00das de la carmanyola i reducci\u00f3 del paper d&#8217;alumini<\/li>\n<li>Dia de la fruita: Esmorzem fruita els dijous<\/li>\n<li>Projecte Oliclaki amb l&#8217;utilitzaci\u00f3 dels Clakis per l&#8217;oli reutilitzat<\/li>\n<li>Projecte Apilo de reciclatge de piles<\/li>\n<li>Reciclatge de t\u00f2ners i cartutxos de tinta d&#8217;impressora<\/li>\n<li>Sortides i activitats mediambientals<\/li>\n<li>Comit\u00e8 Verd amb els delegats verds de cada classe<\/li>\n<li>Projecte d&#8217;Estalvi Energ\u00e8tic VILAWATT<\/li>\n<li>Bombetes Verdes i Bombetes Vermelles amb els recorreguts energ\u00e8tics<\/li>\n<li>Pla de Consum de Fruita a les escoles<\/li>\n<\/ul>\n<p>Trobareu m\u00e9s informaci\u00f3 al <a href=\"http:\/\/medimontserratina.blogspot.com\">blog d&#8217;Escola Verda<\/a>.<\/p>\n","protected":false},"excerpt":{"rendered":"<p>Des de fa molts anys un dels nostres objectius ha estat la presa de consci\u00e8ncia\u00a0per la cura del medi ambient, \u00e9s per aix\u00f2 que en el seu moment vam decidir comen\u00e7ar a fer accions per tal de garantir la sostenibilitat del nostre planeta.<br \/>\nEl curs 2012-2013&hellip;  <a href=\"https:\/\/agora.xtec.cat\/escolamontserratina\/projectes\/escola-verda\/\" title=\"Read Escola Verda\">Llegeix m\u00e9s\u00bb<\/a><\/p>\n","protected":false},"author":1,"featured_media":0,"parent":695,"menu_order":0,"comment_status":"closed","ping_status":"closed","template":"page-templates\/side-menu.php","meta":{"_bbp_topic_count":0,"_bbp_reply_count":0,"_bbp_total_topic_count":0,"_bbp_total_reply_count":0,"_bbp_voice_count":0,"_bbp_anonymous_reply_count":0,"_bbp_topic_count_hidden":0,"_bbp_reply_count_hidden":0,"_bbp_forum_subforum_count":0,"footnotes":""},"class_list":["post-836","page","type-page","status-publish","hentry"],"post_mailing_queue_ids":[],"_links":{"self":[{"href":"https:\/\/agora.xtec.cat\/escolamontserratina\/wp-json\/wp\/v2\/pages\/836","targetHints":{"allow":["GET"]}}],"collection":[{"href":"https:\/\/agora.xtec.cat\/escolamontserratina\/wp-json\/wp\/v2\/pages"}],"about":[{"href":"https:\/\/agora.xtec.cat\/escolamontserratina\/wp-json\/wp\/v2\/types\/page"}],"author":[{"embeddable":true,"href":"https:\/\/agora.xtec.cat\/escolamontserratina\/wp-json\/wp\/v2\/users\/1"}],"replies":[{"embeddable":true,"href":"https:\/\/agora.xtec.cat\/escolamontserratina\/wp-json\/wp\/v2\/comments?post=836"}],"version-history":[{"count":3,"href":"https:\/\/agora.xtec.cat\/escolamontserratina\/wp-json\/wp\/v2\/pages\/836\/revisions"}],"predecessor-version":[{"id":1659,"href":"https:\/\/agora.xtec.cat\/escolamontserratina\/wp-json\/wp\/v2\/pages\/836\/revisions\/1659"}],"up":[{"embeddable":true,"href":"https:\/\/agora.xtec.cat\/escolamontserratina\/wp-json\/wp\/v2\/pages\/695"}],"wp:attachment":[{"href":"https:\/\/agora.xtec.cat\/escolamontserratina\/wp-json\/wp\/v2\/media?parent=836"}],"curies":[{"name":"wp","href":"https:\/\/api.w.org\/{rel}","templated":true}]}}