{"id":802,"date":"2018-03-12T15:59:19","date_gmt":"2018-03-12T14:59:19","guid":{"rendered":"http:\/\/agora.xtec.cat\/escolamontserratina\/?page_id=802"},"modified":"2025-06-16T12:25:37","modified_gmt":"2025-06-16T10:25:37","slug":"preinscripcio-i-matricula-2025-2026","status":"publish","type":"page","link":"https:\/\/agora.xtec.cat\/escolamontserratina\/lescola\/preinscripcio-i-matricula-2025-2026\/","title":{"rendered":"PREINSCRIPCI\u00d3 i MATR\u00cdCULA 2025-2026"},"content":{"rendered":"<p><a href=\"https:\/\/agora.xtec.cat\/escolamontserratina\/wp-content\/uploads\/usu275\/2021\/02\/Captura-de-pantalla-2021-02-21-a-las-22.14.57.png\"><img loading=\"lazy\" decoding=\"async\" class=\"alignright wp-image-2702 size-medium\" src=\"https:\/\/agora.xtec.cat\/escolamontserratina\/wp-content\/uploads\/usu275\/2021\/02\/Captura-de-pantalla-2021-02-21-a-las-22.14.57-288x300.png\" alt=\"\" width=\"288\" height=\"300\" srcset=\"https:\/\/agora.xtec.cat\/escolamontserratina\/wp-content\/uploads\/usu275\/2021\/02\/Captura-de-pantalla-2021-02-21-a-las-22.14.57-288x300.png 288w, https:\/\/agora.xtec.cat\/escolamontserratina\/wp-content\/uploads\/usu275\/2021\/02\/Captura-de-pantalla-2021-02-21-a-las-22.14.57.png 494w\" sizes=\"auto, (max-width: 288px) 100vw, 288px\" \/><\/a><span style=\"font-family: inherit; font-size: 1em;\">Estimades fam\u00edlies,<\/span><\/p>\n<p>Moltes gr\u00e0cies per l&#8217;inter\u00e8s pel projecte educatiu de la nostra escola!!<\/p>\n<p>En aquesta p\u00e0gina trobareu tota la informaci\u00f3 del proc\u00e9s de preinscripci\u00f3 i matr\u00edcula dels vostres fills i filles!<\/p>\n<p>Si teniu qualsevol consulta, no dubteu i contacteu amb nosaltres a trav\u00e8s de:<\/p>\n<p style=\"text-align: center;\">Tel\u00e8fon: <span style=\"font-family: inherit; font-size: 1em;\">93 611 95 93 &#8211; 664 32 26 34<\/span><\/p>\n<p style=\"text-align: center;\">Correu Electr\u00f2nic: a8031101@xtec.cat<\/p>\n<p>&nbsp;<\/p>\n<p style=\"text-align: center;\">Trobareu tota la informaci\u00f3 a la p\u00e0gina web seg\u00fcent: <a href=\"https:\/\/preinscripcio.gencat.cat\/ca\/inici\/\"><img loading=\"lazy\" decoding=\"async\" class=\"aligncenter size-full wp-image-8442\" src=\"https:\/\/agora.xtec.cat\/escolamontserratina\/wp-content\/uploads\/usu275\/2025\/02\/GENE_CONSTRUIM-FUTURS_BANNER_744x250_Preinscripcio.jpg\" alt=\"\" width=\"744\" height=\"251\" srcset=\"https:\/\/agora.xtec.cat\/escolamontserratina\/wp-content\/uploads\/usu275\/2025\/02\/GENE_CONSTRUIM-FUTURS_BANNER_744x250_Preinscripcio.jpg 744w, https:\/\/agora.xtec.cat\/escolamontserratina\/wp-content\/uploads\/usu275\/2025\/02\/GENE_CONSTRUIM-FUTURS_BANNER_744x250_Preinscripcio-300x101.jpg 300w\" sizes=\"auto, (max-width: 744px) 100vw, 744px\" \/><\/a><a href=\"https:\/\/preinscripcio.gencat.cat\/ca\/inici\/\">https:\/\/preinscripcio.gencat.cat\/ca\/inici\/<\/a><\/p>\n<h3><\/h3>\n<h3 style=\"text-align: center;\"><span style=\"text-decoration: underline;\"><strong>\u1455\u15e9\u14aaE\u144e\u15ea\u15e9\u1587I \u15eaE \u146d\u1587EI\u144e\u1515\u1455\u1587I\u146d\u1455I\u00d3 I \u15f0\u15e9T\u1587\u00cd\u1455\u144c\u14aa\u15e9<\/strong><\/span><\/h3>\n<p>Aqu\u00ed trobareu el calendari que estableix el proc\u00e9s de Preinscripci\u00f3 i Matr\u00edcula pel proper curs 2025-2026 a la Resoluci\u00f3 del Departament d&#8217;Educaci\u00f3 de la Generalitat de Catalunya:<\/p>\n<ul>\n<li style=\"list-style-type: none;\">\n<ul>\n<li style=\"list-style-type: none;\">\n<ul>\n<li style=\"list-style-type: none;\">\n<ul>\n<li style=\"list-style-type: none;\">\n<ul style=\"list-style-type: square;\">\n<li><a href=\"https:\/\/drive.google.com\/file\/d\/1jEYcB9rfxLkdPr-ynuc1YGMeHJESkKf8\/view?usp=share_link\"><strong style=\"color: #000000; font-family: inherit; font-size: 1em;\">Publicaci\u00f3 de l&#8217;oferta inicial:<\/strong>\u00a0 11 de mar\u00e7<\/a><\/li>\n<li><span style=\"color: #000000;\"><strong>Termini de presentaci\u00f3 de la Sol\u00b7licitud de Preinscripci\u00f3:<\/strong><strong><a href=\"https:\/\/agora.xtec.cat\/escolamontserratina\/wp-content\/uploads\/usu275\/2024\/03\/Crema-Icono-Redondo-Spa-y-Estetica-Logotipo-2.png\"><img loading=\"lazy\" decoding=\"async\" class=\"wp-image-6998 size-full alignright\" src=\"https:\/\/agora.xtec.cat\/escolamontserratina\/wp-content\/uploads\/usu275\/2024\/03\/Crema-Icono-Redondo-Spa-y-Estetica-Logotipo-2-e1709553723791.png\" alt=\"\" width=\"333\" height=\"126\" srcset=\"https:\/\/agora.xtec.cat\/escolamontserratina\/wp-content\/uploads\/usu275\/2024\/03\/Crema-Icono-Redondo-Spa-y-Estetica-Logotipo-2-e1709553723791.png 333w, https:\/\/agora.xtec.cat\/escolamontserratina\/wp-content\/uploads\/usu275\/2024\/03\/Crema-Icono-Redondo-Spa-y-Estetica-Logotipo-2-e1709553723791-300x114.png 300w\" sizes=\"auto, (max-width: 333px) 100vw, 333px\" \/><\/a><\/strong> <\/span><\/li>\n<\/ul>\n<\/li>\n<\/ul>\n<\/li>\n<\/ul>\n<\/li>\n<\/ul>\n<\/li>\n<\/ul>\n<p style=\"text-align: center;\"><strong><span style=\"color: #0000ff;\">del 12 al 26 de mar\u00e7 <\/span><\/strong><\/p>\n<ul>\n<li style=\"list-style-type: none;\">\n<ul>\n<li style=\"list-style-type: none;\">\n<ul>\n<li style=\"list-style-type: none;\">\n<ul>\n<li style=\"list-style-type: none;\">\n<ul>\n<li><span style=\"color: #000000;\"><strong>Publicaci\u00f3 llistes amb la puntuaci\u00f3 provisional:<\/strong>\u00a0 <a href=\"https:\/\/drive.google.com\/file\/d\/1RwoahhfuaUpoIUxgRED5Fru-gJJpwzr_\/view?usp=share_link\">24 d&#8217;abril<\/a><\/span><\/li>\n<li><span style=\"color: #000000;\"><strong>Reclamacions: \u00a0<\/strong>del 24 al 29 d&#8217;abril<\/span><\/li>\n<li><span style=\"color: #000000;\"><strong>Publicaci\u00f3 llistes un cop resoltes les reclamacions: \u00a0<\/strong><a href=\"https:\/\/drive.google.com\/file\/d\/1oUBx5Rl7a_yt07W167lqyXixiwCDMPk6\/view?usp=share_link\">5 de maig<\/a><\/span><\/li>\n<li><span style=\"color: #000000;\"><span style=\"color: #000000;\"><strong>Sorteig del n\u00famero de desempat: \u00a0<\/strong>8 de maig a les 11h: <span style=\"color: #0000ff;\"><strong>76.261<\/strong><\/span><\/span><\/span><\/li>\n<li><span style=\"color: #000000;\"><strong>Publicaci\u00f3 llista ordenada definitiva:<\/strong>\u00a0 \u00a0<a href=\"https:\/\/drive.google.com\/file\/d\/15ScbyuWDv3P0k_xId0hvMdU1hGhX34Fk\/view?usp=share_link\">9 de maig<\/a><\/span><\/li>\n<li><span style=\"color: #000000;\"><strong>Publicaci\u00f3 de l&#8217;oferta final:<\/strong> <a href=\"https:\/\/drive.google.com\/file\/d\/1GHgqI4Ep24udydf3JqEDGOQCSHSAmSHR\/view?usp=share_link\">16 de juny<\/a><\/span><\/li>\n<li><span style=\"color: #000000;\"><strong>Publicaci\u00f3 llistes admesos i, si s&#8217;escau, de la llistes d&#8217;espera: \u00a0<\/strong>16 de juny<\/span><\/li>\n<\/ul>\n<\/li>\n<\/ul>\n<\/li>\n<\/ul>\n<\/li>\n<\/ul>\n<\/li>\n<\/ul>\n<h5 style=\"text-align: center;\"><span style=\"color: #000000;\"><a href=\"https:\/\/drive.google.com\/file\/d\/12LjqlgBVm8tt9ESaOm7DaKDNeSyTBDQt\/view?usp=share_link\">LLISTES D&#8217;ADMESOS\u00a0<\/a> \u00a0 \u00a0 \u00a0 \u00a0 \u00a0 \u00a0 \u00a0 \u00a0 \u00a0 \u00a0 \u00a0 \u00a0 <a href=\"https:\/\/drive.google.com\/file\/d\/18F0MEL_6vKJPpZrDp_VS1T1s0fcsHB_e\/view?usp=share_link\">\u00a0LLISTES D&#8217;ESPERA<\/a>\u00a0 \u00a0 \u00a0 \u00a0 \u00a0 \u00a0 \u00a0 \u00a0 \u00a0 \u00a0 \u00a0 \u00a0 \u00a0 \u00a0\u00a0<a href=\"https:\/\/drive.google.com\/file\/d\/1uMfZVfm3ZqhV0BumgmOr_F5s5tx1S7MS\/view?usp=share_link\">LLISTES PREINSCRITS<\/a><\/span><\/h5>\n<ul>\n<li style=\"list-style-type: none;\">\n<ul>\n<li style=\"list-style-type: none;\">\n<ul>\n<li style=\"list-style-type: none;\">\n<ul>\n<li style=\"list-style-type: none;\">\n<ul>\n<li><span style=\"color: #000000;\"><strong>Per\u00edode de Matriculaci\u00f3:<\/strong> del 25 de juny al 3 de juliol<\/span><\/li>\n<\/ul>\n<\/li>\n<\/ul>\n<\/li>\n<\/ul>\n<\/li>\n<\/ul>\n<\/li>\n<\/ul>\n<p>&nbsp;<\/p>\n<p style=\"text-align: center;\"><strong>PROJECTE EDUCATIU: L&#8217;ESCOLA MONTSERRATINA I ELS 4 PILARS DE L&#8217;EDUCACI\u00d3<\/strong><\/p>\n<p>Aqu\u00ed teniu un v\u00eddeo del nostre projecte educatiu basat en els quatre pilars de l&#8217;educaci\u00f3:<\/p>\n<p><iframe loading=\"lazy\" title=\"L&#039;ESCOLA MONTSERRATINA I ELS 4 PILARS DE L&#039;EDUCACI\u00d3\" width=\"500\" height=\"281\" src=\"https:\/\/www.youtube.com\/embed\/ilm1w4dTBBY?feature=oembed\" frameborder=\"0\" allow=\"accelerometer; autoplay; clipboard-write; encrypted-media; gyroscope; picture-in-picture; web-share\" referrerpolicy=\"strict-origin-when-cross-origin\" allowfullscreen><\/iframe><\/p>\n<p>En aquest apartat de la nostra p\u00e0gina web, podeu veure els <a href=\"http:\/\/agora.xtec.cat\/escolamontserratina\/projectes\/\">projectes<\/a> que treballem dia a dia a l&#8217;escola.<\/p>\n<p>Aqu\u00ed podeu veure les activitats que ofereix <a href=\"http:\/\/agora.xtec.cat\/escolamontserratina\/ampa\/\">l&#8217;AMPA<\/a> i els <a href=\"http:\/\/agora.xtec.cat\/escolamontserratina\/serveis\/\">serveis <\/a>que disposem a l&#8217;escola.<\/p>\n<p>Aqu\u00ed trobareu la informaci\u00f3 de l&#8217;Espai Migdia amb els <a href=\"http:\/\/agora.xtec.cat\/escolamontserratina\/serveis\/menjador-escolar\/\">men\u00fas del menjador <\/a>i la disponibilitat de men\u00fas especials per a malalties cr\u00f2niques del sistema digestiu, endocr\u00ed o metab\u00f2lic.<\/p>\n","protected":false},"excerpt":{"rendered":"<p><a href=\"https:\/\/agora.xtec.cat\/escolamontserratina\/wp-content\/uploads\/usu275\/2021\/02\/Captura-de-pantalla-2021-02-21-a-las-22.14.57.png\"><\/a>Estimades fam\u00edlies,<br \/>\nMoltes gr\u00e0cies per l&#8217;inter\u00e8s pel projecte educatiu de la nostra escola!!<br \/>\nEn aquesta p\u00e0gina trobareu tota la informaci\u00f3 del proc\u00e9s de preinscripci\u00f3 i matr\u00edcula dels vostres fills i filles!<br \/>\nSi teniu qualsevol consulta, no dubteu i contacteu amb nosaltres a trav\u00e8s de:<br \/>\nTel\u00e8fon: 93 611 95&hellip;  <a href=\"https:\/\/agora.xtec.cat\/escolamontserratina\/lescola\/preinscripcio-i-matricula-2025-2026\/\" title=\"Read PREINSCRIPCI\u00d3 i MATR\u00cdCULA 2025-2026\">Llegeix m\u00e9s\u00bb<\/a><\/p>\n","protected":false},"author":1,"featured_media":0,"parent":22,"menu_order":0,"comment_status":"closed","ping_status":"closed","template":"page-templates\/side-menu.php","meta":{"_bbp_topic_count":0,"_bbp_reply_count":0,"_bbp_total_topic_count":0,"_bbp_total_reply_count":0,"_bbp_voice_count":0,"_bbp_anonymous_reply_count":0,"_bbp_topic_count_hidden":0,"_bbp_reply_count_hidden":0,"_bbp_forum_subforum_count":0,"footnotes":""},"class_list":["post-802","page","type-page","status-publish","hentry"],"post_mailing_queue_ids":[],"_links":{"self":[{"href":"https:\/\/agora.xtec.cat\/escolamontserratina\/wp-json\/wp\/v2\/pages\/802","targetHints":{"allow":["GET"]}}],"collection":[{"href":"https:\/\/agora.xtec.cat\/escolamontserratina\/wp-json\/wp\/v2\/pages"}],"about":[{"href":"https:\/\/agora.xtec.cat\/escolamontserratina\/wp-json\/wp\/v2\/types\/page"}],"author":[{"embeddable":true,"href":"https:\/\/agora.xtec.cat\/escolamontserratina\/wp-json\/wp\/v2\/users\/1"}],"replies":[{"embeddable":true,"href":"https:\/\/agora.xtec.cat\/escolamontserratina\/wp-json\/wp\/v2\/comments?post=802"}],"version-history":[{"count":7,"href":"https:\/\/agora.xtec.cat\/escolamontserratina\/wp-json\/wp\/v2\/pages\/802\/revisions"}],"predecessor-version":[{"id":8962,"href":"https:\/\/agora.xtec.cat\/escolamontserratina\/wp-json\/wp\/v2\/pages\/802\/revisions\/8962"}],"up":[{"embeddable":true,"href":"https:\/\/agora.xtec.cat\/escolamontserratina\/wp-json\/wp\/v2\/pages\/22"}],"wp:attachment":[{"href":"https:\/\/agora.xtec.cat\/escolamontserratina\/wp-json\/wp\/v2\/media?parent=802"}],"curies":[{"name":"wp","href":"https:\/\/api.w.org\/{rel}","templated":true}]}}