{"id":774,"date":"2018-02-26T09:31:37","date_gmt":"2018-02-26T08:31:37","guid":{"rendered":"http:\/\/agora.xtec.cat\/escolamontserratina\/?page_id=774"},"modified":"2018-05-10T09:38:54","modified_gmt":"2018-05-10T07:38:54","slug":"educacio-emocional","status":"publish","type":"page","link":"https:\/\/agora.xtec.cat\/escolamontserratina\/projectes\/educacio-emocional\/","title":{"rendered":"Educaci\u00f3 Emocional"},"content":{"rendered":"<p>El curs 2016-2017 vam comen\u00e7ar a implementar el projecte EMOCIONA&#8217;T a l&#8217;escola.<\/p>\n<p>Segons Rafael Bisquerra podem definir l\u2019Educaci\u00f3 Emocional en els seg\u00fcents termes: \u201c<em>proc\u00e9s educatiu, continu i permanent, que pret\u00e9n potenciar el desenvolupament emocional com a complement indispensable del desenvolupament cognitiu, constituint ambd\u00f3s els elements essencials del desenvolupament de la personalitat integral. El desenvolupament de coneixements i habilitats sobre les emocions a fi de capacitar l&#8217;individu per afrontar millor els reptes que es plantegen en la vida quotidiana. Tot aix\u00f2 t\u00e9 com a finalitat augmentar el benestar personal i social<\/em>\u201d.<\/p>\n<p>&nbsp;<\/p>\n<p>El nostre projecte, mitjan\u00e7ant el treball de les cinc compet\u00e8ncies emocionals, defineix els seg\u00fcents objectius:<\/p>\n<ul>\n<li>Adquirir un millor coneixement de les pr\u00f2pies emocions.<\/li>\n<li>Identificar les emocions dels altres.<\/li>\n<li>Desenvolupar l\u2019habilitat de controlar les pr\u00f2pies emocions.<\/li>\n<li>Prevenir els efectes perjudicials de les emocions negatives.<\/li>\n<li>Desenvolupar l\u2019habilitat de generar emocions positives.<\/li>\n<\/ul>\n<p>&nbsp;<\/p>\n<p>Les cinc compet\u00e8ncies emocionals que treballem s\u00f3n:<\/p>\n<ul>\n<li>Consci\u00e8ncia emocional<\/li>\n<li>Regulaci\u00f3 emocional<\/li>\n<li>Autonomia emocional<\/li>\n<li>Compet\u00e8ncia social<\/li>\n<li>Habilitats per a la vida i benestar<\/li>\n<\/ul>\n<p>Poc a poc l&#8217;alumnat \u00e9s capa\u00e7 de regular-se emocionalment, aconseguir tenir una autoestima alta i relacionar-se correctament amb la resta dels companys\/es. I per descomptat,\u00a0desenvolupar la capacitat per afavorir la concentraci\u00f3 i la calma.<\/p>\n<p>&nbsp;<\/p>\n<p>&nbsp;<\/p>\n<p>\u00c0MBIT FAM\u00cdLIES<\/p>\n<p><a href=\"http:\/\/agora.xtec.cat\/escolamontserratina\/wp-content\/uploads\/usu275\/2018\/02\/compartint-il\u00b7lusions.jpg\"><img loading=\"lazy\" decoding=\"async\" class=\"alignnone size-full wp-image-893\" src=\"http:\/\/agora.xtec.cat\/escolamontserratina\/wp-content\/uploads\/usu275\/2018\/02\/compartint-il\u00b7lusions.jpg\" alt=\"\" width=\"960\" height=\"292\" srcset=\"https:\/\/agora.xtec.cat\/escolamontserratina\/wp-content\/uploads\/usu275\/2018\/02\/compartint-il\u00b7lusions.jpg 960w, https:\/\/agora.xtec.cat\/escolamontserratina\/wp-content\/uploads\/usu275\/2018\/02\/compartint-il\u00b7lusions-300x91.jpg 300w, https:\/\/agora.xtec.cat\/escolamontserratina\/wp-content\/uploads\/usu275\/2018\/02\/compartint-il\u00b7lusions-768x234.jpg 768w\" sizes=\"auto, (max-width: 960px) 100vw, 960px\" \/><\/a><\/p>\n<p>El passat dijous 26 d&#8217;abril del 2018 vam gaudir d&#8217;una\u00a0jornada ben emocionant amb les fam\u00edlies de l&#8217;escola.\u00a0Les\u00a0fam\u00edlies\u00a0van\u00a0posar en pr\u00e0ctica algunes de les din\u00e0miques que\u00a0realitzem amb\u00a0l&#8217;alumnat\u00a0a l&#8217;aula.\u00a0 Durant la tarda vam poder riure, plorar, ens vam relaxar, abra\u00e7ar,\u00a0ballar i fins i tot vam realitzar\u00a0massatges&#8230; Una manera ben diferent de con\u00e8ixer com treballem\u00a0l&#8217;educaci\u00f3 emocional a l&#8217;escola.<\/p>\n<p>A m\u00e9s, a partir d&#8217;ara, els pares i mares dels i les alumnes poden entrar un dia a la setmana a\u00a0fer una sessi\u00f3 d&#8217;educaci\u00f3 emocional conjuntament amb els seus fills i filles. Les fam\u00edlies\u00a0assistents van quedar encantades i estem segures\u00a0que\u00a0podrem seguir gaudint de les nostres\u00a0emocions en moltes altres jornades com aquesta.<\/p>\n<p>&nbsp;<\/p>\n<p>Aqu\u00ed teniu el video de la jornada gr\u00e0cies a la Xarxa d&#8217;Innovaci\u00f3 Educativa de Viladecans que va\u00a0enregistrar aquests moments!!<\/p>\n<p><iframe loading=\"lazy\" title=\"L&#039;escola Montserratina s&#039;emociona amb les seves fam\u00edlies\" width=\"500\" height=\"281\" src=\"https:\/\/www.youtube.com\/embed\/v-z6hvdjcns?feature=oembed\" frameborder=\"0\" allow=\"accelerometer; autoplay; clipboard-write; encrypted-media; gyroscope; picture-in-picture; web-share\" referrerpolicy=\"strict-origin-when-cross-origin\" allowfullscreen><\/iframe><\/p>\n<p>&nbsp;<\/p>\n","protected":false},"excerpt":{"rendered":"<p>El curs 2016-2017 vam comen\u00e7ar a implementar el projecte EMOCIONA&#8217;T a l&#8217;escola.<br \/>\nSegons Rafael Bisquerra podem definir l\u2019Educaci\u00f3 Emocional en els seg\u00fcents termes: \u201cproc\u00e9s educatiu, continu i permanent, que pret\u00e9n potenciar el desenvolupament emocional com a complement indispensable del desenvolupament cognitiu, constituint ambd\u00f3s els elements essencials&hellip;  <a href=\"https:\/\/agora.xtec.cat\/escolamontserratina\/projectes\/educacio-emocional\/\" title=\"Read Educaci\u00f3 Emocional\">Llegeix m\u00e9s\u00bb<\/a><\/p>\n","protected":false},"author":1,"featured_media":0,"parent":695,"menu_order":0,"comment_status":"closed","ping_status":"closed","template":"page-templates\/side-menu.php","meta":{"_bbp_topic_count":0,"_bbp_reply_count":0,"_bbp_total_topic_count":0,"_bbp_total_reply_count":0,"_bbp_voice_count":0,"_bbp_anonymous_reply_count":0,"_bbp_topic_count_hidden":0,"_bbp_reply_count_hidden":0,"_bbp_forum_subforum_count":0,"footnotes":""},"class_list":["post-774","page","type-page","status-publish","hentry"],"post_mailing_queue_ids":[],"_links":{"self":[{"href":"https:\/\/agora.xtec.cat\/escolamontserratina\/wp-json\/wp\/v2\/pages\/774","targetHints":{"allow":["GET"]}}],"collection":[{"href":"https:\/\/agora.xtec.cat\/escolamontserratina\/wp-json\/wp\/v2\/pages"}],"about":[{"href":"https:\/\/agora.xtec.cat\/escolamontserratina\/wp-json\/wp\/v2\/types\/page"}],"author":[{"embeddable":true,"href":"https:\/\/agora.xtec.cat\/escolamontserratina\/wp-json\/wp\/v2\/users\/1"}],"replies":[{"embeddable":true,"href":"https:\/\/agora.xtec.cat\/escolamontserratina\/wp-json\/wp\/v2\/comments?post=774"}],"version-history":[{"count":3,"href":"https:\/\/agora.xtec.cat\/escolamontserratina\/wp-json\/wp\/v2\/pages\/774\/revisions"}],"predecessor-version":[{"id":894,"href":"https:\/\/agora.xtec.cat\/escolamontserratina\/wp-json\/wp\/v2\/pages\/774\/revisions\/894"}],"up":[{"embeddable":true,"href":"https:\/\/agora.xtec.cat\/escolamontserratina\/wp-json\/wp\/v2\/pages\/695"}],"wp:attachment":[{"href":"https:\/\/agora.xtec.cat\/escolamontserratina\/wp-json\/wp\/v2\/media?parent=774"}],"curies":[{"name":"wp","href":"https:\/\/api.w.org\/{rel}","templated":true}]}}