{"id":744,"date":"2018-02-06T12:18:33","date_gmt":"2018-02-06T11:18:33","guid":{"rendered":"http:\/\/agora.xtec.cat\/escolamontserratina\/?page_id=744"},"modified":"2024-02-22T10:48:07","modified_gmt":"2024-02-22T09:48:07","slug":"llengua-anglesa","status":"publish","type":"page","link":"https:\/\/agora.xtec.cat\/escolamontserratina\/projectes\/llengua-anglesa\/","title":{"rendered":"Llengua Anglesa"},"content":{"rendered":"<p>Som una escola que hem impulsat diferents Projectes Experimentals en Lleng\u00fces Estrangeres en els darrers cursos i que continuem implementant diferents activitats en angl\u00e8s.<\/p>\n<p>Des del curs 2016-2017 formem part del Grup d&#8217;Experimentaci\u00f3 per al Pluriling\u00fcisme del Departament d&#8217;Ensenyament.<\/p>\n<p>Dins del nostre Projecte Ling\u00fc\u00edstic, definim les activitats que realitzem en llengua anglesa per potenciar\u00a0el pluriling\u00fcisme dels nostres alumnes:<\/p>\n<ul>\n<li>Introducci\u00f3 de la Llengua Anglesa\u00a0a Infantil<\/li>\n<li>ART in English (2n, 3r i 4t)- Coneixem les obres de diferents artistes realitzant creacions i utilitzant les seves t\u00e8cniques amb la llengua anglesa com a llengua vehicular.<\/li>\n<li>Sharing to Learn &#8211; Alumnes de l&#8217;Institut Miramar intervenen a les classes d&#8217;Angl\u00e8s per tal de millorar la Comunicaci\u00f3 Oral dels nostres alumnes de tercer. Afavorim l\u2019intercanvi entre l\u2019alumnat i la relaci\u00f3 entre el professorat de diferents etapes educatives.<\/li>\n<li>English Day &#8211; Jornada l\u00fadica amb l&#8217;alumnat de sis\u00e8 de tota la ciutat per tal de fomentar l&#8217;\u00fas de\u00a0la llengua anglesa.<\/li>\n<\/ul>\n<p>&nbsp;<\/p>\n","protected":false},"excerpt":{"rendered":"<p>Som una escola que hem impulsat diferents Projectes Experimentals en Lleng\u00fces Estrangeres en els darrers cursos i que continuem implementant diferents activitats en angl\u00e8s.<br \/>\nDes del curs 2016-2017 formem part del Grup d&#8217;Experimentaci\u00f3 per al Pluriling\u00fcisme del Departament d&#8217;Ensenyament.<br \/>\nDins del nostre Projecte Ling\u00fc\u00edstic, definim les activitats&hellip;  <a href=\"https:\/\/agora.xtec.cat\/escolamontserratina\/projectes\/llengua-anglesa\/\" title=\"Read Llengua Anglesa\">Llegeix m\u00e9s\u00bb<\/a><\/p>\n","protected":false},"author":1,"featured_media":0,"parent":695,"menu_order":0,"comment_status":"closed","ping_status":"closed","template":"page-templates\/side-menu.php","meta":{"_bbp_topic_count":0,"_bbp_reply_count":0,"_bbp_total_topic_count":0,"_bbp_total_reply_count":0,"_bbp_voice_count":0,"_bbp_anonymous_reply_count":0,"_bbp_topic_count_hidden":0,"_bbp_reply_count_hidden":0,"_bbp_forum_subforum_count":0,"footnotes":""},"class_list":["post-744","page","type-page","status-publish","hentry"],"post_mailing_queue_ids":[],"_links":{"self":[{"href":"https:\/\/agora.xtec.cat\/escolamontserratina\/wp-json\/wp\/v2\/pages\/744","targetHints":{"allow":["GET"]}}],"collection":[{"href":"https:\/\/agora.xtec.cat\/escolamontserratina\/wp-json\/wp\/v2\/pages"}],"about":[{"href":"https:\/\/agora.xtec.cat\/escolamontserratina\/wp-json\/wp\/v2\/types\/page"}],"author":[{"embeddable":true,"href":"https:\/\/agora.xtec.cat\/escolamontserratina\/wp-json\/wp\/v2\/users\/1"}],"replies":[{"embeddable":true,"href":"https:\/\/agora.xtec.cat\/escolamontserratina\/wp-json\/wp\/v2\/comments?post=744"}],"version-history":[{"count":6,"href":"https:\/\/agora.xtec.cat\/escolamontserratina\/wp-json\/wp\/v2\/pages\/744\/revisions"}],"predecessor-version":[{"id":6870,"href":"https:\/\/agora.xtec.cat\/escolamontserratina\/wp-json\/wp\/v2\/pages\/744\/revisions\/6870"}],"up":[{"embeddable":true,"href":"https:\/\/agora.xtec.cat\/escolamontserratina\/wp-json\/wp\/v2\/pages\/695"}],"wp:attachment":[{"href":"https:\/\/agora.xtec.cat\/escolamontserratina\/wp-json\/wp\/v2\/media?parent=744"}],"curies":[{"name":"wp","href":"https:\/\/api.w.org\/{rel}","templated":true}]}}