{"id":730,"date":"2018-01-23T12:30:02","date_gmt":"2018-01-23T11:30:02","guid":{"rendered":"http:\/\/agora.xtec.cat\/escolamontserratina\/?page_id=730"},"modified":"2025-10-11T20:13:53","modified_gmt":"2025-10-11T18:13:53","slug":"ambients-a-infantil","status":"publish","type":"page","link":"https:\/\/agora.xtec.cat\/escolamontserratina\/projectes\/ambients-a-infantil\/","title":{"rendered":"Ambients a Educaci\u00f3 Infantil"},"content":{"rendered":"<p style=\"text-align: justify;\">En la nostra l\u00ednia de projectes innovadors i de transformaci\u00f3 educativa,\u00a0treballem en diferents Ambients a l\u2019Educaci\u00f3 Infantil.<\/p>\n<p style=\"text-align: justify;\">Aquesta metodologia promou l\u2019aprenentatge aut\u00f2nom dels alumnes de diferents edats i nivells despertant la seva motivaci\u00f3 i inter\u00e8s, afavorint el desenvolupament de les intel.lig\u00e8ncies m\u00faltiples. L\u2019ambient \u00e9s un espai monogr\u00e0fic dissenyat per a que sigui educatiu, on es pot descobrir, experimentar i aprendre des de l\u2019inter\u00e8s i el gust a partir de materials estimulants.<\/p>\n<p style=\"text-align: justify;\"><span style=\"font-weight: 400;\">Aquesta manera flexible de treballar respon a la necessitat que mostren els infants de jugar i relacionar-se amb la finalitat de donar resposta als seus interessos i necessitats, com\u00a0 respectar els diferents ritmes d\u2019aprenentatge.<\/span><\/p>\n<p style=\"text-align: justify;\"><span style=\"font-weight: 400;\">Els ambients d\u2019aprenentatge pretenen:<\/span><\/p>\n<ul>\n<li style=\"font-weight: 400; text-align: justify;\"><span style=\"font-weight: 400;\">Potenciar el llenguatge oral espontani i ampliar el vocabulari.<\/span><\/li>\n<li style=\"font-weight: 400; text-align: justify;\"><span style=\"font-weight: 400;\">Afavorir les relacions socials i de conviv\u00e8ncia entre els infants de diferents edats.<\/span><\/li>\n<li style=\"font-weight: 400; text-align: justify;\"><span style=\"font-weight: 400;\">Desenvolupar els h\u00e0bits socials; compartir espais, jocs, joguines, posar-se d\u2019acord els uns amb els altres, establir normes de comportament i de joc\u2026<\/span><\/li>\n<li style=\"font-weight: 400; text-align: justify;\"><span style=\"font-weight: 400;\">Aprendre dels companys\/es, no nom\u00e9s de l\u2019adult.<\/span><\/li>\n<li style=\"font-weight: 400; text-align: justify;\"><span style=\"font-weight: 400;\">Oferir als infants un espai de joc on poder investigar, observar, manipular\u2026de manera constant i lliure.<\/span><\/li>\n<li style=\"font-weight: 400; text-align: justify;\"><span style=\"font-weight: 400;\">Expressar els seus sentiments, emocions i sensacions de forma espont\u00e0nia.\u00a0<\/span><\/li>\n<li style=\"font-weight: 400; text-align: justify;\"><span style=\"font-weight: 400;\">Respectar a les persones i els materials.<\/span><\/li>\n<\/ul>\n<p>Aquests s\u00f3n els diferents AMBIENTS que treballem a Educaci\u00f3 Infantil:<\/p>\n<p>&#8211; Ci\u00e8ncia en Acci\u00f3<br \/>\n&#8211; Atelier<br \/>\n&#8211; LLetres<br \/>\n&#8211; Matem\u00e0tic<br \/>\n&#8211; Espai de natura<br \/>\n&#8211; MusicArt<br \/>\n&#8211; Joc i moviment<br \/>\n&#8211; Joc Simb\u00f2lic en Llengua Anglesa<\/p>\n<p>&nbsp;<\/p>\n<p>Aqu\u00ed teniu un petit video dels diferents Ambients:<\/p>\n<p><iframe loading=\"lazy\" title=\"YouTube video player\" src=\"https:\/\/www.youtube.com\/embed\/E08tfUf42V0?si=N0WAKZCBWura1sEu\" width=\"560\" height=\"315\" frameborder=\"0\" allowfullscreen=\"allowfullscreen\"><\/iframe><\/p>\n","protected":false},"excerpt":{"rendered":"<p>En la nostra l\u00ednia de projectes innovadors i de transformaci\u00f3 educativa,\u00a0treballem en diferents Ambients a l\u2019Educaci\u00f3 Infantil.<br \/>\nAquesta metodologia promou l\u2019aprenentatge aut\u00f2nom dels alumnes de diferents edats i nivells despertant la seva motivaci\u00f3 i inter\u00e8s, afavorint el desenvolupament de les intel.lig\u00e8ncies m\u00faltiples. L\u2019ambient \u00e9s un espai&hellip;  <a href=\"https:\/\/agora.xtec.cat\/escolamontserratina\/projectes\/ambients-a-infantil\/\" title=\"Read Ambients a Educaci\u00f3 Infantil\">Llegeix m\u00e9s\u00bb<\/a><\/p>\n","protected":false},"author":1,"featured_media":0,"parent":695,"menu_order":0,"comment_status":"closed","ping_status":"closed","template":"page-templates\/side-menu.php","meta":{"_bbp_topic_count":0,"_bbp_reply_count":0,"_bbp_total_topic_count":0,"_bbp_total_reply_count":0,"_bbp_voice_count":0,"_bbp_anonymous_reply_count":0,"_bbp_topic_count_hidden":0,"_bbp_reply_count_hidden":0,"_bbp_forum_subforum_count":0,"footnotes":""},"class_list":["post-730","page","type-page","status-publish","hentry"],"post_mailing_queue_ids":[],"_links":{"self":[{"href":"https:\/\/agora.xtec.cat\/escolamontserratina\/wp-json\/wp\/v2\/pages\/730","targetHints":{"allow":["GET"]}}],"collection":[{"href":"https:\/\/agora.xtec.cat\/escolamontserratina\/wp-json\/wp\/v2\/pages"}],"about":[{"href":"https:\/\/agora.xtec.cat\/escolamontserratina\/wp-json\/wp\/v2\/types\/page"}],"author":[{"embeddable":true,"href":"https:\/\/agora.xtec.cat\/escolamontserratina\/wp-json\/wp\/v2\/users\/1"}],"replies":[{"embeddable":true,"href":"https:\/\/agora.xtec.cat\/escolamontserratina\/wp-json\/wp\/v2\/comments?post=730"}],"version-history":[{"count":7,"href":"https:\/\/agora.xtec.cat\/escolamontserratina\/wp-json\/wp\/v2\/pages\/730\/revisions"}],"predecessor-version":[{"id":9071,"href":"https:\/\/agora.xtec.cat\/escolamontserratina\/wp-json\/wp\/v2\/pages\/730\/revisions\/9071"}],"up":[{"embeddable":true,"href":"https:\/\/agora.xtec.cat\/escolamontserratina\/wp-json\/wp\/v2\/pages\/695"}],"wp:attachment":[{"href":"https:\/\/agora.xtec.cat\/escolamontserratina\/wp-json\/wp\/v2\/media?parent=730"}],"curies":[{"name":"wp","href":"https:\/\/api.w.org\/{rel}","templated":true}]}}