{"id":73,"date":"2014-09-18T14:01:51","date_gmt":"2014-09-18T13:01:51","guid":{"rendered":"http:\/\/agora.xtec.cat\/escolamontserratina\/?page_id=73"},"modified":"2026-04-13T10:37:52","modified_gmt":"2026-04-13T08:37:52","slug":"espaimigdia","status":"publish","type":"page","link":"https:\/\/agora.xtec.cat\/escolamontserratina\/serveis\/espaimigdia\/","title":{"rendered":"Espai MIGDIA"},"content":{"rendered":"<p><a href=\"https:\/\/agora.xtec.cat\/escolamontserratina\/wp-content\/uploads\/usu275\/2024\/10\/PHOTO-2024-10-17-08-40-56.jpg\"><img loading=\"lazy\" decoding=\"async\" class=\"alignright wp-image-7835\" src=\"https:\/\/agora.xtec.cat\/escolamontserratina\/wp-content\/uploads\/usu275\/2024\/10\/PHOTO-2024-10-17-08-40-56-1024x768.jpg\" alt=\"\" width=\"600\" height=\"450\" srcset=\"https:\/\/agora.xtec.cat\/escolamontserratina\/wp-content\/uploads\/usu275\/2024\/10\/PHOTO-2024-10-17-08-40-56-1024x768.jpg 1024w, https:\/\/agora.xtec.cat\/escolamontserratina\/wp-content\/uploads\/usu275\/2024\/10\/PHOTO-2024-10-17-08-40-56-300x225.jpg 300w, https:\/\/agora.xtec.cat\/escolamontserratina\/wp-content\/uploads\/usu275\/2024\/10\/PHOTO-2024-10-17-08-40-56-768x576.jpg 768w, https:\/\/agora.xtec.cat\/escolamontserratina\/wp-content\/uploads\/usu275\/2024\/10\/PHOTO-2024-10-17-08-40-56-1536x1152.jpg 1536w, https:\/\/agora.xtec.cat\/escolamontserratina\/wp-content\/uploads\/usu275\/2024\/10\/PHOTO-2024-10-17-08-40-56-200x150.jpg 200w, https:\/\/agora.xtec.cat\/escolamontserratina\/wp-content\/uploads\/usu275\/2024\/10\/PHOTO-2024-10-17-08-40-56.jpg 1600w\" sizes=\"auto, (max-width: 600px) 100vw, 600px\" \/><\/a><\/p>\n<p style=\"text-align: justify;\">L&#8217;ESPAI MIGDIA est\u00e0 gestionat per l\u2019empresa <a href=\"http:\/\/www.cuinajusta.com\/\">Cuina Justa<\/a>.<\/p>\n<p style=\"text-align: justify;\">L&#8217;alumnat que necessiti fer \u00fas d&#8217;aquest servei caldr\u00e0 que les fam\u00edlies us poseu en contacte amb la coordinadora Maria Jos\u00e9 S\u00e1nchez al tel\u00e8fon:<strong> 619541070\u00a0<\/strong> en horari de 9h a 10h. Tamb\u00e9 ho podeu fer via Tellfy!<\/p>\n<p style=\"text-align: justify;\">El preu del men\u00fa i servei de monitoratge per aquest curs 2025-2026 \u00e9s de:<\/p>\n<p style=\"text-align: justify;\">7.39 \u20ac per l&#8217;alumnat fixe.<\/p>\n<p style=\"text-align: justify;\">8.12 \u20ac per l&#8217;alumnat que es queda eventualment.<\/p>\n<p><a href=\"https:\/\/drive.google.com\/file\/d\/1bXdc5qutsjLgVE67zfmaELEMETftPxF5\/view?usp=sharing\">Fitxa INSCRIPCI\u00d3 MENJADOR<\/a><\/p>\n<p><a href=\"https:\/\/drive.google.com\/file\/d\/1pKS9k0ogALdVPb3yIAc1O3WT5PiT6dRe\/view?usp=share_link\">Normes b\u00e0siques de funcionament MENJADOR<\/a><\/p>\n<p>&nbsp;<\/p>\n<p>&nbsp;<\/p>\n<p><strong>Men\u00fa ABRIL 2026<\/strong><\/p>\n<p><a href=\"https:\/\/agora.xtec.cat\/escolamontserratina\/wp-content\/uploads\/usu275\/2026\/04\/menu-abril.png\"><img loading=\"lazy\" decoding=\"async\" class=\"aligncenter wp-image-9610\" src=\"https:\/\/agora.xtec.cat\/escolamontserratina\/wp-content\/uploads\/usu275\/2026\/04\/menu-abril-1024x715.png\" alt=\"\" width=\"817\" height=\"571\" \/><\/a><\/p>\n<p><strong>Men\u00fa MAR\u00c7 2026<\/strong><\/p>\n<p><a href=\"https:\/\/agora.xtec.cat\/escolamontserratina\/wp-content\/uploads\/usu275\/2026\/03\/menu-marc.png\"><img loading=\"lazy\" decoding=\"async\" class=\"alignnone size-large wp-image-9519\" src=\"https:\/\/agora.xtec.cat\/escolamontserratina\/wp-content\/uploads\/usu275\/2026\/03\/menu-marc-1024x711.png\" alt=\"\" width=\"1024\" height=\"711\" srcset=\"https:\/\/agora.xtec.cat\/escolamontserratina\/wp-content\/uploads\/usu275\/2026\/03\/menu-marc-1024x711.png 1024w, https:\/\/agora.xtec.cat\/escolamontserratina\/wp-content\/uploads\/usu275\/2026\/03\/menu-marc-300x208.png 300w, https:\/\/agora.xtec.cat\/escolamontserratina\/wp-content\/uploads\/usu275\/2026\/03\/menu-marc-768x533.png 768w, https:\/\/agora.xtec.cat\/escolamontserratina\/wp-content\/uploads\/usu275\/2026\/03\/menu-marc.png 1274w\" sizes=\"auto, (max-width: 1024px) 100vw, 1024px\" \/><\/a><\/p>\n<p>&nbsp;<\/p>\n<p>&nbsp;<\/p>\n<p><strong>Men\u00fa FEBRER 2026<\/strong><\/p>\n<p><a href=\"https:\/\/agora.xtec.cat\/escolamontserratina\/wp-content\/uploads\/usu275\/2026\/01\/menu-febrer.png\"><img loading=\"lazy\" decoding=\"async\" class=\"aligncenter size-full wp-image-9402\" src=\"https:\/\/agora.xtec.cat\/escolamontserratina\/wp-content\/uploads\/usu275\/2026\/01\/menu-febrer.png\" alt=\"\" width=\"1333\" height=\"938\" srcset=\"https:\/\/agora.xtec.cat\/escolamontserratina\/wp-content\/uploads\/usu275\/2026\/01\/menu-febrer.png 1333w, https:\/\/agora.xtec.cat\/escolamontserratina\/wp-content\/uploads\/usu275\/2026\/01\/menu-febrer-300x211.png 300w, https:\/\/agora.xtec.cat\/escolamontserratina\/wp-content\/uploads\/usu275\/2026\/01\/menu-febrer-1024x721.png 1024w, https:\/\/agora.xtec.cat\/escolamontserratina\/wp-content\/uploads\/usu275\/2026\/01\/menu-febrer-768x540.png 768w\" sizes=\"auto, (max-width: 1333px) 100vw, 1333px\" \/><\/a><\/p>\n<p><strong>Jornada Gastron\u00f2mica Val\u00e8ncia <\/strong><strong>27-1-26<\/strong><\/p>\n<p><a href=\"https:\/\/agora.xtec.cat\/escolamontserratina\/wp-content\/uploads\/usu275\/2026\/01\/dia-de-Valencia.png\"><img loading=\"lazy\" decoding=\"async\" class=\"aligncenter wp-image-9363\" src=\"https:\/\/agora.xtec.cat\/escolamontserratina\/wp-content\/uploads\/usu275\/2026\/01\/dia-de-Valencia.png\" alt=\"\" width=\"310\" height=\"436\" srcset=\"https:\/\/agora.xtec.cat\/escolamontserratina\/wp-content\/uploads\/usu275\/2026\/01\/dia-de-Valencia.png 646w, https:\/\/agora.xtec.cat\/escolamontserratina\/wp-content\/uploads\/usu275\/2026\/01\/dia-de-Valencia-213x300.png 213w\" sizes=\"auto, (max-width: 310px) 100vw, 310px\" \/><\/a><\/p>\n<p><strong>Men\u00fa GENER 2026<\/strong><\/p>\n<p><a href=\"https:\/\/agora.xtec.cat\/escolamontserratina\/wp-content\/uploads\/usu275\/2026\/01\/menu-gener.png\"><img loading=\"lazy\" decoding=\"async\" class=\"aligncenter size-large wp-image-9319\" src=\"https:\/\/agora.xtec.cat\/escolamontserratina\/wp-content\/uploads\/usu275\/2026\/01\/menu-gener-1024x727.png\" alt=\"\" width=\"1024\" height=\"727\" srcset=\"https:\/\/agora.xtec.cat\/escolamontserratina\/wp-content\/uploads\/usu275\/2026\/01\/menu-gener-1024x727.png 1024w, https:\/\/agora.xtec.cat\/escolamontserratina\/wp-content\/uploads\/usu275\/2026\/01\/menu-gener-300x213.png 300w, https:\/\/agora.xtec.cat\/escolamontserratina\/wp-content\/uploads\/usu275\/2026\/01\/menu-gener-768x545.png 768w, https:\/\/agora.xtec.cat\/escolamontserratina\/wp-content\/uploads\/usu275\/2026\/01\/menu-gener.png 1134w\" sizes=\"auto, (max-width: 1024px) 100vw, 1024px\" \/><\/a><\/p>\n<p><strong>Men\u00fa DESEMBRE 2025<\/strong><\/p>\n<p>&nbsp;<\/p>\n<p><a href=\"https:\/\/agora.xtec.cat\/escolamontserratina\/wp-content\/uploads\/usu275\/2025\/11\/menu-desembre.png\"><img loading=\"lazy\" decoding=\"async\" class=\"aligncenter size-large wp-image-9272\" src=\"https:\/\/agora.xtec.cat\/escolamontserratina\/wp-content\/uploads\/usu275\/2025\/11\/menu-desembre-1024x701.png\" alt=\"\" width=\"1024\" height=\"701\" srcset=\"https:\/\/agora.xtec.cat\/escolamontserratina\/wp-content\/uploads\/usu275\/2025\/11\/menu-desembre-1024x701.png 1024w, https:\/\/agora.xtec.cat\/escolamontserratina\/wp-content\/uploads\/usu275\/2025\/11\/menu-desembre-300x205.png 300w, https:\/\/agora.xtec.cat\/escolamontserratina\/wp-content\/uploads\/usu275\/2025\/11\/menu-desembre-768x526.png 768w, https:\/\/agora.xtec.cat\/escolamontserratina\/wp-content\/uploads\/usu275\/2025\/11\/menu-desembre.png 1248w\" sizes=\"auto, (max-width: 1024px) 100vw, 1024px\" \/><\/a><\/p>\n<p><strong>Men\u00fa NOVEMBRE 2025<\/strong><\/p>\n<p><a href=\"https:\/\/agora.xtec.cat\/escolamontserratina\/wp-content\/uploads\/usu275\/2025\/10\/Menu-novembre.png\"><img loading=\"lazy\" decoding=\"async\" class=\"aligncenter size-large wp-image-9132\" src=\"https:\/\/agora.xtec.cat\/escolamontserratina\/wp-content\/uploads\/usu275\/2025\/10\/Menu-novembre-1024x740.png\" alt=\"\" width=\"1024\" height=\"740\" srcset=\"https:\/\/agora.xtec.cat\/escolamontserratina\/wp-content\/uploads\/usu275\/2025\/10\/Menu-novembre-1024x740.png 1024w, https:\/\/agora.xtec.cat\/escolamontserratina\/wp-content\/uploads\/usu275\/2025\/10\/Menu-novembre-300x217.png 300w, https:\/\/agora.xtec.cat\/escolamontserratina\/wp-content\/uploads\/usu275\/2025\/10\/Menu-novembre-768x555.png 768w, https:\/\/agora.xtec.cat\/escolamontserratina\/wp-content\/uploads\/usu275\/2025\/10\/Menu-novembre.png 1236w\" sizes=\"auto, (max-width: 1024px) 100vw, 1024px\" \/><\/a><\/p>\n<p><strong>Men\u00fa CASTANYADA<\/strong><\/p>\n<p><a href=\"https:\/\/agora.xtec.cat\/escolamontserratina\/wp-content\/uploads\/usu275\/2025\/10\/menu-castanyada.png\"><img loading=\"lazy\" decoding=\"async\" class=\"aligncenter wp-image-9130\" src=\"https:\/\/agora.xtec.cat\/escolamontserratina\/wp-content\/uploads\/usu275\/2025\/10\/menu-castanyada.png\" alt=\"\" width=\"380\" height=\"407\" srcset=\"https:\/\/agora.xtec.cat\/escolamontserratina\/wp-content\/uploads\/usu275\/2025\/10\/menu-castanyada.png 895w, https:\/\/agora.xtec.cat\/escolamontserratina\/wp-content\/uploads\/usu275\/2025\/10\/menu-castanyada-280x300.png 280w, https:\/\/agora.xtec.cat\/escolamontserratina\/wp-content\/uploads\/usu275\/2025\/10\/menu-castanyada-768x822.png 768w\" sizes=\"auto, (max-width: 380px) 100vw, 380px\" \/><\/a><\/p>\n<p><strong>Men\u00fa OCTUBRE 2025<\/strong><\/p>\n<p><a href=\"https:\/\/agora.xtec.cat\/escolamontserratina\/wp-content\/uploads\/usu275\/2025\/09\/Menu-octubre.png\"><img loading=\"lazy\" decoding=\"async\" class=\"aligncenter size-large wp-image-9020\" src=\"https:\/\/agora.xtec.cat\/escolamontserratina\/wp-content\/uploads\/usu275\/2025\/09\/Menu-octubre-1024x691.png\" alt=\"\" width=\"1024\" height=\"691\" srcset=\"https:\/\/agora.xtec.cat\/escolamontserratina\/wp-content\/uploads\/usu275\/2025\/09\/Menu-octubre-1024x691.png 1024w, https:\/\/agora.xtec.cat\/escolamontserratina\/wp-content\/uploads\/usu275\/2025\/09\/Menu-octubre-300x202.png 300w, https:\/\/agora.xtec.cat\/escolamontserratina\/wp-content\/uploads\/usu275\/2025\/09\/Menu-octubre-768x518.png 768w, https:\/\/agora.xtec.cat\/escolamontserratina\/wp-content\/uploads\/usu275\/2025\/09\/Menu-octubre.png 1251w\" sizes=\"auto, (max-width: 1024px) 100vw, 1024px\" \/><\/a><\/p>\n<p><strong>Men\u00fa SETEMBRE 2025<\/strong><\/p>\n<p>&nbsp;<\/p>\n<p>&nbsp;<\/p>\n<p><a href=\"https:\/\/agora.xtec.cat\/escolamontserratina\/wp-content\/uploads\/usu275\/2025\/09\/Menu-Setembre-1.png\"><img loading=\"lazy\" decoding=\"async\" class=\"aligncenter size-large wp-image-9010\" src=\"https:\/\/agora.xtec.cat\/escolamontserratina\/wp-content\/uploads\/usu275\/2025\/09\/Menu-Setembre-1-1024x688.png\" alt=\"\" width=\"1024\" height=\"688\" srcset=\"https:\/\/agora.xtec.cat\/escolamontserratina\/wp-content\/uploads\/usu275\/2025\/09\/Menu-Setembre-1-1024x688.png 1024w, https:\/\/agora.xtec.cat\/escolamontserratina\/wp-content\/uploads\/usu275\/2025\/09\/Menu-Setembre-1-300x202.png 300w, https:\/\/agora.xtec.cat\/escolamontserratina\/wp-content\/uploads\/usu275\/2025\/09\/Menu-Setembre-1-768x516.png 768w, https:\/\/agora.xtec.cat\/escolamontserratina\/wp-content\/uploads\/usu275\/2025\/09\/Menu-Setembre-1.png 1254w\" sizes=\"auto, (max-width: 1024px) 100vw, 1024px\" \/><\/a><\/p>\n<p>&nbsp;<\/p>\n<p>&nbsp;<\/p>\n<p>&nbsp;<\/p>\n<p><strong>Men\u00fa JUNY 2025<\/strong><\/p>\n<p><a href=\"https:\/\/agora.xtec.cat\/escolamontserratina\/wp-content\/uploads\/usu275\/2025\/05\/Menu-basal-Juny-2025-Montserratina_page-0001.jpg\"><img loading=\"lazy\" decoding=\"async\" class=\"aligncenter size-large wp-image-8889\" src=\"https:\/\/agora.xtec.cat\/escolamontserratina\/wp-content\/uploads\/usu275\/2025\/05\/Menu-basal-Juny-2025-Montserratina_page-0001-724x1024.jpg\" alt=\"\" width=\"724\" height=\"1024\" srcset=\"https:\/\/agora.xtec.cat\/escolamontserratina\/wp-content\/uploads\/usu275\/2025\/05\/Menu-basal-Juny-2025-Montserratina_page-0001-724x1024.jpg 724w, https:\/\/agora.xtec.cat\/escolamontserratina\/wp-content\/uploads\/usu275\/2025\/05\/Menu-basal-Juny-2025-Montserratina_page-0001-212x300.jpg 212w, https:\/\/agora.xtec.cat\/escolamontserratina\/wp-content\/uploads\/usu275\/2025\/05\/Menu-basal-Juny-2025-Montserratina_page-0001-768x1087.jpg 768w, https:\/\/agora.xtec.cat\/escolamontserratina\/wp-content\/uploads\/usu275\/2025\/05\/Menu-basal-Juny-2025-Montserratina_page-0001-1085x1536.jpg 1085w, https:\/\/agora.xtec.cat\/escolamontserratina\/wp-content\/uploads\/usu275\/2025\/05\/Menu-basal-Juny-2025-Montserratina_page-0001.jpg 1125w\" sizes=\"auto, (max-width: 724px) 100vw, 724px\" \/><\/a><\/p>\n<p><strong>Men\u00fa MAIG 2025<\/strong><\/p>\n<p><a href=\"https:\/\/agora.xtec.cat\/escolamontserratina\/wp-content\/uploads\/usu275\/2025\/04\/Menu-basal-Montserratina-Maig_page-0001.jpg\"><img loading=\"lazy\" decoding=\"async\" class=\"aligncenter size-large wp-image-8788\" src=\"https:\/\/agora.xtec.cat\/escolamontserratina\/wp-content\/uploads\/usu275\/2025\/04\/Menu-basal-Montserratina-Maig_page-0001-724x1024.jpg\" alt=\"\" width=\"724\" height=\"1024\" srcset=\"https:\/\/agora.xtec.cat\/escolamontserratina\/wp-content\/uploads\/usu275\/2025\/04\/Menu-basal-Montserratina-Maig_page-0001-724x1024.jpg 724w, https:\/\/agora.xtec.cat\/escolamontserratina\/wp-content\/uploads\/usu275\/2025\/04\/Menu-basal-Montserratina-Maig_page-0001-212x300.jpg 212w, https:\/\/agora.xtec.cat\/escolamontserratina\/wp-content\/uploads\/usu275\/2025\/04\/Menu-basal-Montserratina-Maig_page-0001-768x1087.jpg 768w, https:\/\/agora.xtec.cat\/escolamontserratina\/wp-content\/uploads\/usu275\/2025\/04\/Menu-basal-Montserratina-Maig_page-0001-1085x1536.jpg 1085w, https:\/\/agora.xtec.cat\/escolamontserratina\/wp-content\/uploads\/usu275\/2025\/04\/Menu-basal-Montserratina-Maig_page-0001.jpg 1125w\" sizes=\"auto, (max-width: 724px) 100vw, 724px\" \/><\/a><\/p>\n<p>&nbsp;<\/p>\n<p><strong>Men\u00fa ABRIL 2025<\/strong><\/p>\n<p><a href=\"https:\/\/agora.xtec.cat\/escolamontserratina\/wp-content\/uploads\/usu275\/2025\/03\/Menu-basal-Montserratina-Abril_page-0001.jpg\"><img loading=\"lazy\" decoding=\"async\" class=\"aligncenter size-large wp-image-8663\" src=\"https:\/\/agora.xtec.cat\/escolamontserratina\/wp-content\/uploads\/usu275\/2025\/03\/Menu-basal-Montserratina-Abril_page-0001-724x1024.jpg\" alt=\"\" width=\"724\" height=\"1024\" srcset=\"https:\/\/agora.xtec.cat\/escolamontserratina\/wp-content\/uploads\/usu275\/2025\/03\/Menu-basal-Montserratina-Abril_page-0001-724x1024.jpg 724w, https:\/\/agora.xtec.cat\/escolamontserratina\/wp-content\/uploads\/usu275\/2025\/03\/Menu-basal-Montserratina-Abril_page-0001-212x300.jpg 212w, https:\/\/agora.xtec.cat\/escolamontserratina\/wp-content\/uploads\/usu275\/2025\/03\/Menu-basal-Montserratina-Abril_page-0001-768x1087.jpg 768w, https:\/\/agora.xtec.cat\/escolamontserratina\/wp-content\/uploads\/usu275\/2025\/03\/Menu-basal-Montserratina-Abril_page-0001-1085x1536.jpg 1085w, https:\/\/agora.xtec.cat\/escolamontserratina\/wp-content\/uploads\/usu275\/2025\/03\/Menu-basal-Montserratina-Abril_page-0001.jpg 1125w\" sizes=\"auto, (max-width: 724px) 100vw, 724px\" \/><\/a><\/p>\n<p>&nbsp;<\/p>\n<p><strong>Men\u00fa MAR\u00c7 2025<\/strong><\/p>\n<p><a href=\"https:\/\/agora.xtec.cat\/escolamontserratina\/wp-content\/uploads\/usu275\/2025\/02\/Menu-basal-Montserratina-Marc_page-0001.jpg\"><img loading=\"lazy\" decoding=\"async\" class=\"aligncenter size-large wp-image-8498\" src=\"https:\/\/agora.xtec.cat\/escolamontserratina\/wp-content\/uploads\/usu275\/2025\/02\/Menu-basal-Montserratina-Marc_page-0001-724x1024.jpg\" alt=\"\" width=\"724\" height=\"1024\" srcset=\"https:\/\/agora.xtec.cat\/escolamontserratina\/wp-content\/uploads\/usu275\/2025\/02\/Menu-basal-Montserratina-Marc_page-0001-724x1024.jpg 724w, https:\/\/agora.xtec.cat\/escolamontserratina\/wp-content\/uploads\/usu275\/2025\/02\/Menu-basal-Montserratina-Marc_page-0001-212x300.jpg 212w, https:\/\/agora.xtec.cat\/escolamontserratina\/wp-content\/uploads\/usu275\/2025\/02\/Menu-basal-Montserratina-Marc_page-0001-768x1087.jpg 768w, https:\/\/agora.xtec.cat\/escolamontserratina\/wp-content\/uploads\/usu275\/2025\/02\/Menu-basal-Montserratina-Marc_page-0001-1085x1536.jpg 1085w, https:\/\/agora.xtec.cat\/escolamontserratina\/wp-content\/uploads\/usu275\/2025\/02\/Menu-basal-Montserratina-Marc_page-0001.jpg 1125w\" sizes=\"auto, (max-width: 724px) 100vw, 724px\" \/><\/a><\/p>\n<p>&nbsp;<\/p>\n<p><strong>Men\u00fa FEBRER 2025<\/strong><\/p>\n<p><a href=\"https:\/\/agora.xtec.cat\/escolamontserratina\/wp-content\/uploads\/usu275\/2025\/01\/Menu-basal-Montserratina-Febrer_page-0001.jpg\"><img loading=\"lazy\" decoding=\"async\" class=\"aligncenter size-large wp-image-8323\" src=\"https:\/\/agora.xtec.cat\/escolamontserratina\/wp-content\/uploads\/usu275\/2025\/01\/Menu-basal-Montserratina-Febrer_page-0001-724x1024.jpg\" alt=\"\" width=\"724\" height=\"1024\" srcset=\"https:\/\/agora.xtec.cat\/escolamontserratina\/wp-content\/uploads\/usu275\/2025\/01\/Menu-basal-Montserratina-Febrer_page-0001-724x1024.jpg 724w, https:\/\/agora.xtec.cat\/escolamontserratina\/wp-content\/uploads\/usu275\/2025\/01\/Menu-basal-Montserratina-Febrer_page-0001-212x300.jpg 212w, https:\/\/agora.xtec.cat\/escolamontserratina\/wp-content\/uploads\/usu275\/2025\/01\/Menu-basal-Montserratina-Febrer_page-0001-768x1087.jpg 768w, https:\/\/agora.xtec.cat\/escolamontserratina\/wp-content\/uploads\/usu275\/2025\/01\/Menu-basal-Montserratina-Febrer_page-0001-1085x1536.jpg 1085w, https:\/\/agora.xtec.cat\/escolamontserratina\/wp-content\/uploads\/usu275\/2025\/01\/Menu-basal-Montserratina-Febrer_page-0001.jpg 1125w\" sizes=\"auto, (max-width: 724px) 100vw, 724px\" \/><\/a><\/p>\n<p>&nbsp;<\/p>\n<p>&nbsp;<\/p>\n<p><strong>Men\u00fa GENER 2025<\/strong><\/p>\n<p><a href=\"https:\/\/agora.xtec.cat\/escolamontserratina\/wp-content\/uploads\/usu275\/2024\/12\/Menu-basal-Montserratina-Gener_page-0001.jpg\"><img loading=\"lazy\" decoding=\"async\" class=\"aligncenter size-large wp-image-8146\" src=\"https:\/\/agora.xtec.cat\/escolamontserratina\/wp-content\/uploads\/usu275\/2024\/12\/Menu-basal-Montserratina-Gener_page-0001-724x1024.jpg\" alt=\"\" width=\"724\" height=\"1024\" srcset=\"https:\/\/agora.xtec.cat\/escolamontserratina\/wp-content\/uploads\/usu275\/2024\/12\/Menu-basal-Montserratina-Gener_page-0001-724x1024.jpg 724w, https:\/\/agora.xtec.cat\/escolamontserratina\/wp-content\/uploads\/usu275\/2024\/12\/Menu-basal-Montserratina-Gener_page-0001-212x300.jpg 212w, https:\/\/agora.xtec.cat\/escolamontserratina\/wp-content\/uploads\/usu275\/2024\/12\/Menu-basal-Montserratina-Gener_page-0001-768x1087.jpg 768w, https:\/\/agora.xtec.cat\/escolamontserratina\/wp-content\/uploads\/usu275\/2024\/12\/Menu-basal-Montserratina-Gener_page-0001-1085x1536.jpg 1085w, https:\/\/agora.xtec.cat\/escolamontserratina\/wp-content\/uploads\/usu275\/2024\/12\/Menu-basal-Montserratina-Gener_page-0001.jpg 1125w\" sizes=\"auto, (max-width: 724px) 100vw, 724px\" \/><\/a><\/p>\n<p>&nbsp;<\/p>\n<p><strong>Men\u00fa DESEMBRE 2024<\/strong><\/p>\n<p><a href=\"https:\/\/agora.xtec.cat\/escolamontserratina\/wp-content\/uploads\/usu275\/2024\/11\/Menu-basal-Montserratina-Desembre_page-0001.jpg\"><img loading=\"lazy\" decoding=\"async\" class=\"aligncenter size-large wp-image-8062\" src=\"https:\/\/agora.xtec.cat\/escolamontserratina\/wp-content\/uploads\/usu275\/2024\/11\/Menu-basal-Montserratina-Desembre_page-0001-724x1024.jpg\" alt=\"\" width=\"724\" height=\"1024\" srcset=\"https:\/\/agora.xtec.cat\/escolamontserratina\/wp-content\/uploads\/usu275\/2024\/11\/Menu-basal-Montserratina-Desembre_page-0001-724x1024.jpg 724w, https:\/\/agora.xtec.cat\/escolamontserratina\/wp-content\/uploads\/usu275\/2024\/11\/Menu-basal-Montserratina-Desembre_page-0001-212x300.jpg 212w, https:\/\/agora.xtec.cat\/escolamontserratina\/wp-content\/uploads\/usu275\/2024\/11\/Menu-basal-Montserratina-Desembre_page-0001-768x1087.jpg 768w, https:\/\/agora.xtec.cat\/escolamontserratina\/wp-content\/uploads\/usu275\/2024\/11\/Menu-basal-Montserratina-Desembre_page-0001-1085x1536.jpg 1085w, https:\/\/agora.xtec.cat\/escolamontserratina\/wp-content\/uploads\/usu275\/2024\/11\/Menu-basal-Montserratina-Desembre_page-0001.jpg 1125w\" sizes=\"auto, (max-width: 724px) 100vw, 724px\" \/><\/a><\/p>\n<p><strong>Men\u00fa NOVEMBRE 2024<\/strong><\/p>\n<p><a href=\"https:\/\/agora.xtec.cat\/escolamontserratina\/wp-content\/uploads\/usu275\/2024\/10\/Menu-basal-Montserratina-Novembre_Pagina_1.jpg\"><img loading=\"lazy\" decoding=\"async\" class=\"aligncenter size-large wp-image-7910\" src=\"https:\/\/agora.xtec.cat\/escolamontserratina\/wp-content\/uploads\/usu275\/2024\/10\/Menu-basal-Montserratina-Novembre_Pagina_1-724x1024.jpg\" alt=\"\" width=\"724\" height=\"1024\" srcset=\"https:\/\/agora.xtec.cat\/escolamontserratina\/wp-content\/uploads\/usu275\/2024\/10\/Menu-basal-Montserratina-Novembre_Pagina_1-724x1024.jpg 724w, https:\/\/agora.xtec.cat\/escolamontserratina\/wp-content\/uploads\/usu275\/2024\/10\/Menu-basal-Montserratina-Novembre_Pagina_1-212x300.jpg 212w, https:\/\/agora.xtec.cat\/escolamontserratina\/wp-content\/uploads\/usu275\/2024\/10\/Menu-basal-Montserratina-Novembre_Pagina_1-768x1086.jpg 768w, https:\/\/agora.xtec.cat\/escolamontserratina\/wp-content\/uploads\/usu275\/2024\/10\/Menu-basal-Montserratina-Novembre_Pagina_1-1086x1536.jpg 1086w, https:\/\/agora.xtec.cat\/escolamontserratina\/wp-content\/uploads\/usu275\/2024\/10\/Menu-basal-Montserratina-Novembre_Pagina_1.jpg 1418w\" sizes=\"auto, (max-width: 724px) 100vw, 724px\" \/><\/a><\/p>\n<p>&nbsp;<\/p>\n<p>&nbsp;<\/p>\n<p><strong>Men\u00fa <\/strong><strong>OCTUBRE 2024<\/strong><\/p>\n<p><a href=\"https:\/\/agora.xtec.cat\/escolamontserratina\/wp-content\/uploads\/usu275\/2024\/09\/Menu-basal-Montserratina-Octubre_page-0001.jpg\"><img loading=\"lazy\" decoding=\"async\" class=\"aligncenter size-large wp-image-7781\" src=\"https:\/\/agora.xtec.cat\/escolamontserratina\/wp-content\/uploads\/usu275\/2024\/09\/Menu-basal-Montserratina-Octubre_page-0001-724x1024.jpg\" alt=\"\" width=\"724\" height=\"1024\" srcset=\"https:\/\/agora.xtec.cat\/escolamontserratina\/wp-content\/uploads\/usu275\/2024\/09\/Menu-basal-Montserratina-Octubre_page-0001-724x1024.jpg 724w, https:\/\/agora.xtec.cat\/escolamontserratina\/wp-content\/uploads\/usu275\/2024\/09\/Menu-basal-Montserratina-Octubre_page-0001-212x300.jpg 212w, https:\/\/agora.xtec.cat\/escolamontserratina\/wp-content\/uploads\/usu275\/2024\/09\/Menu-basal-Montserratina-Octubre_page-0001-768x1087.jpg 768w, https:\/\/agora.xtec.cat\/escolamontserratina\/wp-content\/uploads\/usu275\/2024\/09\/Menu-basal-Montserratina-Octubre_page-0001-1085x1536.jpg 1085w, https:\/\/agora.xtec.cat\/escolamontserratina\/wp-content\/uploads\/usu275\/2024\/09\/Menu-basal-Montserratina-Octubre_page-0001.jpg 1125w\" sizes=\"auto, (max-width: 724px) 100vw, 724px\" \/><\/a><\/p>\n<p>&nbsp;<\/p>\n<p><strong>Men\u00fa SETEMBRE 2024<\/strong><\/p>\n<p><a href=\"https:\/\/agora.xtec.cat\/escolamontserratina\/wp-content\/uploads\/usu275\/2024\/09\/Menu-basal-Montserratina-Setembre_page-0001.jpg\"><img loading=\"lazy\" decoding=\"async\" class=\"aligncenter size-large wp-image-7763\" src=\"https:\/\/agora.xtec.cat\/escolamontserratina\/wp-content\/uploads\/usu275\/2024\/09\/Menu-basal-Montserratina-Setembre_page-0001-724x1024.jpg\" alt=\"\" width=\"724\" height=\"1024\" srcset=\"https:\/\/agora.xtec.cat\/escolamontserratina\/wp-content\/uploads\/usu275\/2024\/09\/Menu-basal-Montserratina-Setembre_page-0001-724x1024.jpg 724w, https:\/\/agora.xtec.cat\/escolamontserratina\/wp-content\/uploads\/usu275\/2024\/09\/Menu-basal-Montserratina-Setembre_page-0001-212x300.jpg 212w, https:\/\/agora.xtec.cat\/escolamontserratina\/wp-content\/uploads\/usu275\/2024\/09\/Menu-basal-Montserratina-Setembre_page-0001-768x1087.jpg 768w, https:\/\/agora.xtec.cat\/escolamontserratina\/wp-content\/uploads\/usu275\/2024\/09\/Menu-basal-Montserratina-Setembre_page-0001-1085x1536.jpg 1085w, https:\/\/agora.xtec.cat\/escolamontserratina\/wp-content\/uploads\/usu275\/2024\/09\/Menu-basal-Montserratina-Setembre_page-0001.jpg 1125w\" sizes=\"auto, (max-width: 724px) 100vw, 724px\" \/><\/a><\/p>\n<p>&nbsp;<\/p>\n<p>&nbsp;<\/p>\n<p>&nbsp;<\/p>\n<p>&nbsp;<\/p>\n<p>&nbsp;<\/p>\n<p>&nbsp;<\/p>\n<p>&nbsp;<\/p>\n<p>&nbsp;<\/p>\n<p>&nbsp;<\/p>\n<p>&nbsp;<\/p>\n<p>&nbsp;<\/p>\n<p>&nbsp;<\/p>\n","protected":false},"excerpt":{"rendered":"<p><a href=\"https:\/\/agora.xtec.cat\/escolamontserratina\/wp-content\/uploads\/usu275\/2024\/10\/PHOTO-2024-10-17-08-40-56.jpg\"><\/a><br \/>\nL&#8217;ESPAI MIGDIA est\u00e0 gestionat per l\u2019empresa <a href=\"http:\/\/www.cuinajusta.com\/\">Cuina Justa<\/a>.<br \/>\nL&#8217;alumnat que necessiti fer \u00fas d&#8217;aquest servei caldr\u00e0 que les fam\u00edlies us poseu en contacte amb la coordinadora Maria Jos\u00e9 S\u00e1nchez al tel\u00e8fon: 619541070\u00a0 en horari de 9h a 10h. Tamb\u00e9 ho podeu fer via Tellfy!<br \/>\nEl&hellip;  <a href=\"https:\/\/agora.xtec.cat\/escolamontserratina\/serveis\/espaimigdia\/\" title=\"Read Espai MIGDIA\">Llegeix m\u00e9s\u00bb<\/a><\/p>\n","protected":false},"author":1,"featured_media":0,"parent":66,"menu_order":30,"comment_status":"closed","ping_status":"closed","template":"page-templates\/side-menu.php","meta":{"_bbp_topic_count":0,"_bbp_reply_count":0,"_bbp_total_topic_count":0,"_bbp_total_reply_count":0,"_bbp_voice_count":0,"_bbp_anonymous_reply_count":0,"_bbp_topic_count_hidden":0,"_bbp_reply_count_hidden":0,"_bbp_forum_subforum_count":0,"footnotes":""},"class_list":["post-73","page","type-page","status-publish","hentry"],"post_mailing_queue_ids":[],"_links":{"self":[{"href":"https:\/\/agora.xtec.cat\/escolamontserratina\/wp-json\/wp\/v2\/pages\/73","targetHints":{"allow":["GET"]}}],"collection":[{"href":"https:\/\/agora.xtec.cat\/escolamontserratina\/wp-json\/wp\/v2\/pages"}],"about":[{"href":"https:\/\/agora.xtec.cat\/escolamontserratina\/wp-json\/wp\/v2\/types\/page"}],"author":[{"embeddable":true,"href":"https:\/\/agora.xtec.cat\/escolamontserratina\/wp-json\/wp\/v2\/users\/1"}],"replies":[{"embeddable":true,"href":"https:\/\/agora.xtec.cat\/escolamontserratina\/wp-json\/wp\/v2\/comments?post=73"}],"version-history":[{"count":7,"href":"https:\/\/agora.xtec.cat\/escolamontserratina\/wp-json\/wp\/v2\/pages\/73\/revisions"}],"predecessor-version":[{"id":9611,"href":"https:\/\/agora.xtec.cat\/escolamontserratina\/wp-json\/wp\/v2\/pages\/73\/revisions\/9611"}],"up":[{"embeddable":true,"href":"https:\/\/agora.xtec.cat\/escolamontserratina\/wp-json\/wp\/v2\/pages\/66"}],"wp:attachment":[{"href":"https:\/\/agora.xtec.cat\/escolamontserratina\/wp-json\/wp\/v2\/media?parent=73"}],"curies":[{"name":"wp","href":"https:\/\/api.w.org\/{rel}","templated":true}]}}