{"id":710,"date":"2018-01-17T15:10:27","date_gmt":"2018-01-17T14:10:27","guid":{"rendered":"http:\/\/agora.xtec.cat\/escolamontserratina\/?page_id=710"},"modified":"2024-02-22T10:43:04","modified_gmt":"2024-02-22T09:43:04","slug":"robotica","status":"publish","type":"page","link":"https:\/\/agora.xtec.cat\/escolamontserratina\/projectes\/robotica\/","title":{"rendered":"Rob\u00f2tica"},"content":{"rendered":"<p>El projecte de Rob\u00f2tica que estem duent a terme des del curs 2017-2018 t\u00e9 l&#8217;objectiu de fomentar la creativitat, sent creadors dels treballs propis i donant solucions als reptes que se&#8217;ns van plantejant.<\/p>\n<p>\u00c9s un projecte en el qual participen tots els alumnes de l&#8217;escola, des dels m\u00e9s petits als m\u00e9s grans.<\/p>\n<p>En Infantil, a trav\u00e9s de l&#8217;Ambient Tecnol\u00f2gic, utilitzen les <strong>BeeBots<\/strong>.<\/p>\n<p>En el Cicle Inicial utilitzen el programari del <strong>Scratch Junior<\/strong> en els racons\u00a0de parelles.<\/p>\n<p>Al Cicle Mitj\u00e0 i Cicle Superior, dins dels Racons de Matem\u00e0tiques, l&#8217;alumnat t\u00e9 l&#8217;oportunitat de programar amb <strong>Scratch Jr, Scratch<\/strong> i amb el Lego WeDo 2.0.<\/p>\n<p>Aquest tipus d&#8217;activitats\u00a0afavoreixen el desenvolupament cr\u00edtic, anal\u00edtic i la resoluci\u00f3 de problemes.<\/p>\n<p><strong>\u00a0<\/strong><br \/>\n<iframe loading=\"lazy\" src=\"https:\/\/www.youtube.com\/embed\/c8Kic52MYXg\" width=\"560\" height=\"315\" frameborder=\"0\" allowfullscreen=\"allowfullscreen\"><\/iframe><\/p>\n","protected":false},"excerpt":{"rendered":"<p>El projecte de Rob\u00f2tica que estem duent a terme des del curs 2017-2018 t\u00e9 l&#8217;objectiu de fomentar la creativitat, sent creadors dels treballs propis i donant solucions als reptes que se&#8217;ns van plantejant.<br \/>\n\u00c9s un projecte en el qual participen tots els alumnes de l&#8217;escola, des&hellip;  <a href=\"https:\/\/agora.xtec.cat\/escolamontserratina\/projectes\/robotica\/\" title=\"Read Rob\u00f2tica\">Llegeix m\u00e9s\u00bb<\/a><\/p>\n","protected":false},"author":1,"featured_media":0,"parent":695,"menu_order":0,"comment_status":"closed","ping_status":"closed","template":"page-templates\/side-menu.php","meta":{"_bbp_topic_count":0,"_bbp_reply_count":0,"_bbp_total_topic_count":0,"_bbp_total_reply_count":0,"_bbp_voice_count":0,"_bbp_anonymous_reply_count":0,"_bbp_topic_count_hidden":0,"_bbp_reply_count_hidden":0,"_bbp_forum_subforum_count":0,"footnotes":""},"class_list":["post-710","page","type-page","status-publish","hentry"],"post_mailing_queue_ids":[],"_links":{"self":[{"href":"https:\/\/agora.xtec.cat\/escolamontserratina\/wp-json\/wp\/v2\/pages\/710","targetHints":{"allow":["GET"]}}],"collection":[{"href":"https:\/\/agora.xtec.cat\/escolamontserratina\/wp-json\/wp\/v2\/pages"}],"about":[{"href":"https:\/\/agora.xtec.cat\/escolamontserratina\/wp-json\/wp\/v2\/types\/page"}],"author":[{"embeddable":true,"href":"https:\/\/agora.xtec.cat\/escolamontserratina\/wp-json\/wp\/v2\/users\/1"}],"replies":[{"embeddable":true,"href":"https:\/\/agora.xtec.cat\/escolamontserratina\/wp-json\/wp\/v2\/comments?post=710"}],"version-history":[{"count":5,"href":"https:\/\/agora.xtec.cat\/escolamontserratina\/wp-json\/wp\/v2\/pages\/710\/revisions"}],"predecessor-version":[{"id":6869,"href":"https:\/\/agora.xtec.cat\/escolamontserratina\/wp-json\/wp\/v2\/pages\/710\/revisions\/6869"}],"up":[{"embeddable":true,"href":"https:\/\/agora.xtec.cat\/escolamontserratina\/wp-json\/wp\/v2\/pages\/695"}],"wp:attachment":[{"href":"https:\/\/agora.xtec.cat\/escolamontserratina\/wp-json\/wp\/v2\/media?parent=710"}],"curies":[{"name":"wp","href":"https:\/\/api.w.org\/{rel}","templated":true}]}}