{"id":599,"date":"2017-09-26T09:53:49","date_gmt":"2017-09-26T07:53:49","guid":{"rendered":"http:\/\/agora.xtec.cat\/escolamontserratina\/?page_id=599"},"modified":"2022-09-06T19:35:13","modified_gmt":"2022-09-06T17:35:13","slug":"us-del-whatsapp","status":"publish","type":"page","link":"https:\/\/agora.xtec.cat\/escolamontserratina\/lescola\/us-del-whatsapp\/","title":{"rendered":"\u00das del WHATSAPP"},"content":{"rendered":"<p><a href=\"http:\/\/agora.xtec.cat\/escolamontserratina\/wp-content\/uploads\/usu275\/2017\/09\/whatsapp.png\"><img loading=\"lazy\" decoding=\"async\" class=\"alignnone size-full wp-image-600\" src=\"http:\/\/agora.xtec.cat\/escolamontserratina\/wp-content\/uploads\/usu275\/2017\/09\/whatsapp.png\" alt=\"\" width=\"225\" height=\"225\" srcset=\"https:\/\/agora.xtec.cat\/escolamontserratina\/wp-content\/uploads\/usu275\/2017\/09\/whatsapp.png 225w, https:\/\/agora.xtec.cat\/escolamontserratina\/wp-content\/uploads\/usu275\/2017\/09\/whatsapp-150x150.png 150w\" sizes=\"auto, (max-width: 225px) 100vw, 225px\" \/><\/a><\/p>\n<p style=\"text-align: center;\"><strong>Millorem la comunicaci\u00f3 ESCOLA-FAM\u00cdLIA a trav\u00e9s del Whatsapp, <\/strong><\/p>\n<p style=\"text-align: center;\"><strong>pel b\u00e9 dels vostres fills i filles, dels nostres alumnes i de la responsabilitat que tenim tots.<\/strong><\/p>\n<p>Els grups de Whatsapp de pares i mares d\u2019alumnes creats d\u2019una mateixa classe s\u2019han popularitzat en els darrers anys. Aquests f\u00f2rums s\u00f3n una <strong>eina que serveix per gestionar la relaci\u00f3 amb l\u2019escola<\/strong>, compartir dades d\u2019inter\u00e8s de forma r\u00e0pida i resoldre dubtes, per\u00f2<strong> tamb\u00e9 poden perdre la seva utilitat si proliferen les discussions, la indignaci\u00f3 i la cr\u00edtica irreflexiva.<\/strong><\/p>\n<p>Aquest sistema de missatgeria instant\u00e0nia podr\u00e0 ajudar-vos a establir una comunicaci\u00f3 profitosa, per\u00f2 sempre que tingueu en compte una s\u00e8rie de normes:<\/p>\n<ul>\n<li>A l\u2019inici de cada curs la persona delegada de l\u2019aula consultar\u00e0 amb la resta de pares\/mares i es crear\u00e0 el grup de WhatsApp. <strong>El\/la delegat\/ada informar\u00e0 de les normes d\u2019\u00fas d\u2019aquest mitj\u00e0 de comunicaci\u00f3 a totes les fam\u00edlies.<\/strong><\/li>\n<li>El grup de WhatsApp de classe<strong> \u00a0no \u00e9s un grup d\u2019amics<\/strong>; aix\u00ed que ha de cenyir-se a assumptes de gesti\u00f3 escolar.<\/li>\n<li>Els temes a tractar en el grup seran sempre temes relacionats amb la comunitat educativa, en quan a <strong>funcionament i organitzaci\u00f3 escolar.<\/strong><\/li>\n<li>El grup de WhatsApp de classe <strong>no es pot utilitzar com a eina de comunicaci\u00f3 dels deures d\u2019escola<\/strong>. No us convertiu en l\u2019agenda dels vostres fills i filles.<\/li>\n<li>Les comunicacions <strong>d\u2019abs\u00e8ncies i\/o justificaci\u00f3<\/strong> s\u2019han de fer directament <strong>a l\u2019escola via Tellfy al tutor\/a<\/strong>.<\/li>\n<li><strong>Els temes de caire personal i els que puguin afectar a l\u2019alumnat s\u2019han d\u2019evitar<\/strong>. La llei protegeix al menor i qualsevol acte en contra pot ser considerat delicte. \u00a0<em>(Llei 14\/2010, de 27 de maig, dels drets i les oportunitats en la inf\u00e0ncia i l\u2019adolesc\u00e8ncia).<\/em><\/li>\n<\/ul>\n<p style=\"text-align: center;\"><span style=\"text-decoration: underline;\"><strong><em>Si seguim totes aquestes normes, Whatsapp podr\u00e0 esdevenir una valuosa eina de suport en l\u2019educaci\u00f3 dels vostres fills i filles!!!<\/em><\/strong><\/span><\/p>\n","protected":false},"excerpt":{"rendered":"<p><a href=\"http:\/\/agora.xtec.cat\/escolamontserratina\/wp-content\/uploads\/usu275\/2017\/09\/whatsapp.png\"><\/a><br \/>\nMillorem la comunicaci\u00f3 ESCOLA-FAM\u00cdLIA a trav\u00e9s del Whatsapp,<br \/>\npel b\u00e9 dels vostres fills i filles, dels nostres alumnes i de la responsabilitat que tenim tots.<br \/>\nEls grups de Whatsapp de pares i mares d\u2019alumnes creats d\u2019una mateixa classe s\u2019han popularitzat en els darrers anys. Aquests&hellip;  <a href=\"https:\/\/agora.xtec.cat\/escolamontserratina\/lescola\/us-del-whatsapp\/\" title=\"Read \u00das del WHATSAPP\">Llegeix m\u00e9s\u00bb<\/a><\/p>\n","protected":false},"author":1,"featured_media":0,"parent":22,"menu_order":0,"comment_status":"closed","ping_status":"closed","template":"page-templates\/side-menu.php","meta":{"_bbp_topic_count":0,"_bbp_reply_count":0,"_bbp_total_topic_count":0,"_bbp_total_reply_count":0,"_bbp_voice_count":0,"_bbp_anonymous_reply_count":0,"_bbp_topic_count_hidden":0,"_bbp_reply_count_hidden":0,"_bbp_forum_subforum_count":0,"footnotes":""},"class_list":["post-599","page","type-page","status-publish","hentry"],"post_mailing_queue_ids":[],"_links":{"self":[{"href":"https:\/\/agora.xtec.cat\/escolamontserratina\/wp-json\/wp\/v2\/pages\/599","targetHints":{"allow":["GET"]}}],"collection":[{"href":"https:\/\/agora.xtec.cat\/escolamontserratina\/wp-json\/wp\/v2\/pages"}],"about":[{"href":"https:\/\/agora.xtec.cat\/escolamontserratina\/wp-json\/wp\/v2\/types\/page"}],"author":[{"embeddable":true,"href":"https:\/\/agora.xtec.cat\/escolamontserratina\/wp-json\/wp\/v2\/users\/1"}],"replies":[{"embeddable":true,"href":"https:\/\/agora.xtec.cat\/escolamontserratina\/wp-json\/wp\/v2\/comments?post=599"}],"version-history":[{"count":3,"href":"https:\/\/agora.xtec.cat\/escolamontserratina\/wp-json\/wp\/v2\/pages\/599\/revisions"}],"predecessor-version":[{"id":4325,"href":"https:\/\/agora.xtec.cat\/escolamontserratina\/wp-json\/wp\/v2\/pages\/599\/revisions\/4325"}],"up":[{"embeddable":true,"href":"https:\/\/agora.xtec.cat\/escolamontserratina\/wp-json\/wp\/v2\/pages\/22"}],"wp:attachment":[{"href":"https:\/\/agora.xtec.cat\/escolamontserratina\/wp-json\/wp\/v2\/media?parent=599"}],"curies":[{"name":"wp","href":"https:\/\/api.w.org\/{rel}","templated":true}]}}