{"id":548,"date":"2017-09-04T18:43:01","date_gmt":"2017-09-04T16:43:01","guid":{"rendered":"http:\/\/agora.xtec.cat\/escolamontserratina\/?page_id=548"},"modified":"2025-09-02T22:54:14","modified_gmt":"2025-09-02T20:54:14","slug":"ampa","status":"publish","type":"page","link":"https:\/\/agora.xtec.cat\/escolamontserratina\/ampa\/","title":{"rendered":"AMPA"},"content":{"rendered":"<p>Aqu\u00ed trobareu la informaci\u00f3 de l&#8217;Associaci\u00f3 de Mares i Pares de l&#8217;escola.<\/p>\n<p style=\"text-align: center;\">Visita la web de l&#8217;AMPA:<\/p>\n<p style=\"text-align: center;\"><a href=\"http:\/\/ampamontserratina.cat\/\">AMPA MONTSERRATINA<\/a><\/p>\n<p style=\"text-align: center;\">Envia un correu a l&#8217;AMPA:<\/p>\n<p style=\"text-align: center;\">montserratina.ampa<span class=\"\">@gmail.com<\/span><\/p>\n<p style=\"text-align: center;\">Us esperem els divendres de 16:30h a 17:30hores.<\/p>\n<p>&nbsp;<\/p>\n<p style=\"text-align: center;\">El mes de <strong>SETEMBRE<\/strong> l&#8217;AMPA estar\u00e0 OBERT ELS<strong> DIVENDRES DE 16.30h a 18.30h!<\/strong>!<\/p>\n","protected":false},"excerpt":{"rendered":"<p>Aqu\u00ed trobareu la informaci\u00f3 de l&#8217;Associaci\u00f3 de Mares i Pares de l&#8217;escola.<br \/>\nVisita la web de l&#8217;AMPA:<br \/>\n<a href=\"http:\/\/ampamontserratina.cat\/\">AMPA MONTSERRATINA<\/a><br \/>\nEnvia un correu a l&#8217;AMPA:<br \/>\nmontserratina.ampa@gmail.com<br \/>\nUs esperem els divendres de 16:30h a 17:30hores.<br \/>\n&nbsp;<br \/>\nEl mes de SETEMBRE l&#8217;AMPA estar\u00e0 OBERT ELS DIVENDRES DE 16.30h a 18.30h!!<\/p>\n","protected":false},"author":1,"featured_media":0,"parent":0,"menu_order":0,"comment_status":"closed","ping_status":"closed","template":"page-templates\/side-menu.php","meta":{"_bbp_topic_count":0,"_bbp_reply_count":0,"_bbp_total_topic_count":0,"_bbp_total_reply_count":0,"_bbp_voice_count":0,"_bbp_anonymous_reply_count":0,"_bbp_topic_count_hidden":0,"_bbp_reply_count_hidden":0,"_bbp_forum_subforum_count":0,"footnotes":""},"class_list":["post-548","page","type-page","status-publish","hentry"],"post_mailing_queue_ids":[],"_links":{"self":[{"href":"https:\/\/agora.xtec.cat\/escolamontserratina\/wp-json\/wp\/v2\/pages\/548","targetHints":{"allow":["GET"]}}],"collection":[{"href":"https:\/\/agora.xtec.cat\/escolamontserratina\/wp-json\/wp\/v2\/pages"}],"about":[{"href":"https:\/\/agora.xtec.cat\/escolamontserratina\/wp-json\/wp\/v2\/types\/page"}],"author":[{"embeddable":true,"href":"https:\/\/agora.xtec.cat\/escolamontserratina\/wp-json\/wp\/v2\/users\/1"}],"replies":[{"embeddable":true,"href":"https:\/\/agora.xtec.cat\/escolamontserratina\/wp-json\/wp\/v2\/comments?post=548"}],"version-history":[{"count":4,"href":"https:\/\/agora.xtec.cat\/escolamontserratina\/wp-json\/wp\/v2\/pages\/548\/revisions"}],"predecessor-version":[{"id":9005,"href":"https:\/\/agora.xtec.cat\/escolamontserratina\/wp-json\/wp\/v2\/pages\/548\/revisions\/9005"}],"wp:attachment":[{"href":"https:\/\/agora.xtec.cat\/escolamontserratina\/wp-json\/wp\/v2\/media?parent=548"}],"curies":[{"name":"wp","href":"https:\/\/api.w.org\/{rel}","templated":true}]}}