{"id":38,"date":"2014-09-18T12:34:08","date_gmt":"2014-09-18T11:34:08","guid":{"rendered":"http:\/\/agora.xtec.cat\/escolamontserratina\/?page_id=38"},"modified":"2023-03-03T09:43:00","modified_gmt":"2023-03-03T08:43:00","slug":"salut","status":"publish","type":"page","link":"https:\/\/agora.xtec.cat\/escolamontserratina\/lescola\/salut\/","title":{"rendered":"Salut"},"content":{"rendered":"<p>En aquesta p\u00e0gina trobareu els enlla\u00e7os amb informaci\u00f3 relacionada amb la salut dels vostres fills i filles, aix\u00ed com l&#8217;acc\u00e9s a les sol\u00b7licituds que vulgueu fer arribar a l&#8217;escola.<\/p>\n<ul>\n<li>MEDICAMENTS<\/li>\n<\/ul>\n<p><a href=\"https:\/\/drive.google.com\/file\/d\/1qxSsK7HD_GY2ZI3LwME7kjiYhNI6OxuE\/view\">Sol\u00b7licitud<\/a><\/p>\n<p><a href=\"https:\/\/drive.google.com\/file\/d\/1IMzb2SnDYCzylbQNVRIXPdZLZyOCElE-\/view\">Paracetamol<\/a><\/p>\n<p>&nbsp;<\/p>\n<ul>\n<li>AL\u00b7L\u00c8RGIES<\/li>\n<\/ul>\n<p><a href=\"https:\/\/drive.google.com\/file\/d\/1ZtIyOl-1PzvGVgEVeMJ3Hq_ySUxsIxfe\/view\">Informaci\u00f3<\/a><\/p>\n<p><a href=\"https:\/\/drive.google.com\/file\/d\/10R9m6naYvp3n79svfHMKGvPpv9rI5U_1\/view\">Sol\u00b7licitud<\/a><\/p>\n<p>&nbsp;<\/p>\n<p>&nbsp;<\/p>\n<p>&nbsp;<\/p>\n<p>&nbsp;<\/p>\n","protected":false},"excerpt":{"rendered":"<p>En aquesta p\u00e0gina trobareu els enlla\u00e7os amb informaci\u00f3 relacionada amb la salut dels vostres fills i filles, aix\u00ed com l&#8217;acc\u00e9s a les sol\u00b7licituds que vulgueu fer arribar a l&#8217;escola.<\/p>\n<ul>\n<li>MEDICAMENTS<\/li>\n<\/ul>\n<p><a href=\"https:\/\/drive.google.com\/file\/d\/1qxSsK7HD_GY2ZI3LwME7kjiYhNI6OxuE\/view\">Sol\u00b7licitud<\/a><br \/>\n<a href=\"https:\/\/drive.google.com\/file\/d\/1IMzb2SnDYCzylbQNVRIXPdZLZyOCElE-\/view\">Paracetamol<\/a><br \/>\n&nbsp;<\/p>\n<ul>\n<li>AL\u00b7L\u00c8RGIES<\/li>\n<\/ul>\n<p><a href=\"https:\/\/drive.google.com\/file\/d\/1ZtIyOl-1PzvGVgEVeMJ3Hq_ySUxsIxfe\/view\">Informaci\u00f3<\/a><br \/>\n<a href=\"https:\/\/drive.google.com\/file\/d\/10R9m6naYvp3n79svfHMKGvPpv9rI5U_1\/view\">Sol\u00b7licitud<\/a><br \/>\n&nbsp;<br \/>\n&nbsp;<br \/>\n&nbsp;<br \/>\n&nbsp;<\/p>\n","protected":false},"author":1,"featured_media":0,"parent":22,"menu_order":80,"comment_status":"closed","ping_status":"closed","template":"page-templates\/side-menu.php","meta":{"_bbp_topic_count":0,"_bbp_reply_count":0,"_bbp_total_topic_count":0,"_bbp_total_reply_count":0,"_bbp_voice_count":0,"_bbp_anonymous_reply_count":0,"_bbp_topic_count_hidden":0,"_bbp_reply_count_hidden":0,"_bbp_forum_subforum_count":0,"footnotes":""},"class_list":["post-38","page","type-page","status-publish","hentry"],"post_mailing_queue_ids":[],"_links":{"self":[{"href":"https:\/\/agora.xtec.cat\/escolamontserratina\/wp-json\/wp\/v2\/pages\/38","targetHints":{"allow":["GET"]}}],"collection":[{"href":"https:\/\/agora.xtec.cat\/escolamontserratina\/wp-json\/wp\/v2\/pages"}],"about":[{"href":"https:\/\/agora.xtec.cat\/escolamontserratina\/wp-json\/wp\/v2\/types\/page"}],"author":[{"embeddable":true,"href":"https:\/\/agora.xtec.cat\/escolamontserratina\/wp-json\/wp\/v2\/users\/1"}],"replies":[{"embeddable":true,"href":"https:\/\/agora.xtec.cat\/escolamontserratina\/wp-json\/wp\/v2\/comments?post=38"}],"version-history":[{"count":3,"href":"https:\/\/agora.xtec.cat\/escolamontserratina\/wp-json\/wp\/v2\/pages\/38\/revisions"}],"predecessor-version":[{"id":5488,"href":"https:\/\/agora.xtec.cat\/escolamontserratina\/wp-json\/wp\/v2\/pages\/38\/revisions\/5488"}],"up":[{"embeddable":true,"href":"https:\/\/agora.xtec.cat\/escolamontserratina\/wp-json\/wp\/v2\/pages\/22"}],"wp:attachment":[{"href":"https:\/\/agora.xtec.cat\/escolamontserratina\/wp-json\/wp\/v2\/media?parent=38"}],"curies":[{"name":"wp","href":"https:\/\/api.w.org\/{rel}","templated":true}]}}