{"id":36,"date":"2014-09-18T12:33:11","date_gmt":"2014-09-18T11:33:11","guid":{"rendered":"http:\/\/agora.xtec.cat\/escolamontserratina\/?page_id=36"},"modified":"2025-10-11T19:45:07","modified_gmt":"2025-10-11T17:45:07","slug":"llibres","status":"publish","type":"page","link":"https:\/\/agora.xtec.cat\/escolamontserratina\/lescola\/llibres\/","title":{"rendered":"Quota Anual Escolar"},"content":{"rendered":"<p><span style=\"font-weight: 400;\">Benvolgudes fam\u00edlies,<\/span><\/p>\n<p><span style=\"font-weight: 400;\">Aqu\u00ed teniu la informaci\u00f3 referent al pagament de la <\/span><b>Quota Anual Escolar del curs 2025-2026<\/b><span style=\"font-weight: 400;\">. Des de l&#8217;escola proporcionem aquell material que considerem adient a cada nivell. Aquesta quota inclou diferents conceptes:<\/span><\/p>\n<ul>\n<li style=\"font-weight: 400;\" aria-level=\"1\"><span style=\"font-weight: 400;\">Agenda<\/span><\/li>\n<li aria-level=\"1\">Carpeta<\/li>\n<li style=\"font-weight: 400;\" aria-level=\"1\"><span style=\"font-weight: 400;\">Material escolar fungible<\/span><\/li>\n<li style=\"font-weight: 400;\" aria-level=\"1\"><span style=\"font-weight: 400;\">Material no fungible<\/span><\/li>\n<li style=\"font-weight: 400;\" aria-level=\"1\"><span style=\"font-weight: 400;\">Material manipulatiu<\/span><\/li>\n<li style=\"font-weight: 400;\" aria-level=\"1\"><span style=\"font-weight: 400;\">Material esportiu<\/span><\/li>\n<li style=\"font-weight: 400;\" aria-level=\"1\"><span style=\"font-weight: 400;\">Material tecnol\u00f2gic<\/span><\/li>\n<li style=\"font-weight: 400;\" aria-level=\"1\"><span style=\"font-weight: 400;\">Joguines i jocs did\u00e0ctics<\/span><\/li>\n<li style=\"font-weight: 400;\" aria-level=\"1\"><span style=\"font-weight: 400;\">Fotoc\u00f2pies<\/span><\/li>\n<li style=\"font-weight: 400;\" aria-level=\"1\"><span style=\"font-weight: 400;\">Llibres: de text, de lectures, de coneixements, de consulta, de biblioteca, diccionaris, etc.<\/span><\/li>\n<li style=\"font-weight: 400;\" aria-level=\"1\"><span style=\"font-weight: 400;\">Llic\u00e8ncies educatives: Jamf, Didakids i plataforma de comunicaci\u00f3 amb les fam\u00edlies Tellfy<\/span><\/li>\n<li style=\"font-weight: 400;\" aria-level=\"1\"><span style=\"font-weight: 400;\">Aplicacions m\u00f2bils<\/span><\/li>\n<li style=\"font-weight: 400;\" aria-level=\"1\"><span style=\"font-weight: 400;\">Activitats a l\u2019escola amb diferents experts<\/span><\/li>\n<li style=\"font-weight: 400;\" aria-level=\"1\"><span style=\"font-weight: 400;\">Sortides \/ Activitats dins i fora de l\u2019escola, trasllats i suport monitoratge<\/span><\/li>\n<li style=\"font-weight: 400;\" aria-level=\"1\"><span style=\"font-weight: 400;\">Altres recursos per fer cr\u00e9ixer el projecte educatiu de l\u2019escola<\/span><\/li>\n<\/ul>\n<p>&nbsp;<\/p>\n<p><span style=\"font-weight: 400;\">L\u2019alumnat de <\/span><b><i>3r fins a 6\u00e8<\/i><\/b><span style=\"font-weight: 400;\"> ha de pagar tamb\u00e9 una quota per l\u2019\u00fas de dispositiu.<\/span><\/p>\n<p>&nbsp;<\/p>\n<p><span style=\"font-weight: 400;\">Per tant, les quotes queden establertes, <\/span><b>en un \u00fanic pagament<\/b><span style=\"font-weight: 400;\">, de la seg\u00fcent manera:<\/span><\/p>\n<table style=\"width: 39.102805%;\">\n<tbody>\n<tr>\n<td style=\"width: 39.079553%; text-align: center;\"><b>NIVELL<\/b><\/td>\n<td style=\"width: 34.608513%; text-align: center;\"><b>Quota Anual Escolar<\/b><\/td>\n<td style=\"width: 42.727875%; text-align: center;\">\n<p style=\"text-align: center;\"><b>\u00das dispositiu<\/b><\/p>\n<\/td>\n<td style=\"width: 39.836309%; text-align: center;\"><b>TOTAL<\/b><\/td>\n<\/tr>\n<tr>\n<td style=\"width: 39.079553%; text-align: center;\"><span style=\"font-weight: 400;\">I3-I4-I5<\/span><\/td>\n<td style=\"width: 34.608513%;\"><span style=\"font-weight: 400;\">150 \u20ac<\/span><\/td>\n<td style=\"width: 42.727875%;\"><\/td>\n<td style=\"width: 39.836309%;\"><b>150 \u20ac<\/b><\/td>\n<\/tr>\n<tr>\n<td style=\"width: 39.079553%; text-align: center;\"><span style=\"font-weight: 400;\">1r-2n<\/span><\/td>\n<td style=\"width: 34.608513%;\"><span style=\"font-weight: 400;\">150 \u20ac<\/span><\/td>\n<td style=\"width: 42.727875%;\"><\/td>\n<td style=\"width: 39.836309%;\"><b>150 \u20ac<\/b><\/td>\n<\/tr>\n<tr>\n<td style=\"width: 39.079553%; text-align: center;\"><span style=\"font-weight: 400;\">3r\u00a0<\/span><\/td>\n<td style=\"width: 34.608513%;\"><span style=\"font-weight: 400;\">150 \u20ac<\/span><\/td>\n<td style=\"width: 42.727875%;\"><span style=\"font-weight: 400;\">(2X1): 60 \u20ac<\/span><\/td>\n<td style=\"width: 39.836309%;\"><b>210 \u20ac<\/b><\/td>\n<\/tr>\n<tr>\n<td style=\"width: 39.079553%; text-align: center;\"><span style=\"font-weight: 400;\">4t-5\u00e8-6\u00e8<\/span><\/td>\n<td style=\"width: 34.608513%;\"><span style=\"font-weight: 400;\">150 \u20ac<\/span><\/td>\n<td style=\"width: 42.727875%;\"><span style=\"font-weight: 400;\">(1X1): 120 \u20ac<\/span><\/td>\n<td style=\"width: 39.836309%;\"><b>270 \u20ac<\/b><\/td>\n<\/tr>\n<\/tbody>\n<\/table>\n","protected":false},"excerpt":{"rendered":"<p>Benvolgudes fam\u00edlies,<br \/>\nAqu\u00ed teniu la informaci\u00f3 referent al pagament de la Quota Anual Escolar del curs 2025-2026. Des de l&#8217;escola proporcionem aquell material que considerem adient a cada nivell. Aquesta quota inclou diferents conceptes:<\/p>\n<ul>\n<li style=\"font-weight: 400;\" aria-level=\"1\">Agenda<\/li>\n<li aria-level=\"1\">Carpeta<\/li>\n<li style=\"font-weight: 400;\" aria-level=\"1\">Material escolar fungible<\/li>\n<li style=\"font-weight: 400;\" aria-level=\"1\">Material&hellip;  <a href=\"https:\/\/agora.xtec.cat\/escolamontserratina\/lescola\/llibres\/\" title=\"Read Quota Anual Escolar\">Llegeix m\u00e9s\u00bb<\/a><br \/>\n","protected":false},"author":1,"featured_media":0,"parent":22,"menu_order":70,"comment_status":"closed","ping_status":"closed","template":"page-templates\/side-menu.php","meta":{"_bbp_topic_count":0,"_bbp_reply_count":0,"_bbp_total_topic_count":0,"_bbp_total_reply_count":0,"_bbp_voice_count":0,"_bbp_anonymous_reply_count":0,"_bbp_topic_count_hidden":0,"_bbp_reply_count_hidden":0,"_bbp_forum_subforum_count":0,"footnotes":""},"class_list":["post-36","page","type-page","status-publish","hentry"],"post_mailing_queue_ids":[],"_links":{"self":[{"href":"https:\/\/agora.xtec.cat\/escolamontserratina\/wp-json\/wp\/v2\/pages\/36","targetHints":{"allow":["GET"]}}],"collection":[{"href":"https:\/\/agora.xtec.cat\/escolamontserratina\/wp-json\/wp\/v2\/pages"}],"about":[{"href":"https:\/\/agora.xtec.cat\/escolamontserratina\/wp-json\/wp\/v2\/types\/page"}],"author":[{"embeddable":true,"href":"https:\/\/agora.xtec.cat\/escolamontserratina\/wp-json\/wp\/v2\/users\/1"}],"replies":[{"embeddable":true,"href":"https:\/\/agora.xtec.cat\/escolamontserratina\/wp-json\/wp\/v2\/comments?post=36"}],"version-history":[{"count":6,"href":"https:\/\/agora.xtec.cat\/escolamontserratina\/wp-json\/wp\/v2\/pages\/36\/revisions"}],"predecessor-version":[{"id":9068,"href":"https:\/\/agora.xtec.cat\/escolamontserratina\/wp-json\/wp\/v2\/pages\/36\/revisions\/9068"}],"up":[{"embeddable":true,"href":"https:\/\/agora.xtec.cat\/escolamontserratina\/wp-json\/wp\/v2\/pages\/22"}],"wp:attachment":[{"href":"https:\/\/agora.xtec.cat\/escolamontserratina\/wp-json\/wp\/v2\/media?parent=36"}],"curies":[{"name":"wp","href":"https:\/\/api.w.org\/{rel}","templated":true}]}}