{"id":28,"date":"2014-09-18T12:29:35","date_gmt":"2014-09-18T11:29:35","guid":{"rendered":"http:\/\/agora.xtec.cat\/escolamontserratina\/?page_id=28"},"modified":"2025-11-23T21:02:47","modified_gmt":"2025-11-23T20:02:47","slug":"consell-escolar","status":"publish","type":"page","link":"https:\/\/agora.xtec.cat\/escolamontserratina\/lescola\/consell-escolar\/","title":{"rendered":"Consell Escolar del Centre"},"content":{"rendered":"<p>El Consell Escolar del Centre \u00e9s l&#8217;<strong>\u00f2rgan col\u00b7legiat de participaci\u00f3<\/strong> de la comunitat escolar en el govern del centre. En el Consell Escolar del Centre hi ha representats tots els col\u00b7lectius que intervenen en la comunitat educativa.<\/p>\n<p>En els centres p\u00fablics, la funci\u00f3 principal del Consell Escolar \u00e9s participar en la presa de decisions en relaci\u00f3 amb aquells temes importants per al funcionament i l&#8217;organitzaci\u00f3 del centre: el projecte educatiu, la programaci\u00f3 general, la gesti\u00f3 econ\u00f2mica, etc.<\/p>\n<p>Actualment, els membres del Consell Escolar del Centre s\u00f3n:<\/p>\n<table>\n<tbody>\n<tr style=\"height: 134px;\">\n<td style=\"height: 134px; width: 314px; text-align: left;\">&nbsp;<\/p>\n<p>DIRECTORA<\/p>\n<p>Mireia Llorente Sans<\/p>\n<p>&nbsp;<\/td>\n<td style=\"height: 134px; width: 314px; text-align: left;\">SECTOR PROFESSORAT<\/p>\n<p>Almudena Barrera Barreto<\/td>\n<td style=\"height: 134px; width: 314px; text-align: left;\">&nbsp;<\/p>\n<p>SECTOR PARES I MARES<\/p>\n<p>Sandra Serrano Portales<\/p>\n<p>&nbsp;<\/td>\n<\/tr>\n<tr style=\"height: 134px;\">\n<td style=\"height: 134px; width: 314px; text-align: left;\">&nbsp;<\/p>\n<p>CAP D\u2019ESTUDIS<\/p>\n<p>Susana Guti\u00e9rrez Gonz\u00e1lez<\/p>\n<p>&nbsp;<\/td>\n<td style=\"height: 134px; width: 314px; text-align: left;\">&nbsp;<\/p>\n<p>SECTOR PROFESSORAT<\/p>\n<p><span style=\"font-family: inherit; font-size: 1em;\">Raquel Naranjo Torres<\/span><\/p>\n<p>&nbsp;<\/td>\n<td style=\"height: 134px; width: 314px; text-align: left;\">&nbsp;<\/p>\n<p>SECTOR PARES I MARES<\/p>\n<p>Marina Oliva Torres<\/p>\n<p>&nbsp;<\/td>\n<\/tr>\n<tr style=\"height: 113px;\">\n<td style=\"height: 113px; width: 314px; text-align: left;\">&nbsp;<\/p>\n<p>SECRET\u00c0RIA<\/p>\n<p>Betty de Obes B\u00e1rcena<\/p>\n<p>&nbsp;<\/td>\n<td style=\"height: 113px; width: 314px; text-align: left;\"><span style=\"font-family: inherit; font-size: 1em;\">SECTOR PROFESSORAT<\/span><\/p>\n<p>Maria Montero Noguera<\/td>\n<td style=\"height: 113px; width: 314px; text-align: left;\">&nbsp;<\/p>\n<p>SECTOR PARES I MARES<\/p>\n<p>J\u00e8ssica Plaza Garc\u00eda<\/p>\n<p>&nbsp;<\/td>\n<\/tr>\n<tr style=\"height: 134px;\">\n<td style=\"height: 134px; width: 314px; text-align: left;\">&nbsp;<\/p>\n<p>AJUNTAMENT<\/p>\n<p>Ruth Cebador Pellicer<\/p>\n<p>&nbsp;<\/td>\n<td style=\"height: 134px; width: 314px; text-align: left;\">&nbsp;<\/p>\n<p>SECTOR PROFESSORAT<\/p>\n<p>Emilia L\u00f3pez Grande<\/p>\n<p>&nbsp;<\/td>\n<td style=\"height: 134px; width: 314px; text-align: left;\">&nbsp;<\/p>\n<p>SECTOR PARES I MARES<\/p>\n<p>Vanessa Badallo Cros<\/p>\n<p>&nbsp;<\/td>\n<\/tr>\n<tr style=\"height: 95px;\">\n<td style=\"height: 95px; width: 314px; text-align: left;\">&nbsp;<\/p>\n<p>PAS<\/p>\n<p>PAE<\/p>\n<p>M\u00aa Isabel Morillo Fern\u00e1ndez<\/td>\n<td style=\"height: 95px; width: 314px; text-align: left;\">SECTOR PROFESSORAT<\/p>\n<p>Pau Mariscal Cabeza<\/td>\n<td style=\"height: 95px; width: 314px; text-align: left;\">AMPA<\/p>\n<p>Norma Compan Padilla<\/td>\n<\/tr>\n<\/tbody>\n<\/table>\n<p>Per facilitar la informaci\u00f3 a les fam\u00edlies de l&#8217;escola, aqu\u00ed podreu trobar els acords de les sessions del Consell Escolar del Centre del curs 2023-2024:<\/p>\n<p style=\"text-align: center;\"><a href=\"https:\/\/drive.google.com\/file\/d\/1ipVyQaibZVpKA1U_nQcei69ofEZQ6tE2\/view?usp=sharing\">Sessi\u00f3 1 &#8211; 10.10.2023<\/a><\/p>\n<p style=\"text-align: center;\"><a href=\"https:\/\/drive.google.com\/file\/d\/1kVIo7w_ItcxzFd4Kc5DUf5jAyBxXb7B_\/view?usp=sharing\">Sessi\u00f3 2 &#8211; Constituci\u00f3 del Consell Escolar &#8211; 18.12.2023<\/a><\/p>\n<p style=\"text-align: center;\"><a href=\"https:\/\/drive.google.com\/file\/d\/1VrsXONHe2T41ZOCZBfQg5nw1LEZdictA\/view?usp=sharing\">Sessi\u00f3 3 &#8211; 31.01.2024<\/a><\/p>\n<p style=\"text-align: center;\"><a href=\"https:\/\/drive.google.com\/file\/d\/1wKGuIrEzu92xv3zClGioAyj9qsHDSHbL\/view?usp=sharing\">Sessi\u00f3 4 &#8211; 13.02.2024<\/a><\/p>\n<p style=\"text-align: center;\"><a href=\"https:\/\/drive.google.com\/file\/d\/1s1hejcZtw5z2g7EB0kM83FIykW6Bil-j\/view?usp=sharing\">Sessi\u00f3 5 &#8211; 13.06.2024<\/a><\/p>\n<p style=\"text-align: center;\"><a href=\"https:\/\/drive.google.com\/file\/d\/1GqzEdoRzSdPx15ic0qQmaXXmdIqD-B-M\/view?usp=sharing\">Sessi\u00f3 6 &#8211; 01.07.2024<\/a><\/p>\n<p>Per facilitar la informaci\u00f3 a les fam\u00edlies de l&#8217;escola, aqu\u00ed podreu trobar els acords de les sessions del Consell Escolar del Centre del curs 2024-2025:<\/p>\n<p style=\"text-align: center;\">Sessi\u00f3 1 &#8211; 29.10.2024<\/p>\n","protected":false},"excerpt":{"rendered":"<p>El Consell Escolar del Centre \u00e9s l&#8217;\u00f2rgan col\u00b7legiat de participaci\u00f3 de la comunitat escolar en el govern del centre. En el Consell Escolar del Centre hi ha representats tots els col\u00b7lectius que intervenen en la comunitat educativa.<br \/>\nEn els centres p\u00fablics, la funci\u00f3 principal del Consell&hellip;  <a href=\"https:\/\/agora.xtec.cat\/escolamontserratina\/lescola\/consell-escolar\/\" title=\"Read Consell Escolar del Centre\">Llegeix m\u00e9s\u00bb<\/a><\/p>\n","protected":false},"author":1,"featured_media":0,"parent":22,"menu_order":30,"comment_status":"closed","ping_status":"closed","template":"page-templates\/side-menu.php","meta":{"_bbp_topic_count":0,"_bbp_reply_count":0,"_bbp_total_topic_count":0,"_bbp_total_reply_count":0,"_bbp_voice_count":0,"_bbp_anonymous_reply_count":0,"_bbp_topic_count_hidden":0,"_bbp_reply_count_hidden":0,"_bbp_forum_subforum_count":0,"footnotes":""},"class_list":["post-28","page","type-page","status-publish","hentry"],"post_mailing_queue_ids":[],"_links":{"self":[{"href":"https:\/\/agora.xtec.cat\/escolamontserratina\/wp-json\/wp\/v2\/pages\/28","targetHints":{"allow":["GET"]}}],"collection":[{"href":"https:\/\/agora.xtec.cat\/escolamontserratina\/wp-json\/wp\/v2\/pages"}],"about":[{"href":"https:\/\/agora.xtec.cat\/escolamontserratina\/wp-json\/wp\/v2\/types\/page"}],"author":[{"embeddable":true,"href":"https:\/\/agora.xtec.cat\/escolamontserratina\/wp-json\/wp\/v2\/users\/1"}],"replies":[{"embeddable":true,"href":"https:\/\/agora.xtec.cat\/escolamontserratina\/wp-json\/wp\/v2\/comments?post=28"}],"version-history":[{"count":6,"href":"https:\/\/agora.xtec.cat\/escolamontserratina\/wp-json\/wp\/v2\/pages\/28\/revisions"}],"predecessor-version":[{"id":9262,"href":"https:\/\/agora.xtec.cat\/escolamontserratina\/wp-json\/wp\/v2\/pages\/28\/revisions\/9262"}],"up":[{"embeddable":true,"href":"https:\/\/agora.xtec.cat\/escolamontserratina\/wp-json\/wp\/v2\/pages\/22"}],"wp:attachment":[{"href":"https:\/\/agora.xtec.cat\/escolamontserratina\/wp-json\/wp\/v2\/media?parent=28"}],"curies":[{"name":"wp","href":"https:\/\/api.w.org\/{rel}","templated":true}]}}