{"id":2736,"date":"2021-03-10T09:28:29","date_gmt":"2021-03-10T08:28:29","guid":{"rendered":"https:\/\/agora.xtec.cat\/escolamontserratina\/?page_id=2736"},"modified":"2021-04-23T15:18:47","modified_gmt":"2021-04-23T13:18:47","slug":"v-gimcana-de-les-llengues","status":"publish","type":"page","link":"https:\/\/agora.xtec.cat\/escolamontserratina\/v-gimcana-de-les-llengues\/","title":{"rendered":"V GIMCANA DE LES LLENG\u00dcES"},"content":{"rendered":"<p style=\"text-align: center;\"><a href=\"https:\/\/agora.xtec.cat\/escolamontserratina\/wp-content\/uploads\/usu275\/2021\/02\/IMG-1813-1.jpg\"><img loading=\"lazy\" decoding=\"async\" class=\"alignnone size-large wp-image-2690\" src=\"https:\/\/agora.xtec.cat\/escolamontserratina\/wp-content\/uploads\/usu275\/2021\/02\/IMG-1813-1-1024x512.jpg\" alt=\"\" width=\"1024\" height=\"512\" srcset=\"https:\/\/agora.xtec.cat\/escolamontserratina\/wp-content\/uploads\/usu275\/2021\/02\/IMG-1813-1-1024x512.jpg 1024w, https:\/\/agora.xtec.cat\/escolamontserratina\/wp-content\/uploads\/usu275\/2021\/02\/IMG-1813-1-300x150.jpg 300w, https:\/\/agora.xtec.cat\/escolamontserratina\/wp-content\/uploads\/usu275\/2021\/02\/IMG-1813-1-768x384.jpg 768w, https:\/\/agora.xtec.cat\/escolamontserratina\/wp-content\/uploads\/usu275\/2021\/02\/IMG-1813-1.jpg 1600w\" sizes=\"auto, (max-width: 1024px) 100vw, 1024px\" \/><\/a><\/p>\n<p style=\"text-align: left;\">Hola a tothom!!!<\/p>\n<p>Aquest curs celebrem la <strong>V Gimcana de les Lleng\u00fces\u00a0<\/strong>amb l\u2019objectiu de fomentar l\u2019\u00fas de les diferents lleng\u00fces de l\u2019escola!!<\/p>\n<p>Al llarg de 6 setmanes tindrem diferents enigmes, endevinalles\u2026 relacionades amb l\u2019eix transversal d\u2019aquest curs:\u00a0<strong>STEM AMB TU<\/strong>\u2026 on trobarem preguntes en les tres lleng\u00fces de l\u2019escola: catal\u00e0, castell\u00e0 i angl\u00e8s!<\/p>\n<p><strong>BASES DE LA GIMCANA DE LES LLENG\u00dcES<\/strong><\/p>\n<ul>\n<li>La participaci\u00f3 de l\u2019alumnat ser\u00e0 volunt\u00e0ria.<\/li>\n<li>Els enigmes es penjaran els <strong>dilluns <\/strong>a la p\u00e0gina web de l\u2019escola.<\/li>\n<li>L\u2019alumnat disposar\u00e0 fins <strong>dijous<\/strong> per enviar la seva resposta.<\/li>\n<li>El fet d\u2019enviar m\u00e9s d\u2019una resposta ser\u00e0 considerada nul\u00b7la.<\/li>\n<li>Els <strong>divendres <\/strong>compartirem la participaci\u00f3 de cada classe.<\/li>\n<li>Es premiar\u00e0 la classe m\u00e9s participativa i hi haur\u00e0 una petita sorpresa per l\u2019alumnat que ha encertat totes les proves!<\/li>\n<li>El lliurament de premis es far\u00e0 el divendres 23 d\u2019abril, diada de Sant Jordi.<\/li>\n<\/ul>\n<p>Tot i que la participaci\u00f3 de l\u2019alumnat \u00e9s volunt\u00e0ria, cal encoratjar-los a participar!!<\/p>\n<p><strong>PARTICIPACI\u00d3 SETMANA 1 \u2013 DEL 16 AL 18 DE FEBRER DEL 2021\u00a0<\/strong><\/p>\n<p><a href=\"https:\/\/agora.xtec.cat\/escolamontserratina\/wp-content\/uploads\/usu275\/2021\/02\/Captura-de-Pantalla-2021-02-19-a-les-12.15.01.png\"><img loading=\"lazy\" decoding=\"async\" class=\"aligncenter wp-image-2698 size-full\" src=\"https:\/\/agora.xtec.cat\/escolamontserratina\/wp-content\/uploads\/usu275\/2021\/02\/Captura-de-Pantalla-2021-02-19-a-les-12.15.01.png\" sizes=\"auto, (max-width: 586px) 100vw, 586px\" srcset=\"https:\/\/agora.xtec.cat\/escolamontserratina\/wp-content\/uploads\/usu275\/2021\/02\/Captura-de-Pantalla-2021-02-19-a-les-12.15.01.png 586w, https:\/\/agora.xtec.cat\/escolamontserratina\/wp-content\/uploads\/usu275\/2021\/02\/Captura-de-Pantalla-2021-02-19-a-les-12.15.01-300x184.png 300w\" alt=\"\" width=\"586\" height=\"360\" \/><\/a><\/p>\n<p>&nbsp;<\/p>\n<p><strong>PARTICIPACI\u00d3 SETMANA 2 \u2013 DEL 22 AL 25 DE FEBRER DEL 2021<\/strong><\/p>\n<p><a href=\"https:\/\/agora.xtec.cat\/escolamontserratina\/wp-content\/uploads\/usu275\/2021\/02\/Captura-de-pantalla-2021-02-26-a-las-1.36.11.png\"><img loading=\"lazy\" decoding=\"async\" class=\"wp-image-2721 aligncenter\" src=\"https:\/\/agora.xtec.cat\/escolamontserratina\/wp-content\/uploads\/usu275\/2021\/02\/Captura-de-pantalla-2021-02-26-a-las-1.36.11-1024x631.png\" sizes=\"auto, (max-width: 586px) 100vw, 586px\" srcset=\"https:\/\/agora.xtec.cat\/escolamontserratina\/wp-content\/uploads\/usu275\/2021\/02\/Captura-de-pantalla-2021-02-26-a-las-1.36.11-1024x631.png 1024w, https:\/\/agora.xtec.cat\/escolamontserratina\/wp-content\/uploads\/usu275\/2021\/02\/Captura-de-pantalla-2021-02-26-a-las-1.36.11-300x185.png 300w, https:\/\/agora.xtec.cat\/escolamontserratina\/wp-content\/uploads\/usu275\/2021\/02\/Captura-de-pantalla-2021-02-26-a-las-1.36.11-768x473.png 768w, https:\/\/agora.xtec.cat\/escolamontserratina\/wp-content\/uploads\/usu275\/2021\/02\/Captura-de-pantalla-2021-02-26-a-las-1.36.11.png 1188w\" alt=\"\" width=\"586\" height=\"361\" \/><\/a><\/p>\n<p>&nbsp;<\/p>\n<p><strong>PARTICIPACI\u00d3 SETMANA 3 \u2013 DE L\u20191 AL 4 DE MAR\u00c7 DEL 2021 <\/strong><\/p>\n<p><a href=\"https:\/\/agora.xtec.cat\/escolamontserratina\/wp-content\/uploads\/usu275\/2021\/02\/Captura-de-Pantalla-2021-03-05-a-les-11.18.55.png\"><img loading=\"lazy\" decoding=\"async\" class=\"size-full wp-image-2725 aligncenter\" src=\"https:\/\/agora.xtec.cat\/escolamontserratina\/wp-content\/uploads\/usu275\/2021\/02\/Captura-de-Pantalla-2021-03-05-a-les-11.18.55.png\" sizes=\"auto, (max-width: 586px) 100vw, 586px\" srcset=\"https:\/\/agora.xtec.cat\/escolamontserratina\/wp-content\/uploads\/usu275\/2021\/02\/Captura-de-Pantalla-2021-03-05-a-les-11.18.55.png 586w, https:\/\/agora.xtec.cat\/escolamontserratina\/wp-content\/uploads\/usu275\/2021\/02\/Captura-de-Pantalla-2021-03-05-a-les-11.18.55-300x184.png 300w\" alt=\"\" width=\"586\" height=\"360\" \/><\/a><\/p>\n<p>&nbsp;<\/p>\n<p><strong>PARTICIPACI\u00d3 SETMANA 4 \u2013 DEL 8 A L\u201911 DE MAR\u00c7 DEL 2021<\/strong><\/p>\n<p><a href=\"https:\/\/agora.xtec.cat\/escolamontserratina\/wp-content\/uploads\/usu275\/2021\/03\/Captura-de-Pantalla-2021-03-12-a-les-8.47.37.png\"><img loading=\"lazy\" decoding=\"async\" class=\"size-full wp-image-2743 aligncenter\" src=\"https:\/\/agora.xtec.cat\/escolamontserratina\/wp-content\/uploads\/usu275\/2021\/03\/Captura-de-Pantalla-2021-03-12-a-les-8.47.37.png\" alt=\"\" width=\"594\" height=\"365\" srcset=\"https:\/\/agora.xtec.cat\/escolamontserratina\/wp-content\/uploads\/usu275\/2021\/03\/Captura-de-Pantalla-2021-03-12-a-les-8.47.37.png 594w, https:\/\/agora.xtec.cat\/escolamontserratina\/wp-content\/uploads\/usu275\/2021\/03\/Captura-de-Pantalla-2021-03-12-a-les-8.47.37-300x184.png 300w\" sizes=\"auto, (max-width: 594px) 100vw, 594px\" \/><\/a><\/p>\n<p>&nbsp;<\/p>\n<p><strong>PARTICIPACI\u00d3 SETMANA 5 &#8211; DEL 15 AL 18 DE MAR\u00c7 DEL 2021<\/strong><\/p>\n<p><a href=\"https:\/\/agora.xtec.cat\/escolamontserratina\/wp-content\/uploads\/usu275\/2021\/03\/Captura-de-Pantalla-2021-03-19-a-les-9.29.36.png\"><img loading=\"lazy\" decoding=\"async\" class=\"aligncenter wp-image-2793 size-full\" src=\"https:\/\/agora.xtec.cat\/escolamontserratina\/wp-content\/uploads\/usu275\/2021\/03\/Captura-de-Pantalla-2021-03-19-a-les-9.29.36.png\" alt=\"\" width=\"592\" height=\"365\" srcset=\"https:\/\/agora.xtec.cat\/escolamontserratina\/wp-content\/uploads\/usu275\/2021\/03\/Captura-de-Pantalla-2021-03-19-a-les-9.29.36.png 592w, https:\/\/agora.xtec.cat\/escolamontserratina\/wp-content\/uploads\/usu275\/2021\/03\/Captura-de-Pantalla-2021-03-19-a-les-9.29.36-300x185.png 300w\" sizes=\"auto, (max-width: 592px) 100vw, 592px\" \/><\/a><\/p>\n<p><strong>SETMANA 6 &#8211; DEL 22 AL 16 DE MAR\u00c7 DEL 2021<\/strong><\/p>\n<p><a href=\"https:\/\/agora.xtec.cat\/escolamontserratina\/wp-content\/uploads\/usu275\/2021\/04\/ExZpuKoWgAMSzFh.png\"><img loading=\"lazy\" decoding=\"async\" class=\"aligncenter wp-image-2822 size-full\" src=\"https:\/\/agora.xtec.cat\/escolamontserratina\/wp-content\/uploads\/usu275\/2021\/04\/ExZpuKoWgAMSzFh.png\" alt=\"\" width=\"590\" height=\"364\" srcset=\"https:\/\/agora.xtec.cat\/escolamontserratina\/wp-content\/uploads\/usu275\/2021\/04\/ExZpuKoWgAMSzFh.png 590w, https:\/\/agora.xtec.cat\/escolamontserratina\/wp-content\/uploads\/usu275\/2021\/04\/ExZpuKoWgAMSzFh-300x185.png 300w\" sizes=\"auto, (max-width: 590px) 100vw, 590px\" \/><\/a><\/p>\n","protected":false},"excerpt":{"rendered":"<p><a href=\"https:\/\/agora.xtec.cat\/escolamontserratina\/wp-content\/uploads\/usu275\/2021\/02\/IMG-1813-1.jpg\"><\/a><br \/>\nHola a tothom!!!<br \/>\nAquest curs celebrem la V Gimcana de les Lleng\u00fces\u00a0amb l\u2019objectiu de fomentar l\u2019\u00fas de les diferents lleng\u00fces de l\u2019escola!!<br \/>\nAl llarg de 6 setmanes tindrem diferents enigmes, endevinalles\u2026 relacionades amb l\u2019eix transversal d\u2019aquest curs:\u00a0STEM AMB TU\u2026 on trobarem preguntes en les tres lleng\u00fces&hellip;  <a href=\"https:\/\/agora.xtec.cat\/escolamontserratina\/v-gimcana-de-les-llengues\/\" title=\"Read V GIMCANA DE LES LLENG\u00dcES\">Llegeix m\u00e9s\u00bb<\/a><\/p>\n","protected":false},"author":1,"featured_media":0,"parent":0,"menu_order":0,"comment_status":"closed","ping_status":"closed","template":"","meta":{"_bbp_topic_count":0,"_bbp_reply_count":0,"_bbp_total_topic_count":0,"_bbp_total_reply_count":0,"_bbp_voice_count":0,"_bbp_anonymous_reply_count":0,"_bbp_topic_count_hidden":0,"_bbp_reply_count_hidden":0,"_bbp_forum_subforum_count":0,"footnotes":""},"class_list":["post-2736","page","type-page","status-publish","hentry"],"post_mailing_queue_ids":[],"_links":{"self":[{"href":"https:\/\/agora.xtec.cat\/escolamontserratina\/wp-json\/wp\/v2\/pages\/2736","targetHints":{"allow":["GET"]}}],"collection":[{"href":"https:\/\/agora.xtec.cat\/escolamontserratina\/wp-json\/wp\/v2\/pages"}],"about":[{"href":"https:\/\/agora.xtec.cat\/escolamontserratina\/wp-json\/wp\/v2\/types\/page"}],"author":[{"embeddable":true,"href":"https:\/\/agora.xtec.cat\/escolamontserratina\/wp-json\/wp\/v2\/users\/1"}],"replies":[{"embeddable":true,"href":"https:\/\/agora.xtec.cat\/escolamontserratina\/wp-json\/wp\/v2\/comments?post=2736"}],"version-history":[{"count":3,"href":"https:\/\/agora.xtec.cat\/escolamontserratina\/wp-json\/wp\/v2\/pages\/2736\/revisions"}],"predecessor-version":[{"id":2823,"href":"https:\/\/agora.xtec.cat\/escolamontserratina\/wp-json\/wp\/v2\/pages\/2736\/revisions\/2823"}],"wp:attachment":[{"href":"https:\/\/agora.xtec.cat\/escolamontserratina\/wp-json\/wp\/v2\/media?parent=2736"}],"curies":[{"name":"wp","href":"https:\/\/api.w.org\/{rel}","templated":true}]}}