{"id":2730,"date":"2021-03-09T18:07:50","date_gmt":"2021-03-09T17:07:50","guid":{"rendered":"https:\/\/agora.xtec.cat\/escolamontserratina\/?page_id=2730"},"modified":"2021-11-17T14:14:13","modified_gmt":"2021-11-17T13:14:13","slug":"femxarxa","status":"publish","type":"page","link":"https:\/\/agora.xtec.cat\/escolamontserratina\/projectes\/femxarxa\/","title":{"rendered":"Fem XARXA!"},"content":{"rendered":"<p><strong><span style=\"color: #ff0000;\"><span style=\"caret-color: #ff0000;\">Fem XARXA!!!<\/span><\/span><\/strong><\/p>\n<p>&nbsp;<\/p>\n<p>Una de les nostres caracter\u00edstiques essencials \u00e9s ser <strong>una escola que apr\u00e8n, una escola que s\u2019obre al m\u00f3n i fa xarxa per a la millora educativa dels nostres infants i joves.<\/strong><\/p>\n<p>En aquesta p\u00e0gina podeu veure algunes de les accions que hem dut a terme en diferents moments de la hist\u00f2ria de la nostra escola!<\/p>\n<p>&nbsp;<\/p>\n<p>&nbsp;<\/p>\n<p><strong>13 JUNY 2021 &#8211; SORTIM A &#8220;LA SEXTA NOTICIAS&#8221; CELEBRANT EL NOSTRE DIA SENSE ENERGIA<\/strong><\/p>\n<p><span class=\"css-901oao css-16my406 r-poiln3 r-bcqeeo r-qvutc0\">El passat 13 de juny va sortir el reportatge del <\/span><span class=\"css-901oao css-16my406 r-poiln3 r-b88u0q r-bcqeeo r-qvutc0\">DIA SENSE ENERGIA<\/span><span class=\"css-901oao css-16my406 r-poiln3 r-bcqeeo r-qvutc0\">\u00a0a <\/span><span class=\"r-18u37iz\"><a class=\"css-4rbku5 css-18t94o4 css-901oao css-16my406 r-1cvl2hr r-1loqt21 r-poiln3 r-bcqeeo r-qvutc0\" dir=\"ltr\" role=\"link\" href=\"https:\/\/twitter.com\/laSextaTV\">@laSextaTV\u00a0\u00a0<\/a><a href=\"https:\/\/agora.xtec.cat\/escolamontserratina\/wp-content\/uploads\/usu275\/2021\/11\/E23pIRsXoAUOr4b-scaled.jpeg\"><img loading=\"lazy\" decoding=\"async\" class=\"size-medium wp-image-3305 alignright\" src=\"https:\/\/agora.xtec.cat\/escolamontserratina\/wp-content\/uploads\/usu275\/2021\/11\/E23pIRsXoAUOr4b-212x300.jpeg\" alt=\"\" width=\"212\" height=\"300\" srcset=\"https:\/\/agora.xtec.cat\/escolamontserratina\/wp-content\/uploads\/usu275\/2021\/11\/E23pIRsXoAUOr4b-212x300.jpeg 212w, https:\/\/agora.xtec.cat\/escolamontserratina\/wp-content\/uploads\/usu275\/2021\/11\/E23pIRsXoAUOr4b-724x1024.jpeg 724w, https:\/\/agora.xtec.cat\/escolamontserratina\/wp-content\/uploads\/usu275\/2021\/11\/E23pIRsXoAUOr4b-768x1086.jpeg 768w, https:\/\/agora.xtec.cat\/escolamontserratina\/wp-content\/uploads\/usu275\/2021\/11\/E23pIRsXoAUOr4b-1086x1536.jpeg 1086w, https:\/\/agora.xtec.cat\/escolamontserratina\/wp-content\/uploads\/usu275\/2021\/11\/E23pIRsXoAUOr4b-1448x2048.jpeg 1448w, https:\/\/agora.xtec.cat\/escolamontserratina\/wp-content\/uploads\/usu275\/2021\/11\/E23pIRsXoAUOr4b-scaled.jpeg 1810w\" sizes=\"auto, (max-width: 212px) 100vw, 212px\" \/><\/a><\/span><\/p>\n<p>Una jornada que vam gaudir tota la comunitat educativa gr\u00e0cies a l&#8217;<span class=\"css-901oao css-16my406 r-poiln3 r-bcqeeo r-qvutc0\">alumnat de 3r que va participar en el projecte <\/span><span class=\"r-18u37iz\"><a class=\"css-4rbku5 css-18t94o4 css-901oao css-16my406 r-1cvl2hr r-1loqt21 r-poiln3 r-bcqeeo r-qvutc0\" dir=\"ltr\" role=\"link\" href=\"https:\/\/twitter.com\/hashtag\/Vilawatt?src=hashtag_click\">#Vilawatt<\/a><\/span><span class=\"css-901oao css-16my406 r-poiln3 r-bcqeeo r-qvutc0\"> de <\/span><span class=\"r-18u37iz\"><a class=\"css-4rbku5 css-18t94o4 css-901oao css-16my406 r-1cvl2hr r-1loqt21 r-poiln3 r-bcqeeo r-qvutc0\" dir=\"ltr\" role=\"link\" href=\"https:\/\/twitter.com\/ViladecansTweet\">@ViladecansTweet <\/a><\/span><span class=\"css-901oao css-16my406 r-poiln3 r-bcqeeo r-qvutc0\" style=\"font-family: inherit; font-size: 1em;\">\u00a0<\/span><\/p>\n<p><span class=\"css-901oao css-16my406 r-poiln3 r-bcqeeo r-qvutc0\" style=\"font-family: inherit; font-size: 1em;\">Ens ho expliquen en aquest v\u00eddeo <\/span><a class=\"css-4rbku5 css-18t94o4 css-901oao css-16my406 r-1cvl2hr r-1loqt21 r-poiln3 r-bcqeeo r-qvutc0\" dir=\"ltr\" style=\"font-family: inherit; font-size: 1em;\" role=\"link\" href=\"https:\/\/t.co\/eMDHJoN94K?amp=1\" target=\"_blank\" rel=\"noopener noreferrer\"><span class=\"css-901oao css-16my406 r-poiln3 r-hiw28u r-qvk6io r-bcqeeo r-qvutc0\" aria-hidden=\"true\">https:\/\/<\/span>youtu.be\/rSCA1riKpxk<\/a><span class=\"css-901oao css-16my406 r-poiln3 r-bcqeeo r-qvutc0\" style=\"font-family: inherit; font-size: 1em;\"> i amb la difusi\u00f3 de la jornada amb aquest cartell:<\/span><\/p>\n<div><\/div>\n<div><\/div>\n<div><\/div>\n<div><\/div>\n<div><\/div>\n<p>&nbsp;<\/p>\n<p><span class=\"css-901oao css-16my406 r-poiln3 r-bcqeeo r-qvutc0\">Aqu\u00ed teniu el v\u00eddeo del reportatge a la &#8220;La Sexta Noticias&#8221;. Ens va encantar que ens ajud\u00e9ssin a fer difusi\u00f3 de la import\u00e0ncia de l\u2019estalvi energ\u00e8tic!!!<\/span><\/p>\n<div style=\"width: 848px;\" class=\"wp-video\"><!--[if lt IE 9]><script>document.createElement('video');<\/script><![endif]-->\n<video class=\"wp-video-shortcode\" id=\"video-2730-1\" width=\"848\" height=\"480\" preload=\"metadata\" controls=\"controls\"><source type=\"video\/mp4\" src=\"https:\/\/agora.xtec.cat\/escolamontserratina\/wp-content\/uploads\/usu275\/2021\/11\/VIDEO-2021-06-13-18-28-58-2.mp4?_=1\" \/><a href=\"https:\/\/agora.xtec.cat\/escolamontserratina\/wp-content\/uploads\/usu275\/2021\/11\/VIDEO-2021-06-13-18-28-58-2.mp4\">https:\/\/agora.xtec.cat\/escolamontserratina\/wp-content\/uploads\/usu275\/2021\/11\/VIDEO-2021-06-13-18-28-58-2.mp4<\/a><\/video><\/div>\n<p>&nbsp;<\/p>\n<p><strong>9 FEBRER 2021 &#8211; WEBINAR INNOVACI\u00d3 EDUCATIVA<\/strong><\/p>\n<p>Aqu\u00ed trobareu la informaci\u00f3 del webinar d&#8217;Innovaci\u00f3 Educativa a Viladecans: https:\/\/www.viladecans.cat\/ca\/innovacioeducativa<\/p>\n<p><iframe loading=\"lazy\" src=\"https:\/\/www.youtube.com\/embed\/0oeSSdw2MPA\" width=\"560\" height=\"315\" frameborder=\"0\"><\/iframe><\/p>\n<p>&nbsp;<\/p>\n<p><strong>27 JULIOL 2020 &#8211; PARTICIPACI\u00d3\u00a0WEBINAR MICROGESTI\u00d3<\/strong><\/p>\n<p>LIDERATGE DES DEL CONFINAMENT<\/p>\n<p><iframe loading=\"lazy\" src=\"https:\/\/www.youtube.com\/embed\/gtIHZsZMVy0\" width=\"560\" height=\"315\" frameborder=\"0\" data-mce-fragment=\"1\"><\/iframe><\/p>\n<p><strong>5 MAR\u00c7 2020 &#8211; VISITEM ESCOLA OCTAVIO PAZ<\/strong><\/p>\n<p>&nbsp;<\/p>\n<p>&nbsp;<\/p>\n<div>\n<p><strong>NOVEMBRE 2019 &#8211; VISITA UNIVERSITAT HALMSTAD (SU\u00c8CIA)<\/strong><\/p>\n<p><a href=\"https:\/\/agora.xtec.cat\/escolamontserratina\/wp-content\/uploads\/usu275\/2021\/03\/Visita-Universitat-Halmstad_page-0001.jpg\"><img loading=\"lazy\" decoding=\"async\" class=\"alignnone size-large wp-image-2749\" src=\"https:\/\/agora.xtec.cat\/escolamontserratina\/wp-content\/uploads\/usu275\/2021\/03\/Visita-Universitat-Halmstad_page-0001-724x1024.jpg\" alt=\"\" width=\"724\" height=\"1024\" srcset=\"https:\/\/agora.xtec.cat\/escolamontserratina\/wp-content\/uploads\/usu275\/2021\/03\/Visita-Universitat-Halmstad_page-0001-724x1024.jpg 724w, https:\/\/agora.xtec.cat\/escolamontserratina\/wp-content\/uploads\/usu275\/2021\/03\/Visita-Universitat-Halmstad_page-0001-212x300.jpg 212w, https:\/\/agora.xtec.cat\/escolamontserratina\/wp-content\/uploads\/usu275\/2021\/03\/Visita-Universitat-Halmstad_page-0001-768x1086.jpg 768w, https:\/\/agora.xtec.cat\/escolamontserratina\/wp-content\/uploads\/usu275\/2021\/03\/Visita-Universitat-Halmstad_page-0001.jpg 1241w\" sizes=\"auto, (max-width: 724px) 100vw, 724px\" \/><\/a><\/p>\n<p>&nbsp;<\/p>\n<\/div>\n<p><strong>22 FEBRER 2019 &#8211; JORNADA DIGIBAIX A VILADECANS<\/strong><\/p>\n<p>Jornada Digibaix a Viladecans <a href=\"https:\/\/sites.google.com\/xtec.cat\/jornadadigitalbaixllobregat2\/\">https:\/\/sites.google.com\/xtec.cat\/jornadadigitalbaixllobregat2\/<\/a><\/p>\n<div>El 22 de febrer del 2019 vam participar a la Jornada Digibaix!!! Una jornada on ens vam reunir professionals del m\u00f3n de l\u2019educaci\u00f3 de Gav\u00e0, Begues, Sant Climent i Viladecans per intercanviar diferents experi\u00e8ncies relacionades amb l\u2019\u00c0mbit Digital.\u00a0L\u2019objectiu era crear un espai centrat en la pr\u00e0ctica pedag\u00f2gica per facilitar la reflexi\u00f3 a partir de l\u2019intercanvi d\u2019experi\u00e8ncies que aprofiten el potencial de les tecnologies per enriquir diferents contextos educatius. A m\u00e9s, vam gaudir de la xerrada \u201cGamificar l\u2019aprenentatge. Un bon repte per repensar l\u2019educaci\u00f3\u201d per part de l\u2019expert en gamificaci\u00f3, Oriol Ripoll.La nostra escola vam presentar el taller de <strong><em>Racons digitals de lectura <\/em><\/strong>on treballem LA LLIGA DE LLIBRES amb les <strong>docents i alumnes de 4t de prim\u00e0ria<\/strong>:\u00a0diverses propostes de\u00a0<strong>treball cooperatiu <\/strong>en les que els alumnes fan recomanacions amb Realitat Augmentada o croma, pensen preguntes a respondre pels companys amb kahoot o a trav\u00e9s d\u2019un mur digital o analitzen els diferents personatges i els presenten amb Keynote. Enriquir un cartell explicatiu, fer p\u00f2sters o llibres interactius amb contingut multim\u00e8dia, recomanar lectures\u2026 s\u00f3n algunes de les\u00a0<strong>possibilitats <\/strong>que van descobrir\u00a0utilitzant l\u2019app Hp Reveal. Tamb\u00e9 van explorar com gravar un v\u00eddeo amb la imatge de fons que van decidir, gr\u00e0cies a Touchcast Studio. Simular un estudi de televisi\u00f3 \u00e9s f\u00e0cil!<\/div>\n<div><\/div>\n<div>Aqu\u00ed teniu algunes fotografies de la jornada i les infografies de les APPS que va crear l\u2019alumnat de 4t per la jornada:<\/div>\n<div><a href=\"https:\/\/agora.xtec.cat\/escolamontserratina\/wp-content\/uploads\/usu275\/2021\/03\/D0AacAxWoAAZwpQ.jpg\"><img loading=\"lazy\" decoding=\"async\" class=\"size-medium wp-image-2752 aligncenter\" src=\"https:\/\/agora.xtec.cat\/escolamontserratina\/wp-content\/uploads\/usu275\/2021\/03\/D0AacAxWoAAZwpQ-300x225.jpg\" alt=\"\" width=\"300\" height=\"225\" srcset=\"https:\/\/agora.xtec.cat\/escolamontserratina\/wp-content\/uploads\/usu275\/2021\/03\/D0AacAxWoAAZwpQ-300x225.jpg 300w, https:\/\/agora.xtec.cat\/escolamontserratina\/wp-content\/uploads\/usu275\/2021\/03\/D0AacAxWoAAZwpQ-768x576.jpg 768w, https:\/\/agora.xtec.cat\/escolamontserratina\/wp-content\/uploads\/usu275\/2021\/03\/D0AacAxWoAAZwpQ-1024x768.jpg 1024w, https:\/\/agora.xtec.cat\/escolamontserratina\/wp-content\/uploads\/usu275\/2021\/03\/D0AacAxWoAAZwpQ-200x150.jpg 200w, https:\/\/agora.xtec.cat\/escolamontserratina\/wp-content\/uploads\/usu275\/2021\/03\/D0AacAxWoAAZwpQ.jpg 1200w\" sizes=\"auto, (max-width: 300px) 100vw, 300px\" \/><\/a><\/div>\n<div><a href=\"https:\/\/agora.xtec.cat\/escolamontserratina\/wp-content\/uploads\/usu275\/2021\/03\/D0BiyntWkAYGUmK.jpg\"><img loading=\"lazy\" decoding=\"async\" class=\"size-medium wp-image-2753 alignleft\" src=\"https:\/\/agora.xtec.cat\/escolamontserratina\/wp-content\/uploads\/usu275\/2021\/03\/D0BiyntWkAYGUmK-300x225.jpg\" alt=\"\" width=\"300\" height=\"225\" srcset=\"https:\/\/agora.xtec.cat\/escolamontserratina\/wp-content\/uploads\/usu275\/2021\/03\/D0BiyntWkAYGUmK-300x225.jpg 300w, https:\/\/agora.xtec.cat\/escolamontserratina\/wp-content\/uploads\/usu275\/2021\/03\/D0BiyntWkAYGUmK-768x576.jpg 768w, https:\/\/agora.xtec.cat\/escolamontserratina\/wp-content\/uploads\/usu275\/2021\/03\/D0BiyntWkAYGUmK.jpg 1024w, https:\/\/agora.xtec.cat\/escolamontserratina\/wp-content\/uploads\/usu275\/2021\/03\/D0BiyntWkAYGUmK-200x150.jpg 200w\" sizes=\"auto, (max-width: 300px) 100vw, 300px\" \/><\/a><a href=\"https:\/\/agora.xtec.cat\/escolamontserratina\/wp-content\/uploads\/usu275\/2021\/03\/D0HLnmWWwAAC7Kj.jpg\"><img loading=\"lazy\" decoding=\"async\" class=\"size-medium wp-image-2754 alignleft\" src=\"https:\/\/agora.xtec.cat\/escolamontserratina\/wp-content\/uploads\/usu275\/2021\/03\/D0HLnmWWwAAC7Kj-300x200.jpg\" alt=\"\" width=\"300\" height=\"200\" srcset=\"https:\/\/agora.xtec.cat\/escolamontserratina\/wp-content\/uploads\/usu275\/2021\/03\/D0HLnmWWwAAC7Kj-300x200.jpg 300w, https:\/\/agora.xtec.cat\/escolamontserratina\/wp-content\/uploads\/usu275\/2021\/03\/D0HLnmWWwAAC7Kj-768x513.jpg 768w, https:\/\/agora.xtec.cat\/escolamontserratina\/wp-content\/uploads\/usu275\/2021\/03\/D0HLnmWWwAAC7Kj-1024x684.jpg 1024w, https:\/\/agora.xtec.cat\/escolamontserratina\/wp-content\/uploads\/usu275\/2021\/03\/D0HLnmWWwAAC7Kj.jpg 1200w\" sizes=\"auto, (max-width: 300px) 100vw, 300px\" \/><\/a><a href=\"https:\/\/agora.xtec.cat\/escolamontserratina\/wp-content\/uploads\/usu275\/2021\/03\/Dz_yXGoWwAAha0H.jpg\"><img loading=\"lazy\" decoding=\"async\" class=\"size-medium wp-image-2755 alignleft\" src=\"https:\/\/agora.xtec.cat\/escolamontserratina\/wp-content\/uploads\/usu275\/2021\/03\/Dz_yXGoWwAAha0H-300x225.jpg\" alt=\"\" width=\"300\" height=\"225\" srcset=\"https:\/\/agora.xtec.cat\/escolamontserratina\/wp-content\/uploads\/usu275\/2021\/03\/Dz_yXGoWwAAha0H-300x225.jpg 300w, https:\/\/agora.xtec.cat\/escolamontserratina\/wp-content\/uploads\/usu275\/2021\/03\/Dz_yXGoWwAAha0H-768x576.jpg 768w, https:\/\/agora.xtec.cat\/escolamontserratina\/wp-content\/uploads\/usu275\/2021\/03\/Dz_yXGoWwAAha0H-1024x768.jpg 1024w, https:\/\/agora.xtec.cat\/escolamontserratina\/wp-content\/uploads\/usu275\/2021\/03\/Dz_yXGoWwAAha0H-200x150.jpg 200w, https:\/\/agora.xtec.cat\/escolamontserratina\/wp-content\/uploads\/usu275\/2021\/03\/Dz_yXGoWwAAha0H.jpg 1200w\" sizes=\"auto, (max-width: 300px) 100vw, 300px\" \/><\/a><a href=\"https:\/\/agora.xtec.cat\/escolamontserratina\/wp-content\/uploads\/usu275\/2021\/03\/D0Biz1zXQAAkRa4.jpg\"><img loading=\"lazy\" decoding=\"async\" class=\"wp-image-2751 size-medium alignnone\" src=\"https:\/\/agora.xtec.cat\/escolamontserratina\/wp-content\/uploads\/usu275\/2021\/03\/D0Biz1zXQAAkRa4-300x225.jpg\" alt=\"\" width=\"300\" height=\"225\" srcset=\"https:\/\/agora.xtec.cat\/escolamontserratina\/wp-content\/uploads\/usu275\/2021\/03\/D0Biz1zXQAAkRa4-300x225.jpg 300w, https:\/\/agora.xtec.cat\/escolamontserratina\/wp-content\/uploads\/usu275\/2021\/03\/D0Biz1zXQAAkRa4-768x576.jpg 768w, https:\/\/agora.xtec.cat\/escolamontserratina\/wp-content\/uploads\/usu275\/2021\/03\/D0Biz1zXQAAkRa4.jpg 1024w, https:\/\/agora.xtec.cat\/escolamontserratina\/wp-content\/uploads\/usu275\/2021\/03\/D0Biz1zXQAAkRa4-200x150.jpg 200w\" sizes=\"auto, (max-width: 300px) 100vw, 300px\" \/><\/a><\/div>\n<p>&nbsp;<\/p>\n<p>V\u00eddeos de la Jornada Digibaix<\/p>\n<p><iframe loading=\"lazy\" src=\"https:\/\/www.youtube.com\/embed\/jMF7IHItNEg\" width=\"560\" height=\"315\" frameborder=\"0\" data-mce-fragment=\"1\"><\/iframe><br \/>\n<iframe loading=\"lazy\" src=\"https:\/\/www.youtube.com\/embed\/sk966FK46H0\" width=\"560\" height=\"315\" frameborder=\"0\" data-mce-fragment=\"1\"><\/iframe><\/p>\n<p>Agra\u00efr la nostra participaci\u00f3 a l\u2019equip organitzador d\u2019aquesta gran Jornada. I un agra\u00efment en especial per a la Sara, l\u2019Andrea, la Leire i el Jordi (alumnes de 4t) per la seva col\u00b7laboraci\u00f3 amb les docents Elena Le\u00f3n i Ana Dom\u00ednguez. Ho vau fer molt i molt b\u00e9, compartir \u00e9s aprendre! Felicitats!!!<\/p>\n<p>&nbsp;<\/p>\n<p>&nbsp;<\/p>\n<p><strong>2 FEBRER DEL 2017 &#8211;\u00a0PLURILING\u00dcISME A L\u2019ESCOLA<\/strong><\/p>\n<p>Aqu\u00ed us compartim un video de la Xarxa d&#8217;Innovaci\u00f3 Educativa de Viladecans sobre el treball del Plurinling\u00fcisme a l&#8217;escola. Esperem que us agradi!!<\/p>\n<p><iframe loading=\"lazy\" src=\"https:\/\/www.youtube.com\/embed\/XYbbogPZQ0c\" width=\"560\" height=\"315\" frameborder=\"0\" data-mce-fragment=\"1\"><\/iframe><\/p>\n<p>&nbsp;<\/p>\n<p>&nbsp;<\/p>\n<p><strong>8 MAR\u00c7 2016 &#8211; VISITA DOCENTS FINL\u00c0NDIA<\/strong><\/p>\n<div>El passat dimarts 8 de mar\u00e7 del 2016, a la tarda, vam tenir una visita molt especial, ens van visitar un parell de mestres de Finl\u00e0ndia.<\/div>\n<div><\/div>\n<div>Dins del marc del projecte europeu IMAILE, vam compartir l&#8217;\u00fas de les noves tecnologies a l&#8217;aula i el canvi de rol tant dels mestres com dels alumnes dins del proc\u00e9s d&#8217;ensenyament-aprenentatge.<\/div>\n<div>Aquest projecte t\u00e9 l&#8217;objectiu de crear un Entorn Personal d&#8217;Aprenentatge dins d&#8217;una plataforma educativa per adquirir les compet\u00e8ncies b\u00e0siques de les \u00e0rees de Ci\u00e8ncies, Matem\u00e0tiques i Tecnologia.<\/div>\n<div><\/div>\n<div>Trobareu m\u00e9s informaci\u00f3 a la Xarxa d&#8217;Innovaci\u00f3 Educativa de Viladecans:<span class=\"apple-converted-space\">\u00a0<\/span><\/div>\n<div>\u00a0<a href=\"http:\/\/xieviladecans.cat\/projectes\/sendega-el-projecte-europeu-imaile\/\">http:\/\/xieviladecans.cat\/projectes\/sendega-el-projecte-europeu-imaile\/<\/a><\/div>\n<div><\/div>\n<div>Vam compartir el nostre projecte educatiu amb ells i vam veure les similituds i difer\u00e8ncies del nostre sistema educatiu amb el seu. Va ser una trobada molt profitosa!!<\/div>\n<p>&nbsp;<\/p>\n<p><a href=\"https:\/\/agora.xtec.cat\/escolamontserratina\/wp-content\/uploads\/usu275\/2021\/03\/20160308_151727-1.jpg\"><img loading=\"lazy\" decoding=\"async\" class=\"alignnone wp-image-2746 size-medium\" src=\"https:\/\/agora.xtec.cat\/escolamontserratina\/wp-content\/uploads\/usu275\/2021\/03\/20160308_151727-1-300x169.jpg\" alt=\"\" width=\"300\" height=\"169\" srcset=\"https:\/\/agora.xtec.cat\/escolamontserratina\/wp-content\/uploads\/usu275\/2021\/03\/20160308_151727-1-300x169.jpg 300w, https:\/\/agora.xtec.cat\/escolamontserratina\/wp-content\/uploads\/usu275\/2021\/03\/20160308_151727-1.jpg 320w\" sizes=\"auto, (max-width: 300px) 100vw, 300px\" \/><\/a> <a href=\"https:\/\/agora.xtec.cat\/escolamontserratina\/wp-content\/uploads\/usu275\/2021\/03\/20160308_162359.jpg\"><img loading=\"lazy\" decoding=\"async\" class=\"alignnone wp-image-2748 size-medium\" src=\"https:\/\/agora.xtec.cat\/escolamontserratina\/wp-content\/uploads\/usu275\/2021\/03\/20160308_162359-300x169.jpg\" alt=\"\" width=\"300\" height=\"169\" srcset=\"https:\/\/agora.xtec.cat\/escolamontserratina\/wp-content\/uploads\/usu275\/2021\/03\/20160308_162359-300x169.jpg 300w, https:\/\/agora.xtec.cat\/escolamontserratina\/wp-content\/uploads\/usu275\/2021\/03\/20160308_162359-768x432.jpg 768w, https:\/\/agora.xtec.cat\/escolamontserratina\/wp-content\/uploads\/usu275\/2021\/03\/20160308_162359-1024x576.jpg 1024w, https:\/\/agora.xtec.cat\/escolamontserratina\/wp-content\/uploads\/usu275\/2021\/03\/20160308_162359.jpg 1600w\" sizes=\"auto, (max-width: 300px) 100vw, 300px\" \/><\/a><a href=\"https:\/\/agora.xtec.cat\/escolamontserratina\/wp-content\/uploads\/usu275\/2021\/03\/20160308_160106.jpg\"><img loading=\"lazy\" decoding=\"async\" class=\"alignnone wp-image-2747 size-medium\" src=\"https:\/\/agora.xtec.cat\/escolamontserratina\/wp-content\/uploads\/usu275\/2021\/03\/20160308_160106-300x169.jpg\" alt=\"\" width=\"300\" height=\"169\" srcset=\"https:\/\/agora.xtec.cat\/escolamontserratina\/wp-content\/uploads\/usu275\/2021\/03\/20160308_160106-300x169.jpg 300w, https:\/\/agora.xtec.cat\/escolamontserratina\/wp-content\/uploads\/usu275\/2021\/03\/20160308_160106-768x432.jpg 768w, https:\/\/agora.xtec.cat\/escolamontserratina\/wp-content\/uploads\/usu275\/2021\/03\/20160308_160106-1024x576.jpg 1024w, https:\/\/agora.xtec.cat\/escolamontserratina\/wp-content\/uploads\/usu275\/2021\/03\/20160308_160106.jpg 1600w\" sizes=\"auto, (max-width: 300px) 100vw, 300px\" \/><\/a><\/p>\n<p><strong>VISITA DOCENTS B\u00c9LGICA<\/strong><\/p>\n<p>&nbsp;<\/p>\n<p><strong>4 DE FEBRER DEL 2015 &#8211;\u00a0PRESENTACI\u00d3 TABLETS JORNADA DE PR\u00c0CTIQUES D\u2019INNOVACI\u00d3<\/strong><\/p>\n<table style=\"width: 1191px;\">\n<tbody>\n<tr>\n<td style=\"width: 752.640625px;\">L&#8217;escola va participar en la <a href=\"http:\/\/xieviladecans.cat\/wp-content\/uploads\/2014\/12\/Programa-IV-Jornades-Educatives_CAT_v2.pdf\" target=\"_blank\" rel=\"noopener noreferrer\">4a Jornada de Pr\u00e0ctiques d&#8217;Innovaci\u00f3 Educativa a Viladecans.<\/a><\/p>\n<p>Vam presentar el projecte de les TAULETES A L&#8217;AULA.<\/p>\n<p>Donem les gr\u00e0cies als alumnes participants en la xerrada i la mestra responsable del projecte:<br \/>\nElena Le\u00f3n (mestra tutora de 6\u00e8) i als alumnes de 6\u00e8: Alvaro, V\u00edctor, Sara i Adri\u00e1n.Tots ells van explicar la seva experi\u00e8ncia perfectament!!!!<\/td>\n<td style=\"width: 430.375px;\"><a href=\"https:\/\/agora.xtec.cat\/escolamontserratina\/wp-content\/uploads\/usu275\/2021\/03\/alumnes-xerrada-tablets.jpg\"><img loading=\"lazy\" decoding=\"async\" class=\"alignright size-medium wp-image-2750\" src=\"https:\/\/agora.xtec.cat\/escolamontserratina\/wp-content\/uploads\/usu275\/2021\/03\/alumnes-xerrada-tablets-300x257.jpg\" alt=\"\" width=\"300\" height=\"257\" srcset=\"https:\/\/agora.xtec.cat\/escolamontserratina\/wp-content\/uploads\/usu275\/2021\/03\/alumnes-xerrada-tablets-300x257.jpg 300w, https:\/\/agora.xtec.cat\/escolamontserratina\/wp-content\/uploads\/usu275\/2021\/03\/alumnes-xerrada-tablets-768x657.jpg 768w, https:\/\/agora.xtec.cat\/escolamontserratina\/wp-content\/uploads\/usu275\/2021\/03\/alumnes-xerrada-tablets.jpg 1024w\" sizes=\"auto, (max-width: 300px) 100vw, 300px\" \/><\/a><\/td>\n<\/tr>\n<\/tbody>\n<\/table>\n<p>&nbsp;<\/p>\n<p><strong>26 JUNY 2014<\/strong><\/p>\n<p><a href=\"http:\/\/xieviladecans.cat\/2014\/06\/lexperiencia-de-les-tauletes-a-lescola-montserratina\/\">http:\/\/xieviladecans.cat\/2014\/06\/lexperiencia-de-les-tauletes-a-lescola-montserratina\/<\/a><\/p>\n<p>&nbsp;<\/p>\n","protected":false},"excerpt":{"rendered":"<p>Fem XARXA!!!<br \/>\n&nbsp;<br \/>\nUna de les nostres caracter\u00edstiques essencials \u00e9s ser una escola que apr\u00e8n, una escola que s\u2019obre al m\u00f3n i fa xarxa per a la millora educativa dels nostres infants i joves.<br \/>\nEn aquesta p\u00e0gina podeu veure algunes de les accions que hem dut a terme&hellip;  <a href=\"https:\/\/agora.xtec.cat\/escolamontserratina\/projectes\/femxarxa\/\" title=\"Read Fem XARXA!\">Llegeix m\u00e9s\u00bb<\/a><\/p>\n","protected":false},"author":1,"featured_media":0,"parent":695,"menu_order":0,"comment_status":"closed","ping_status":"closed","template":"page-templates\/side-menu.php","meta":{"_bbp_topic_count":0,"_bbp_reply_count":0,"_bbp_total_topic_count":0,"_bbp_total_reply_count":0,"_bbp_voice_count":0,"_bbp_anonymous_reply_count":0,"_bbp_topic_count_hidden":0,"_bbp_reply_count_hidden":0,"_bbp_forum_subforum_count":0,"footnotes":""},"class_list":["post-2730","page","type-page","status-publish","hentry"],"post_mailing_queue_ids":[],"_links":{"self":[{"href":"https:\/\/agora.xtec.cat\/escolamontserratina\/wp-json\/wp\/v2\/pages\/2730","targetHints":{"allow":["GET"]}}],"collection":[{"href":"https:\/\/agora.xtec.cat\/escolamontserratina\/wp-json\/wp\/v2\/pages"}],"about":[{"href":"https:\/\/agora.xtec.cat\/escolamontserratina\/wp-json\/wp\/v2\/types\/page"}],"author":[{"embeddable":true,"href":"https:\/\/agora.xtec.cat\/escolamontserratina\/wp-json\/wp\/v2\/users\/1"}],"replies":[{"embeddable":true,"href":"https:\/\/agora.xtec.cat\/escolamontserratina\/wp-json\/wp\/v2\/comments?post=2730"}],"version-history":[{"count":3,"href":"https:\/\/agora.xtec.cat\/escolamontserratina\/wp-json\/wp\/v2\/pages\/2730\/revisions"}],"predecessor-version":[{"id":3306,"href":"https:\/\/agora.xtec.cat\/escolamontserratina\/wp-json\/wp\/v2\/pages\/2730\/revisions\/3306"}],"up":[{"embeddable":true,"href":"https:\/\/agora.xtec.cat\/escolamontserratina\/wp-json\/wp\/v2\/pages\/695"}],"wp:attachment":[{"href":"https:\/\/agora.xtec.cat\/escolamontserratina\/wp-json\/wp\/v2\/media?parent=2730"}],"curies":[{"name":"wp","href":"https:\/\/api.w.org\/{rel}","templated":true}]}}