{"id":26,"date":"2014-09-18T12:24:32","date_gmt":"2014-09-18T11:24:32","guid":{"rendered":"http:\/\/agora.xtec.cat\/escolamontserratina\/?page_id=26"},"modified":"2022-09-06T19:32:45","modified_gmt":"2022-09-06T17:32:45","slug":"historia","status":"publish","type":"page","link":"https:\/\/agora.xtec.cat\/escolamontserratina\/lescola\/historia\/","title":{"rendered":"Hist\u00f2ria"},"content":{"rendered":"<p>L\u2019escola Montserratina est\u00e0 situada a la zona alta de Viladecans al barri Montserratina.<\/p>\n<p>El solar en el qual est\u00e0 situada dona a quatre carrers: Circumval\u00b7laci\u00f3, Garrofer, Josep Llu\u00eds Sert i Miramar.<\/p>\n<p>Va tenir els seus or\u00edgens a l\u2019any 1971 i successivament les seves instal\u00b7lacions varen anar augmentant fins arribar a quatre, tres edificis destinats a la doc\u00e8ncia i serveis i un quart destinat a vivendes de mestres.<\/p>\n<p>A l\u2019estiu del 2006 comen\u00e7a la remodelaci\u00f3 total de l\u2019escola, s\u2019enderroca totalment i s\u2019inicia la nova construcci\u00f3.<\/p>\n<p>Mentre dura la construcci\u00f3 de la nova escola l&#8217;alumnat i mestres de Prim\u00e0ria es desplacen a una zona molt propera de l\u2019escola, La Muntanyeta, al carrer Poniol, equipada amb m\u00f2duls prefabricats i l\u2019Educaci\u00f3 Infantil es queda, tamb\u00e9 en m\u00f2duls prefabricats, al mateix solar on s\u2019estaven realitzant les obres.\u00a0Les obres finalitzen a l\u2019abril de 2008.<\/p>\n<p>Actualment l\u2019escola disposa de sis aules d\u2019Educaci\u00f3 Infantil, dotze d&#8217;Educaci\u00f3 Prim\u00e0ria, sala de professors, tutories, teatre, menjador i cuina, biblioteca, angl\u00e8s, m\u00fasica, laboratori, smart classroom, ludoteca, educaci\u00f3 especial,\u2026<\/p>\n","protected":false},"excerpt":{"rendered":"<p>L\u2019escola Montserratina est\u00e0 situada a la zona alta de Viladecans al barri Montserratina.<br \/>\nEl solar en el qual est\u00e0 situada dona a quatre carrers: Circumval\u00b7laci\u00f3, Garrofer, Josep Llu\u00eds Sert i Miramar.<br \/>\nVa tenir els seus or\u00edgens a l\u2019any 1971 i successivament les seves instal\u00b7lacions varen anar augmentant&hellip;  <a href=\"https:\/\/agora.xtec.cat\/escolamontserratina\/lescola\/historia\/\" title=\"Read Hist\u00f2ria\">Llegeix m\u00e9s\u00bb<\/a><\/p>\n","protected":false},"author":1,"featured_media":0,"parent":22,"menu_order":20,"comment_status":"closed","ping_status":"closed","template":"page-templates\/side-menu.php","meta":{"_bbp_topic_count":0,"_bbp_reply_count":0,"_bbp_total_topic_count":0,"_bbp_total_reply_count":0,"_bbp_voice_count":0,"_bbp_anonymous_reply_count":0,"_bbp_topic_count_hidden":0,"_bbp_reply_count_hidden":0,"_bbp_forum_subforum_count":0,"footnotes":""},"class_list":["post-26","page","type-page","status-publish","hentry"],"post_mailing_queue_ids":[],"_links":{"self":[{"href":"https:\/\/agora.xtec.cat\/escolamontserratina\/wp-json\/wp\/v2\/pages\/26","targetHints":{"allow":["GET"]}}],"collection":[{"href":"https:\/\/agora.xtec.cat\/escolamontserratina\/wp-json\/wp\/v2\/pages"}],"about":[{"href":"https:\/\/agora.xtec.cat\/escolamontserratina\/wp-json\/wp\/v2\/types\/page"}],"author":[{"embeddable":true,"href":"https:\/\/agora.xtec.cat\/escolamontserratina\/wp-json\/wp\/v2\/users\/1"}],"replies":[{"embeddable":true,"href":"https:\/\/agora.xtec.cat\/escolamontserratina\/wp-json\/wp\/v2\/comments?post=26"}],"version-history":[{"count":3,"href":"https:\/\/agora.xtec.cat\/escolamontserratina\/wp-json\/wp\/v2\/pages\/26\/revisions"}],"predecessor-version":[{"id":4324,"href":"https:\/\/agora.xtec.cat\/escolamontserratina\/wp-json\/wp\/v2\/pages\/26\/revisions\/4324"}],"up":[{"embeddable":true,"href":"https:\/\/agora.xtec.cat\/escolamontserratina\/wp-json\/wp\/v2\/pages\/22"}],"wp:attachment":[{"href":"https:\/\/agora.xtec.cat\/escolamontserratina\/wp-json\/wp\/v2\/media?parent=26"}],"curies":[{"name":"wp","href":"https:\/\/api.w.org\/{rel}","templated":true}]}}