{"id":1680,"date":"2019-10-05T10:30:21","date_gmt":"2019-10-05T08:30:21","guid":{"rendered":"http:\/\/agora.xtec.cat\/escolamontserratina\/?page_id=1680"},"modified":"2024-12-02T22:52:24","modified_gmt":"2024-12-02T21:52:24","slug":"documentacio","status":"publish","type":"page","link":"https:\/\/agora.xtec.cat\/escolamontserratina\/projectes\/documentacio\/","title":{"rendered":"Documentaci\u00f3 del centre"},"content":{"rendered":"<p>En aquesta apartat trobareu la informaci\u00f3 de la documentaci\u00f3 del centre. At\u00e8s que s\u00f3n documents vius, alguns d&#8217;ells es troben en proc\u00e9s de revisi\u00f3 i\/o actualitzaci\u00f3.<\/p>\n<ul>\n<li><a href=\"https:\/\/drive.google.com\/file\/d\/0B-U7sp_Sk58cYTUxYVplNmZBbzQ\/view?usp=sharing\">Projecte Educatiu del Centre<\/a><\/li>\n<li><a href=\"https:\/\/drive.google.com\/file\/d\/1hCddN2Ah5diJosLHGQfBXKnxgRapUrWo\/view?usp=sharing\">Projecte de Direcci\u00f3<\/a><\/li>\n<li><a href=\"https:\/\/drive.google.com\/file\/d\/1_9lDI6EumbLIRDJpEDXzH73he1U6pFEz\/view?usp=sharing\">Programaci\u00f3 General Anual\u00a0<\/a><\/li>\n<li><a href=\"https:\/\/drive.google.com\/file\/d\/1gUQvOw252X9vpkmDnOBPkUnMNOCxBMdn\/view?usp=sharing\">Projecte Ling\u00fc\u00edstic del Centre &#8211; En proc\u00e9s de revisi\u00f3 curs 2019-2020<\/a><\/li>\n<li><a href=\"https:\/\/drive.google.com\/file\/d\/15bN2asq0wdJWzHxjMiEFyH0BKVyJoFoj\/view?usp=sharing\">Projecte de Conviv\u00e8ncia<\/a><\/li>\n<li><a href=\"https:\/\/drive.google.com\/file\/d\/1gPmwg-aqUHxj0A-q_OrV-oW46nF0o11x\/view?usp=sharing\">Normes d&#8217;Organitzaci\u00f3 i Funcionament del Centre<\/a><\/li>\n<li><a href=\"https:\/\/drive.google.com\/file\/d\/1xP0edH700Li83i3NgI_oGqblc5wvuxQN\/view?usp=sharing\">Gesti\u00f3 Econ\u00f2mica<\/a><\/li>\n<li><a href=\"https:\/\/sites.google.com\/xtec.cat\/culturadigitalmontserratina?usp=sharing\">Estrat\u00e8gia Digital de Centre<\/a><\/li>\n<li><a href=\"https:\/\/drive.google.com\/file\/d\/1rjW-PnuVZg8O49kEJ9QgBG26awjBT2oY\/view?usp=sharing\">Carta de comprom\u00eds educatiu<\/a><\/li>\n<\/ul>\n<p>SABERS I CRITERIS D&#8217;AVALUACI\u00d3<\/p>\n<p>&nbsp;<\/p>\n<table style=\"border-collapse: collapse; width: 100%; height: 315px;\">\n<tbody>\n<tr style=\"height: 95px;\">\n<td style=\"width: 25%; text-align: center; height: 95px;\"><strong>EDUCACI\u00d3<\/strong><\/p>\n<p><strong>INFANTIL<\/strong><\/td>\n<td style=\"width: 25%; text-align: center; height: 95px;\"><strong>CICLE\u00a0<\/strong><\/p>\n<p><strong>INICIAL<\/strong><\/td>\n<td style=\"width: 25%; text-align: center; height: 95px;\"><strong>CICLE<\/strong><\/p>\n<p><strong>MITJ\u00c0<\/strong><\/td>\n<td style=\"width: 25%; text-align: center; height: 95px;\"><strong>CICLE<\/strong><\/p>\n<p><strong>SUPERIOR<\/strong><\/td>\n<\/tr>\n<tr style=\"height: 31px;\">\n<td style=\"width: 25%; height: 125px; text-align: center;\" rowspan=\"2\">&nbsp;<\/p>\n<p><a href=\"https:\/\/drive.google.com\/file\/d\/1RxrgwC6sUDL7o4L5GIKJNtAo_PYN06da\/view?usp=sharing\">Sabers \u00a0Ed. Infantil<\/a><\/p>\n<p><a href=\"https:\/\/drive.google.com\/file\/d\/1RxrgwC6sUDL7o4L5GIKJNtAo_PYN06da\/view?usp=sharing\">I3, I4,I5<\/a><\/td>\n<td style=\"width: 25%; height: 67px; text-align: center; vertical-align: middle;\"><a href=\"https:\/\/drive.google.com\/file\/d\/12HyhikNs5L6sR2LM8_ojRAlsgb-Mgccb\/view?usp=share_link\">Sabers 1r EPRI\u00a0<\/a><\/td>\n<td style=\"width: 25%; height: 67px; text-align: center; vertical-align: middle;\"><a href=\"https:\/\/drive.google.com\/file\/d\/12Ct3wiPF_RbK7sDsE_36Zq5K22Ew_It1\/view?usp=share_link\">Sabers 3r EPRI <\/a><\/td>\n<td style=\"width: 25%; height: 67px; text-align: center; vertical-align: middle;\"><a href=\"https:\/\/drive.google.com\/file\/d\/12VwLiVuuiiqDthdb_iKfUwTAJIMGt-qe\/view?usp=share_link\">Sabers 5\u00e8 EPRI <\/a><\/td>\n<\/tr>\n<tr style=\"height: 58px;\">\n<td style=\"width: 25%; text-align: center; vertical-align: middle; height: 58px;\"><a href=\"https:\/\/drive.google.com\/file\/d\/12E7kKaw65Y6x8_XbOTx7nIpZyU_ylvXx\/view?usp=share_link\">Sabers 2n EPRI <\/a><\/td>\n<td style=\"width: 25%; text-align: center; vertical-align: middle; height: 58px;\"><a href=\"https:\/\/drive.google.com\/file\/d\/1285FsYU99zC6Q_6AOWbsukTVHPT9ls2V\/view?usp=share_link\">Sabers 4t EPRI <\/a><\/td>\n<td style=\"width: 25%; text-align: center; vertical-align: middle; height: 58px;\"><a href=\"https:\/\/drive.google.com\/file\/d\/12XJbVa-Vr_nAsqZ48Ta4J_B2jBSMW0OO\/view?usp=share_link\">Sabers 6\u00e8 EPRI <\/a><\/td>\n<\/tr>\n<tr style=\"height: 95px;\">\n<td style=\"width: 25%; text-align: center; height: 95px;\"><a href=\"https:\/\/drive.google.com\/file\/d\/19YXXZU_SLCTwLJ2Yvf3pQGvxJ-sorF1F\/view?usp=sharing\">Criteris d&#8217;Avaluaci\u00f3<\/a><\/p>\n<p><a href=\"https:\/\/drive.google.com\/file\/d\/19YXXZU_SLCTwLJ2Yvf3pQGvxJ-sorF1F\/view?usp=sharing\">Educaci\u00f3 Infantil<\/a><\/td>\n<td style=\"width: 25%; text-align: center; height: 95px;\"><a href=\"https:\/\/drive.google.com\/file\/d\/1CLwMmBPTsV772WgI6ySzlyl7Tz1aIsjn\/view?usp=sharing\">Criteris d&#8217;Avaluaci\u00f3 <\/a><\/p>\n<p><a href=\"https:\/\/drive.google.com\/file\/d\/1CLwMmBPTsV772WgI6ySzlyl7Tz1aIsjn\/view?usp=sharing\">Cicle Inicial<\/a><\/td>\n<td style=\"width: 25%; text-align: center; height: 95px;\"><a href=\"https:\/\/drive.google.com\/file\/d\/1CLtLSGP8_zZWlZIm0wEOWzKGuU4SPRAE\/view?usp=sharing\">Criteris d&#8217;Avaluaci\u00f3 <\/a><\/p>\n<p><a href=\"https:\/\/drive.google.com\/file\/d\/1CLtLSGP8_zZWlZIm0wEOWzKGuU4SPRAE\/view?usp=sharing\">Cicle Mitj\u00e0<\/a><\/td>\n<td style=\"width: 25%; text-align: center; height: 95px;\"><a href=\"https:\/\/drive.google.com\/file\/d\/1CL7W_KsyzH6ZnaxU32NoN3TJLlUaqmGi\/view?usp=sharing\">Criteris d&#8217;Avaluaci\u00f3 <\/a><\/p>\n<p><a href=\"https:\/\/drive.google.com\/file\/d\/1CL7W_KsyzH6ZnaxU32NoN3TJLlUaqmGi\/view?usp=sharing\">Cicle Superior<\/a><\/td>\n<\/tr>\n<\/tbody>\n<\/table>\n<p>&nbsp;<\/p>\n","protected":false},"excerpt":{"rendered":"<p>En aquesta apartat trobareu la informaci\u00f3 de la documentaci\u00f3 del centre. At\u00e8s que s\u00f3n documents vius, alguns d&#8217;ells es troben en proc\u00e9s de revisi\u00f3 i\/o actualitzaci\u00f3.<\/p>\n<ul>\n<li><a href=\"https:\/\/drive.google.com\/file\/d\/0B-U7sp_Sk58cYTUxYVplNmZBbzQ\/view?usp=sharing\">Projecte Educatiu del Centre<\/a><\/li>\n<li><a href=\"https:\/\/drive.google.com\/file\/d\/1hCddN2Ah5diJosLHGQfBXKnxgRapUrWo\/view?usp=sharing\">Projecte de Direcci\u00f3<\/a><\/li>\n<li><a href=\"https:\/\/drive.google.com\/file\/d\/1_9lDI6EumbLIRDJpEDXzH73he1U6pFEz\/view?usp=sharing\">Programaci\u00f3 General Anual\u00a0<\/a><\/li>\n<li><a href=\"https:\/\/drive.google.com\/file\/d\/1gUQvOw252X9vpkmDnOBPkUnMNOCxBMdn\/view?usp=sharing\">Projecte Ling\u00fc\u00edstic del Centre &#8211; En proc\u00e9s de revisi\u00f3&hellip;  <a href=\"https:\/\/agora.xtec.cat\/escolamontserratina\/projectes\/documentacio\/\" title=\"Read Documentaci\u00f3 del centre\">Llegeix m\u00e9s\u00bb<\/a><br \/>\n","protected":false},"author":1,"featured_media":0,"parent":695,"menu_order":1,"comment_status":"closed","ping_status":"closed","template":"page-templates\/side-menu.php","meta":{"_bbp_topic_count":0,"_bbp_reply_count":0,"_bbp_total_topic_count":0,"_bbp_total_reply_count":0,"_bbp_voice_count":0,"_bbp_anonymous_reply_count":0,"_bbp_topic_count_hidden":0,"_bbp_reply_count_hidden":0,"_bbp_forum_subforum_count":0,"footnotes":""},"class_list":["post-1680","page","type-page","status-publish","hentry"],"post_mailing_queue_ids":[],"_links":{"self":[{"href":"https:\/\/agora.xtec.cat\/escolamontserratina\/wp-json\/wp\/v2\/pages\/1680","targetHints":{"allow":["GET"]}}],"collection":[{"href":"https:\/\/agora.xtec.cat\/escolamontserratina\/wp-json\/wp\/v2\/pages"}],"about":[{"href":"https:\/\/agora.xtec.cat\/escolamontserratina\/wp-json\/wp\/v2\/types\/page"}],"author":[{"embeddable":true,"href":"https:\/\/agora.xtec.cat\/escolamontserratina\/wp-json\/wp\/v2\/users\/1"}],"replies":[{"embeddable":true,"href":"https:\/\/agora.xtec.cat\/escolamontserratina\/wp-json\/wp\/v2\/comments?post=1680"}],"version-history":[{"count":7,"href":"https:\/\/agora.xtec.cat\/escolamontserratina\/wp-json\/wp\/v2\/pages\/1680\/revisions"}],"predecessor-version":[{"id":7755,"href":"https:\/\/agora.xtec.cat\/escolamontserratina\/wp-json\/wp\/v2\/pages\/1680\/revisions\/7755"}],"up":[{"embeddable":true,"href":"https:\/\/agora.xtec.cat\/escolamontserratina\/wp-json\/wp\/v2\/pages\/695"}],"wp:attachment":[{"href":"https:\/\/agora.xtec.cat\/escolamontserratina\/wp-json\/wp\/v2\/media?parent=1680"}],"curies":[{"name":"wp","href":"https:\/\/api.w.org\/{rel}","templated":true}]}}