{"id":5953,"date":"2025-05-30T11:43:16","date_gmt":"2025-05-30T09:43:16","guid":{"rendered":"https:\/\/agora.xtec.cat\/escolamontserratesparreguera\/?page_id=5953"},"modified":"2025-05-30T12:18:23","modified_gmt":"2025-05-30T10:18:23","slug":"tpvescola","status":"publish","type":"page","link":"https:\/\/agora.xtec.cat\/escolamontserratesparreguera\/lescola\/secretaria\/tpvescola\/","title":{"rendered":"TPVescola"},"content":{"rendered":"<h1 class=\"entry-title\" style=\"text-align: center;\"><span style=\"color: #ff6600;\">COM FUNCIONA TPV ESCOLA PAGAMENTS : <\/span><\/h1>\n<h1 class=\"entry-title\" style=\"text-align: center;\"><span style=\"color: #ff6600;\">Material escolar i activitats did\u00e0ctiques complement\u00e0ries<\/span><\/h1>\n<p>&nbsp;<\/p>\n<h3><span style=\"color: #ff6600;\"><strong>Instruccions per accedir a TPVEscola:<\/strong><\/span><\/h3>\n<p><img loading=\"lazy\" decoding=\"async\" class=\"alignnone size-full wp-image-5955\" src=\"https:\/\/agora.xtec.cat\/escolamontserratesparreguera\/wp-content\/uploads\/usu2497\/2025\/05\/wapp-copy-517.png\" alt=\"\" width=\"517\" height=\"347\" \/><iframe loading=\"lazy\" src=\"\/\/www.youtube.com\/embed\/Bz0XQ7n_11U\" width=\"560\" height=\"314\" allowfullscreen=\"allowfullscreen\"><\/iframe><\/p>\n<h5><span style=\"color: #0000ff;\"><strong>Amb l\u2019App gratu\u00efta del m\u00f2bil:<\/strong><\/span><\/h5>\n<ol>\n<li>Descarregueu l\u2019App\u00a0<strong><em>TPVEscola<\/em><\/strong>\u00a0a\u00a0<strong><em>Google Play<\/em><\/strong>\u00a0o\u00a0<strong><em>App Store<\/em><\/strong>.<\/li>\n<li>Seleccioneu poblaci\u00f3\u00a0<i>: Esparreguera, escola Montserrat\u00a0<\/i><\/li>\n<li>Identifiqueu-vos amb el vostre usuari (rebut per correu electr\u00f2nic)i amb la contrasenya inicial\u00a0<strong><em>xxxxxx<\/em><\/strong> (aquesta contrasenya s\u2019ha de canviar la primera vegada que entreu, doncs \u00e9s la mateixa per tots els usuaris per defecte).<\/li>\n<\/ol>\n<p>Un cop introdu\u00efdes les dades, ja queden gravades per properes vegades.<\/p>\n<h5><span style=\"color: #0000ff;\"><strong>Per Internet:<\/strong><\/span><\/h5>\n<ol>\n<li>Accediu a\u00a0<strong>www.tpvescola.com<\/strong><\/li>\n<li>Seleccioneu poblaci\u00f3: <i>Esparreguera, escola Montserrat<\/i><\/li>\n<li>Identifiqueu-vos amb el vostre usuari\u00a0 (rebut per correu electr\u00f2nic)i amb la contrasenya inicial <strong><em>xxxxxx<\/em><\/strong> ( aquesta contrasenya s\u2019ha de canviar la primera vegada que entreu, doncs \u00e9s la mateixa per tots els usuaris per defecte).<\/li>\n<\/ol>\n<h3><\/h3>\n<h3><span style=\"color: #ff6600;\"><strong>PAGAMENTS AMB TPVescola<\/strong><\/span><\/h3>\n<p>Aneu a\u00a0<em>PAGAMENTS<\/em>\u00a0i seleccioneu els conceptes. Fent clic al bot\u00f3\u00a0<em>PAGAR<\/em> accedireu a la p\u00e0gina banc\u00e0ria de pagament. Heu d\u2019introduir les dades de la vostra targeta de cr\u00e8dit o d\u00e8bit i seguir les instruccions en pantalla, tamb\u00e9 podeu pagar per Bizum<\/p>\n<p>Els pagaments es realitzen de forma segura a\u00a0<span class=\"f28\">Redsys<\/span>\u00a0mitjan\u00e7ant\u00a0<span class=\"f28\">targeta<\/span>\u00a0de d\u00e8bit, cr\u00e8dit o prepagament de qualsevol entitat financera nacional, i tamb\u00e9 per\u00a0<span class=\"f28\">Bizum.<\/span><\/p>\n<p>&nbsp;<\/p>\n<p><img loading=\"lazy\" decoding=\"async\" class=\"alignnone size-full wp-image-5958\" src=\"https:\/\/agora.xtec.cat\/escolamontserratesparreguera\/wp-content\/uploads\/usu2497\/2025\/05\/PAGAMENTS-768x141-3.png\" alt=\"\" width=\"768\" height=\"141\" \/><iframe loading=\"lazy\" src=\"\/\/www.youtube.com\/embed\/SYssGaX6sh4\" width=\"560\" height=\"314\" allowfullscreen=\"allowfullscreen\"><\/iframe><\/p>\n<p>&nbsp;<\/p>\n<p>&nbsp;<\/p>\n<p>&nbsp;<\/p>\n","protected":false},"excerpt":{"rendered":"<p>COM FUNCIONA TPV ESCOLA PAGAMENTS : Material escolar i activitats did\u00e0ctiques complement\u00e0ries &nbsp; Instruccions per accedir a TPVEscola: Amb l\u2019App gratu\u00efta del m\u00f2bil: Descarregueu l\u2019App\u00a0TPVEscola\u00a0a\u00a0Google Play\u00a0o\u00a0App Store. Seleccioneu poblaci\u00f3\u00a0: Esparreguera, escola Montserrat\u00a0 Identifiqueu-vos amb el vostre usuari (rebut per correu electr\u00f2nic)i amb la contrasenya inicial\u00a0xxxxxx (aquesta contrasenya s\u2019ha de canviar la primera vegada que entreu, [&hellip;]<\/p>\n","protected":false},"author":1,"featured_media":0,"parent":3354,"menu_order":0,"comment_status":"closed","ping_status":"closed","template":"page-templates\/side-menu.php","meta":{"_bbp_topic_count":0,"_bbp_reply_count":0,"_bbp_total_topic_count":0,"_bbp_total_reply_count":0,"_bbp_voice_count":0,"_bbp_anonymous_reply_count":0,"_bbp_topic_count_hidden":0,"_bbp_reply_count_hidden":0,"_bbp_forum_subforum_count":0,"site-sidebar-layout":"default","site-content-layout":"","ast-site-content-layout":"","site-content-style":"default","site-sidebar-style":"default","ast-global-header-display":"","ast-banner-title-visibility":"","ast-main-header-display":"","ast-hfb-above-header-display":"","ast-hfb-below-header-display":"","ast-hfb-mobile-header-display":"","site-post-title":"","ast-breadcrumbs-content":"","ast-featured-img":"","footer-sml-layout":"","theme-transparent-header-meta":"","adv-header-id-meta":"","stick-header-meta":"","header-above-stick-meta":"","header-main-stick-meta":"","header-below-stick-meta":"","astra-migrate-meta-layouts":"default","ast-page-background-enabled":"default","ast-page-background-meta":{"desktop":{"background-color":"var(--ast-global-color-4)","background-image":"","background-repeat":"repeat","background-position":"center center","background-size":"auto","background-attachment":"scroll","background-type":"","background-media":"","overlay-type":"","overlay-color":"","overlay-opacity":"","overlay-gradient":""},"tablet":{"background-color":"","background-image":"","background-repeat":"repeat","background-position":"center center","background-size":"auto","background-attachment":"scroll","background-type":"","background-media":"","overlay-type":"","overlay-color":"","overlay-opacity":"","overlay-gradient":""},"mobile":{"background-color":"","background-image":"","background-repeat":"repeat","background-position":"center center","background-size":"auto","background-attachment":"scroll","background-type":"","background-media":"","overlay-type":"","overlay-color":"","overlay-opacity":"","overlay-gradient":""}},"ast-content-background-meta":{"desktop":{"background-color":"var(--ast-global-color-5)","background-image":"","background-repeat":"repeat","background-position":"center center","background-size":"auto","background-attachment":"scroll","background-type":"","background-media":"","overlay-type":"","overlay-color":"","overlay-opacity":"","overlay-gradient":""},"tablet":{"background-color":"var(--ast-global-color-5)","background-image":"","background-repeat":"repeat","background-position":"center center","background-size":"auto","background-attachment":"scroll","background-type":"","background-media":"","overlay-type":"","overlay-color":"","overlay-opacity":"","overlay-gradient":""},"mobile":{"background-color":"var(--ast-global-color-5)","background-image":"","background-repeat":"repeat","background-position":"center center","background-size":"auto","background-attachment":"scroll","background-type":"","background-media":"","overlay-type":"","overlay-color":"","overlay-opacity":"","overlay-gradient":""}},"footnotes":""},"class_list":["post-5953","page","type-page","status-publish","hentry"],"post_mailing_queue_ids":[],"_links":{"self":[{"href":"https:\/\/agora.xtec.cat\/escolamontserratesparreguera\/wp-json\/wp\/v2\/pages\/5953","targetHints":{"allow":["GET"]}}],"collection":[{"href":"https:\/\/agora.xtec.cat\/escolamontserratesparreguera\/wp-json\/wp\/v2\/pages"}],"about":[{"href":"https:\/\/agora.xtec.cat\/escolamontserratesparreguera\/wp-json\/wp\/v2\/types\/page"}],"author":[{"embeddable":true,"href":"https:\/\/agora.xtec.cat\/escolamontserratesparreguera\/wp-json\/wp\/v2\/users\/1"}],"replies":[{"embeddable":true,"href":"https:\/\/agora.xtec.cat\/escolamontserratesparreguera\/wp-json\/wp\/v2\/comments?post=5953"}],"version-history":[{"count":6,"href":"https:\/\/agora.xtec.cat\/escolamontserratesparreguera\/wp-json\/wp\/v2\/pages\/5953\/revisions"}],"predecessor-version":[{"id":5967,"href":"https:\/\/agora.xtec.cat\/escolamontserratesparreguera\/wp-json\/wp\/v2\/pages\/5953\/revisions\/5967"}],"up":[{"embeddable":true,"href":"https:\/\/agora.xtec.cat\/escolamontserratesparreguera\/wp-json\/wp\/v2\/pages\/3354"}],"wp:attachment":[{"href":"https:\/\/agora.xtec.cat\/escolamontserratesparreguera\/wp-json\/wp\/v2\/media?parent=5953"}],"curies":[{"name":"wp","href":"https:\/\/api.w.org\/{rel}","templated":true}]}}