{"id":581,"date":"2021-09-25T12:03:01","date_gmt":"2021-09-25T10:03:01","guid":{"rendered":"https:\/\/agora.xtec.cat\/escolamontserratesparreguera\/?page_id=581"},"modified":"2024-04-30T15:35:40","modified_gmt":"2024-04-30T13:35:40","slug":"documents","status":"publish","type":"page","link":"https:\/\/agora.xtec.cat\/escolamontserratesparreguera\/lescola\/documents\/","title":{"rendered":"Documents"},"content":{"rendered":"<p><img loading=\"lazy\" decoding=\"async\" class=\"alignnone wp-image-3635 \" src=\"https:\/\/agora.xtec.cat\/escolamontserratesparreguera\/wp-content\/uploads\/usu2497\/2024\/02\/Captura-de-pantalla-2024-02-06-234457-e1707260328328.png\" alt=\"\" width=\"1069\" height=\"496\" srcset=\"https:\/\/agora.xtec.cat\/escolamontserratesparreguera\/wp-content\/uploads\/usu2497\/2024\/02\/Captura-de-pantalla-2024-02-06-234457-e1707260328328.png 916w, https:\/\/agora.xtec.cat\/escolamontserratesparreguera\/wp-content\/uploads\/usu2497\/2024\/02\/Captura-de-pantalla-2024-02-06-234457-e1707260328328-768x356.png 768w\" sizes=\"auto, (max-width: 1069px) 100vw, 1069px\" \/><\/p>\n<h5 style=\"text-align: left;\"><span class=\"OYPEnA text-decoration-none text-strikethrough-none\">\u00a0 \u00a0 \u00a0 \u00a0 \u00a0 \u00a0 \u00a0 \u00a0 \u00a0 \u00a0 <span style=\"color: #000000;\"><strong>NOFC<\/strong><\/span>: <\/span><span class=\"OYPEnA text-decoration-none text-strikethrough-none\" style=\"color: #000000;\">Cliqueu sobre aquest<\/span><span style=\"color: #00ccff;\"><a class=\"OYPEnA text-decoration-underline text-strikethrough-none\" style=\"color: #00ccff;\" draggable=\"false\" href=\"https:\/\/agora.xtec.cat\/escolamontserratesparreguera\/wp-content\/uploads\/usu2497\/2024\/04\/NOFC.docx-1.pdf\" target=\"_blank\" rel=\"noopener\"> <span style=\"text-decoration: underline;\">enlla\u00e7<\/span> <\/a><\/span><span class=\"OYPEnA text-decoration-none text-strikethrough-none\" style=\"color: #000000;\">per visualitzar aquest document.<\/span><\/h5>\n<h5 style=\"text-align: left;\"><span class=\"OYPEnA text-decoration-none text-strikethrough-none\">\u00a0 \u00a0 \u00a0 \u00a0 \u00a0 \u00a0 \u00a0 \u00a0 \u00a0 \u00a0 <span style=\"color: #000000;\"><strong>PEC<\/strong>: <\/span><\/span><span class=\"OYPEnA text-decoration-none text-strikethrough-none\" style=\"color: #000000;\">Cliqueu sobre aquest <\/span><span style=\"text-decoration: underline; color: #339966;\"><a class=\"OYPEnA text-decoration-underline text-strikethrough-none\" style=\"text-decoration: underline; color: #339966;\" draggable=\"false\" href=\"https:\/\/agora.xtec.cat\/escolamontserratesparreguera\/projecte-educatiu\/eixos-del-nostre-projecte-educatiu\/\" target=\"_blank\" rel=\"noopener\"><span style=\"color: #00ccff; text-decoration: underline;\">enlla\u00e7 <\/span><\/a><\/span><span class=\"OYPEnA text-decoration-none text-strikethrough-none\" style=\"color: #000000;\">per visualitzar aquest document.<\/span><\/h5>\n<h5 style=\"text-align: left;\"><span class=\"OYPEnA text-decoration-none text-strikethrough-none\">\u00a0 \u00a0 \u00a0 \u00a0 \u00a0 \u00a0 \u00a0 \u00a0 \u00a0 <span style=\"color: #000000;\">\u00a0<strong> PROJECTE L\u00cdNG\u00dc\u00cdSTIC<\/strong>: <\/span><\/span><span class=\"OYPEnA text-decoration-none text-strikethrough-none\" style=\"color: #000000;\">Cliqueu sobre aquest<\/span><strong> <span style=\"text-decoration: underline; color: #00ccff;\"><a class=\"OYPEnA text-decoration-underline text-strikethrough-none\" style=\"color: #00ccff; text-decoration: underline;\" draggable=\"false\" href=\"https:\/\/drive.google.com\/file\/d\/1sfazA_wHIB6ZrF6anCzQVGjDStTakYJ_\/view?usp=share_link\" target=\"_blank\" rel=\"noopener\">enlla\u00e7 <\/a><\/span><\/strong><span class=\"OYPEnA text-decoration-none text-strikethrough-none\" style=\"color: #000000;\">per visualitzar aquest document<\/span><\/h5>\n<h5 style=\"text-align: left;\"><span class=\"OYPEnA text-decoration-none text-strikethrough-none\"><span style=\"color: #000000;\"><strong>\u00a0 \u00a0 \u00a0 \u00a0 \u00a0 \u00a0 \u00a0 \u00a0 \u00a0 \u00a0 DOCUMENTS DE GESTI\u00d3:<\/strong><\/span>\u00a0<\/span><span class=\"OYPEnA text-decoration-none text-strikethrough-none\" style=\"color: #000000;\">Cliqueu sobre aquest<\/span><span style=\"color: #00ccff;\"><a class=\"OYPEnA text-decoration-underline text-strikethrough-none\" style=\"color: #00ccff;\" draggable=\"false\" href=\"https:\/\/agora.xtec.cat\/escolamontserratesparreguera\/lescola\/documents\/documents-de-gestio\/\" target=\"_blank\" rel=\"noopener\"> <span style=\"text-decoration: underline;\">enlla\u00e7<\/span> <\/a><\/span><span class=\"OYPEnA text-decoration-none text-strikethrough-none\" style=\"color: #000000;\">per visualitzar el documents.<\/span><\/h5>\n","protected":false},"excerpt":{"rendered":"<p>\u00a0 \u00a0 \u00a0 \u00a0 \u00a0 \u00a0 \u00a0 \u00a0 \u00a0 \u00a0 NOFC: Cliqueu sobre aquest enlla\u00e7 per visualitzar aquest document. \u00a0 \u00a0 \u00a0 \u00a0 \u00a0 \u00a0 \u00a0 \u00a0 \u00a0 \u00a0 PEC: Cliqueu sobre aquest enlla\u00e7 per visualitzar aquest document. \u00a0 \u00a0 \u00a0 \u00a0 \u00a0 \u00a0 \u00a0 \u00a0 \u00a0 \u00a0 PROJECTE L\u00cdNG\u00dc\u00cdSTIC: Cliqueu sobre aquest enlla\u00e7 per [&hellip;]<\/p>\n","protected":false},"author":1,"featured_media":0,"parent":22,"menu_order":0,"comment_status":"closed","ping_status":"closed","template":"page-templates\/side-menu.php","meta":{"_bbp_topic_count":0,"_bbp_reply_count":0,"_bbp_total_topic_count":0,"_bbp_total_reply_count":0,"_bbp_voice_count":0,"_bbp_anonymous_reply_count":0,"_bbp_topic_count_hidden":0,"_bbp_reply_count_hidden":0,"_bbp_forum_subforum_count":0,"site-sidebar-layout":"default","site-content-layout":"","ast-site-content-layout":"","site-content-style":"default","site-sidebar-style":"default","ast-global-header-display":"","ast-banner-title-visibility":"","ast-main-header-display":"","ast-hfb-above-header-display":"","ast-hfb-below-header-display":"","ast-hfb-mobile-header-display":"","site-post-title":"","ast-breadcrumbs-content":"","ast-featured-img":"","footer-sml-layout":"","theme-transparent-header-meta":"","adv-header-id-meta":"","stick-header-meta":"","header-above-stick-meta":"","header-main-stick-meta":"","header-below-stick-meta":"","astra-migrate-meta-layouts":"default","ast-page-background-enabled":"default","ast-page-background-meta":{"desktop":{"background-color":"var(--ast-global-color-4)","background-image":"","background-repeat":"repeat","background-position":"center center","background-size":"auto","background-attachment":"scroll","background-type":"","background-media":"","overlay-type":"","overlay-color":"","overlay-opacity":"","overlay-gradient":""},"tablet":{"background-color":"","background-image":"","background-repeat":"repeat","background-position":"center center","background-size":"auto","background-attachment":"scroll","background-type":"","background-media":"","overlay-type":"","overlay-color":"","overlay-opacity":"","overlay-gradient":""},"mobile":{"background-color":"","background-image":"","background-repeat":"repeat","background-position":"center center","background-size":"auto","background-attachment":"scroll","background-type":"","background-media":"","overlay-type":"","overlay-color":"","overlay-opacity":"","overlay-gradient":""}},"ast-content-background-meta":{"desktop":{"background-color":"var(--ast-global-color-5)","background-image":"","background-repeat":"repeat","background-position":"center center","background-size":"auto","background-attachment":"scroll","background-type":"","background-media":"","overlay-type":"","overlay-color":"","overlay-opacity":"","overlay-gradient":""},"tablet":{"background-color":"var(--ast-global-color-5)","background-image":"","background-repeat":"repeat","background-position":"center center","background-size":"auto","background-attachment":"scroll","background-type":"","background-media":"","overlay-type":"","overlay-color":"","overlay-opacity":"","overlay-gradient":""},"mobile":{"background-color":"var(--ast-global-color-5)","background-image":"","background-repeat":"repeat","background-position":"center center","background-size":"auto","background-attachment":"scroll","background-type":"","background-media":"","overlay-type":"","overlay-color":"","overlay-opacity":"","overlay-gradient":""}},"footnotes":""},"class_list":["post-581","page","type-page","status-publish","hentry"],"post_mailing_queue_ids":[],"_links":{"self":[{"href":"https:\/\/agora.xtec.cat\/escolamontserratesparreguera\/wp-json\/wp\/v2\/pages\/581","targetHints":{"allow":["GET"]}}],"collection":[{"href":"https:\/\/agora.xtec.cat\/escolamontserratesparreguera\/wp-json\/wp\/v2\/pages"}],"about":[{"href":"https:\/\/agora.xtec.cat\/escolamontserratesparreguera\/wp-json\/wp\/v2\/types\/page"}],"author":[{"embeddable":true,"href":"https:\/\/agora.xtec.cat\/escolamontserratesparreguera\/wp-json\/wp\/v2\/users\/1"}],"replies":[{"embeddable":true,"href":"https:\/\/agora.xtec.cat\/escolamontserratesparreguera\/wp-json\/wp\/v2\/comments?post=581"}],"version-history":[{"count":6,"href":"https:\/\/agora.xtec.cat\/escolamontserratesparreguera\/wp-json\/wp\/v2\/pages\/581\/revisions"}],"predecessor-version":[{"id":4446,"href":"https:\/\/agora.xtec.cat\/escolamontserratesparreguera\/wp-json\/wp\/v2\/pages\/581\/revisions\/4446"}],"up":[{"embeddable":true,"href":"https:\/\/agora.xtec.cat\/escolamontserratesparreguera\/wp-json\/wp\/v2\/pages\/22"}],"wp:attachment":[{"href":"https:\/\/agora.xtec.cat\/escolamontserratesparreguera\/wp-json\/wp\/v2\/media?parent=581"}],"curies":[{"name":"wp","href":"https:\/\/api.w.org\/{rel}","templated":true}]}}