{"id":3549,"date":"2024-02-02T13:24:12","date_gmt":"2024-02-02T12:24:12","guid":{"rendered":"https:\/\/agora.xtec.cat\/escolamontserratesparreguera\/?page_id=3549"},"modified":"2026-04-29T10:07:45","modified_gmt":"2026-04-29T08:07:45","slug":"preeinscripcio-i-matricula","status":"publish","type":"page","link":"https:\/\/agora.xtec.cat\/escolamontserratesparreguera\/lescola\/secretaria\/preeinscripcio-i-matricula\/","title":{"rendered":"Preeinscripci\u00f3 i matricula"},"content":{"rendered":"<p><img loading=\"lazy\" decoding=\"async\" class=\"size-full wp-image-7066 aligncenter\" src=\"https:\/\/agora.xtec.cat\/escolamontserratesparreguera\/wp-content\/uploads\/usu2497\/2026\/04\/sorteig.png\" alt=\"\" width=\"544\" height=\"680\" \/><\/p>\n<p>&nbsp;<\/p>\n<h6 data-pm-slice=\"1 1 []\"><span style=\"color: #0000ff;\">Podeu fer un clic a cada n\u00famero per veure l&#8217;apartat que us interessi dins de la l\u00ednia temporal seg\u00fcent:<\/span><\/h6>\n<p><!-- Image Map Generated by http:\/\/www.image-map.net\/ --><br \/>\n<img decoding=\"async\" src=\"https:\/\/agora.xtec.cat\/escolamontserratesparreguera\/wp-content\/uploads\/usu2497\/2026\/04\/Time-line-Preinscripcio-i-matricula-2-27-4-1.jpg\" usemap=\"#image-map\"><\/p>\n<map name=\"image-map\">\n<area target=\"_blank\" alt=\"oferta inicial\" title=\"oferta inicial\" href=\"https:\/\/agora.xtec.cat\/escolamontserratesparreguera\/wp-content\/uploads\/usu2497\/2026\/03\/INFORME_OFERTA_OME_INFORME_OFERTA-3-1_page-0001-1.png\" coords=\"153,199,34\" shape=\"circle\">\n<area target=\"_blank\" alt=\"presentaci\u00f3 sol\u00b7licituds\" title=\"presentaci\u00f3 sol\u00b7licituds\" href=\"https:\/\/tramits.gencat.cat\/ca\/tramits\/tramits-temes\/perinscripcio-obligatoris?&amp;moda=1\" coords=\"394,195,32\" shape=\"circle\">\n<area target=\"_blank\" alt=\"llista resoltes les reclamacions\" title=\"llista resoltes les reclamacions\" href=\"https:\/\/agora.xtec.cat\/escolamontserratesparreguera\/wp-content\/uploads\/usu2497\/2026\/04\/INFORME_BAREM_RESOLTES_BAREM-1.pdf\" coords=\"280,369,32\" shape=\"circle\">\n<area target=\"_blank\" alt=\"sorteig\" title=\"sorteig\" href=\"https:\/\/preinscripcio.gencat.cat\/ca\/estudis\/eso\/preinscriute\/seguiment-sollicitud\/sorteig-desempat\/index.html\" coords=\"517,370,31\" shape=\"circle\">\n<area target=\"_blank\" alt=\"Llista ordenada\" title=\"Llista ordenada\" href=\"https:\/\/agora.xtec.cat\/escolamontserratesparreguera\/wp-content\/uploads\/usu2497\/2026\/04\/LLISTA-ORDENADA.pdf\" coords=\"749,369,36\" shape=\"circle\">\n<area target=\"_blank\" alt=\"Llista amb barem provisional\" title=\"Llista amb barem provisional\" href=\"https:\/\/agora.xtec.cat\/escolamontserratesparreguera\/wp-content\/uploads\/usu2497\/2026\/04\/INFORME_OFERTA_OME_INFORME_OFERTA-4-1.pdf\" coords=\"631,195,35\" shape=\"circle\">\n<\/map>\n<p>&nbsp;<\/p>\n<p><span style=\"color: #cc99ff;\"><strong><span style=\"color: #3366ff;\">A continuaci\u00f3 trobareu els punts de barem que s&#8217;adjudiquen per cada criteri prioritari o complementari.<\/span><\/strong><\/span><br \/>\n<img loading=\"lazy\" decoding=\"async\" class=\"alignnone size-full wp-image-6616\" src=\"https:\/\/agora.xtec.cat\/escolamontserratesparreguera\/wp-content\/uploads\/usu2497\/2026\/02\/Puntuacio-26-27.jpg\" alt=\"\" width=\"1241\" height=\"714\" srcset=\"https:\/\/agora.xtec.cat\/escolamontserratesparreguera\/wp-content\/uploads\/usu2497\/2026\/02\/Puntuacio-26-27.jpg 1241w, https:\/\/agora.xtec.cat\/escolamontserratesparreguera\/wp-content\/uploads\/usu2497\/2026\/02\/Puntuacio-26-27-768x442.jpg 768w\" sizes=\"auto, (max-width: 1241px) 100vw, 1241px\" \/><\/p>\n","protected":false},"excerpt":{"rendered":"<p>&nbsp; Podeu fer un clic a cada n\u00famero per veure l&#8217;apartat que us interessi dins de la l\u00ednia temporal seg\u00fcent: &nbsp; A continuaci\u00f3 trobareu els punts de barem que s&#8217;adjudiquen per cada criteri prioritari o complementari.<\/p>\n","protected":false},"author":1,"featured_media":0,"parent":3354,"menu_order":4,"comment_status":"closed","ping_status":"closed","template":"","meta":{"_bbp_topic_count":0,"_bbp_reply_count":0,"_bbp_total_topic_count":0,"_bbp_total_reply_count":0,"_bbp_voice_count":0,"_bbp_anonymous_reply_count":0,"_bbp_topic_count_hidden":0,"_bbp_reply_count_hidden":0,"_bbp_forum_subforum_count":0,"site-sidebar-layout":"default","site-content-layout":"","ast-site-content-layout":"default","site-content-style":"default","site-sidebar-style":"default","ast-global-header-display":"","ast-banner-title-visibility":"","ast-main-header-display":"","ast-hfb-above-header-display":"","ast-hfb-below-header-display":"","ast-hfb-mobile-header-display":"","site-post-title":"","ast-breadcrumbs-content":"","ast-featured-img":"","footer-sml-layout":"","theme-transparent-header-meta":"default","adv-header-id-meta":"","stick-header-meta":"","header-above-stick-meta":"","header-main-stick-meta":"","header-below-stick-meta":"","astra-migrate-meta-layouts":"set","ast-page-background-enabled":"default","ast-page-background-meta":{"desktop":{"background-color":"var(--ast-global-color-4)","background-image":"","background-repeat":"repeat","background-position":"center center","background-size":"auto","background-attachment":"scroll","background-type":"","background-media":"","overlay-type":"","overlay-color":"","overlay-opacity":"","overlay-gradient":""},"tablet":{"background-color":"","background-image":"","background-repeat":"repeat","background-position":"center center","background-size":"auto","background-attachment":"scroll","background-type":"","background-media":"","overlay-type":"","overlay-color":"","overlay-opacity":"","overlay-gradient":""},"mobile":{"background-color":"","background-image":"","background-repeat":"repeat","background-position":"center center","background-size":"auto","background-attachment":"scroll","background-type":"","background-media":"","overlay-type":"","overlay-color":"","overlay-opacity":"","overlay-gradient":""}},"ast-content-background-meta":{"desktop":{"background-color":"var(--ast-global-color-5)","background-image":"","background-repeat":"repeat","background-position":"center center","background-size":"auto","background-attachment":"scroll","background-type":"","background-media":"","overlay-type":"","overlay-color":"","overlay-opacity":"","overlay-gradient":""},"tablet":{"background-color":"var(--ast-global-color-5)","background-image":"","background-repeat":"repeat","background-position":"center center","background-size":"auto","background-attachment":"scroll","background-type":"","background-media":"","overlay-type":"","overlay-color":"","overlay-opacity":"","overlay-gradient":""},"mobile":{"background-color":"var(--ast-global-color-5)","background-image":"","background-repeat":"repeat","background-position":"center center","background-size":"auto","background-attachment":"scroll","background-type":"","background-media":"","overlay-type":"","overlay-color":"","overlay-opacity":"","overlay-gradient":""}},"footnotes":""},"class_list":["post-3549","page","type-page","status-publish","hentry"],"post_mailing_queue_ids":[],"_links":{"self":[{"href":"https:\/\/agora.xtec.cat\/escolamontserratesparreguera\/wp-json\/wp\/v2\/pages\/3549","targetHints":{"allow":["GET"]}}],"collection":[{"href":"https:\/\/agora.xtec.cat\/escolamontserratesparreguera\/wp-json\/wp\/v2\/pages"}],"about":[{"href":"https:\/\/agora.xtec.cat\/escolamontserratesparreguera\/wp-json\/wp\/v2\/types\/page"}],"author":[{"embeddable":true,"href":"https:\/\/agora.xtec.cat\/escolamontserratesparreguera\/wp-json\/wp\/v2\/users\/1"}],"replies":[{"embeddable":true,"href":"https:\/\/agora.xtec.cat\/escolamontserratesparreguera\/wp-json\/wp\/v2\/comments?post=3549"}],"version-history":[{"count":7,"href":"https:\/\/agora.xtec.cat\/escolamontserratesparreguera\/wp-json\/wp\/v2\/pages\/3549\/revisions"}],"predecessor-version":[{"id":7079,"href":"https:\/\/agora.xtec.cat\/escolamontserratesparreguera\/wp-json\/wp\/v2\/pages\/3549\/revisions\/7079"}],"up":[{"embeddable":true,"href":"https:\/\/agora.xtec.cat\/escolamontserratesparreguera\/wp-json\/wp\/v2\/pages\/3354"}],"wp:attachment":[{"href":"https:\/\/agora.xtec.cat\/escolamontserratesparreguera\/wp-json\/wp\/v2\/media?parent=3549"}],"curies":[{"name":"wp","href":"https:\/\/api.w.org\/{rel}","templated":true}]}}