{"id":87,"date":"2014-09-18T14:28:12","date_gmt":"2014-09-18T12:28:12","guid":{"rendered":"http:\/\/agora.xtec.cat\/escolamontseny\/?page_id=87"},"modified":"2026-01-29T16:00:09","modified_gmt":"2026-01-29T15:00:09","slug":"blogs","status":"publish","type":"page","link":"https:\/\/agora.xtec.cat\/escolamontseny\/blogs\/","title":{"rendered":"BLOCS D&#8217;AULA."},"content":{"rendered":"\n<p>Hola fam\u00edlies!<\/p>\n\n\n\n<p>En aquest espai podreu anar seguint les activitats que fan el nostre alumnat en el dia a dia de l&#8217;escola.<\/p>\n\n\n\n<p>De EI3 fins a 6\u00e8 cada nivell t\u00e9 la seva pr\u00f2pia p\u00e0gina.<\/p>\n\n\n\n<p>Tamb\u00e9 tenim una p\u00e0gina dedicada als ex-alumnes.<\/p>\n\n\n\n<p>Esperem que us agradi i gaudiu veient com creixen els nostres alumnes!<\/p>\n\n\n\n<p><a href=\"https:\/\/agora.xtec.cat\/escolamontseny\/categoria\/gen2022\/\">I3 Generaci\u00f3 2022<\/a><\/p>\n\n\n\n<p><a href=\"https:\/\/agora.xtec.cat\/escolamontseny\/categoria\/gen2022\/\">I4 Generaci\u00f3 2021<\/a><\/p>\n\n\n\n<p><a href=\"https:\/\/agora.xtec.cat\/escolamontseny\/categoria\/generacio-2020\/\">I5 Generaci\u00f3 2020<\/a><\/p>\n\n\n\n<p><a href=\"https:\/\/agora.xtec.cat\/escolamontseny\/categoria\/gen2019\/\">1r Generaci\u00f3 2019<\/a><\/p>\n\n\n\n<p><a href=\"https:\/\/agora.xtec.cat\/escolamontseny\/categoria\/gen2018\/\">2n Generaci\u00f3 2018<\/a><\/p>\n\n\n\n<p><a href=\"https:\/\/agora.xtec.cat\/escolamontseny\/categoria\/gen2017\/\">3r Generaci\u00f3 2017<\/a><\/p>\n\n\n\n<p><a href=\"https:\/\/agora.xtec.cat\/escolamontseny\/categoria\/gen2016\/\">4t Generaci\u00f3 2016<\/a><\/p>\n\n\n\n<p><a href=\"https:\/\/agora.xtec.cat\/escolamontseny\/categoria\/gen2015\/\">5\u00e8 Generaci\u00f3 2015<\/a><\/p>\n\n\n\n<p><a href=\"https:\/\/agora.xtec.cat\/escolamontseny\/categoria\/gen2014\/\">6\u00e8 Generaci\u00f3 2014<\/a><\/p>\n\n\n\n<p><\/p>\n","protected":false},"excerpt":{"rendered":"<p>Hola fam\u00edlies! En aquest espai podreu anar seguint les activitats que fan el nostre alumnat en el dia a dia de l&#8217;escola. De EI3 fins a 6\u00e8 cada nivell t\u00e9 la seva pr\u00f2pia p\u00e0gina. Tamb\u00e9 tenim una p\u00e0gina dedicada als ex-alumnes. Esperem que us agradi i gaudiu veient com creixen els nostres alumnes! I3 Generaci\u00f3 [&hellip;]<\/p>\n","protected":false},"author":1,"featured_media":0,"parent":0,"menu_order":0,"comment_status":"closed","ping_status":"closed","template":"","meta":{"_bbp_topic_count":0,"_bbp_reply_count":0,"_bbp_total_topic_count":0,"_bbp_total_reply_count":0,"_bbp_voice_count":0,"_bbp_anonymous_reply_count":0,"_bbp_topic_count_hidden":0,"_bbp_reply_count_hidden":0,"_bbp_forum_subforum_count":0,"site-sidebar-layout":"left-sidebar","site-content-layout":"","ast-site-content-layout":"default","site-content-style":"unboxed","site-sidebar-style":"boxed","ast-global-header-display":"","ast-banner-title-visibility":"","ast-main-header-display":"","ast-hfb-above-header-display":"","ast-hfb-below-header-display":"","ast-hfb-mobile-header-display":"","site-post-title":"","ast-breadcrumbs-content":"","ast-featured-img":"","footer-sml-layout":"","theme-transparent-header-meta":"default","adv-header-id-meta":"","stick-header-meta":"","header-above-stick-meta":"","header-main-stick-meta":"","header-below-stick-meta":"","astra-migrate-meta-layouts":"set","ast-page-background-enabled":"default","ast-page-background-meta":{"desktop":{"background-color":"var(--ast-global-color-4)","background-image":"","background-repeat":"repeat","background-position":"center center","background-size":"auto","background-attachment":"scroll","background-type":"","background-media":"","overlay-type":"","overlay-color":"","overlay-opacity":"","overlay-gradient":""},"tablet":{"background-color":"","background-image":"","background-repeat":"repeat","background-position":"center center","background-size":"auto","background-attachment":"scroll","background-type":"","background-media":"","overlay-type":"","overlay-color":"","overlay-opacity":"","overlay-gradient":""},"mobile":{"background-color":"","background-image":"","background-repeat":"repeat","background-position":"center center","background-size":"auto","background-attachment":"scroll","background-type":"","background-media":"","overlay-type":"","overlay-color":"","overlay-opacity":"","overlay-gradient":""}},"ast-content-background-meta":{"desktop":{"background-color":"var(--ast-global-color-5)","background-image":"","background-repeat":"repeat","background-position":"center center","background-size":"auto","background-attachment":"scroll","background-type":"","background-media":"","overlay-type":"","overlay-color":"","overlay-opacity":"","overlay-gradient":""},"tablet":{"background-color":"var(--ast-global-color-5)","background-image":"","background-repeat":"repeat","background-position":"center center","background-size":"auto","background-attachment":"scroll","background-type":"","background-media":"","overlay-type":"","overlay-color":"","overlay-opacity":"","overlay-gradient":""},"mobile":{"background-color":"var(--ast-global-color-5)","background-image":"","background-repeat":"repeat","background-position":"center center","background-size":"auto","background-attachment":"scroll","background-type":"","background-media":"","overlay-type":"","overlay-color":"","overlay-opacity":"","overlay-gradient":""}},"footnotes":""},"class_list":["post-87","page","type-page","status-publish","hentry"],"post_mailing_queue_ids":[],"_links":{"self":[{"href":"https:\/\/agora.xtec.cat\/escolamontseny\/wp-json\/wp\/v2\/pages\/87","targetHints":{"allow":["GET"]}}],"collection":[{"href":"https:\/\/agora.xtec.cat\/escolamontseny\/wp-json\/wp\/v2\/pages"}],"about":[{"href":"https:\/\/agora.xtec.cat\/escolamontseny\/wp-json\/wp\/v2\/types\/page"}],"author":[{"embeddable":true,"href":"https:\/\/agora.xtec.cat\/escolamontseny\/wp-json\/wp\/v2\/users\/1"}],"replies":[{"embeddable":true,"href":"https:\/\/agora.xtec.cat\/escolamontseny\/wp-json\/wp\/v2\/comments?post=87"}],"version-history":[{"count":6,"href":"https:\/\/agora.xtec.cat\/escolamontseny\/wp-json\/wp\/v2\/pages\/87\/revisions"}],"predecessor-version":[{"id":11011,"href":"https:\/\/agora.xtec.cat\/escolamontseny\/wp-json\/wp\/v2\/pages\/87\/revisions\/11011"}],"wp:attachment":[{"href":"https:\/\/agora.xtec.cat\/escolamontseny\/wp-json\/wp\/v2\/media?parent=87"}],"curies":[{"name":"wp","href":"https:\/\/api.w.org\/{rel}","templated":true}]}}