{"id":592,"date":"2018-11-13T13:49:29","date_gmt":"2018-11-13T12:49:29","guid":{"rendered":"http:\/\/agora.xtec.cat\/escolamontseny\/?page_id=592"},"modified":"2026-01-20T12:06:16","modified_gmt":"2026-01-20T11:06:16","slug":"autoritzacions","status":"publish","type":"page","link":"https:\/\/agora.xtec.cat\/escolamontseny\/families\/autoritzacions\/","title":{"rendered":"Autoritzacions"},"content":{"rendered":"<p>Aqu\u00ed podeu trobar les diferents autoritzacions de l&#8217;escola, en cas de necessitar-les, les podeu descarregar.<\/p>\n<p><a href=\"https:\/\/agora.xtec.cat\/escolamontseny\/wp-content\/uploads\/usu909\/2026\/01\/AUTORITZACIO-DINANTIA.pdf\">AUTORITZACI\u00d3 DINANTIA<\/a><\/p>\n<p><a href=\"https:\/\/agora.xtec.cat\/escolamontseny\/wp-content\/uploads\/usu909\/2026\/01\/AUTORITZACIO-PER-DONAR-MEDICAMENTS.pdf\">AUTORITZACI\u00d3 PER DONAR MEDICAMENTS<\/a><\/p>\n<p><a href=\"https:\/\/agora.xtec.cat\/escolamontseny\/wp-content\/uploads\/usu909\/2026\/01\/AUTORITZACIO-RECOLLIDA-ALUMNES.pdf\">AUTORITZACI\u00d3 RECOLLIDA ALUMNES<\/a><\/p>\n<p><a href=\"https:\/\/agora.xtec.cat\/escolamontseny\/wp-content\/uploads\/usu909\/2026\/01\/NORMATIVA-BICICLETES-I-PATINETS.pdf\">NORMATIVA BICICLETES I PATINETS<\/a><\/p>\n<p><a href=\"https:\/\/agora.xtec.cat\/escolamontseny\/wp-content\/uploads\/usu909\/2026\/01\/AUTORITZACIO-SORTIDES-MOLLET.pdf\">AUTORITZACI\u00d3 SORTIDES MOLLET<\/a><\/p>\n<p><a href=\"https:\/\/agora.xtec.cat\/escolamontseny\/wp-content\/uploads\/usu909\/2026\/01\/AUTORITZACIO-US-IMATGES.pdf\">AUTORITZACI\u00d3 US IMATGES<\/a><\/p>\n<p><a href=\"https:\/\/agora.xtec.cat\/escolamontseny\/wp-content\/uploads\/usu909\/2026\/01\/AUTORITZACIO-US-RECURSOS-DIGITALS.pdf\">AUTORITZACI\u00d3 \u00daS RECURSOS DIGITALS<\/a><\/p>\n<p><a href=\"https:\/\/agora.xtec.cat\/escolamontseny\/wp-content\/uploads\/usu909\/2026\/01\/AUTORITZACIO-PARACETAMOL.pdf\">AUTORITZACI\u00d3 PARACETAMOL<\/a><\/p>\n","protected":false},"excerpt":{"rendered":"<p>Aqu\u00ed podeu trobar les diferents autoritzacions de l&#8217;escola, en cas de necessitar-les, les podeu descarregar. AUTORITZACI\u00d3 DINANTIA AUTORITZACI\u00d3 PER DONAR MEDICAMENTS AUTORITZACI\u00d3 RECOLLIDA ALUMNES NORMATIVA BICICLETES I PATINETS AUTORITZACI\u00d3 SORTIDES MOLLET AUTORITZACI\u00d3 US IMATGES AUTORITZACI\u00d3 \u00daS RECURSOS DIGITALS AUTORITZACI\u00d3 PARACETAMOL<\/p>\n","protected":false},"author":1,"featured_media":0,"parent":584,"menu_order":30,"comment_status":"closed","ping_status":"closed","template":"","meta":{"_bbp_topic_count":0,"_bbp_reply_count":0,"_bbp_total_topic_count":0,"_bbp_total_reply_count":0,"_bbp_voice_count":0,"_bbp_anonymous_reply_count":0,"_bbp_topic_count_hidden":0,"_bbp_reply_count_hidden":0,"_bbp_forum_subforum_count":0,"site-sidebar-layout":"default","site-content-layout":"","ast-site-content-layout":"default","site-content-style":"default","site-sidebar-style":"default","ast-global-header-display":"","ast-banner-title-visibility":"","ast-main-header-display":"","ast-hfb-above-header-display":"","ast-hfb-below-header-display":"","ast-hfb-mobile-header-display":"","site-post-title":"","ast-breadcrumbs-content":"","ast-featured-img":"","footer-sml-layout":"","theme-transparent-header-meta":"default","adv-header-id-meta":"","stick-header-meta":"","header-above-stick-meta":"","header-main-stick-meta":"","header-below-stick-meta":"","astra-migrate-meta-layouts":"set","ast-page-background-enabled":"default","ast-page-background-meta":{"desktop":{"background-color":"var(--ast-global-color-4)","background-image":"","background-repeat":"repeat","background-position":"center center","background-size":"auto","background-attachment":"scroll","background-type":"","background-media":"","overlay-type":"","overlay-color":"","overlay-opacity":"","overlay-gradient":""},"tablet":{"background-color":"","background-image":"","background-repeat":"repeat","background-position":"center center","background-size":"auto","background-attachment":"scroll","background-type":"","background-media":"","overlay-type":"","overlay-color":"","overlay-opacity":"","overlay-gradient":""},"mobile":{"background-color":"","background-image":"","background-repeat":"repeat","background-position":"center center","background-size":"auto","background-attachment":"scroll","background-type":"","background-media":"","overlay-type":"","overlay-color":"","overlay-opacity":"","overlay-gradient":""}},"ast-content-background-meta":{"desktop":{"background-color":"var(--ast-global-color-5)","background-image":"","background-repeat":"repeat","background-position":"center center","background-size":"auto","background-attachment":"scroll","background-type":"","background-media":"","overlay-type":"","overlay-color":"","overlay-opacity":"","overlay-gradient":""},"tablet":{"background-color":"var(--ast-global-color-5)","background-image":"","background-repeat":"repeat","background-position":"center center","background-size":"auto","background-attachment":"scroll","background-type":"","background-media":"","overlay-type":"","overlay-color":"","overlay-opacity":"","overlay-gradient":""},"mobile":{"background-color":"var(--ast-global-color-5)","background-image":"","background-repeat":"repeat","background-position":"center center","background-size":"auto","background-attachment":"scroll","background-type":"","background-media":"","overlay-type":"","overlay-color":"","overlay-opacity":"","overlay-gradient":""}},"footnotes":""},"class_list":["post-592","page","type-page","status-publish","hentry"],"post_mailing_queue_ids":[],"_links":{"self":[{"href":"https:\/\/agora.xtec.cat\/escolamontseny\/wp-json\/wp\/v2\/pages\/592","targetHints":{"allow":["GET"]}}],"collection":[{"href":"https:\/\/agora.xtec.cat\/escolamontseny\/wp-json\/wp\/v2\/pages"}],"about":[{"href":"https:\/\/agora.xtec.cat\/escolamontseny\/wp-json\/wp\/v2\/types\/page"}],"author":[{"embeddable":true,"href":"https:\/\/agora.xtec.cat\/escolamontseny\/wp-json\/wp\/v2\/users\/1"}],"replies":[{"embeddable":true,"href":"https:\/\/agora.xtec.cat\/escolamontseny\/wp-json\/wp\/v2\/comments?post=592"}],"version-history":[{"count":3,"href":"https:\/\/agora.xtec.cat\/escolamontseny\/wp-json\/wp\/v2\/pages\/592\/revisions"}],"predecessor-version":[{"id":10974,"href":"https:\/\/agora.xtec.cat\/escolamontseny\/wp-json\/wp\/v2\/pages\/592\/revisions\/10974"}],"up":[{"embeddable":true,"href":"https:\/\/agora.xtec.cat\/escolamontseny\/wp-json\/wp\/v2\/pages\/584"}],"wp:attachment":[{"href":"https:\/\/agora.xtec.cat\/escolamontseny\/wp-json\/wp\/v2\/media?parent=592"}],"curies":[{"name":"wp","href":"https:\/\/api.w.org\/{rel}","templated":true}]}}