{"id":573,"date":"2018-11-13T13:39:57","date_gmt":"2018-11-13T12:39:57","guid":{"rendered":"http:\/\/agora.xtec.cat\/escolamontseny\/?page_id=573"},"modified":"2020-09-17T11:21:44","modified_gmt":"2020-09-17T09:21:44","slug":"comissions","status":"publish","type":"page","link":"https:\/\/agora.xtec.cat\/escolamontseny\/ampa\/comissions\/","title":{"rendered":"Comissions"},"content":{"rendered":"<h4 style=\"text-align: left;\"><span style=\"text-decoration: underline;\"><strong>C\u00c0RRECS I VOCALS:<\/strong><\/span><\/h4>\n<ul>\n<li style=\"font-weight: 400;\"><span style=\"font-weight: 400;\">PRESIDENTA \u00a0 \u00a0 \u00a0 \u00a0 \u00a0 \u00a0 \u00a0 \u00a0 \u00a0 \u00a0 \u00a0 \u00a0 \u00a0 \u00a0 \u00a0 \u00a0 \u00a0 \u00a0 \u00a0 \u00a0 \u00a0 \u00a0 \u00a0 \u00a0 \u00a0 \u00a0 \u00a0 \u00a0 <\/span> <strong>S\u00d2NIA CELAYA<\/strong><\/li>\n<li style=\"font-weight: 400;\"><span style=\"font-weight: 400;\">VICEPRESIDENT\u00a0 \u00a0 \u00a0 \u00a0 \u00a0 \u00a0 \u00a0 \u00a0 \u00a0 \u00a0 \u00a0 \u00a0 \u00a0 \u00a0 \u00a0 \u00a0 \u00a0 \u00a0 \u00a0 \u00a0 \u00a0 \u00a0 \u00a0 \u00a0 \u00a0 <\/span><strong>ASIER RUIZ\u00a0<\/strong><\/li>\n<li style=\"font-weight: 400;\"><span style=\"font-weight: 400;\">SECRETARIA\u00a0 \u00a0 \u00a0 \u00a0 \u00a0 \u00a0 \u00a0 \u00a0 \u00a0 \u00a0 \u00a0 \u00a0 \u00a0 \u00a0 \u00a0 \u00a0 \u00a0 \u00a0 \u00a0 \u00a0 \u00a0 \u00a0 \u00a0 \u00a0 \u00a0 \u00a0 \u00a0 \u00a0 <\/span> <span style=\"font-weight: 400;\"><strong>VIRGINIA FERIA<\/strong><\/span><\/li>\n<li style=\"font-weight: 400;\"><span style=\"font-weight: 400;\">TRESORERA\u00a0 \u00a0 \u00a0 \u00a0 \u00a0 \u00a0 \u00a0 \u00a0 \u00a0 \u00a0 \u00a0 \u00a0 \u00a0 \u00a0 \u00a0 \u00a0 \u00a0 \u00a0 \u00a0 \u00a0 \u00a0 \u00a0 \u00a0 \u00a0 \u00a0 \u00a0 \u00a0 \u00a0 <strong>CATY ESCUDERO<\/strong><\/span><\/li>\n<\/ul>\n<ul>\n<li style=\"font-weight: 400;\"><span style=\"font-weight: 400;\">ADMINISTRATIVA (TREBALLADOR)\u00a0 \u00a0 \u00a0 \u00a0 \u00a0 \u00a0 \u00a0 \u00a0 \u00a0 \u00a0 <strong>VANESA FULLA<\/strong><\/span><\/li>\n<\/ul>\n<p>&nbsp;<\/p>\n<ul>\n<li><b><span style=\"font-weight: 400;\">VOCALS:<\/span><\/b><\/li>\n<\/ul>\n<p><b>AMADORA MORENO<\/b><\/p>\n<p><b>SUSANA GARCIA<\/b><\/p>\n<p><b>MARC VI\u00d1AS<\/b><\/p>\n<p><b>SANDRA BAUTISTA<\/b><\/p>\n<p><b>LUCIA NIETO<\/b><\/p>\n<p><b>PILAR RAMOS<\/b><\/p>\n<p><b>YOLANDA TOBARRA<\/b><\/p>\n<p><b>MARINA ESCRIBANO<\/b><\/p>\n<p><b>VERONICA CA\u00d1A<\/b><\/p>\n<p><b>LAURA FUSTER<\/b><\/p>\n<p><b>S\u00d2NIA ESCOBAR<\/b><\/p>\n<p><b>ANA TORIBIO<\/b><\/p>\n<p><b>MANUEL ALFARO<\/b><\/p>\n<p><b>RAMON ALBERT MARTINEZ<\/b><\/p>\n<p><b>SHEILA MARCO<\/b><\/p>\n<p><b>CRISTINA BORRAJO<\/b><\/p>\n<p><b>ESTHER PALLARES<\/b><\/p>\n<p><b>SONIA VARGAS<\/b><\/p>\n<p><b>IRENE FERN\u00c1NDEZ<\/b><\/p>\n<p>AMB LA INESTIMABLE AJUDA DE <strong>VICT\u00d2RIA G\u00c0LVEZ<\/strong> (CAP DE MONITORES)<\/p>\n<p><span style=\"text-decoration: underline;\"><strong>COMISSIONS<\/strong><\/span><\/p>\n<p>\u27a2 C. RELACIONS INSTITUCIONALS I AMB DIRECCI\u00d3: <strong>S\u00d2NIA CELAYA<\/strong><\/p>\n<p>\u27a2 C. ECON\u00d2MICA: <strong>CATY ESCUDERO I S\u00d2NIA CELAYA<\/strong><\/p>\n<p>\u27a2 C. RELACIONS AMB FAPAC-COORDINADORA AMPA\u2019 S: <strong>MARINA ESCRIBANO I VIRGINIA FERIA<\/strong><\/p>\n<p>\u27a2 C. ESTACI\u00d3 METEOROL\u00d2GICA: <strong>MARC VI\u00d1AS<\/strong><\/p>\n<p>\u27a2 C. FESTES: <strong>MARINA ESCRIBANO, VERONICA CA\u00d1A I ANA TORIBIO<\/strong><\/p>\n<p>\u27a2 C. COMUNICACI\u00d3: <strong>MARC VI\u00d1AS, LUC\u00cdA NIETO, CRISTINA BORRAJO i MARINA ESCRIBANO<\/strong><\/p>\n<p>\u27a2 SERVEI D\u2019 ACOLLIDA I CASAL: <strong>RAM\u00d3N A. MART\u00cdNEZ, SANDRA BAUTISTA I PILI RAMOS<\/strong><\/p>\n<p>\u27a2 C. EXTRAESCOLARS:<\/p>\n<p>ANGL\u00c8S\/FRANC\u00c8S: <strong>MARC VI\u00d1AS \/ YOLANDA TOBARRA<\/strong><br \/>\nFUTBOL: <strong>VIRGINIA FERIA<\/strong><br \/>\nDANSA URBANA: <strong>MANUEL ALFARO<\/strong><br \/>\nJUDO: <strong>SONIA ESCOBAR<\/strong><br \/>\nTEATRE: <strong>MARINA ESCRIBANO<\/strong><\/p>\n<p><span style=\"font-weight: 400;\">\u27a2 C. CARNAVAL:\u00a0 <\/span><b>AMADORA MORENO, ESTHER PALLARES, IRENE FERN\u00c1NDEZ I SONIA VARGAS<\/b><\/p>\n<p><span style=\"font-weight: 400;\">\u27a2 REPRESENTANT AMPA AL CONSELL ESCOLAR: <strong>CRISTINA BORRAJO<\/strong><\/span><\/p>\n","protected":false},"excerpt":{"rendered":"<p>C\u00c0RRECS I VOCALS: PRESIDENTA \u00a0 \u00a0 \u00a0 \u00a0 \u00a0 \u00a0 \u00a0 \u00a0 \u00a0 \u00a0 \u00a0 \u00a0 \u00a0 \u00a0 \u00a0 \u00a0 \u00a0 \u00a0 \u00a0 \u00a0 \u00a0 \u00a0 \u00a0 \u00a0 \u00a0 \u00a0 \u00a0 \u00a0 S\u00d2NIA CELAYA VICEPRESIDENT\u00a0 \u00a0 \u00a0 \u00a0 \u00a0 \u00a0 \u00a0 \u00a0 \u00a0 \u00a0 \u00a0 \u00a0 \u00a0 \u00a0 \u00a0 \u00a0 \u00a0 \u00a0 \u00a0 \u00a0 \u00a0 [&hellip;]<\/p>\n","protected":false},"author":1,"featured_media":0,"parent":562,"menu_order":20,"comment_status":"closed","ping_status":"closed","template":"page-templates\/side-menu.php","meta":{"_bbp_topic_count":0,"_bbp_reply_count":0,"_bbp_total_topic_count":0,"_bbp_total_reply_count":0,"_bbp_voice_count":0,"_bbp_anonymous_reply_count":0,"_bbp_topic_count_hidden":0,"_bbp_reply_count_hidden":0,"_bbp_forum_subforum_count":0,"site-sidebar-layout":"default","site-content-layout":"","ast-site-content-layout":"","site-content-style":"default","site-sidebar-style":"default","ast-global-header-display":"","ast-banner-title-visibility":"","ast-main-header-display":"","ast-hfb-above-header-display":"","ast-hfb-below-header-display":"","ast-hfb-mobile-header-display":"","site-post-title":"","ast-breadcrumbs-content":"","ast-featured-img":"","footer-sml-layout":"","theme-transparent-header-meta":"","adv-header-id-meta":"","stick-header-meta":"","header-above-stick-meta":"","header-main-stick-meta":"","header-below-stick-meta":"","astra-migrate-meta-layouts":"default","ast-page-background-enabled":"default","ast-page-background-meta":{"desktop":{"background-color":"var(--ast-global-color-4)","background-image":"","background-repeat":"repeat","background-position":"center center","background-size":"auto","background-attachment":"scroll","background-type":"","background-media":"","overlay-type":"","overlay-color":"","overlay-opacity":"","overlay-gradient":""},"tablet":{"background-color":"","background-image":"","background-repeat":"repeat","background-position":"center center","background-size":"auto","background-attachment":"scroll","background-type":"","background-media":"","overlay-type":"","overlay-color":"","overlay-opacity":"","overlay-gradient":""},"mobile":{"background-color":"","background-image":"","background-repeat":"repeat","background-position":"center center","background-size":"auto","background-attachment":"scroll","background-type":"","background-media":"","overlay-type":"","overlay-color":"","overlay-opacity":"","overlay-gradient":""}},"ast-content-background-meta":{"desktop":{"background-color":"var(--ast-global-color-5)","background-image":"","background-repeat":"repeat","background-position":"center center","background-size":"auto","background-attachment":"scroll","background-type":"","background-media":"","overlay-type":"","overlay-color":"","overlay-opacity":"","overlay-gradient":""},"tablet":{"background-color":"var(--ast-global-color-5)","background-image":"","background-repeat":"repeat","background-position":"center center","background-size":"auto","background-attachment":"scroll","background-type":"","background-media":"","overlay-type":"","overlay-color":"","overlay-opacity":"","overlay-gradient":""},"mobile":{"background-color":"var(--ast-global-color-5)","background-image":"","background-repeat":"repeat","background-position":"center center","background-size":"auto","background-attachment":"scroll","background-type":"","background-media":"","overlay-type":"","overlay-color":"","overlay-opacity":"","overlay-gradient":""}},"footnotes":""},"class_list":["post-573","page","type-page","status-publish","hentry"],"post_mailing_queue_ids":[],"_links":{"self":[{"href":"https:\/\/agora.xtec.cat\/escolamontseny\/wp-json\/wp\/v2\/pages\/573","targetHints":{"allow":["GET"]}}],"collection":[{"href":"https:\/\/agora.xtec.cat\/escolamontseny\/wp-json\/wp\/v2\/pages"}],"about":[{"href":"https:\/\/agora.xtec.cat\/escolamontseny\/wp-json\/wp\/v2\/types\/page"}],"author":[{"embeddable":true,"href":"https:\/\/agora.xtec.cat\/escolamontseny\/wp-json\/wp\/v2\/users\/1"}],"replies":[{"embeddable":true,"href":"https:\/\/agora.xtec.cat\/escolamontseny\/wp-json\/wp\/v2\/comments?post=573"}],"version-history":[{"count":3,"href":"https:\/\/agora.xtec.cat\/escolamontseny\/wp-json\/wp\/v2\/pages\/573\/revisions"}],"predecessor-version":[{"id":4792,"href":"https:\/\/agora.xtec.cat\/escolamontseny\/wp-json\/wp\/v2\/pages\/573\/revisions\/4792"}],"up":[{"embeddable":true,"href":"https:\/\/agora.xtec.cat\/escolamontseny\/wp-json\/wp\/v2\/pages\/562"}],"wp:attachment":[{"href":"https:\/\/agora.xtec.cat\/escolamontseny\/wp-json\/wp\/v2\/media?parent=573"}],"curies":[{"name":"wp","href":"https:\/\/api.w.org\/{rel}","templated":true}]}}