{"id":569,"date":"2018-11-13T13:39:26","date_gmt":"2018-11-13T12:39:26","guid":{"rendered":"http:\/\/agora.xtec.cat\/escolamontseny\/?page_id=569"},"modified":"2023-04-27T08:50:38","modified_gmt":"2023-04-27T06:50:38","slug":"som-cooperativa","status":"publish","type":"page","link":"https:\/\/agora.xtec.cat\/escolamontseny\/ampa\/som-cooperativa\/","title":{"rendered":"Som cooperativa"},"content":{"rendered":"<p>La Cooperativa \u00e9s una organitzaci\u00f3 de mares i pares d&#8217;alumnes de l&#8217;Escola que basa la seva filosofia en:<\/p>\n<p>MATERIAL SOCIALITZAT<br \/>\nEl material del centre adquirit per la Cooperativa, pertany a totes les fam\u00edlies. Tots els alumnes poden utilitzar-lo. Tots disposen dels mateixos recursos i tots tenen la possibilitat d&#8217;aprendre amb les mateixes condicions.<\/p>\n<p>REUTILITZACI\u00d3 DELS RECURSOS ESCOLARS (llibres i materials)<br \/>\nAix\u00f2 comporta un gran estalvi econ\u00f2mic, sostenibilitat (menys residus), educaci\u00f3 d&#8217;h\u00e0bits i respecte pels nens, ja que es consciencien que un altre nen far\u00e0 servir aquell llibre despr\u00e9s que ells els hi hagin donat \u00fas.<\/p>\n<p>COL.LABORACI\u00d3 DELS PARES I MARES<br \/>\nElement b\u00e0sic per poder dur a terme, sense incrementar despeses, l&#8217;organitzaci\u00f3 i les feines pr\u00f2pies de cada activitat de la Cooperativa.<br \/>\nOrganitzaci\u00f3 d&#8217;esdeveniments d&#8217;inter\u00e8s general per tot el col\u00b7lectiu de la nostra escola.<\/p>\n<p><a href=\"https:\/\/agora.xtec.cat\/escolamontseny\/wp-content\/uploads\/usu909\/2023\/04\/QUOTA-DE-LAFA-22-23.pdf\">QUOTA DE L\u2019AFA 22-23<\/a><\/p>\n<p>&nbsp;<\/p>\n","protected":false},"excerpt":{"rendered":"<p>La Cooperativa \u00e9s una organitzaci\u00f3 de mares i pares d&#8217;alumnes de l&#8217;Escola que basa la seva filosofia en: MATERIAL SOCIALITZAT El material del centre adquirit per la Cooperativa, pertany a totes les fam\u00edlies. Tots els alumnes poden utilitzar-lo. Tots disposen dels mateixos recursos i tots tenen la possibilitat d&#8217;aprendre amb les mateixes condicions. REUTILITZACI\u00d3 DELS [&hellip;]<\/p>\n","protected":false},"author":1,"featured_media":0,"parent":562,"menu_order":10,"comment_status":"closed","ping_status":"closed","template":"page-templates\/side-menu.php","meta":{"_bbp_topic_count":0,"_bbp_reply_count":0,"_bbp_total_topic_count":0,"_bbp_total_reply_count":0,"_bbp_voice_count":0,"_bbp_anonymous_reply_count":0,"_bbp_topic_count_hidden":0,"_bbp_reply_count_hidden":0,"_bbp_forum_subforum_count":0,"site-sidebar-layout":"default","site-content-layout":"","ast-site-content-layout":"","site-content-style":"default","site-sidebar-style":"default","ast-global-header-display":"","ast-banner-title-visibility":"","ast-main-header-display":"","ast-hfb-above-header-display":"","ast-hfb-below-header-display":"","ast-hfb-mobile-header-display":"","site-post-title":"","ast-breadcrumbs-content":"","ast-featured-img":"","footer-sml-layout":"","theme-transparent-header-meta":"","adv-header-id-meta":"","stick-header-meta":"","header-above-stick-meta":"","header-main-stick-meta":"","header-below-stick-meta":"","astra-migrate-meta-layouts":"default","ast-page-background-enabled":"default","ast-page-background-meta":{"desktop":{"background-color":"var(--ast-global-color-4)","background-image":"","background-repeat":"repeat","background-position":"center center","background-size":"auto","background-attachment":"scroll","background-type":"","background-media":"","overlay-type":"","overlay-color":"","overlay-opacity":"","overlay-gradient":""},"tablet":{"background-color":"","background-image":"","background-repeat":"repeat","background-position":"center center","background-size":"auto","background-attachment":"scroll","background-type":"","background-media":"","overlay-type":"","overlay-color":"","overlay-opacity":"","overlay-gradient":""},"mobile":{"background-color":"","background-image":"","background-repeat":"repeat","background-position":"center center","background-size":"auto","background-attachment":"scroll","background-type":"","background-media":"","overlay-type":"","overlay-color":"","overlay-opacity":"","overlay-gradient":""}},"ast-content-background-meta":{"desktop":{"background-color":"var(--ast-global-color-5)","background-image":"","background-repeat":"repeat","background-position":"center center","background-size":"auto","background-attachment":"scroll","background-type":"","background-media":"","overlay-type":"","overlay-color":"","overlay-opacity":"","overlay-gradient":""},"tablet":{"background-color":"var(--ast-global-color-5)","background-image":"","background-repeat":"repeat","background-position":"center center","background-size":"auto","background-attachment":"scroll","background-type":"","background-media":"","overlay-type":"","overlay-color":"","overlay-opacity":"","overlay-gradient":""},"mobile":{"background-color":"var(--ast-global-color-5)","background-image":"","background-repeat":"repeat","background-position":"center center","background-size":"auto","background-attachment":"scroll","background-type":"","background-media":"","overlay-type":"","overlay-color":"","overlay-opacity":"","overlay-gradient":""}},"footnotes":""},"class_list":["post-569","page","type-page","status-publish","hentry"],"post_mailing_queue_ids":[],"_links":{"self":[{"href":"https:\/\/agora.xtec.cat\/escolamontseny\/wp-json\/wp\/v2\/pages\/569","targetHints":{"allow":["GET"]}}],"collection":[{"href":"https:\/\/agora.xtec.cat\/escolamontseny\/wp-json\/wp\/v2\/pages"}],"about":[{"href":"https:\/\/agora.xtec.cat\/escolamontseny\/wp-json\/wp\/v2\/types\/page"}],"author":[{"embeddable":true,"href":"https:\/\/agora.xtec.cat\/escolamontseny\/wp-json\/wp\/v2\/users\/1"}],"replies":[{"embeddable":true,"href":"https:\/\/agora.xtec.cat\/escolamontseny\/wp-json\/wp\/v2\/comments?post=569"}],"version-history":[{"count":3,"href":"https:\/\/agora.xtec.cat\/escolamontseny\/wp-json\/wp\/v2\/pages\/569\/revisions"}],"predecessor-version":[{"id":8010,"href":"https:\/\/agora.xtec.cat\/escolamontseny\/wp-json\/wp\/v2\/pages\/569\/revisions\/8010"}],"up":[{"embeddable":true,"href":"https:\/\/agora.xtec.cat\/escolamontseny\/wp-json\/wp\/v2\/pages\/562"}],"wp:attachment":[{"href":"https:\/\/agora.xtec.cat\/escolamontseny\/wp-json\/wp\/v2\/media?parent=569"}],"curies":[{"name":"wp","href":"https:\/\/api.w.org\/{rel}","templated":true}]}}