{"id":517,"date":"2018-11-12T09:20:17","date_gmt":"2018-11-12T08:20:17","guid":{"rendered":"http:\/\/agora.xtec.cat\/escolamontseny\/?page_id=517"},"modified":"2019-05-24T13:22:47","modified_gmt":"2019-05-24T11:22:47","slug":"ambients-daprenentatge","status":"publish","type":"page","link":"https:\/\/agora.xtec.cat\/escolamontseny\/projectes\/ambients-daprenentatge\/","title":{"rendered":"Ambients d&#8217;aprenentatge"},"content":{"rendered":"<p><span style=\"font-weight: 400;\">El joc \u00e9s el millor mitj\u00e0 educatiu per afavorir l\u2019 aprenentatge i el coneixement.\u00a0 Aix\u00ed doncs e<\/span><span style=\"font-weight: 400;\">ls ambients s\u00f3n diferents espais d\u2019 aprenentatge, de relaci\u00f3 i comunicaci\u00f3 on a partir de diferents propostes els infants poden actuar, observar, experimentar, construir, inventar , imaginar, compartir, relacionar-se, emocionar-se&#8230; i interaccionar amb els altres donant resposta als seus interessos i necessitats a la vegada que es respecten els diferents ritmes d&#8217;aprenentatge.<\/span><b><\/b><\/p>\n<p>L&#8217;infant \u00e9s el constructor del seu propi aprenentatge, mentre que la funci\u00f3 dels mestres \u00e9s fer de guia, d&#8217;acompanyant, d&#8217;organitzador, de mediador.<\/p>\n<p>Els ambients es realitzen una tarda a la setmana des de P-4 fins a 4rt, i s\u00f3n els alumnes els que trien a quin volen anar.<\/p>\n<p>En aquest moment els ambients d&#8217;aprenentatge que estem realitzant s\u00f3n:<\/p>\n<ul>\n<li>Jocs matem\u00e0tics<\/li>\n<li>Jocs de llengua<\/li>\n<li>Jocs tradicionals i de pati.<\/li>\n<li>Experimentaci\u00f3<\/li>\n<li>Pl\u00e0stica<\/li>\n<li>Tac (tecnol\u00f2gic)<\/li>\n<\/ul>\n<p><a href=\"https:\/\/agora.xtec.cat\/escolamontseny\/wp-content\/uploads\/usu909\/2019\/05\/matem.-ambient.jpg\"><img loading=\"lazy\" decoding=\"async\" class=\"aligncenter wp-image-1773\" src=\"https:\/\/agora.xtec.cat\/escolamontseny\/wp-content\/uploads\/usu909\/2019\/05\/matem.-ambient-768x1024.jpg\" alt=\"\" width=\"577\" height=\"769\" srcset=\"https:\/\/agora.xtec.cat\/escolamontseny\/wp-content\/uploads\/usu909\/2019\/05\/matem.-ambient-768x1024.jpg 768w, https:\/\/agora.xtec.cat\/escolamontseny\/wp-content\/uploads\/usu909\/2019\/05\/matem.-ambient-225x300.jpg 225w, https:\/\/agora.xtec.cat\/escolamontseny\/wp-content\/uploads\/usu909\/2019\/05\/matem.-ambient.jpg 1704w\" sizes=\"auto, (max-width: 577px) 100vw, 577px\" \/><\/a> <a href=\"https:\/\/agora.xtec.cat\/escolamontseny\/wp-content\/uploads\/usu909\/2019\/05\/IMG_0289.jpg\"><img loading=\"lazy\" decoding=\"async\" class=\"aligncenter wp-image-1774\" src=\"https:\/\/agora.xtec.cat\/escolamontseny\/wp-content\/uploads\/usu909\/2019\/05\/IMG_0289-1024x768.jpg\" alt=\"\" width=\"685\" height=\"514\" srcset=\"https:\/\/agora.xtec.cat\/escolamontseny\/wp-content\/uploads\/usu909\/2019\/05\/IMG_0289-1024x768.jpg 1024w, https:\/\/agora.xtec.cat\/escolamontseny\/wp-content\/uploads\/usu909\/2019\/05\/IMG_0289-300x225.jpg 300w, https:\/\/agora.xtec.cat\/escolamontseny\/wp-content\/uploads\/usu909\/2019\/05\/IMG_0289-768x576.jpg 768w, https:\/\/agora.xtec.cat\/escolamontseny\/wp-content\/uploads\/usu909\/2019\/05\/IMG_0289-200x150.jpg 200w\" sizes=\"auto, (max-width: 685px) 100vw, 685px\" \/><\/a> <a href=\"https:\/\/agora.xtec.cat\/escolamontseny\/wp-content\/uploads\/usu909\/2019\/05\/IMG_0285.jpg\"><img loading=\"lazy\" decoding=\"async\" class=\"aligncenter size-large wp-image-1775\" src=\"https:\/\/agora.xtec.cat\/escolamontseny\/wp-content\/uploads\/usu909\/2019\/05\/IMG_0285-1024x768.jpg\" alt=\"\" width=\"1024\" height=\"768\" srcset=\"https:\/\/agora.xtec.cat\/escolamontseny\/wp-content\/uploads\/usu909\/2019\/05\/IMG_0285-1024x768.jpg 1024w, https:\/\/agora.xtec.cat\/escolamontseny\/wp-content\/uploads\/usu909\/2019\/05\/IMG_0285-300x225.jpg 300w, https:\/\/agora.xtec.cat\/escolamontseny\/wp-content\/uploads\/usu909\/2019\/05\/IMG_0285-768x576.jpg 768w, https:\/\/agora.xtec.cat\/escolamontseny\/wp-content\/uploads\/usu909\/2019\/05\/IMG_0285-200x150.jpg 200w\" sizes=\"auto, (max-width: 1024px) 100vw, 1024px\" \/><\/a> <a href=\"https:\/\/agora.xtec.cat\/escolamontseny\/wp-content\/uploads\/usu909\/2019\/05\/1.jpg\"><img loading=\"lazy\" decoding=\"async\" class=\"aligncenter wp-image-1776\" src=\"https:\/\/agora.xtec.cat\/escolamontseny\/wp-content\/uploads\/usu909\/2019\/05\/1-1024x768.jpg\" alt=\"\" width=\"701\" height=\"526\" srcset=\"https:\/\/agora.xtec.cat\/escolamontseny\/wp-content\/uploads\/usu909\/2019\/05\/1-1024x768.jpg 1024w, https:\/\/agora.xtec.cat\/escolamontseny\/wp-content\/uploads\/usu909\/2019\/05\/1-300x225.jpg 300w, https:\/\/agora.xtec.cat\/escolamontseny\/wp-content\/uploads\/usu909\/2019\/05\/1-768x576.jpg 768w, https:\/\/agora.xtec.cat\/escolamontseny\/wp-content\/uploads\/usu909\/2019\/05\/1-200x150.jpg 200w\" sizes=\"auto, (max-width: 701px) 100vw, 701px\" \/><\/a><\/p>\n<p><span style=\"font-weight: 400;\">.<\/span><\/p>\n","protected":false},"excerpt":{"rendered":"<p>El joc \u00e9s el millor mitj\u00e0 educatiu per afavorir l\u2019 aprenentatge i el coneixement.\u00a0 Aix\u00ed doncs els ambients s\u00f3n diferents espais d\u2019 aprenentatge, de relaci\u00f3 i comunicaci\u00f3 on a partir de diferents propostes els infants poden actuar, observar, experimentar, construir, inventar , imaginar, compartir, relacionar-se, emocionar-se&#8230; i interaccionar amb els altres donant resposta als seus [&hellip;]<\/p>\n","protected":false},"author":1,"featured_media":0,"parent":64,"menu_order":50,"comment_status":"closed","ping_status":"closed","template":"page-templates\/side-menu.php","meta":{"_bbp_topic_count":0,"_bbp_reply_count":0,"_bbp_total_topic_count":0,"_bbp_total_reply_count":0,"_bbp_voice_count":0,"_bbp_anonymous_reply_count":0,"_bbp_topic_count_hidden":0,"_bbp_reply_count_hidden":0,"_bbp_forum_subforum_count":0,"site-sidebar-layout":"default","site-content-layout":"","ast-site-content-layout":"","site-content-style":"default","site-sidebar-style":"default","ast-global-header-display":"","ast-banner-title-visibility":"","ast-main-header-display":"","ast-hfb-above-header-display":"","ast-hfb-below-header-display":"","ast-hfb-mobile-header-display":"","site-post-title":"","ast-breadcrumbs-content":"","ast-featured-img":"","footer-sml-layout":"","theme-transparent-header-meta":"","adv-header-id-meta":"","stick-header-meta":"","header-above-stick-meta":"","header-main-stick-meta":"","header-below-stick-meta":"","astra-migrate-meta-layouts":"default","ast-page-background-enabled":"default","ast-page-background-meta":{"desktop":{"background-color":"var(--ast-global-color-4)","background-image":"","background-repeat":"repeat","background-position":"center center","background-size":"auto","background-attachment":"scroll","background-type":"","background-media":"","overlay-type":"","overlay-color":"","overlay-opacity":"","overlay-gradient":""},"tablet":{"background-color":"","background-image":"","background-repeat":"repeat","background-position":"center center","background-size":"auto","background-attachment":"scroll","background-type":"","background-media":"","overlay-type":"","overlay-color":"","overlay-opacity":"","overlay-gradient":""},"mobile":{"background-color":"","background-image":"","background-repeat":"repeat","background-position":"center center","background-size":"auto","background-attachment":"scroll","background-type":"","background-media":"","overlay-type":"","overlay-color":"","overlay-opacity":"","overlay-gradient":""}},"ast-content-background-meta":{"desktop":{"background-color":"var(--ast-global-color-5)","background-image":"","background-repeat":"repeat","background-position":"center center","background-size":"auto","background-attachment":"scroll","background-type":"","background-media":"","overlay-type":"","overlay-color":"","overlay-opacity":"","overlay-gradient":""},"tablet":{"background-color":"var(--ast-global-color-5)","background-image":"","background-repeat":"repeat","background-position":"center center","background-size":"auto","background-attachment":"scroll","background-type":"","background-media":"","overlay-type":"","overlay-color":"","overlay-opacity":"","overlay-gradient":""},"mobile":{"background-color":"var(--ast-global-color-5)","background-image":"","background-repeat":"repeat","background-position":"center center","background-size":"auto","background-attachment":"scroll","background-type":"","background-media":"","overlay-type":"","overlay-color":"","overlay-opacity":"","overlay-gradient":""}},"footnotes":""},"class_list":["post-517","page","type-page","status-publish","hentry"],"post_mailing_queue_ids":[],"_links":{"self":[{"href":"https:\/\/agora.xtec.cat\/escolamontseny\/wp-json\/wp\/v2\/pages\/517","targetHints":{"allow":["GET"]}}],"collection":[{"href":"https:\/\/agora.xtec.cat\/escolamontseny\/wp-json\/wp\/v2\/pages"}],"about":[{"href":"https:\/\/agora.xtec.cat\/escolamontseny\/wp-json\/wp\/v2\/types\/page"}],"author":[{"embeddable":true,"href":"https:\/\/agora.xtec.cat\/escolamontseny\/wp-json\/wp\/v2\/users\/1"}],"replies":[{"embeddable":true,"href":"https:\/\/agora.xtec.cat\/escolamontseny\/wp-json\/wp\/v2\/comments?post=517"}],"version-history":[{"count":4,"href":"https:\/\/agora.xtec.cat\/escolamontseny\/wp-json\/wp\/v2\/pages\/517\/revisions"}],"predecessor-version":[{"id":1777,"href":"https:\/\/agora.xtec.cat\/escolamontseny\/wp-json\/wp\/v2\/pages\/517\/revisions\/1777"}],"up":[{"embeddable":true,"href":"https:\/\/agora.xtec.cat\/escolamontseny\/wp-json\/wp\/v2\/pages\/64"}],"wp:attachment":[{"href":"https:\/\/agora.xtec.cat\/escolamontseny\/wp-json\/wp\/v2\/media?parent=517"}],"curies":[{"name":"wp","href":"https:\/\/api.w.org\/{rel}","templated":true}]}}