{"id":513,"date":"2018-11-12T09:19:08","date_gmt":"2018-11-12T08:19:08","guid":{"rendered":"http:\/\/agora.xtec.cat\/escolamontseny\/?page_id=513"},"modified":"2019-03-29T13:27:53","modified_gmt":"2019-03-29T12:27:53","slug":"robotica-a-lescola","status":"publish","type":"page","link":"https:\/\/agora.xtec.cat\/escolamontseny\/projectes\/robotica-a-lescola\/","title":{"rendered":"Rob\u00f2tica a l&#8217;escola"},"content":{"rendered":"<p>&nbsp;<\/p>\n<p style=\"text-align: justify;\">Aquest curs els nostres alumnes seguiran aprenent gr\u00e0cies a la <strong>rob\u00f2tica!<\/strong><\/p>\n<p style=\"text-align: justify;\">La nostra escola disposa de varis robots els quals mitjan\u00e7ant el seu \u00fas ens ajuden a afavorir l&#8217;aprenentatge dels nostres nens i nenes. A continuaci\u00f3 us els presentem:<\/p>\n<p style=\"text-align: justify;\"><strong>BEE-BOTS<\/strong><\/p>\n<p style=\"text-align: justify;\">Disposem de tres Bee-bots (un d&#8217;ells \u00e9s Blue-Bot). Aquest fant\u00e0stic recurs el podem integrar a activitats interdisciplin\u00e0ries i mitjan\u00e7ant el joc aconseguir un aprenentatge significatiu. Els nostres alumnes poden aprendre tamb\u00e9 en ell el llenguatge direccional, els girs, la lateralitat i altres conceptes espacials b\u00e0sics.<\/p>\n<p style=\"text-align: justify;\">Tamb\u00e9, disposem de tres tapets blancs que contenen quadr\u00edcules de 6 per 6 quadrats de 15 cm de costat, la longitud que avan\u00e7a el Bee-Bot a cada ordre de despla\u00e7ament. Que sigui blanc permet als mestres de l&#8217;escola dissenyar multitud d&#8217;activitats adaptant els continguts que vulguem treballar a cada moment.<\/p>\n<p><a href=\"https:\/\/agora.xtec.cat\/escolamontseny\/wp-content\/uploads\/usu909\/2018\/11\/Bee-bots-2.jpg\"><img loading=\"lazy\" decoding=\"async\" class=\"alignnone size-large wp-image-650\" src=\"https:\/\/agora.xtec.cat\/escolamontseny\/wp-content\/uploads\/usu909\/2018\/11\/Bee-bots-2-1024x768.jpg\" alt=\"\" width=\"1024\" height=\"768\" srcset=\"https:\/\/agora.xtec.cat\/escolamontseny\/wp-content\/uploads\/usu909\/2018\/11\/Bee-bots-2-1024x768.jpg 1024w, https:\/\/agora.xtec.cat\/escolamontseny\/wp-content\/uploads\/usu909\/2018\/11\/Bee-bots-2-300x225.jpg 300w, https:\/\/agora.xtec.cat\/escolamontseny\/wp-content\/uploads\/usu909\/2018\/11\/Bee-bots-2-768x576.jpg 768w, https:\/\/agora.xtec.cat\/escolamontseny\/wp-content\/uploads\/usu909\/2018\/11\/Bee-bots-2-200x150.jpg 200w, https:\/\/agora.xtec.cat\/escolamontseny\/wp-content\/uploads\/usu909\/2018\/11\/Bee-bots-2.jpg 2016w\" sizes=\"auto, (max-width: 1024px) 100vw, 1024px\" \/><\/a><\/p>\n<p style=\"text-align: justify;\">Tamb\u00e9, aprofitem els nostres Ipads perqu\u00e8 els nostres alumnes programin i siguin capa\u00e7os de superar els diferents reptes que els presenten les Apps de Bee-Bot i Blue-Bot afavorint tamb\u00e9 la seva compet\u00e8ncia digital.<\/p>\n<p><a href=\"https:\/\/agora.xtec.cat\/escolamontseny\/wp-content\/uploads\/usu909\/2018\/11\/Ipads.jpg\"><img loading=\"lazy\" decoding=\"async\" class=\"alignnone size-large wp-image-671\" src=\"https:\/\/agora.xtec.cat\/escolamontseny\/wp-content\/uploads\/usu909\/2018\/11\/Ipads-1024x768.jpg\" alt=\"\" width=\"1024\" height=\"768\" srcset=\"https:\/\/agora.xtec.cat\/escolamontseny\/wp-content\/uploads\/usu909\/2018\/11\/Ipads-1024x768.jpg 1024w, https:\/\/agora.xtec.cat\/escolamontseny\/wp-content\/uploads\/usu909\/2018\/11\/Ipads-300x225.jpg 300w, https:\/\/agora.xtec.cat\/escolamontseny\/wp-content\/uploads\/usu909\/2018\/11\/Ipads-768x576.jpg 768w, https:\/\/agora.xtec.cat\/escolamontseny\/wp-content\/uploads\/usu909\/2018\/11\/Ipads-200x150.jpg 200w, https:\/\/agora.xtec.cat\/escolamontseny\/wp-content\/uploads\/usu909\/2018\/11\/Ipads.jpg 2016w\" sizes=\"auto, (max-width: 1024px) 100vw, 1024px\" \/><\/a><\/p>\n<p><strong>PRO-BOT<\/strong><\/p>\n<p style=\"text-align: justify;\">Ja pels nostres alumnes m\u00e9s grans disposem de dos pro-bots. \u00c9s comporta igual que un Bee-Bot nom\u00e9s programant amb les fletxes per\u00f2, si utilitzem les tecles num\u00e8riques, podem fer que avanci o retrocedeixi des d&#8217;1 cm fins a 5 i que giri des d&#8217;1\u00ba fins a 500\u00ba. Tamb\u00e9 podem fer que repeteixi una sola acci\u00f3, una seq\u00fc\u00e8ncia o guardar programes en mem\u00f2ria per executar-los amb una sola instrucci\u00f3. Ens est\u00e0 ajudant amb les matem\u00e0tiques, ja que amb el seu mecanisme de ploma permet dibuixar el recorregut que va dibuixant i estem aprenent els pol\u00edgons!<span lang=\"ca\"><br \/>\n<\/span><\/p>\n<p><a href=\"https:\/\/agora.xtec.cat\/escolamontseny\/wp-content\/uploads\/usu909\/2018\/11\/Pro-bot.jpg\"><img loading=\"lazy\" decoding=\"async\" class=\"alignnone size-large wp-image-674\" src=\"https:\/\/agora.xtec.cat\/escolamontseny\/wp-content\/uploads\/usu909\/2018\/11\/Pro-bot-1024x768.jpg\" alt=\"\" width=\"1024\" height=\"768\" srcset=\"https:\/\/agora.xtec.cat\/escolamontseny\/wp-content\/uploads\/usu909\/2018\/11\/Pro-bot-1024x768.jpg 1024w, https:\/\/agora.xtec.cat\/escolamontseny\/wp-content\/uploads\/usu909\/2018\/11\/Pro-bot-300x225.jpg 300w, https:\/\/agora.xtec.cat\/escolamontseny\/wp-content\/uploads\/usu909\/2018\/11\/Pro-bot-768x576.jpg 768w, https:\/\/agora.xtec.cat\/escolamontseny\/wp-content\/uploads\/usu909\/2018\/11\/Pro-bot-200x150.jpg 200w, https:\/\/agora.xtec.cat\/escolamontseny\/wp-content\/uploads\/usu909\/2018\/11\/Pro-bot.jpg 1600w\" sizes=\"auto, (max-width: 1024px) 100vw, 1024px\" \/><\/a><\/p>\n<p><strong>MAKEY MAKEY<\/strong><\/p>\n<p style=\"text-align: justify;\">Aquest Kit permet als nostres alumnes aprendre com funciona un circuit el\u00e8ctric d&#8217;una manera molt m\u00e9s divertida i, tamb\u00e9, quins elements del seu entorn s\u00f3n conductors i quins s\u00f3n a\u00efllants.<\/p>\n<p><a href=\"https:\/\/agora.xtec.cat\/escolamontseny\/wp-content\/uploads\/usu909\/2018\/11\/Makey-Makey.jpg\"><img loading=\"lazy\" decoding=\"async\" class=\"alignnone size-large wp-image-675\" src=\"https:\/\/agora.xtec.cat\/escolamontseny\/wp-content\/uploads\/usu909\/2018\/11\/Makey-Makey-1024x768.jpg\" alt=\"\" width=\"1024\" height=\"768\" srcset=\"https:\/\/agora.xtec.cat\/escolamontseny\/wp-content\/uploads\/usu909\/2018\/11\/Makey-Makey-1024x768.jpg 1024w, https:\/\/agora.xtec.cat\/escolamontseny\/wp-content\/uploads\/usu909\/2018\/11\/Makey-Makey-300x225.jpg 300w, https:\/\/agora.xtec.cat\/escolamontseny\/wp-content\/uploads\/usu909\/2018\/11\/Makey-Makey-768x576.jpg 768w, https:\/\/agora.xtec.cat\/escolamontseny\/wp-content\/uploads\/usu909\/2018\/11\/Makey-Makey-200x150.jpg 200w, https:\/\/agora.xtec.cat\/escolamontseny\/wp-content\/uploads\/usu909\/2018\/11\/Makey-Makey.jpg 2016w\" sizes=\"auto, (max-width: 1024px) 100vw, 1024px\" \/><\/a><\/p>\n<p style=\"text-align: justify;\"><strong>LEGO<\/strong><\/p>\n<p style=\"text-align: justify;\">Amb el Lego We Do aconseguim una entretinguda experi\u00e8ncia d&#8217;aprenentatge col\u00b7laboratiu, a m\u00e9s a m\u00e9s, de la divertida iniciaci\u00f3 en la rob\u00f2tica.\u00a0 Amb sensors simples i un motor que es connecta als ordinadors, constru\u00efm i programem comportaments amb eines simples i f\u00e0cils com s\u00f3n els Lego.<\/p>\n<p><a href=\"https:\/\/agora.xtec.cat\/escolamontseny\/wp-content\/uploads\/usu909\/2018\/11\/Lego.jpg\"><img loading=\"lazy\" decoding=\"async\" class=\"alignnone size-large wp-image-676\" src=\"https:\/\/agora.xtec.cat\/escolamontseny\/wp-content\/uploads\/usu909\/2018\/11\/Lego-1024x768.jpg\" alt=\"\" width=\"1024\" height=\"768\" srcset=\"https:\/\/agora.xtec.cat\/escolamontseny\/wp-content\/uploads\/usu909\/2018\/11\/Lego-1024x768.jpg 1024w, https:\/\/agora.xtec.cat\/escolamontseny\/wp-content\/uploads\/usu909\/2018\/11\/Lego-300x225.jpg 300w, https:\/\/agora.xtec.cat\/escolamontseny\/wp-content\/uploads\/usu909\/2018\/11\/Lego-768x576.jpg 768w, https:\/\/agora.xtec.cat\/escolamontseny\/wp-content\/uploads\/usu909\/2018\/11\/Lego-200x150.jpg 200w, https:\/\/agora.xtec.cat\/escolamontseny\/wp-content\/uploads\/usu909\/2018\/11\/Lego.jpg 2016w\" sizes=\"auto, (max-width: 1024px) 100vw, 1024px\" \/><\/a><\/p>\n<p>&nbsp;<\/p>\n<p>&nbsp;<\/p>\n<p>&nbsp;<\/p>\n<p>&nbsp;<\/p>\n","protected":false},"excerpt":{"rendered":"<p>&nbsp; Aquest curs els nostres alumnes seguiran aprenent gr\u00e0cies a la rob\u00f2tica! La nostra escola disposa de varis robots els quals mitjan\u00e7ant el seu \u00fas ens ajuden a afavorir l&#8217;aprenentatge dels nostres nens i nenes. A continuaci\u00f3 us els presentem: BEE-BOTS Disposem de tres Bee-bots (un d&#8217;ells \u00e9s Blue-Bot). Aquest fant\u00e0stic recurs el podem integrar [&hellip;]<\/p>\n","protected":false},"author":1,"featured_media":0,"parent":64,"menu_order":30,"comment_status":"closed","ping_status":"closed","template":"page-templates\/side-menu.php","meta":{"_bbp_topic_count":0,"_bbp_reply_count":0,"_bbp_total_topic_count":0,"_bbp_total_reply_count":0,"_bbp_voice_count":0,"_bbp_anonymous_reply_count":0,"_bbp_topic_count_hidden":0,"_bbp_reply_count_hidden":0,"_bbp_forum_subforum_count":0,"site-sidebar-layout":"default","site-content-layout":"","ast-site-content-layout":"","site-content-style":"default","site-sidebar-style":"default","ast-global-header-display":"","ast-banner-title-visibility":"","ast-main-header-display":"","ast-hfb-above-header-display":"","ast-hfb-below-header-display":"","ast-hfb-mobile-header-display":"","site-post-title":"","ast-breadcrumbs-content":"","ast-featured-img":"","footer-sml-layout":"","theme-transparent-header-meta":"","adv-header-id-meta":"","stick-header-meta":"","header-above-stick-meta":"","header-main-stick-meta":"","header-below-stick-meta":"","astra-migrate-meta-layouts":"default","ast-page-background-enabled":"default","ast-page-background-meta":{"desktop":{"background-color":"var(--ast-global-color-4)","background-image":"","background-repeat":"repeat","background-position":"center center","background-size":"auto","background-attachment":"scroll","background-type":"","background-media":"","overlay-type":"","overlay-color":"","overlay-opacity":"","overlay-gradient":""},"tablet":{"background-color":"","background-image":"","background-repeat":"repeat","background-position":"center center","background-size":"auto","background-attachment":"scroll","background-type":"","background-media":"","overlay-type":"","overlay-color":"","overlay-opacity":"","overlay-gradient":""},"mobile":{"background-color":"","background-image":"","background-repeat":"repeat","background-position":"center center","background-size":"auto","background-attachment":"scroll","background-type":"","background-media":"","overlay-type":"","overlay-color":"","overlay-opacity":"","overlay-gradient":""}},"ast-content-background-meta":{"desktop":{"background-color":"var(--ast-global-color-5)","background-image":"","background-repeat":"repeat","background-position":"center center","background-size":"auto","background-attachment":"scroll","background-type":"","background-media":"","overlay-type":"","overlay-color":"","overlay-opacity":"","overlay-gradient":""},"tablet":{"background-color":"var(--ast-global-color-5)","background-image":"","background-repeat":"repeat","background-position":"center center","background-size":"auto","background-attachment":"scroll","background-type":"","background-media":"","overlay-type":"","overlay-color":"","overlay-opacity":"","overlay-gradient":""},"mobile":{"background-color":"var(--ast-global-color-5)","background-image":"","background-repeat":"repeat","background-position":"center center","background-size":"auto","background-attachment":"scroll","background-type":"","background-media":"","overlay-type":"","overlay-color":"","overlay-opacity":"","overlay-gradient":""}},"footnotes":""},"class_list":["post-513","page","type-page","status-publish","hentry"],"post_mailing_queue_ids":[],"_links":{"self":[{"href":"https:\/\/agora.xtec.cat\/escolamontseny\/wp-json\/wp\/v2\/pages\/513","targetHints":{"allow":["GET"]}}],"collection":[{"href":"https:\/\/agora.xtec.cat\/escolamontseny\/wp-json\/wp\/v2\/pages"}],"about":[{"href":"https:\/\/agora.xtec.cat\/escolamontseny\/wp-json\/wp\/v2\/types\/page"}],"author":[{"embeddable":true,"href":"https:\/\/agora.xtec.cat\/escolamontseny\/wp-json\/wp\/v2\/users\/1"}],"replies":[{"embeddable":true,"href":"https:\/\/agora.xtec.cat\/escolamontseny\/wp-json\/wp\/v2\/comments?post=513"}],"version-history":[{"count":3,"href":"https:\/\/agora.xtec.cat\/escolamontseny\/wp-json\/wp\/v2\/pages\/513\/revisions"}],"predecessor-version":[{"id":739,"href":"https:\/\/agora.xtec.cat\/escolamontseny\/wp-json\/wp\/v2\/pages\/513\/revisions\/739"}],"up":[{"embeddable":true,"href":"https:\/\/agora.xtec.cat\/escolamontseny\/wp-json\/wp\/v2\/pages\/64"}],"wp:attachment":[{"href":"https:\/\/agora.xtec.cat\/escolamontseny\/wp-json\/wp\/v2\/media?parent=513"}],"curies":[{"name":"wp","href":"https:\/\/api.w.org\/{rel}","templated":true}]}}