{"id":509,"date":"2018-11-12T09:17:33","date_gmt":"2018-11-12T08:17:33","guid":{"rendered":"http:\/\/agora.xtec.cat\/escolamontseny\/?page_id=509"},"modified":"2025-02-26T15:18:32","modified_gmt":"2025-02-26T14:18:32","slug":"apadrinament-lector","status":"publish","type":"page","link":"https:\/\/agora.xtec.cat\/escolamontseny\/projectes\/lectura\/apadrinament-lector\/","title":{"rendered":"APADRINAMENT LECTOR"},"content":{"rendered":"<p style=\"text-align: justify;\">L&#8217;apadrinament lector \u00e9s una activitat cooperativa que es realitza en parelles<br \/>\nformades per alumnes de 4t amb I-5, 5\u00e8 amb 1r i 6\u00e8 amb 2n. A cada parella els grans fan de padrins de lectura i els alumnes m\u00e9s petits fan de fillols. El fet de ser padr\u00ed de lectura representa que l&#8217;alumne<br \/>\npadr\u00ed adquireix el comprom\u00eds principal de vetllar per l&#8217;aprenentatge lector del seu fillol.<br \/>\nL\u2019 ajuda a aprendre a llegir, alhora que mira d&#8217;encomanar-li el gust per la lectura tot<br \/>\nengrescant-lo a llegir.<\/p>\n<p style=\"text-align: justify;\"><a href=\"https:\/\/agora.xtec.cat\/escolamontseny\/wp-content\/uploads\/usu909\/2021\/11\/apadrinament-lector-2-scaled.jpg\"><img loading=\"lazy\" decoding=\"async\" class=\"alignleft size-large wp-image-6467\" src=\"https:\/\/agora.xtec.cat\/escolamontseny\/wp-content\/uploads\/usu909\/2021\/11\/apadrinament-lector-2-952x1024.jpg\" alt=\"\" width=\"952\" height=\"1024\" srcset=\"https:\/\/agora.xtec.cat\/escolamontseny\/wp-content\/uploads\/usu909\/2021\/11\/apadrinament-lector-2-952x1024.jpg 952w, https:\/\/agora.xtec.cat\/escolamontseny\/wp-content\/uploads\/usu909\/2021\/11\/apadrinament-lector-2-279x300.jpg 279w, https:\/\/agora.xtec.cat\/escolamontseny\/wp-content\/uploads\/usu909\/2021\/11\/apadrinament-lector-2-768x826.jpg 768w, https:\/\/agora.xtec.cat\/escolamontseny\/wp-content\/uploads\/usu909\/2021\/11\/apadrinament-lector-2-1427x1536.jpg 1427w, https:\/\/agora.xtec.cat\/escolamontseny\/wp-content\/uploads\/usu909\/2021\/11\/apadrinament-lector-2-1903x2048.jpg 1903w\" sizes=\"auto, (max-width: 952px) 100vw, 952px\" \/><\/a><a href=\"https:\/\/agora.xtec.cat\/escolamontseny\/wp-content\/uploads\/usu909\/2021\/11\/apadrinament-lector-1-scaled.jpg\"><img loading=\"lazy\" decoding=\"async\" class=\"alignleft size-large wp-image-6466\" src=\"https:\/\/agora.xtec.cat\/escolamontseny\/wp-content\/uploads\/usu909\/2021\/11\/apadrinament-lector-1-768x1024.jpg\" alt=\"\" width=\"768\" height=\"1024\" srcset=\"https:\/\/agora.xtec.cat\/escolamontseny\/wp-content\/uploads\/usu909\/2021\/11\/apadrinament-lector-1-768x1024.jpg 768w, https:\/\/agora.xtec.cat\/escolamontseny\/wp-content\/uploads\/usu909\/2021\/11\/apadrinament-lector-1-225x300.jpg 225w, https:\/\/agora.xtec.cat\/escolamontseny\/wp-content\/uploads\/usu909\/2021\/11\/apadrinament-lector-1-1152x1536.jpg 1152w, https:\/\/agora.xtec.cat\/escolamontseny\/wp-content\/uploads\/usu909\/2021\/11\/apadrinament-lector-1-1536x2048.jpg 1536w, https:\/\/agora.xtec.cat\/escolamontseny\/wp-content\/uploads\/usu909\/2021\/11\/apadrinament-lector-1-scaled.jpg 1920w\" sizes=\"auto, (max-width: 768px) 100vw, 768px\" \/><\/a><\/p>\n","protected":false},"excerpt":{"rendered":"<p>L&#8217;apadrinament lector \u00e9s una activitat cooperativa que es realitza en parelles formades per alumnes de 4t amb I-5, 5\u00e8 amb 1r i 6\u00e8 amb 2n. A cada parella els grans fan de padrins de lectura i els alumnes m\u00e9s petits fan de fillols. El fet de ser padr\u00ed de lectura representa que l&#8217;alumne padr\u00ed adquireix [&hellip;]<\/p>\n","protected":false},"author":1,"featured_media":0,"parent":505,"menu_order":22,"comment_status":"closed","ping_status":"closed","template":"page-templates\/side-menu.php","meta":{"_bbp_topic_count":0,"_bbp_reply_count":0,"_bbp_total_topic_count":0,"_bbp_total_reply_count":0,"_bbp_voice_count":0,"_bbp_anonymous_reply_count":0,"_bbp_topic_count_hidden":0,"_bbp_reply_count_hidden":0,"_bbp_forum_subforum_count":0,"site-sidebar-layout":"default","site-content-layout":"","ast-site-content-layout":"","site-content-style":"default","site-sidebar-style":"default","ast-global-header-display":"","ast-banner-title-visibility":"","ast-main-header-display":"","ast-hfb-above-header-display":"","ast-hfb-below-header-display":"","ast-hfb-mobile-header-display":"","site-post-title":"","ast-breadcrumbs-content":"","ast-featured-img":"","footer-sml-layout":"","theme-transparent-header-meta":"","adv-header-id-meta":"","stick-header-meta":"","header-above-stick-meta":"","header-main-stick-meta":"","header-below-stick-meta":"","astra-migrate-meta-layouts":"default","ast-page-background-enabled":"default","ast-page-background-meta":{"desktop":{"background-color":"var(--ast-global-color-4)","background-image":"","background-repeat":"repeat","background-position":"center center","background-size":"auto","background-attachment":"scroll","background-type":"","background-media":"","overlay-type":"","overlay-color":"","overlay-opacity":"","overlay-gradient":""},"tablet":{"background-color":"","background-image":"","background-repeat":"repeat","background-position":"center center","background-size":"auto","background-attachment":"scroll","background-type":"","background-media":"","overlay-type":"","overlay-color":"","overlay-opacity":"","overlay-gradient":""},"mobile":{"background-color":"","background-image":"","background-repeat":"repeat","background-position":"center center","background-size":"auto","background-attachment":"scroll","background-type":"","background-media":"","overlay-type":"","overlay-color":"","overlay-opacity":"","overlay-gradient":""}},"ast-content-background-meta":{"desktop":{"background-color":"var(--ast-global-color-5)","background-image":"","background-repeat":"repeat","background-position":"center center","background-size":"auto","background-attachment":"scroll","background-type":"","background-media":"","overlay-type":"","overlay-color":"","overlay-opacity":"","overlay-gradient":""},"tablet":{"background-color":"var(--ast-global-color-5)","background-image":"","background-repeat":"repeat","background-position":"center center","background-size":"auto","background-attachment":"scroll","background-type":"","background-media":"","overlay-type":"","overlay-color":"","overlay-opacity":"","overlay-gradient":""},"mobile":{"background-color":"var(--ast-global-color-5)","background-image":"","background-repeat":"repeat","background-position":"center center","background-size":"auto","background-attachment":"scroll","background-type":"","background-media":"","overlay-type":"","overlay-color":"","overlay-opacity":"","overlay-gradient":""}},"footnotes":""},"class_list":["post-509","page","type-page","status-publish","hentry"],"post_mailing_queue_ids":[],"_links":{"self":[{"href":"https:\/\/agora.xtec.cat\/escolamontseny\/wp-json\/wp\/v2\/pages\/509","targetHints":{"allow":["GET"]}}],"collection":[{"href":"https:\/\/agora.xtec.cat\/escolamontseny\/wp-json\/wp\/v2\/pages"}],"about":[{"href":"https:\/\/agora.xtec.cat\/escolamontseny\/wp-json\/wp\/v2\/types\/page"}],"author":[{"embeddable":true,"href":"https:\/\/agora.xtec.cat\/escolamontseny\/wp-json\/wp\/v2\/users\/1"}],"replies":[{"embeddable":true,"href":"https:\/\/agora.xtec.cat\/escolamontseny\/wp-json\/wp\/v2\/comments?post=509"}],"version-history":[{"count":4,"href":"https:\/\/agora.xtec.cat\/escolamontseny\/wp-json\/wp\/v2\/pages\/509\/revisions"}],"predecessor-version":[{"id":10029,"href":"https:\/\/agora.xtec.cat\/escolamontseny\/wp-json\/wp\/v2\/pages\/509\/revisions\/10029"}],"up":[{"embeddable":true,"href":"https:\/\/agora.xtec.cat\/escolamontseny\/wp-json\/wp\/v2\/pages\/505"}],"wp:attachment":[{"href":"https:\/\/agora.xtec.cat\/escolamontseny\/wp-json\/wp\/v2\/media?parent=509"}],"curies":[{"name":"wp","href":"https:\/\/api.w.org\/{rel}","templated":true}]}}