{"id":505,"date":"2018-11-12T09:16:31","date_gmt":"2018-11-12T08:16:31","guid":{"rendered":"http:\/\/agora.xtec.cat\/escolamontseny\/?page_id=505"},"modified":"2019-06-11T13:46:59","modified_gmt":"2019-06-11T11:46:59","slug":"lectura","status":"publish","type":"page","link":"https:\/\/agora.xtec.cat\/escolamontseny\/projectes\/lectura\/","title":{"rendered":"Lectura"},"content":{"rendered":"<h3 id=\"sites-page-title-header\" align=\"left\"><span id=\"sites-page-title\" dir=\"ltr\" tabindex=\"-1\">Espai de lectura<\/span><\/h3>\n<h6 style=\"text-align: justify;\" align=\"left\"><span style=\"color: #000000;\">Crear un espai de lectura ha estat sempre un dels objectius principals a la nostra escola, un espai per llegir, relaxar-se i deixar-se emportar per la imaginaci\u00f3. Creiem en la necessitat d\u2019un espai destinat a fomentar l\u2019h\u00e0bit de la lectura i d\u2019implicar als nens i nenes en el proc\u00e9s de lectura.<\/span><\/h6>\n<h6 style=\"text-align: justify;\" align=\"left\"><span style=\"color: #000000;\"><span style=\"font-size: large;\"><span style=\"font-family: arial, sans-serif;\">Aix\u00ed doncs, a l\u2019escola hem creat un espai amb bona il\u00b7luminaci\u00f3, amb llibres sempre a l\u2019abast dels nens i nenes on els nostres alumnes <\/span><\/span><span style=\"font-size: large;\"><span style=\"font-family: arial, sans-serif;\">poden anar sense dependre de la nostra ajuda, amb seients c\u00f2modes organitzats en diferents racons, amb detalls\u00a0<\/span><\/span>cuidats que fan sentir un \u00abefecte de conte\u00bb,\u00a0un espai on compartir amb adults i iguals en diferents moments de la jornada escolar, on crear noves relacions,&#8230; un espai, en definitiva,\u00a0on iniciar i mantenir una bona relaci\u00f3 amb la lectura.<\/span><\/h6>\n<div><img loading=\"lazy\" decoding=\"async\" class=\"\" src=\"https:\/\/sites.google.com\/a\/xtec.cat\/biblioteca-virtual-escola-montseny\/_\/rsrc\/1537109764735\/espai-de-lectura\/20150312_145036.jpg?height=192&amp;width=320\" width=\"362\" height=\"217\" border=\"0\" \/>\u00a0 \u00a0 \u00a0 \u00a0 \u00a0 \u00a0\u00a0 <img loading=\"lazy\" decoding=\"async\" src=\"https:\/\/sites.google.com\/a\/xtec.cat\/biblioteca-virtual-escola-montseny\/_\/rsrc\/1537109764735\/espai-de-lectura\/20150312_144625.jpg?height=243&amp;width=320\" width=\"320\" height=\"243\" border=\"0\" \/><\/div>\n<div><\/div>\n<div>\n<h3 id=\"sites-page-title-header\" align=\"left\"><span id=\"sites-page-title\" dir=\"ltr\" tabindex=\"-1\">El gust per la lectura<\/span><\/h3>\n<\/div>\n<div><\/div>\n<div style=\"text-align: justify;\">La inclusi\u00f3 d&#8217;una franja dins de l&#8217;horari dedicat al desenvolupament del gust per la lectura\u00a0t\u00e9 per objectiu la formaci\u00f3 de bons lectors i lectores. Es tracta que, al llarg de la seva formaci\u00f3 educativa, els nostres alumnes esdevinguin lectors competents, cr\u00edtics i capa\u00e7os de gaudir del plaer de la lectura. La dinamitzaci\u00f3 de la lectura es porta a terme a partir de diferents activitats. A m\u00e9s, tenim elaborat un pla lector establert en l&#8217;horari lectiu per aquesta activitat (1\/2 hora de lectura di\u00e0ria).<\/div>\n<div style=\"text-align: justify;\"><\/div>\n<div style=\"text-align: justify;\">La lectura individual (que despr\u00e9s compartim amb projectes diferents, com ara el projecte de RECOMANA&#8217;M UN LLIBRE).<\/div>\n<h3 id=\"sites-page-title-header\" style=\"text-align: justify;\" align=\"left\"><span id=\"sites-page-title\" dir=\"ltr\" tabindex=\"-1\">Apadrinament lector<\/span><\/h3>\n<div style=\"text-align: justify;\">L&#8217;apadrinament lector \u00e9s una activitat cooperativa que es realitza en parelles formades per alumnes de sis\u00e8, cinqu\u00e8 i quart que fan de padrins de lectura i els alumnes de segon, primer de prim\u00e0ria i P-5 respectivament, que fan de fillols. El fet de ser padr\u00ed de lectura representa que l&#8217;alumne padr\u00ed adquireix el comprom\u00eds principal de vetllar per l&#8217;aprenentatge lector del seu fillol. L\u2019ajuda a aprendre a llegir, alhora que mira d&#8217;encomanar-li el gust per la lectura tot engrescant-lo a llegir.<\/div>\n<div id=\"sites-canvas-main\" class=\"sites-canvas-main\">\n<div id=\"sites-canvas-main-content\">\n<table class=\"sites-layout-name-one-column sites-layout-hbox\" style=\"width: 112px; height: 28px;\" cellspacing=\"0\">\n<tbody>\n<tr style=\"height: 91px;\">\n<td class=\"sites-layout-tile sites-tile-name-content-1\" style=\"width: 110px; height: 91px; text-align: justify;\"><a href=\"https:\/\/agora.xtec.cat\/escolamontseny\/wp-content\/uploads\/usu909\/2019\/06\/20190220_091528.jpg\"><img loading=\"lazy\" decoding=\"async\" class=\"wp-image-1840 alignleft\" src=\"https:\/\/agora.xtec.cat\/escolamontseny\/wp-content\/uploads\/usu909\/2019\/06\/20190220_091528-1024x768.jpg\" alt=\"\" width=\"353\" height=\"265\" srcset=\"https:\/\/agora.xtec.cat\/escolamontseny\/wp-content\/uploads\/usu909\/2019\/06\/20190220_091528-1024x768.jpg 1024w, https:\/\/agora.xtec.cat\/escolamontseny\/wp-content\/uploads\/usu909\/2019\/06\/20190220_091528-300x225.jpg 300w, https:\/\/agora.xtec.cat\/escolamontseny\/wp-content\/uploads\/usu909\/2019\/06\/20190220_091528-768x576.jpg 768w, https:\/\/agora.xtec.cat\/escolamontseny\/wp-content\/uploads\/usu909\/2019\/06\/20190220_091528-200x150.jpg 200w\" sizes=\"auto, (max-width: 353px) 100vw, 353px\" \/><\/a><\/p>\n<p>&nbsp;<\/p>\n<p>&nbsp;<\/p>\n<p>&nbsp;<\/p>\n<p>&nbsp;<\/p>\n<p>&nbsp;<\/p>\n<p>&nbsp;<\/p>\n<p>&nbsp;<\/p>\n<p><a href=\"https:\/\/agora.xtec.cat\/escolamontseny\/wp-content\/uploads\/usu909\/2019\/06\/20190220_091540.jpg\"><img loading=\"lazy\" decoding=\"async\" class=\" wp-image-1841 alignleft\" src=\"https:\/\/agora.xtec.cat\/escolamontseny\/wp-content\/uploads\/usu909\/2019\/06\/20190220_091540-1024x768.jpg\" alt=\"\" width=\"354\" height=\"266\" srcset=\"https:\/\/agora.xtec.cat\/escolamontseny\/wp-content\/uploads\/usu909\/2019\/06\/20190220_091540-1024x768.jpg 1024w, https:\/\/agora.xtec.cat\/escolamontseny\/wp-content\/uploads\/usu909\/2019\/06\/20190220_091540-300x225.jpg 300w, https:\/\/agora.xtec.cat\/escolamontseny\/wp-content\/uploads\/usu909\/2019\/06\/20190220_091540-768x576.jpg 768w, https:\/\/agora.xtec.cat\/escolamontseny\/wp-content\/uploads\/usu909\/2019\/06\/20190220_091540-200x150.jpg 200w\" sizes=\"auto, (max-width: 354px) 100vw, 354px\" \/><\/a><a href=\"https:\/\/agora.xtec.cat\/escolamontseny\/wp-content\/uploads\/usu909\/2019\/06\/IMG_20190516_110505.jpg\"><img loading=\"lazy\" decoding=\"async\" class=\" wp-image-1843\" src=\"https:\/\/agora.xtec.cat\/escolamontseny\/wp-content\/uploads\/usu909\/2019\/06\/IMG_20190516_110505-1024x768.jpg\" alt=\"\" width=\"459\" height=\"344\" srcset=\"https:\/\/agora.xtec.cat\/escolamontseny\/wp-content\/uploads\/usu909\/2019\/06\/IMG_20190516_110505-1024x768.jpg 1024w, https:\/\/agora.xtec.cat\/escolamontseny\/wp-content\/uploads\/usu909\/2019\/06\/IMG_20190516_110505-300x225.jpg 300w, https:\/\/agora.xtec.cat\/escolamontseny\/wp-content\/uploads\/usu909\/2019\/06\/IMG_20190516_110505-768x576.jpg 768w, https:\/\/agora.xtec.cat\/escolamontseny\/wp-content\/uploads\/usu909\/2019\/06\/IMG_20190516_110505-200x150.jpg 200w, https:\/\/agora.xtec.cat\/escolamontseny\/wp-content\/uploads\/usu909\/2019\/06\/IMG_20190516_110505.jpg 1984w\" sizes=\"auto, (max-width: 459px) 100vw, 459px\" \/><\/a><\/p>\n<p>bty<\/td>\n<\/tr>\n<\/tbody>\n<\/table>\n<\/div>\n<\/div>\n","protected":false},"excerpt":{"rendered":"<p>Espai de lectura Crear un espai de lectura ha estat sempre un dels objectius principals a la nostra escola, un espai per llegir, relaxar-se i deixar-se emportar per la imaginaci\u00f3. Creiem en la necessitat d\u2019un espai destinat a fomentar l\u2019h\u00e0bit de la lectura i d\u2019implicar als nens i nenes en el proc\u00e9s de lectura. Aix\u00ed [&hellip;]<\/p>\n","protected":false},"author":1,"featured_media":0,"parent":64,"menu_order":20,"comment_status":"closed","ping_status":"closed","template":"page-templates\/side-menu.php","meta":{"_bbp_topic_count":0,"_bbp_reply_count":0,"_bbp_total_topic_count":0,"_bbp_total_reply_count":0,"_bbp_voice_count":0,"_bbp_anonymous_reply_count":0,"_bbp_topic_count_hidden":0,"_bbp_reply_count_hidden":0,"_bbp_forum_subforum_count":0,"site-sidebar-layout":"default","site-content-layout":"","ast-site-content-layout":"","site-content-style":"default","site-sidebar-style":"default","ast-global-header-display":"","ast-banner-title-visibility":"","ast-main-header-display":"","ast-hfb-above-header-display":"","ast-hfb-below-header-display":"","ast-hfb-mobile-header-display":"","site-post-title":"","ast-breadcrumbs-content":"","ast-featured-img":"","footer-sml-layout":"","theme-transparent-header-meta":"","adv-header-id-meta":"","stick-header-meta":"","header-above-stick-meta":"","header-main-stick-meta":"","header-below-stick-meta":"","astra-migrate-meta-layouts":"default","ast-page-background-enabled":"default","ast-page-background-meta":{"desktop":{"background-color":"var(--ast-global-color-4)","background-image":"","background-repeat":"repeat","background-position":"center center","background-size":"auto","background-attachment":"scroll","background-type":"","background-media":"","overlay-type":"","overlay-color":"","overlay-opacity":"","overlay-gradient":""},"tablet":{"background-color":"","background-image":"","background-repeat":"repeat","background-position":"center center","background-size":"auto","background-attachment":"scroll","background-type":"","background-media":"","overlay-type":"","overlay-color":"","overlay-opacity":"","overlay-gradient":""},"mobile":{"background-color":"","background-image":"","background-repeat":"repeat","background-position":"center center","background-size":"auto","background-attachment":"scroll","background-type":"","background-media":"","overlay-type":"","overlay-color":"","overlay-opacity":"","overlay-gradient":""}},"ast-content-background-meta":{"desktop":{"background-color":"var(--ast-global-color-5)","background-image":"","background-repeat":"repeat","background-position":"center center","background-size":"auto","background-attachment":"scroll","background-type":"","background-media":"","overlay-type":"","overlay-color":"","overlay-opacity":"","overlay-gradient":""},"tablet":{"background-color":"var(--ast-global-color-5)","background-image":"","background-repeat":"repeat","background-position":"center center","background-size":"auto","background-attachment":"scroll","background-type":"","background-media":"","overlay-type":"","overlay-color":"","overlay-opacity":"","overlay-gradient":""},"mobile":{"background-color":"var(--ast-global-color-5)","background-image":"","background-repeat":"repeat","background-position":"center center","background-size":"auto","background-attachment":"scroll","background-type":"","background-media":"","overlay-type":"","overlay-color":"","overlay-opacity":"","overlay-gradient":""}},"footnotes":""},"class_list":["post-505","page","type-page","status-publish","hentry"],"post_mailing_queue_ids":[],"_links":{"self":[{"href":"https:\/\/agora.xtec.cat\/escolamontseny\/wp-json\/wp\/v2\/pages\/505","targetHints":{"allow":["GET"]}}],"collection":[{"href":"https:\/\/agora.xtec.cat\/escolamontseny\/wp-json\/wp\/v2\/pages"}],"about":[{"href":"https:\/\/agora.xtec.cat\/escolamontseny\/wp-json\/wp\/v2\/types\/page"}],"author":[{"embeddable":true,"href":"https:\/\/agora.xtec.cat\/escolamontseny\/wp-json\/wp\/v2\/users\/1"}],"replies":[{"embeddable":true,"href":"https:\/\/agora.xtec.cat\/escolamontseny\/wp-json\/wp\/v2\/comments?post=505"}],"version-history":[{"count":3,"href":"https:\/\/agora.xtec.cat\/escolamontseny\/wp-json\/wp\/v2\/pages\/505\/revisions"}],"predecessor-version":[{"id":1844,"href":"https:\/\/agora.xtec.cat\/escolamontseny\/wp-json\/wp\/v2\/pages\/505\/revisions\/1844"}],"up":[{"embeddable":true,"href":"https:\/\/agora.xtec.cat\/escolamontseny\/wp-json\/wp\/v2\/pages\/64"}],"wp:attachment":[{"href":"https:\/\/agora.xtec.cat\/escolamontseny\/wp-json\/wp\/v2\/media?parent=505"}],"curies":[{"name":"wp","href":"https:\/\/api.w.org\/{rel}","templated":true}]}}