{"id":34,"date":"2014-09-18T12:32:18","date_gmt":"2014-09-18T11:32:18","guid":{"rendered":"http:\/\/agora.xtec.cat\/escolamontseny\/?page_id=34"},"modified":"2026-04-29T12:13:24","modified_gmt":"2026-04-29T10:13:24","slug":"equip-pedagogic","status":"publish","type":"page","link":"https:\/\/agora.xtec.cat\/escolamontseny\/families\/informacions-generals\/lescola\/equip-pedagogic\/","title":{"rendered":"Equip pedag\u00f2gic"},"content":{"rendered":"<h5 style=\"color: #444444;\">Tutories i especialistes<\/h5>\n<table style=\"border-collapse: collapse; width: 101.307%; height: 259px;\" border=\"1\">\n<tbody>\n<tr style=\"height: 94px;\">\n<td style=\"width: 18.6156%; height: 61px; text-align: left;\">\n<h5>TRAM PETITS<\/h5>\n<\/td>\n<td style=\"width: 33.2736%; text-align: center; height: 61px;\"><strong>Coordinadora:<\/strong> Yolanda Garc\u00eda<\/p>\n<table style=\"border-collapse: collapse; width: 100%;\">\n<tbody>\n<tr>\n<td style=\"width: 50%; text-align: left;\"><strong>I3 A: <\/strong>Sandra Nuez<\/td>\n<td style=\"width: 50%; text-align: left;\"><strong>I3 B:<\/strong> Patricia Ram\u00edrez<\/td>\n<\/tr>\n<tr>\n<td style=\"width: 50%; text-align: left;\"><strong>I4: <\/strong>N\u00faria Sala<\/td>\n<td style=\"width: 50%; text-align: left;\"><\/td>\n<\/tr>\n<tr>\n<td style=\"width: 50%; text-align: left;\"><strong>I5 A: <\/strong>Laura Romero<\/td>\n<td style=\"width: 50%; text-align: left;\"><strong>I5 B:<\/strong> Elisabeth Carrasco<\/td>\n<\/tr>\n<\/tbody>\n<\/table>\n<p style=\"text-align: left;\">\n<\/td>\n<\/tr>\n<tr style=\"height: 134px;\">\n<td style=\"width: 18.6156%; height: 134px; text-align: left;\">\n<h5>TRAM MITJANS<\/h5>\n<\/td>\n<td style=\"width: 33.2736%; height: 134px;\">\n<p style=\"text-align: center;\"><strong>Coordinadora:<\/strong> Jessica Escudero<\/p>\n<table style=\"border-collapse: collapse; width: 100%;\">\n<tbody>\n<tr>\n<td style=\"width: 50%;\"><strong>1r A: <\/strong>Raquel Hern\u00e1ndez<\/td>\n<td style=\"width: 50%;\"><strong>1r B:<\/strong> Marta Serrano<\/td>\n<\/tr>\n<tr>\n<td style=\"width: 50%;\"><strong>2n:<\/strong> Jessica Escudero<strong><br \/>\n<\/strong><\/td>\n<td style=\"width: 50%;\"><\/td>\n<\/tr>\n<tr>\n<td style=\"width: 50%;\"><strong>3r A: <\/strong>Irene Garc\u00eda<\/td>\n<td style=\"width: 50%;\"><strong>3r B:<\/strong> Gemma Cuenca<\/td>\n<\/tr>\n<\/tbody>\n<\/table>\n<\/td>\n<\/tr>\n<tr style=\"height: 30px;\">\n<td style=\"width: 18.6156%; height: 64px; text-align: left;\">\n<h5>TRAM GRANS<\/h5>\n<\/td>\n<td style=\"width: 33.2736%; height: 64px;\">\n<p style=\"text-align: center;\"><strong>Coordinador:<\/strong> Ra\u00fal L\u00f3pez<\/p>\n<table style=\"border-collapse: collapse; width: 100%; height: 84px;\">\n<tbody>\n<tr style=\"height: 28px;\">\n<td style=\"width: 50%; height: 28px;\"><strong>4rt A: <\/strong>Sandra Bonilla<\/td>\n<td style=\"width: 50%; height: 28px;\"><strong>4rt B: <\/strong>Ra\u00fal L\u00f3pez<\/td>\n<\/tr>\n<tr style=\"height: 28px;\">\n<td style=\"width: 50%; height: 28px;\"><strong>5\u00e8 A:\u00a0 \u00a0<\/strong>Marta Mart\u00edn<\/td>\n<td style=\"width: 50%; height: 28px;\"><strong>5\u00e8 B: <\/strong>Veronica Rom\u00e1n<\/td>\n<\/tr>\n<tr style=\"height: 28px;\">\n<td style=\"width: 50%; height: 28px;\"><strong>6\u00e8 A: <\/strong>Mireia Bermejo<\/td>\n<td style=\"width: 50%; height: 28px;\"><strong>6\u00e8 B: <\/strong>Pilar Garc\u00eda\/ Victor Chueco<\/td>\n<\/tr>\n<\/tbody>\n<\/table>\n<\/td>\n<\/tr>\n<\/tbody>\n<\/table>\n<table style=\"border-collapse: collapse; width: 100%; height: 364px;\" border=\"1\">\n<tbody>\n<tr style=\"height: 48px;\">\n<td style=\"width: 26.6969%; height: 48px;\">\n<h5>Refor\u00e7<\/h5>\n<\/td>\n<td style=\"width: 47.2742%; height: 48px;\"><strong>Infantil:<\/strong> M\u00aa Carmen Pereira<strong>Prim\u00e0ria<\/strong>: Irene Gala, Marisa Corro Ana D\u00edaz, Jes\u00fas Do\u00f1ate<\/p>\n<p><strong>TEI (T\u00e8cnic Ed.Infantil)<\/strong> :\u00a0 Conchi Jim\u00e9nez<\/td>\n<\/tr>\n<tr style=\"height: 48px;\">\n<td style=\"width: 26.6969%; height: 48px;\">\n<h5>Educaci\u00f3 Especial<\/h5>\n<\/td>\n<td style=\"width: 47.2742%; height: 48px;\">Yolanda Garc\u00eda, N\u00faria Garcia, Cristina Zambrano, Maria Hern\u00e1ndez<\/td>\n<\/tr>\n<tr style=\"height: 48px;\">\n<td style=\"width: 26.6969%; height: 48px;\">\n<h5>Educaci\u00f3 Musical<\/h5>\n<\/td>\n<td style=\"width: 47.2742%; height: 48px;\">Silvia Rodr\u00edguez<\/td>\n<\/tr>\n<tr style=\"height: 48px;\">\n<td style=\"width: 26.6969%; height: 58px;\">\n<h5>Educaci\u00f3 F\u00edsica i psicomotricitat<\/h5>\n<\/td>\n<td style=\"width: 47.2742%; height: 58px;\"><strong>TRAM PETITS: <\/strong>Elisabeth Prados i M\u00aa Carmen Pereira<\/p>\n<p><b>TRAM MITJANS:\u00a0<\/b> Elisabeth Prados<\/p>\n<p><strong>TRAM GRANS: <\/strong>Elisabeth Prados i Ra\u00fal L\u00f3pez<\/td>\n<\/tr>\n<tr style=\"height: 49px;\">\n<td style=\"width: 26.6969%; height: 49px;\">\n<h5>Angl\u00e8s<\/h5>\n<\/td>\n<td style=\"width: 47.2742%; height: 49px;\">Maria Maci\u00e1n, Ana Grima i Vicky Villodres<\/td>\n<\/tr>\n<tr style=\"height: 90px;\">\n<td style=\"width: 26.6969%; height: 90px;\">\n<h5>Aula d&#8217;Acollida<\/h5>\n<\/td>\n<td style=\"width: 47.2742%; height: 90px;\">Vador Rius<\/td>\n<\/tr>\n<tr style=\"height: 23px;\">\n<td style=\"width: 26.6969%; height: 23px;\"><\/td>\n<td style=\"width: 47.2742%; height: 23px;\"><\/td>\n<\/tr>\n<\/tbody>\n<\/table>\n<h6>\u00d2rgans de gesti\u00f3 del centre<\/h6>\n<table style=\"border-collapse: collapse; width: 100%;\" border=\"1\">\n<tbody>\n<tr style=\"height: 48px;\">\n<td style=\"width: 33.3333%; text-align: center; height: 48px;\">\n<h5>Equip directiu<\/h5>\n<\/td>\n<td style=\"width: 33.3333%; text-align: center; height: 48px;\">\n<h5>Consell Escolar<\/h5>\n<\/td>\n<td style=\"width: 33.3333%; text-align: center; height: 48px;\">\n<h5>Claustre<\/h5>\n<\/td>\n<\/tr>\n<tr style=\"height: 63px;\">\n<td style=\"width: 33.3333%; height: 63px;\">\n<p style=\"text-align: center;\" align=\"center\"><strong>Director:<\/strong> <a href=\"https:\/\/agora.xtec.cat\/escolamontseny\/wp-content\/uploads\/usu909\/2020\/05\/PERFIL-PROFESSIONAL-JESUS-DO\u00d1ATE.pdf\">Jes\u00fas Do\u00f1ate Gago<\/a><\/p>\n<p style=\"text-align: center;\" align=\"center\"><strong>Cap d&#8217;estudis<\/strong> : <a href=\"https:\/\/agora.xtec.cat\/escolamontseny\/wp-content\/uploads\/usu909\/2020\/05\/PERFIL-PROFESSIONAL-ANA-DIAZ-1.pdf\">Ana D\u00edaz Gord\u00f3n<\/a><\/p>\n<p style=\"text-align: center;\" align=\"center\"><strong>Secretaria<\/strong>: <a href=\"https:\/\/agora.xtec.cat\/escolamontseny\/wp-content\/uploads\/usu909\/2020\/05\/MARI-CARMEN-PEREIRA.pdf\">Mari Carmen Pereira<\/a><\/p>\n<\/td>\n<td style=\"width: 33.3333%; height: 63px;\">\n<p align=\"center\">Equip directiu<\/p>\n<p align=\"center\">7 representants del professorat<\/p>\n<p align=\"center\">6 representants dels pares<\/p>\n<p align=\"center\">1 representant de l&#8217;AMPA<\/p>\n<p align=\"center\">1 representant del personal no docent<\/p>\n<p align=\"center\">1 representant de l&#8217;Ajuntament<\/p>\n<\/td>\n<td style=\"width: 33.3333%; height: 63px; text-align: center;\">\u00a0Format per tot el professorat del centre<\/td>\n<\/tr>\n<\/tbody>\n<\/table>\n<p>El Consell Escolar est\u00e0 presidit pel Director del Centre. T\u00e9 establertes les seg\u00fcents comissions: la Comissi\u00f3 Econ\u00f2mica, la Comissi\u00f3 Permanent i la Comissi\u00f3 per fomentar la igualtat entre nens i nenes.<\/p>\n<p><strong>Programa T\u00e8cnics d\u2019integraci\u00f3 social i educadors socials<\/strong><\/p>\n<p>Per la present s\u2019INFORMA a les fam\u00edlies que el centre disposa de professionals d\u2019atenci\u00f3 educativa amb la finalitat de garantir l\u2019equitat en l\u2019acc\u00e9s a l\u2019educaci\u00f3.<\/p>\n<p>La contractaci\u00f3 d\u2019aquests professionals est\u00e0 cofinan\u00e7at en un 40% per la Uni\u00f3 Europea i la resta pel Departament d\u2019Educaci\u00f3 aix\u00f2 comporta el compliment d\u2019unes mesures de publicitat i comunicaci\u00f3.<\/p>\n<p>Els objectius plantejats amb aquesta incorporaci\u00f3 als centre s\u00f3n::<\/p>\n<p>&#8211;\u00a0\u00a0\u00a0\u00a0\u00a0\u00a0\u00a0\u00a0\u00a0 Prevenir l\u2019abandonament prematur i el frac\u00e0s escolar<\/p>\n<p>&#8211;\u00a0\u00a0\u00a0\u00a0\u00a0\u00a0\u00a0\u00a0\u00a0 Procurar el benestar emocional dels alumnes<\/p>\n<p>&#8211;\u00a0\u00a0\u00a0\u00a0\u00a0\u00a0\u00a0\u00a0\u00a0 Facilitar una bona conviv\u00e8ncia en els centres educatius.<\/p>\n<p>&#8211;\u00a0\u00a0\u00a0\u00a0\u00a0\u00a0\u00a0\u00a0\u00a0 Contribuir a l\u2019orientaci\u00f3 dels alumnes<\/p>\n<p>&#8211;\u00a0\u00a0\u00a0\u00a0\u00a0\u00a0\u00a0\u00a0\u00a0 Fomentar la implicaci\u00f3 de les fam\u00edlies<\/p>\n<p>&#8211;\u00a0\u00a0\u00a0\u00a0\u00a0\u00a0\u00a0\u00a0\u00a0 Fomentar el vincle entre l\u2019escola i el seu entorn.<\/p>\n<p>&#8211;\u00a0\u00a0\u00a0\u00a0\u00a0\u00a0\u00a0\u00a0\u00a0 Contribuir al desenvolupament de plans d\u2019\u00e0mbit comunitari.<\/p>\n<p>El resultat esperat d\u2019aquesta iniciativa \u00e9s reduir l\u2019absentisme escolar.<\/p>\n<p><a href=\"https:\/\/agora.xtec.cat\/escolamontseny\/wp-content\/uploads\/usu909\/2025\/05\/logo-cofinancament.png\"><img loading=\"lazy\" decoding=\"async\" class=\"aligncenter size-medium wp-image-10403\" src=\"https:\/\/agora.xtec.cat\/escolamontseny\/wp-content\/uploads\/usu909\/2025\/05\/logo-cofinancament-300x80.png\" alt=\"\" width=\"300\" height=\"80\" srcset=\"https:\/\/agora.xtec.cat\/escolamontseny\/wp-content\/uploads\/usu909\/2025\/05\/logo-cofinancament-300x80.png 300w, https:\/\/agora.xtec.cat\/escolamontseny\/wp-content\/uploads\/usu909\/2025\/05\/logo-cofinancament.png 750w\" sizes=\"auto, (max-width: 300px) 100vw, 300px\" \/><\/a><\/p>\n","protected":false},"excerpt":{"rendered":"<p>Tutories i especialistes TRAM PETITS Coordinadora: Yolanda Garc\u00eda I3 A: Sandra Nuez I3 B: Patricia Ram\u00edrez I4: N\u00faria Sala I5 A: Laura Romero I5 B: Elisabeth Carrasco TRAM MITJANS Coordinadora: Jessica Escudero 1r A: Raquel Hern\u00e1ndez 1r B: Marta Serrano 2n: Jessica Escudero 3r A: Irene Garc\u00eda 3r B: Gemma Cuenca TRAM GRANS Coordinador: Ra\u00fal [&hellip;]<\/p>\n","protected":false},"author":1,"featured_media":0,"parent":22,"menu_order":50,"comment_status":"closed","ping_status":"closed","template":"","meta":{"_bbp_topic_count":0,"_bbp_reply_count":0,"_bbp_total_topic_count":0,"_bbp_total_reply_count":0,"_bbp_voice_count":0,"_bbp_anonymous_reply_count":0,"_bbp_topic_count_hidden":0,"_bbp_reply_count_hidden":0,"_bbp_forum_subforum_count":0,"site-sidebar-layout":"default","site-content-layout":"","ast-site-content-layout":"default","site-content-style":"default","site-sidebar-style":"default","ast-global-header-display":"","ast-banner-title-visibility":"","ast-main-header-display":"","ast-hfb-above-header-display":"","ast-hfb-below-header-display":"","ast-hfb-mobile-header-display":"","site-post-title":"","ast-breadcrumbs-content":"","ast-featured-img":"","footer-sml-layout":"","theme-transparent-header-meta":"","adv-header-id-meta":"","stick-header-meta":"","header-above-stick-meta":"","header-main-stick-meta":"","header-below-stick-meta":"","astra-migrate-meta-layouts":"set","ast-page-background-enabled":"default","ast-page-background-meta":{"desktop":{"background-color":"var(--ast-global-color-4)","background-image":"","background-repeat":"repeat","background-position":"center center","background-size":"auto","background-attachment":"scroll","background-type":"","background-media":"","overlay-type":"","overlay-color":"","overlay-opacity":"","overlay-gradient":""},"tablet":{"background-color":"","background-image":"","background-repeat":"repeat","background-position":"center center","background-size":"auto","background-attachment":"scroll","background-type":"","background-media":"","overlay-type":"","overlay-color":"","overlay-opacity":"","overlay-gradient":""},"mobile":{"background-color":"","background-image":"","background-repeat":"repeat","background-position":"center center","background-size":"auto","background-attachment":"scroll","background-type":"","background-media":"","overlay-type":"","overlay-color":"","overlay-opacity":"","overlay-gradient":""}},"ast-content-background-meta":{"desktop":{"background-color":"var(--ast-global-color-5)","background-image":"","background-repeat":"repeat","background-position":"center center","background-size":"auto","background-attachment":"scroll","background-type":"","background-media":"","overlay-type":"","overlay-color":"","overlay-opacity":"","overlay-gradient":""},"tablet":{"background-color":"var(--ast-global-color-5)","background-image":"","background-repeat":"repeat","background-position":"center center","background-size":"auto","background-attachment":"scroll","background-type":"","background-media":"","overlay-type":"","overlay-color":"","overlay-opacity":"","overlay-gradient":""},"mobile":{"background-color":"var(--ast-global-color-5)","background-image":"","background-repeat":"repeat","background-position":"center center","background-size":"auto","background-attachment":"scroll","background-type":"","background-media":"","overlay-type":"","overlay-color":"","overlay-opacity":"","overlay-gradient":""}},"footnotes":""},"class_list":["post-34","page","type-page","status-publish","hentry"],"post_mailing_queue_ids":[],"_links":{"self":[{"href":"https:\/\/agora.xtec.cat\/escolamontseny\/wp-json\/wp\/v2\/pages\/34","targetHints":{"allow":["GET"]}}],"collection":[{"href":"https:\/\/agora.xtec.cat\/escolamontseny\/wp-json\/wp\/v2\/pages"}],"about":[{"href":"https:\/\/agora.xtec.cat\/escolamontseny\/wp-json\/wp\/v2\/types\/page"}],"author":[{"embeddable":true,"href":"https:\/\/agora.xtec.cat\/escolamontseny\/wp-json\/wp\/v2\/users\/1"}],"replies":[{"embeddable":true,"href":"https:\/\/agora.xtec.cat\/escolamontseny\/wp-json\/wp\/v2\/comments?post=34"}],"version-history":[{"count":6,"href":"https:\/\/agora.xtec.cat\/escolamontseny\/wp-json\/wp\/v2\/pages\/34\/revisions"}],"predecessor-version":[{"id":11476,"href":"https:\/\/agora.xtec.cat\/escolamontseny\/wp-json\/wp\/v2\/pages\/34\/revisions\/11476"}],"up":[{"embeddable":true,"href":"https:\/\/agora.xtec.cat\/escolamontseny\/wp-json\/wp\/v2\/pages\/22"}],"wp:attachment":[{"href":"https:\/\/agora.xtec.cat\/escolamontseny\/wp-json\/wp\/v2\/media?parent=34"}],"curies":[{"name":"wp","href":"https:\/\/api.w.org\/{rel}","templated":true}]}}