{"id":30,"date":"2014-09-18T12:30:23","date_gmt":"2014-09-18T11:30:23","guid":{"rendered":"http:\/\/agora.xtec.cat\/escolamontseny\/?page_id=30"},"modified":"2020-02-28T10:57:40","modified_gmt":"2020-02-28T09:57:40","slug":"instal%c2%b7lacions","status":"publish","type":"page","link":"https:\/\/agora.xtec.cat\/escolamontseny\/families\/informacions-generals\/lescola\/instal%c2%b7lacions\/","title":{"rendered":"Instal\u00b7lacions"},"content":{"rendered":"<div>\n<div>\n<p style=\"text-align: justify;\"><span style=\"color: #993366; font-size: x-large;\"><b>Aula de m\u00fasica<\/b><\/span><\/p>\n<p><span style=\"color: #741b47; font-size: x-large;\"><b> <a href=\"https:\/\/agora.xtec.cat\/escolamontseny\/wp-content\/uploads\/usu909\/2020\/02\/SALA-DE-M\u00daSICA.jpg\"><img loading=\"lazy\" decoding=\"async\" class=\"alignleft wp-image-2564\" src=\"https:\/\/agora.xtec.cat\/escolamontseny\/wp-content\/uploads\/usu909\/2020\/02\/SALA-DE-M\u00daSICA-1024x615.jpg\" alt=\"\" width=\"413\" height=\"248\" srcset=\"https:\/\/agora.xtec.cat\/escolamontseny\/wp-content\/uploads\/usu909\/2020\/02\/SALA-DE-M\u00daSICA-1024x615.jpg 1024w, https:\/\/agora.xtec.cat\/escolamontseny\/wp-content\/uploads\/usu909\/2020\/02\/SALA-DE-M\u00daSICA-300x180.jpg 300w, https:\/\/agora.xtec.cat\/escolamontseny\/wp-content\/uploads\/usu909\/2020\/02\/SALA-DE-M\u00daSICA-768x461.jpg 768w, https:\/\/agora.xtec.cat\/escolamontseny\/wp-content\/uploads\/usu909\/2020\/02\/SALA-DE-M\u00daSICA.jpg 1069w\" sizes=\"auto, (max-width: 413px) 100vw, 413px\" \/><\/a><\/b><\/span><\/p>\n<p>&nbsp;<\/p>\n<p>&nbsp;<\/p>\n<p>&nbsp;<\/p>\n<p>&nbsp;<\/p>\n<p>&nbsp;<\/p>\n<p>&nbsp;<\/p>\n<p>&nbsp;<\/p>\n<p style=\"text-align: justify;\"><span style=\"color: #741b47; font-size: medium;\">L&#8217;aula de m\u00fasica disposa de piano el\u00e8ctric, instruments Orff, ordinadors multim\u00e8dia i pissarra digital interactiva (PDI).<\/span><\/p>\n<\/div>\n<div><\/div>\n<div><\/div>\n<div><\/div>\n<div><span style=\"font-size: x-large; color: #993366;\"><b>Aula d&#8217;Inform\u00e0tica<\/b><\/span><\/div>\n<p><a href=\"https:\/\/agora.xtec.cat\/escolamontseny\/wp-content\/uploads\/usu909\/2020\/02\/AULA-INFORM\u00c0TICA.jpg\"><img loading=\"lazy\" decoding=\"async\" class=\"alignleft wp-image-2563\" src=\"https:\/\/agora.xtec.cat\/escolamontseny\/wp-content\/uploads\/usu909\/2020\/02\/AULA-INFORM\u00c0TICA-1024x768.jpg\" alt=\"\" width=\"425\" height=\"319\" srcset=\"https:\/\/agora.xtec.cat\/escolamontseny\/wp-content\/uploads\/usu909\/2020\/02\/AULA-INFORM\u00c0TICA-1024x768.jpg 1024w, https:\/\/agora.xtec.cat\/escolamontseny\/wp-content\/uploads\/usu909\/2020\/02\/AULA-INFORM\u00c0TICA-300x225.jpg 300w, https:\/\/agora.xtec.cat\/escolamontseny\/wp-content\/uploads\/usu909\/2020\/02\/AULA-INFORM\u00c0TICA-768x576.jpg 768w, https:\/\/agora.xtec.cat\/escolamontseny\/wp-content\/uploads\/usu909\/2020\/02\/AULA-INFORM\u00c0TICA-200x150.jpg 200w, https:\/\/agora.xtec.cat\/escolamontseny\/wp-content\/uploads\/usu909\/2020\/02\/AULA-INFORM\u00c0TICA.jpg 1600w\" sizes=\"auto, (max-width: 425px) 100vw, 425px\" \/><\/a><\/p>\n<p>&nbsp;<\/p>\n<p>&nbsp;<\/p>\n<\/div>\n<p>&nbsp;<\/p>\n<p>&nbsp;<\/p>\n<p>&nbsp;<\/p>\n<p>&nbsp;<\/p>\n<div>\n<p>&nbsp;<\/p>\n<p style=\"text-align: justify;\"><span style=\"color: #741b47; font-family: Geneva, Arial, Helvetica, san-serif; font-size: medium;\">Actualment, la compet\u00e8ncia digital \u00e9s un contingut essencial que cal desenvolupar, aconseguint que els alumnes siguin capa\u00e7os d&#8217;adquirir autonomia en l&#8217;\u00fas de la tecnologia.<\/span><\/p>\n<p style=\"text-align: justify;\"><span style=\"color: #741b47; font-family: Geneva, Arial, Helvetica, san-serif; font-size: medium;\">L&#8217;aula disposa de quinze ordinadors i aix\u00f2 permet utilitzar-la amb una classe, o tamb\u00e9 fer un \u00fas m\u00e9s concret amb un nombre menor d&#8217;alumnes (tallers, activitats, refor\u00e7,&#8230;).Tamb\u00e9 compta amb 25 ordinadors port\u00e0tils.<br \/>\n<\/span><\/p>\n<p dir=\"ltr\" style=\"text-align: justify;\"><b style=\"color: #993366; font-size: x-large;\">Aula de psicomotricitat<\/b><\/p>\n<\/div>\n<div>\n<p><a href=\"https:\/\/sites.google.com\/a\/xtec.cat\/escolamontseny\/equipaments\/P1000131.JPG?attredirects=0\"><img loading=\"lazy\" decoding=\"async\" class=\"\" src=\"https:\/\/sites.google.com\/a\/xtec.cat\/escolamontseny\/_\/rsrc\/1468872332279\/equipaments\/P1000131.JPG?height=240&amp;width=320\" width=\"415\" height=\"311\" border=\"0\" \/><\/a><\/p>\n<p style=\"text-align: justify;\"><span style=\"color: #741b47; font-size: medium;\">Sala amb diferents materials per fer psicomotricitat: c\u00e8rcols, pilotes, m\u00f2duls tous, t\u00fanels, etc.<\/span><\/p>\n<\/div>\n<div><\/div>\n<div><\/div>\n<div><span style=\"color: #993366; font-size: x-large;\"><b>Aula d&#8217;Educaci\u00f3 Especial<\/b><\/span><\/div>\n<div><span style=\"color: #993366; font-size: x-large;\"><b>\u00a0<\/b><\/span><\/div>\n<div>\n<p><a href=\"https:\/\/sites.google.com\/a\/xtec.cat\/escolamontseny\/equipaments\/Dibujo.jpg?attredirects=0\"><img loading=\"lazy\" decoding=\"async\" class=\"\" src=\"https:\/\/sites.google.com\/a\/xtec.cat\/escolamontseny\/_\/rsrc\/1468872331323\/equipaments\/Dibujo.jpg?height=248&amp;width=320\" width=\"389\" height=\"303\" border=\"0\" \/><\/a><\/p>\n<p style=\"text-align: justify;\"><span style=\"color: #741b47; font-size: medium;\">Aula dotada de quatre ordinadors i amb quantitat i diversitat de materials per treballar i atendre les necessitats educatives del nostre alumnat.<\/span><\/p>\n<p><b style=\"color: #993366; font-size: x-large;\">Aula d&#8217;angl\u00e8s<\/b><\/p>\n<\/div>\n<div><a href=\"https:\/\/agora.xtec.cat\/escolamontseny\/wp-content\/uploads\/usu909\/2020\/02\/AULA-ANGLES-ORAL.jpg\"><img loading=\"lazy\" decoding=\"async\" class=\"alignleft wp-image-2565\" src=\"https:\/\/agora.xtec.cat\/escolamontseny\/wp-content\/uploads\/usu909\/2020\/02\/AULA-ANGLES-ORAL-1024x768.jpg\" alt=\"\" width=\"424\" height=\"318\" srcset=\"https:\/\/agora.xtec.cat\/escolamontseny\/wp-content\/uploads\/usu909\/2020\/02\/AULA-ANGLES-ORAL-1024x768.jpg 1024w, https:\/\/agora.xtec.cat\/escolamontseny\/wp-content\/uploads\/usu909\/2020\/02\/AULA-ANGLES-ORAL-300x225.jpg 300w, https:\/\/agora.xtec.cat\/escolamontseny\/wp-content\/uploads\/usu909\/2020\/02\/AULA-ANGLES-ORAL-768x576.jpg 768w, https:\/\/agora.xtec.cat\/escolamontseny\/wp-content\/uploads\/usu909\/2020\/02\/AULA-ANGLES-ORAL-200x150.jpg 200w, https:\/\/agora.xtec.cat\/escolamontseny\/wp-content\/uploads\/usu909\/2020\/02\/AULA-ANGLES-ORAL.jpg 1600w\" sizes=\"auto, (max-width: 424px) 100vw, 424px\" \/><\/a><\/div>\n<div><\/div>\n<p><span style=\"color: #741b47; font-size: x-large;\"><b>\u00a0<\/b><\/span><\/p>\n<p>&nbsp;<\/p>\n<p>&nbsp;<\/p>\n<p>&nbsp;<\/p>\n<p>&nbsp;<\/p>\n<p>&nbsp;<\/p>\n<p>&nbsp;<\/p>\n<p>&nbsp;<\/p>\n<p style=\"text-align: justify;\"><span style=\"color: #741b47; font-size: medium;\">L&#8217;escola est\u00e0 dotada amb dues aules d&#8217;angl\u00e8s.\u00a0<\/span><span style=\"color: #741b47; font-size: medium;\">Aquesta \u00e9s la petita, on les mestres especialistes de llengua anglesa treballen l&#8217;expressi\u00f3 oral amb mig grup classe.<\/span><\/p>\n<p style=\"text-align: justify;\"><span style=\"color: #741b47; font-size: medium;\">L&#8217;aula gran disposa de PDI.<\/span><\/p>\n<p>\u00a0<span style=\"color: #741b47; font-size: x-large;\"><b><span style=\"color: #993366; font-size: x-large;\">Aula de lectura<\/span><\/b><\/span><\/p>\n<p><a href=\"https:\/\/agora.xtec.cat\/escolamontseny\/wp-content\/uploads\/usu909\/2019\/03\/WhatsApp-Image-2019-03-28-at-13.01.56.jpeg\"><img loading=\"lazy\" decoding=\"async\" class=\"alignnone wp-image-1384\" src=\"https:\/\/agora.xtec.cat\/escolamontseny\/wp-content\/uploads\/usu909\/2019\/03\/WhatsApp-Image-2019-03-28-at-13.01.56-300x180.jpeg\" alt=\"\" width=\"417\" height=\"250\" srcset=\"https:\/\/agora.xtec.cat\/escolamontseny\/wp-content\/uploads\/usu909\/2019\/03\/WhatsApp-Image-2019-03-28-at-13.01.56-300x180.jpeg 300w, https:\/\/agora.xtec.cat\/escolamontseny\/wp-content\/uploads\/usu909\/2019\/03\/WhatsApp-Image-2019-03-28-at-13.01.56.jpeg 640w\" sizes=\"auto, (max-width: 417px) 100vw, 417px\" \/><\/a><\/p>\n<p><span style=\"color: #741b47;\"><span style=\"font-size: large;\">L&#8217;escola disposa d&#8217;una aula de lectura on els nens i nenes poden anar a llegir lliurament a l&#8217;hora del pati. Aquest espai tamb\u00e9 s&#8217;utiliztaper explicar contes, fer conversa amb grups redu\u00efts&#8230; \u00c9s un espai pensat per crear un ambient acollidor i relaxat.<\/span><\/span><\/p>\n<p><span style=\"color: #993366; font-size: x-large;\"><b>Pistes poliesportives<\/b><\/span><\/p>\n<div><a href=\"https:\/\/sites.google.com\/a\/xtec.cat\/escolamontseny\/equipaments\/pistes.jpg?attredirects=0\"><img loading=\"lazy\" decoding=\"async\" class=\"\" src=\"https:\/\/sites.google.com\/a\/xtec.cat\/escolamontseny\/_\/rsrc\/1468872330474\/equipaments\/pistes.jpg?height=249&amp;width=320\" width=\"398\" height=\"310\" border=\"0\" \/><\/a><\/div>\n<div><\/div>\n<p><span style=\"color: #741b47; font-size: medium;\">Els alumnes gaudeixen d&#8217;uns espais amplis i adequats a l&#8217;hora de fer esport o en el seu temps d&#8217;esbarjo:<\/span><\/p>\n<p><span style=\"color: #741b47; font-size: medium;\">&#8211; dues pistes de b\u00e0squet<\/span><\/p>\n<p><span style=\"color: #741b47; font-size: medium;\">\u00a0<\/span><span style=\"color: #741b47; font-size: medium;\">&#8211; camp de futbol<\/span><\/p>\n<p><span style=\"color: #741b47; font-size: medium;\">\u00a0<\/span><span style=\"color: #741b47; font-size: medium;\">&#8211; pista de voleibol<\/span><\/p>\n<p><span style=\"color: #741b47; font-size: medium;\">\u00a0<\/span><span style=\"font-size: x-large; color: #993366;\"><b>Pati d&#8217;educaci\u00f3 infantil<\/b><\/span><\/p>\n<p><span style=\"font-size: x-large;\"><b>\u00a0<\/b><\/span><a style=\"font-family: inherit; font-size: 1em;\" href=\"https:\/\/sites.google.com\/a\/xtec.cat\/escolamontseny\/equipaments\/P1000063.JPG?attredirects=0\"><img loading=\"lazy\" decoding=\"async\" src=\"https:\/\/sites.google.com\/a\/xtec.cat\/escolamontseny\/_\/rsrc\/1468872327368\/equipaments\/P1000063.JPG?height=240&amp;width=320\" width=\"320\" height=\"240\" border=\"0\" \/><\/a><\/p>\n<p style=\"text-align: justify;\"><span style=\"color: #741b47; font-size: medium;\">Espai reservat als alumnes de 3 a 5 anys.\u00a0<\/span><span style=\"color: #741b47; font-size: medium;\">Disposa d&#8217;un sorral, un laberint, dos tobogans, una tenda de fusta, gronxadors i gran quantitat de pales i galledes per jugar.<\/span><\/p>\n<p><span style=\"color: #741b47; font-size: medium;\">\u00a0<\/span><span style=\"font-size: x-large; color: #993366;\"><b>Pati de prim\u00e0ria<\/b><\/span><\/p>\n<p><a href=\"https:\/\/agora.xtec.cat\/escolamontseny\/wp-content\/uploads\/usu909\/2020\/02\/IMG_20200214_162517.jpg\"><img loading=\"lazy\" decoding=\"async\" class=\"alignleft  wp-image-2569\" src=\"https:\/\/agora.xtec.cat\/escolamontseny\/wp-content\/uploads\/usu909\/2020\/02\/IMG_20200214_162517-1024x768.jpg\" alt=\"\" width=\"352\" height=\"264\" srcset=\"https:\/\/agora.xtec.cat\/escolamontseny\/wp-content\/uploads\/usu909\/2020\/02\/IMG_20200214_162517-1024x768.jpg 1024w, https:\/\/agora.xtec.cat\/escolamontseny\/wp-content\/uploads\/usu909\/2020\/02\/IMG_20200214_162517-300x225.jpg 300w, https:\/\/agora.xtec.cat\/escolamontseny\/wp-content\/uploads\/usu909\/2020\/02\/IMG_20200214_162517-768x576.jpg 768w, https:\/\/agora.xtec.cat\/escolamontseny\/wp-content\/uploads\/usu909\/2020\/02\/IMG_20200214_162517-200x150.jpg 200w, https:\/\/agora.xtec.cat\/escolamontseny\/wp-content\/uploads\/usu909\/2020\/02\/IMG_20200214_162517.jpg 1600w\" sizes=\"auto, (max-width: 352px) 100vw, 352px\" \/><\/a><\/p>\n<p>&nbsp;<\/p>\n<p><span style=\"color: #741b47; font-size: medium;\">\u00a0<\/span><\/p>\n<p>&nbsp;<\/p>\n<p>&nbsp;<\/p>\n<p>&nbsp;<\/p>\n<p>&nbsp;<\/p>\n<p><span style=\"color: #993366; font-size: x-large;\"><b>Hort<\/b><\/span><\/p>\n<p><span style=\"color: #741b47; font-size: x-large;\"><b>\u00a0<\/b><\/span><a style=\"font-family: inherit; font-size: 1em;\" href=\"https:\/\/sites.google.com\/a\/xtec.cat\/escolamontseny\/equipaments\/CIMG0696.JPG?attredirects=0\"><img loading=\"lazy\" decoding=\"async\" src=\"https:\/\/sites.google.com\/a\/xtec.cat\/escolamontseny\/_\/rsrc\/1468872328507\/equipaments\/CIMG0696.JPG?height=240&amp;width=320\" width=\"320\" height=\"240\" border=\"0\" \/><\/a><\/p>\n<p><span style=\"color: #741b47; font-size: medium;\">Petit hort escolar on els nostres alumnes de totes les etapes aprenen a cultivar i treballar la terra.<\/span><\/p>\n<p><span style=\"color: #993366; font-size: x-large;\"><b>Menjador<\/b><\/span><\/p>\n<p><span style=\"color: #741b47; font-size: x-large;\"><b> <a href=\"https:\/\/agora.xtec.cat\/escolamontseny\/wp-content\/uploads\/usu909\/2020\/02\/IMG_20200214_162429.jpg\"><img loading=\"lazy\" decoding=\"async\" class=\"alignleft wp-image-2566\" src=\"https:\/\/agora.xtec.cat\/escolamontseny\/wp-content\/uploads\/usu909\/2020\/02\/IMG_20200214_162429-1024x768.jpg\" alt=\"\" width=\"441\" height=\"331\" srcset=\"https:\/\/agora.xtec.cat\/escolamontseny\/wp-content\/uploads\/usu909\/2020\/02\/IMG_20200214_162429-1024x768.jpg 1024w, https:\/\/agora.xtec.cat\/escolamontseny\/wp-content\/uploads\/usu909\/2020\/02\/IMG_20200214_162429-300x225.jpg 300w, https:\/\/agora.xtec.cat\/escolamontseny\/wp-content\/uploads\/usu909\/2020\/02\/IMG_20200214_162429-768x576.jpg 768w, https:\/\/agora.xtec.cat\/escolamontseny\/wp-content\/uploads\/usu909\/2020\/02\/IMG_20200214_162429-200x150.jpg 200w, https:\/\/agora.xtec.cat\/escolamontseny\/wp-content\/uploads\/usu909\/2020\/02\/IMG_20200214_162429.jpg 1600w\" sizes=\"auto, (max-width: 441px) 100vw, 441px\" \/><\/a> <a href=\"https:\/\/agora.xtec.cat\/escolamontseny\/wp-content\/uploads\/usu909\/2020\/02\/IMG_20200214_162441.jpg\"><img loading=\"lazy\" decoding=\"async\" class=\"alignleft wp-image-2567\" src=\"https:\/\/agora.xtec.cat\/escolamontseny\/wp-content\/uploads\/usu909\/2020\/02\/IMG_20200214_162441-1024x768.jpg\" alt=\"\" width=\"441\" height=\"331\" srcset=\"https:\/\/agora.xtec.cat\/escolamontseny\/wp-content\/uploads\/usu909\/2020\/02\/IMG_20200214_162441-1024x768.jpg 1024w, https:\/\/agora.xtec.cat\/escolamontseny\/wp-content\/uploads\/usu909\/2020\/02\/IMG_20200214_162441-300x225.jpg 300w, https:\/\/agora.xtec.cat\/escolamontseny\/wp-content\/uploads\/usu909\/2020\/02\/IMG_20200214_162441-768x576.jpg 768w, https:\/\/agora.xtec.cat\/escolamontseny\/wp-content\/uploads\/usu909\/2020\/02\/IMG_20200214_162441-200x150.jpg 200w, https:\/\/agora.xtec.cat\/escolamontseny\/wp-content\/uploads\/usu909\/2020\/02\/IMG_20200214_162441.jpg 1600w\" sizes=\"auto, (max-width: 441px) 100vw, 441px\" \/><\/a><\/b><\/span><\/p>\n<div>\n<p>&nbsp;<\/p>\n<p>&nbsp;<\/p>\n<p>&nbsp;<\/p>\n<p>&nbsp;<\/p>\n<p>&nbsp;<\/p>\n<p>&nbsp;<\/p>\n<p>&nbsp;<\/p>\n<p>&nbsp;<\/p>\n<p><span style=\"color: #741b47;\"><span style=\"font-size: medium;\">Espai preparat per acollir a 250 alumnes a dinar.\u00a0<\/span><\/span><span style=\"font-size: medium; color: #741b47;\">L&#8217;escola disposa de cuina pr\u00f2pia.<\/span><\/p>\n<\/div>\n","protected":false},"excerpt":{"rendered":"<p>Aula de m\u00fasica &nbsp; &nbsp; &nbsp; &nbsp; &nbsp; &nbsp; &nbsp; L&#8217;aula de m\u00fasica disposa de piano el\u00e8ctric, instruments Orff, ordinadors multim\u00e8dia i pissarra digital interactiva (PDI). Aula d&#8217;Inform\u00e0tica &nbsp; &nbsp; &nbsp; &nbsp; &nbsp; &nbsp; &nbsp; Actualment, la compet\u00e8ncia digital \u00e9s un contingut essencial que cal desenvolupar, aconseguint que els alumnes siguin capa\u00e7os d&#8217;adquirir autonomia en [&hellip;]<\/p>\n","protected":false},"author":1,"featured_media":0,"parent":22,"menu_order":30,"comment_status":"closed","ping_status":"closed","template":"page-templates\/side-menu.php","meta":{"_bbp_topic_count":0,"_bbp_reply_count":0,"_bbp_total_topic_count":0,"_bbp_total_reply_count":0,"_bbp_voice_count":0,"_bbp_anonymous_reply_count":0,"_bbp_topic_count_hidden":0,"_bbp_reply_count_hidden":0,"_bbp_forum_subforum_count":0,"site-sidebar-layout":"default","site-content-layout":"","ast-site-content-layout":"","site-content-style":"default","site-sidebar-style":"default","ast-global-header-display":"","ast-banner-title-visibility":"","ast-main-header-display":"","ast-hfb-above-header-display":"","ast-hfb-below-header-display":"","ast-hfb-mobile-header-display":"","site-post-title":"","ast-breadcrumbs-content":"","ast-featured-img":"","footer-sml-layout":"","theme-transparent-header-meta":"","adv-header-id-meta":"","stick-header-meta":"","header-above-stick-meta":"","header-main-stick-meta":"","header-below-stick-meta":"","astra-migrate-meta-layouts":"default","ast-page-background-enabled":"default","ast-page-background-meta":{"desktop":{"background-color":"var(--ast-global-color-4)","background-image":"","background-repeat":"repeat","background-position":"center center","background-size":"auto","background-attachment":"scroll","background-type":"","background-media":"","overlay-type":"","overlay-color":"","overlay-opacity":"","overlay-gradient":""},"tablet":{"background-color":"","background-image":"","background-repeat":"repeat","background-position":"center center","background-size":"auto","background-attachment":"scroll","background-type":"","background-media":"","overlay-type":"","overlay-color":"","overlay-opacity":"","overlay-gradient":""},"mobile":{"background-color":"","background-image":"","background-repeat":"repeat","background-position":"center center","background-size":"auto","background-attachment":"scroll","background-type":"","background-media":"","overlay-type":"","overlay-color":"","overlay-opacity":"","overlay-gradient":""}},"ast-content-background-meta":{"desktop":{"background-color":"var(--ast-global-color-5)","background-image":"","background-repeat":"repeat","background-position":"center center","background-size":"auto","background-attachment":"scroll","background-type":"","background-media":"","overlay-type":"","overlay-color":"","overlay-opacity":"","overlay-gradient":""},"tablet":{"background-color":"var(--ast-global-color-5)","background-image":"","background-repeat":"repeat","background-position":"center center","background-size":"auto","background-attachment":"scroll","background-type":"","background-media":"","overlay-type":"","overlay-color":"","overlay-opacity":"","overlay-gradient":""},"mobile":{"background-color":"var(--ast-global-color-5)","background-image":"","background-repeat":"repeat","background-position":"center center","background-size":"auto","background-attachment":"scroll","background-type":"","background-media":"","overlay-type":"","overlay-color":"","overlay-opacity":"","overlay-gradient":""}},"footnotes":""},"class_list":["post-30","page","type-page","status-publish","hentry"],"post_mailing_queue_ids":[],"_links":{"self":[{"href":"https:\/\/agora.xtec.cat\/escolamontseny\/wp-json\/wp\/v2\/pages\/30","targetHints":{"allow":["GET"]}}],"collection":[{"href":"https:\/\/agora.xtec.cat\/escolamontseny\/wp-json\/wp\/v2\/pages"}],"about":[{"href":"https:\/\/agora.xtec.cat\/escolamontseny\/wp-json\/wp\/v2\/types\/page"}],"author":[{"embeddable":true,"href":"https:\/\/agora.xtec.cat\/escolamontseny\/wp-json\/wp\/v2\/users\/1"}],"replies":[{"embeddable":true,"href":"https:\/\/agora.xtec.cat\/escolamontseny\/wp-json\/wp\/v2\/comments?post=30"}],"version-history":[{"count":3,"href":"https:\/\/agora.xtec.cat\/escolamontseny\/wp-json\/wp\/v2\/pages\/30\/revisions"}],"predecessor-version":[{"id":2570,"href":"https:\/\/agora.xtec.cat\/escolamontseny\/wp-json\/wp\/v2\/pages\/30\/revisions\/2570"}],"up":[{"embeddable":true,"href":"https:\/\/agora.xtec.cat\/escolamontseny\/wp-json\/wp\/v2\/pages\/22"}],"wp:attachment":[{"href":"https:\/\/agora.xtec.cat\/escolamontseny\/wp-json\/wp\/v2\/media?parent=30"}],"curies":[{"name":"wp","href":"https:\/\/api.w.org\/{rel}","templated":true}]}}