{"id":28,"date":"2014-09-18T12:29:35","date_gmt":"2014-09-18T11:29:35","guid":{"rendered":"http:\/\/agora.xtec.cat\/escolamontseny\/?page_id=28"},"modified":"2026-02-02T12:19:20","modified_gmt":"2026-02-02T11:19:20","slug":"consell-escolar","status":"publish","type":"page","link":"https:\/\/agora.xtec.cat\/escolamontseny\/families\/informacions-generals\/lescola\/consell-escolar\/","title":{"rendered":"Consell Escolar"},"content":{"rendered":"<p>El Consell Escolar est\u00e0 format per l&#8217; Equip Directiu, sis representants del professorat, sis representants de pares, un representant de l&#8217;AMPA, un representant del PAS i un representant de l&#8217; Ajuntament i est\u00e0 presidit pel Director del Centre. Dintre del Consell Escolar estan establertes les seg\u00fcents comissions:<\/p>\n<ul>\n<li>La comissi\u00f3 permanent.<\/li>\n<li>La comissi\u00f3 econ\u00f2mica.<\/li>\n<li>La comissi\u00f3 per fomentar la igualtat entre nens i nenes<\/li>\n<\/ul>\n<p><strong>Relaci\u00f3 de la composici\u00f3 del Consell Escolar:<\/strong><\/p>\n<table style=\"border-collapse: collapse; width: 100%; height: 542px;\" border=\"1\">\n<tbody>\n<tr style=\"height: 30px;\">\n<td style=\"width: 50%; height: 30px;\">Jes\u00fas Do\u00f1ate Gago<a href=\"https:\/\/agora.xtec.cat\/escolamontseny\/wp-content\/uploads\/usu909\/2020\/06\/PERFIL-PROFESSIONAL-JESUS-DO\u00d1ATE.pdf\">PERFIL PROFESSIONAL JESUS DO\u00d1ATE<\/a><\/td>\n<td style=\"width: 50%; height: 30px;\">President<\/td>\n<\/tr>\n<tr style=\"height: 30px;\">\n<td style=\"width: 50%; height: 30px;\">M\u00aaCarmen Pereira Hern\u00e0ndez<a href=\"https:\/\/agora.xtec.cat\/escolamontseny\/wp-content\/uploads\/usu909\/2020\/06\/PERFIL-PROFESSIONAL-MARI-CARMEN-PEREIRA.pdf\">PERFIL PROFESSIONAL MARI CARMEN PEREIRA<\/a><\/td>\n<td style=\"width: 50%; height: 30px;\">Secretaria<\/td>\n<\/tr>\n<tr style=\"height: 30px;\">\n<td style=\"width: 50%; height: 30px;\">Ana D\u00edaz Gord\u00f3n<a href=\"https:\/\/agora.xtec.cat\/escolamontseny\/wp-content\/uploads\/usu909\/2020\/06\/PERFIL-PROFESSIONAL-ANA-DIAZ.pdf\">PERFIL PROFESSIONAL ANA DIAZ<\/a><\/td>\n<td style=\"width: 50%; height: 30px;\">Cap d&#8217;Estudis<\/td>\n<\/tr>\n<tr style=\"height: 30px;\">\n<td style=\"width: 50%; height: 30px;\">Ana Grima<\/td>\n<td style=\"width: 50%; height: 30px;\">Representant sector professor\/a<\/td>\n<\/tr>\n<tr style=\"height: 30px;\">\n<td style=\"width: 50%; height: 30px;\">J\u00e8ssica Escudero<\/td>\n<td style=\"width: 50%; height: 30px;\">Representant sector professor\/a<\/td>\n<\/tr>\n<tr style=\"height: 30px;\">\n<td style=\"width: 50%; height: 30px;\">Maria Maci\u00e1n<\/td>\n<td style=\"width: 50%; height: 30px;\">Representant sector professor\/a<\/td>\n<\/tr>\n<tr style=\"height: 30px;\">\n<td style=\"width: 50%; height: 30px;\">Marisa Corro<\/td>\n<td style=\"width: 50%; height: 30px;\">Representant sector professor\/a<\/td>\n<\/tr>\n<tr style=\"height: 30px;\">\n<td style=\"width: 50%; height: 30px;\">N\u00faria Garc\u00eda<\/td>\n<td style=\"width: 50%; height: 30px;\">Representant sector professor\/a<\/td>\n<\/tr>\n<tr style=\"height: 30px;\">\n<td style=\"width: 50%; height: 30px;\">Raquel Hern\u00e1ndez<\/td>\n<td style=\"width: 50%; height: 30px;\">Representant sector professor\/a<\/td>\n<\/tr>\n<tr>\n<td style=\"width: 50%;\">Silvia Rodr\u00edguez<\/td>\n<td style=\"width: 50%;\">Representant sector professor\/a<\/td>\n<\/tr>\n<tr style=\"height: 30px;\">\n<td style=\"width: 50%; height: 30px;\">Carlota N\u00fa\u00f1ez<\/td>\n<td style=\"width: 50%; height: 30px;\">Representant pares\/mares\/tutors-es\/ d&#8217;alumnes<\/td>\n<\/tr>\n<tr style=\"height: 30px;\">\n<td style=\"width: 50%; height: 30px;\">Enric C\u00e0naves<\/td>\n<td style=\"width: 50%; height: 30px;\">Representant pares\/mares\/tutors-es\/ d&#8217;alumnes<\/td>\n<\/tr>\n<tr style=\"height: 30px;\">\n<td style=\"width: 50%; height: 30px;\">Ester Usarralde<\/td>\n<td style=\"width: 50%; height: 30px;\">Representant pares\/mares\/tutors-es\/ d&#8217;alumnes<\/td>\n<\/tr>\n<tr style=\"height: 30px;\">\n<td style=\"width: 50%; height: 30px;\">Juan S\u00e1nchez<\/td>\n<td style=\"width: 50%; height: 30px;\">Representant pares\/mares\/tutors-es\/ d&#8217;alumnes<\/td>\n<\/tr>\n<tr style=\"height: 30px;\">\n<td style=\"width: 50%; height: 30px;\">Mar\u00eda Mart\u00edn<\/td>\n<td style=\"width: 50%; height: 30px;\">Representant pares\/mares\/tutors-es\/ d&#8217;alumnes<\/td>\n<\/tr>\n<tr style=\"height: 30px;\">\n<td style=\"width: 50%; height: 30px;\">Vanesa Fern\u00e1ndez<\/td>\n<td style=\"width: 50%; height: 30px;\">Representant pares\/mares\/tutors-es\/ d&#8217;alumnes<\/td>\n<\/tr>\n<tr style=\"height: 30px;\">\n<td style=\"width: 50%; height: 30px;\">Juliana Santill\u00e1n<\/td>\n<td style=\"width: 50%; height: 30px;\">Representant AFA<\/td>\n<\/tr>\n<tr style=\"height: 30px;\">\n<td style=\"width: 50%; height: 30px;\">S\u00edlvia Sol\u00e9<\/td>\n<td style=\"width: 50%; height: 30px;\">Representant sector PAS<\/td>\n<\/tr>\n<tr style=\"height: 32px;\">\n<td style=\"width: 50%; height: 32px;\">Sandra Palma Sim\u00f3n<\/td>\n<td style=\"width: 50%; height: 32px;\">Regidora o representant de l&#8217;Ajuntament<\/td>\n<\/tr>\n<\/tbody>\n<\/table>\n<p><a href=\"https:\/\/agora.xtec.cat\/escolamontseny\/lescola\/consell-escolar\/acords-consell-escolar\/\">Acords Consell Escolar<\/a><\/p>\n","protected":false},"excerpt":{"rendered":"<p>El Consell Escolar est\u00e0 format per l&#8217; Equip Directiu, sis representants del professorat, sis representants de pares, un representant de l&#8217;AMPA, un representant del PAS i un representant de l&#8217; Ajuntament i est\u00e0 presidit pel Director del Centre. Dintre del Consell Escolar estan establertes les seg\u00fcents comissions: La comissi\u00f3 permanent. La comissi\u00f3 econ\u00f2mica. La comissi\u00f3 [&hellip;]<\/p>\n","protected":false},"author":1,"featured_media":0,"parent":22,"menu_order":40,"comment_status":"closed","ping_status":"closed","template":"","meta":{"_bbp_topic_count":0,"_bbp_reply_count":0,"_bbp_total_topic_count":0,"_bbp_total_reply_count":0,"_bbp_voice_count":0,"_bbp_anonymous_reply_count":0,"_bbp_topic_count_hidden":0,"_bbp_reply_count_hidden":0,"_bbp_forum_subforum_count":0,"site-sidebar-layout":"default","site-content-layout":"","ast-site-content-layout":"default","site-content-style":"default","site-sidebar-style":"default","ast-global-header-display":"","ast-banner-title-visibility":"","ast-main-header-display":"","ast-hfb-above-header-display":"","ast-hfb-below-header-display":"","ast-hfb-mobile-header-display":"","site-post-title":"","ast-breadcrumbs-content":"","ast-featured-img":"","footer-sml-layout":"","theme-transparent-header-meta":"","adv-header-id-meta":"","stick-header-meta":"","header-above-stick-meta":"","header-main-stick-meta":"","header-below-stick-meta":"","astra-migrate-meta-layouts":"set","ast-page-background-enabled":"default","ast-page-background-meta":{"desktop":{"background-color":"var(--ast-global-color-4)","background-image":"","background-repeat":"repeat","background-position":"center center","background-size":"auto","background-attachment":"scroll","background-type":"","background-media":"","overlay-type":"","overlay-color":"","overlay-opacity":"","overlay-gradient":""},"tablet":{"background-color":"","background-image":"","background-repeat":"repeat","background-position":"center center","background-size":"auto","background-attachment":"scroll","background-type":"","background-media":"","overlay-type":"","overlay-color":"","overlay-opacity":"","overlay-gradient":""},"mobile":{"background-color":"","background-image":"","background-repeat":"repeat","background-position":"center center","background-size":"auto","background-attachment":"scroll","background-type":"","background-media":"","overlay-type":"","overlay-color":"","overlay-opacity":"","overlay-gradient":""}},"ast-content-background-meta":{"desktop":{"background-color":"var(--ast-global-color-5)","background-image":"","background-repeat":"repeat","background-position":"center center","background-size":"auto","background-attachment":"scroll","background-type":"","background-media":"","overlay-type":"","overlay-color":"","overlay-opacity":"","overlay-gradient":""},"tablet":{"background-color":"var(--ast-global-color-5)","background-image":"","background-repeat":"repeat","background-position":"center center","background-size":"auto","background-attachment":"scroll","background-type":"","background-media":"","overlay-type":"","overlay-color":"","overlay-opacity":"","overlay-gradient":""},"mobile":{"background-color":"var(--ast-global-color-5)","background-image":"","background-repeat":"repeat","background-position":"center center","background-size":"auto","background-attachment":"scroll","background-type":"","background-media":"","overlay-type":"","overlay-color":"","overlay-opacity":"","overlay-gradient":""}},"footnotes":""},"class_list":["post-28","page","type-page","status-publish","hentry"],"post_mailing_queue_ids":[],"_links":{"self":[{"href":"https:\/\/agora.xtec.cat\/escolamontseny\/wp-json\/wp\/v2\/pages\/28","targetHints":{"allow":["GET"]}}],"collection":[{"href":"https:\/\/agora.xtec.cat\/escolamontseny\/wp-json\/wp\/v2\/pages"}],"about":[{"href":"https:\/\/agora.xtec.cat\/escolamontseny\/wp-json\/wp\/v2\/types\/page"}],"author":[{"embeddable":true,"href":"https:\/\/agora.xtec.cat\/escolamontseny\/wp-json\/wp\/v2\/users\/1"}],"replies":[{"embeddable":true,"href":"https:\/\/agora.xtec.cat\/escolamontseny\/wp-json\/wp\/v2\/comments?post=28"}],"version-history":[{"count":3,"href":"https:\/\/agora.xtec.cat\/escolamontseny\/wp-json\/wp\/v2\/pages\/28\/revisions"}],"predecessor-version":[{"id":11020,"href":"https:\/\/agora.xtec.cat\/escolamontseny\/wp-json\/wp\/v2\/pages\/28\/revisions\/11020"}],"up":[{"embeddable":true,"href":"https:\/\/agora.xtec.cat\/escolamontseny\/wp-json\/wp\/v2\/pages\/22"}],"wp:attachment":[{"href":"https:\/\/agora.xtec.cat\/escolamontseny\/wp-json\/wp\/v2\/media?parent=28"}],"curies":[{"name":"wp","href":"https:\/\/api.w.org\/{rel}","templated":true}]}}