{"id":22,"date":"2014-09-18T12:19:57","date_gmt":"2014-09-18T11:19:57","guid":{"rendered":"http:\/\/agora.xtec.cat\/escolamontsentdepallars\/?page_id=22"},"modified":"2020-11-13T08:00:21","modified_gmt":"2020-11-13T07:00:21","slug":"lescola","status":"publish","type":"page","link":"https:\/\/agora.xtec.cat\/escolamontsentdepallars\/lescola\/","title":{"rendered":"L&#8217;escola"},"content":{"rendered":"<p style=\"text-align: justify;\"><strong>L\u2019Escola Montsent de Pallars<\/strong> \u00e9s una escola rural que pertany a la <strong>ZER Alt Pallars Sobir\u00e0<\/strong>. Aquesta forma part d\u2019una Zona Escolar Rural situada al Pallars Sobir\u00e0, formada per cinc escoles p\u00fabliques petites del Pirineu, subjecta a la normativa vigent (LOE). Les escoles que la conformen s\u00f3n l\u2019Escola Monsent de Pallars (Rialp), l\u2019Escola els Minairons (Ribera de Card\u00f3s), Escola de Llavors\u00ed (Llavors\u00ed), Escola d&#8217;Alins (Alins) i l&#8217;Escola de T\u00edrvia (T\u00edrvia). Administrativament, dep\u00e8n del Departament d&#8217;Ensenyament de la Generalitat de Catalunya.<\/p>\n<p style=\"text-align: justify;\">Escoles p\u00fabliques i rurals, basen el seu proc\u00e9s educatiu en valors de solidaritat, participaci\u00f3, respecte a l\u2019altre, actitud de di\u00e0leg, esperit cr\u00edtic i responsabilitat. Els centres de la ZER comparteixen el mateix Projecte Educatiu i Projecte Curricular, aix\u00ed com les mateixes Normes d\u2019Organitzaci\u00f3 i Funcionament (NOFC), tenint en compte en tot moment la singularitat de cada centre. El Departament d&#8217;Ensenyament assigna als cinc centres el seu professorat i els seus respectius recursos. Aix\u00ed mateix, la ZER disposa de mestres especialistes itinerants (angl\u00e8s, m\u00fasica, educaci\u00f3 especial i educaci\u00f3 f\u00edsica), que reparteixen la seva jornada en els cinc centres. A causa de les dist\u00e0ncies que hi ha entre ells, presenten caracter\u00edstiques comunes, per\u00f2 tamb\u00e9 tenen alguns trets diferencials (festes municipals, poblaci\u00f3, etc.).<\/p>\n<p style=\"text-align: justify;\">Una de les escoles, concretament l\u2019escola de Llavors\u00ed, \u00e9s la seu principal de la ZER. Aquesta ha de fer d\u2019acollidora i de cap visible de tota la ZER i \u00e9s all\u00e0 on es realitzen les reunions i trobades entre professionals.<\/p>\n<p>&nbsp;<\/p>\n<p>&nbsp;<\/p>\n","protected":false},"excerpt":{"rendered":"<p>L\u2019Escola Montsent de Pallars \u00e9s una escola rural que pertany a la ZER Alt Pallars Sobir\u00e0. Aquesta forma part d\u2019una Zona Escolar Rural situada al Pallars Sobir\u00e0, formada per cinc escoles p\u00fabliques petites del Pirineu, subjecta a la normativa vigent (LOE). Les escoles que la conformen s\u00f3n l\u2019Escola Monsent de Pallars (Rialp), l\u2019Escola els Minairons [&hellip;]<\/p>\n","protected":false},"author":1,"featured_media":0,"parent":0,"menu_order":0,"comment_status":"closed","ping_status":"closed","template":"page-templates\/side-menu.php","meta":{"_bbp_topic_count":0,"_bbp_reply_count":0,"_bbp_total_topic_count":0,"_bbp_total_reply_count":0,"_bbp_voice_count":0,"_bbp_anonymous_reply_count":0,"_bbp_topic_count_hidden":0,"_bbp_reply_count_hidden":0,"_bbp_forum_subforum_count":0,"site-sidebar-layout":"default","site-content-layout":"","ast-site-content-layout":"","site-content-style":"default","site-sidebar-style":"default","ast-global-header-display":"","ast-banner-title-visibility":"","ast-main-header-display":"","ast-hfb-above-header-display":"","ast-hfb-below-header-display":"","ast-hfb-mobile-header-display":"","site-post-title":"","ast-breadcrumbs-content":"","ast-featured-img":"","footer-sml-layout":"","theme-transparent-header-meta":"","adv-header-id-meta":"","stick-header-meta":"","header-above-stick-meta":"","header-main-stick-meta":"","header-below-stick-meta":"","astra-migrate-meta-layouts":"default","ast-page-background-enabled":"default","ast-page-background-meta":{"desktop":{"background-color":"var(--ast-global-color-4)","background-image":"","background-repeat":"repeat","background-position":"center center","background-size":"auto","background-attachment":"scroll","background-type":"","background-media":"","overlay-type":"","overlay-color":"","overlay-opacity":"","overlay-gradient":""},"tablet":{"background-color":"","background-image":"","background-repeat":"repeat","background-position":"center center","background-size":"auto","background-attachment":"scroll","background-type":"","background-media":"","overlay-type":"","overlay-color":"","overlay-opacity":"","overlay-gradient":""},"mobile":{"background-color":"","background-image":"","background-repeat":"repeat","background-position":"center center","background-size":"auto","background-attachment":"scroll","background-type":"","background-media":"","overlay-type":"","overlay-color":"","overlay-opacity":"","overlay-gradient":""}},"ast-content-background-meta":{"desktop":{"background-color":"var(--ast-global-color-5)","background-image":"","background-repeat":"repeat","background-position":"center center","background-size":"auto","background-attachment":"scroll","background-type":"","background-media":"","overlay-type":"","overlay-color":"","overlay-opacity":"","overlay-gradient":""},"tablet":{"background-color":"var(--ast-global-color-5)","background-image":"","background-repeat":"repeat","background-position":"center center","background-size":"auto","background-attachment":"scroll","background-type":"","background-media":"","overlay-type":"","overlay-color":"","overlay-opacity":"","overlay-gradient":""},"mobile":{"background-color":"var(--ast-global-color-5)","background-image":"","background-repeat":"repeat","background-position":"center center","background-size":"auto","background-attachment":"scroll","background-type":"","background-media":"","overlay-type":"","overlay-color":"","overlay-opacity":"","overlay-gradient":""}},"footnotes":""},"class_list":["post-22","page","type-page","status-publish","hentry"],"post_mailing_queue_ids":[],"_links":{"self":[{"href":"https:\/\/agora.xtec.cat\/escolamontsentdepallars\/wp-json\/wp\/v2\/pages\/22","targetHints":{"allow":["GET"]}}],"collection":[{"href":"https:\/\/agora.xtec.cat\/escolamontsentdepallars\/wp-json\/wp\/v2\/pages"}],"about":[{"href":"https:\/\/agora.xtec.cat\/escolamontsentdepallars\/wp-json\/wp\/v2\/types\/page"}],"author":[{"embeddable":true,"href":"https:\/\/agora.xtec.cat\/escolamontsentdepallars\/wp-json\/wp\/v2\/users\/1"}],"replies":[{"embeddable":true,"href":"https:\/\/agora.xtec.cat\/escolamontsentdepallars\/wp-json\/wp\/v2\/comments?post=22"}],"version-history":[{"count":3,"href":"https:\/\/agora.xtec.cat\/escolamontsentdepallars\/wp-json\/wp\/v2\/pages\/22\/revisions"}],"predecessor-version":[{"id":3863,"href":"https:\/\/agora.xtec.cat\/escolamontsentdepallars\/wp-json\/wp\/v2\/pages\/22\/revisions\/3863"}],"wp:attachment":[{"href":"https:\/\/agora.xtec.cat\/escolamontsentdepallars\/wp-json\/wp\/v2\/media?parent=22"}],"curies":[{"name":"wp","href":"https:\/\/api.w.org\/{rel}","templated":true}]}}