{"id":77,"date":"2014-09-18T14:05:08","date_gmt":"2014-09-18T13:05:08","guid":{"rendered":"http:\/\/agora.xtec.cat\/escolamontbui\/?page_id=77"},"modified":"2019-02-15T13:07:18","modified_gmt":"2019-02-15T12:07:18","slug":"acollida","status":"publish","type":"page","link":"https:\/\/agora.xtec.cat\/escolamontbui\/projectes\/acollida\/","title":{"rendered":"Nataci\u00f3 P5"},"content":{"rendered":"<p><strong>Quin dia i en quin horari hi anem?<\/strong><\/p>\n<p><span style=\"text-decoration: underline;\"><strong>ELS DIJOUS DE 9 a 9.45h<\/strong><\/span><\/p>\n<p><strong>Com ens organitzem?<\/strong><\/p>\n<p>A les 9 menys 5 del mat\u00ed les fam\u00edlies han de portar als seus fills\/es a les instal.lacions del CN Caldes, on les mestres els esperaran per entrar a la piscina.Un cop acabada la sessi\u00f3 de nataci\u00f3, tornen a l\u2019escola en autob\u00fas.<\/p>\n<p>Per un bon funcionament es demana puntualitat a l\u2019hora d\u2019arribada.<\/p>\n<p><strong>Qu\u00e8 cal portar?<\/strong><\/p>\n<p>Cal portar el banyador posat, roba c\u00f2moda (poseu una veta o goma amb el nom a la jaqueta) i una motxil.la amb el material seg\u00fcent: casquet de bany, tovallola o barn\u00fas, xancletes, bossa de pl\u00e0stic per la roba mullada, calces o cal\u00e7otets i l&#8217;esmorzar.<\/p>\n<p><strong>PER EVITAR P\u00c8RDUES I EQUIVOCACIONS CAL QUE MARQUEU TOTA LA ROBA AMB EL NOM.<\/strong><\/p>\n<p><strong>I si un dia un\/a alumne no pot fer nataci\u00f3?<\/strong><\/p>\n<p>En aquest cas, cal que els porteu a l&#8217;escola entre les 10h45&#8242; i les 11h o b\u00e9 el podeu portar a les 9h a la piscina i s&#8217;esperar\u00e0 amb els mestres mentre els seus companys fan nataci\u00f3.<\/p>\n<p><strong>Com s\u2019avalua?<\/strong><\/p>\n<p>Els monitors\/es agrupen els alumnes segons el seu nivell de nataci\u00f3. A l&#8217;informe a les fam\u00edlies, dins l&#8217;apartat de Descoberta d&#8217;un mateix, trobareu escrit el color de dof\u00ed o cavallet en funci\u00f3 del nivell assolit.<\/p>\n<p>Els alumnes rebran el dof\u00ed o cavallet que, si voleu, podeu cosir a un costat del banyador. Junt amb l&#8217;informe, s\u2019adjunta un document amb l&#8217;explicaci\u00f3 dels continguts assolits.<\/p>\n<p><em><strong>CLUB NATACI\u00d3 CALDES<\/strong><\/em><\/p>\n<p><em><strong>Zona esportiva Les Cremades, s\/n<\/strong><\/em><\/p>\n<p><em><strong>08140 Caldes de Montbui<\/strong><\/em><\/p>\n<p><em><strong>Telf: 93.865.04.23<\/strong><\/em><\/p>\n","protected":false},"excerpt":{"rendered":"<p>Quin dia i en quin horari hi anem? ELS DIJOUS DE 9 a 9.45h Com ens organitzem? A les 9 menys 5 del mat\u00ed les fam\u00edlies han de portar als seus fills\/es a les instal.lacions del CN Caldes, on les mestres els esperaran per entrar a la piscina.Un cop acabada la sessi\u00f3 de nataci\u00f3, tornen [&hellip;]<\/p>\n","protected":false},"author":2,"featured_media":0,"parent":176,"menu_order":5,"comment_status":"closed","ping_status":"closed","template":"page-templates\/side-menu.php","meta":{"_bbp_topic_count":0,"_bbp_reply_count":0,"_bbp_total_topic_count":0,"_bbp_total_reply_count":0,"_bbp_voice_count":0,"_bbp_anonymous_reply_count":0,"_bbp_topic_count_hidden":0,"_bbp_reply_count_hidden":0,"_bbp_forum_subforum_count":0,"site-sidebar-layout":"default","site-content-layout":"","ast-site-content-layout":"","site-content-style":"default","site-sidebar-style":"default","ast-global-header-display":"","ast-banner-title-visibility":"","ast-main-header-display":"","ast-hfb-above-header-display":"","ast-hfb-below-header-display":"","ast-hfb-mobile-header-display":"","site-post-title":"","ast-breadcrumbs-content":"","ast-featured-img":"","footer-sml-layout":"","theme-transparent-header-meta":"","adv-header-id-meta":"","stick-header-meta":"","header-above-stick-meta":"","header-main-stick-meta":"","header-below-stick-meta":"","astra-migrate-meta-layouts":"default","ast-page-background-enabled":"default","ast-page-background-meta":{"desktop":{"background-color":"var(--ast-global-color-4)","background-image":"","background-repeat":"repeat","background-position":"center center","background-size":"auto","background-attachment":"scroll","background-type":"","background-media":"","overlay-type":"","overlay-color":"","overlay-opacity":"","overlay-gradient":""},"tablet":{"background-color":"","background-image":"","background-repeat":"repeat","background-position":"center center","background-size":"auto","background-attachment":"scroll","background-type":"","background-media":"","overlay-type":"","overlay-color":"","overlay-opacity":"","overlay-gradient":""},"mobile":{"background-color":"","background-image":"","background-repeat":"repeat","background-position":"center center","background-size":"auto","background-attachment":"scroll","background-type":"","background-media":"","overlay-type":"","overlay-color":"","overlay-opacity":"","overlay-gradient":""}},"ast-content-background-meta":{"desktop":{"background-color":"var(--ast-global-color-5)","background-image":"","background-repeat":"repeat","background-position":"center center","background-size":"auto","background-attachment":"scroll","background-type":"","background-media":"","overlay-type":"","overlay-color":"","overlay-opacity":"","overlay-gradient":""},"tablet":{"background-color":"var(--ast-global-color-5)","background-image":"","background-repeat":"repeat","background-position":"center center","background-size":"auto","background-attachment":"scroll","background-type":"","background-media":"","overlay-type":"","overlay-color":"","overlay-opacity":"","overlay-gradient":""},"mobile":{"background-color":"var(--ast-global-color-5)","background-image":"","background-repeat":"repeat","background-position":"center center","background-size":"auto","background-attachment":"scroll","background-type":"","background-media":"","overlay-type":"","overlay-color":"","overlay-opacity":"","overlay-gradient":""}},"footnotes":""},"class_list":["post-77","page","type-page","status-publish","hentry"],"post_mailing_queue_ids":[],"_links":{"self":[{"href":"https:\/\/agora.xtec.cat\/escolamontbui\/wp-json\/wp\/v2\/pages\/77","targetHints":{"allow":["GET"]}}],"collection":[{"href":"https:\/\/agora.xtec.cat\/escolamontbui\/wp-json\/wp\/v2\/pages"}],"about":[{"href":"https:\/\/agora.xtec.cat\/escolamontbui\/wp-json\/wp\/v2\/types\/page"}],"author":[{"embeddable":true,"href":"https:\/\/agora.xtec.cat\/escolamontbui\/wp-json\/wp\/v2\/users\/2"}],"replies":[{"embeddable":true,"href":"https:\/\/agora.xtec.cat\/escolamontbui\/wp-json\/wp\/v2\/comments?post=77"}],"version-history":[{"count":3,"href":"https:\/\/agora.xtec.cat\/escolamontbui\/wp-json\/wp\/v2\/pages\/77\/revisions"}],"predecessor-version":[{"id":3836,"href":"https:\/\/agora.xtec.cat\/escolamontbui\/wp-json\/wp\/v2\/pages\/77\/revisions\/3836"}],"up":[{"embeddable":true,"href":"https:\/\/agora.xtec.cat\/escolamontbui\/wp-json\/wp\/v2\/pages\/176"}],"wp:attachment":[{"href":"https:\/\/agora.xtec.cat\/escolamontbui\/wp-json\/wp\/v2\/media?parent=77"}],"curies":[{"name":"wp","href":"https:\/\/api.w.org\/{rel}","templated":true}]}}