{"id":7594,"date":"2021-02-11T18:02:09","date_gmt":"2021-02-11T17:02:09","guid":{"rendered":"https:\/\/agora.xtec.cat\/escolamontbui\/?page_id=7594"},"modified":"2021-02-11T18:25:44","modified_gmt":"2021-02-11T17:25:44","slug":"consell-dinfants","status":"publish","type":"page","link":"https:\/\/agora.xtec.cat\/escolamontbui\/consell-dinfants\/","title":{"rendered":"Consell d&#8217;Infants"},"content":{"rendered":"<p><span style=\"color: #444444;\"><span style=\"font-family: Open Sans, Arial, Helvetica, sans-serif;\"><span style=\"font-size: medium;\">Els alumnes de 5\u00e8 i 6\u00e8 de les escoles de Caldes de Montbui participen al\u00a0<\/span><\/span><\/span><strong><span style=\"color: #444444;\"><span style=\"font-family: Open Sans, Arial, Helvetica, sans-serif;\"><span style=\"font-size: medium;\"><b>Consell d\u2019Infants<\/b><\/span><\/span><\/span><\/strong><span style=\"color: #444444;\"><span style=\"font-family: Open Sans, Arial, Helvetica, sans-serif;\"><span style=\"font-size: medium;\">, activitat gestionada per l\u2019Ajuntament de Caldes.<a href=\"https:\/\/agora.xtec.cat\/escolamontbui\/wp-content\/uploads\/usu116\/2021\/02\/ci-caldes.png\"><img loading=\"lazy\" decoding=\"async\" class=\"size-full wp-image-7598 alignright\" src=\"https:\/\/agora.xtec.cat\/escolamontbui\/wp-content\/uploads\/usu116\/2021\/02\/ci-caldes.png\" alt=\"\" width=\"192\" height=\"200\" \/><\/a><\/span><\/span><\/span><\/p>\n<p><span style=\"color: #444444;\"><span style=\"font-family: Open Sans, Arial, Helvetica, sans-serif;\"><span style=\"font-size: medium;\">Cada grup-classe tria a un Conseller d\u2019aula i \u00e9s l\u2019encarregat de representar al seu grup. Aquest alumne assisteix a les reunions convocades per l\u2019Ajuntament on preparen activitats per realitzar a l\u2019aula. Tot aquest treball pret\u00e9n fomentar la comunicaci\u00f3 entre la opini\u00f3 dels infants i l\u2019entitat municipal. \u00c9s una manera d\u2019escoltar les veus dels m\u00e9s petits i tenir-les en compte per poder millorar el nostre poble.<\/span><\/span><\/span><\/p>\n<p><span style=\"color: #444444;\"><span style=\"font-family: Open Sans, Arial, Helvetica, sans-serif;\"><span style=\"font-size: medium;\">Enlla\u00e7 a les publicacions del Consell d\u2019Infants del curs 2014-15: <\/span><\/span><\/span><a href=\"http:\/\/www.consensus.cat\/caldesdemontbui\/index.php?option=com_espais&amp;id=640&amp;Itemid=640\" target=\"_blank\" rel=\"noopener noreferrer\"><span style=\"color: #087eb6;\"><span style=\"font-family: Open Sans, sans-serif;\"><span style=\"font-size: xx-small;\">.<\/span><\/span><\/span><\/a><\/p>\n<p><a href=\"https:\/\/www.caldesdemontbui.cat\/municipi\/ciutadania\/organs-i-espais-de-participacio-ciutadana\/consell-dinfants-municipal\/\">Consell d&#8217;infants<\/a><\/p>\n<p>&nbsp;<\/p>\n","protected":false},"excerpt":{"rendered":"<p>Els alumnes de 5\u00e8 i 6\u00e8 de les escoles de Caldes de Montbui participen al\u00a0Consell d\u2019Infants, activitat gestionada per l\u2019Ajuntament de Caldes. Cada grup-classe tria a un Conseller d\u2019aula i \u00e9s l\u2019encarregat de representar al seu grup. Aquest alumne assisteix a les reunions convocades per l\u2019Ajuntament on preparen activitats per realitzar a l\u2019aula. Tot aquest [&hellip;]<\/p>\n","protected":false},"author":1,"featured_media":0,"parent":0,"menu_order":0,"comment_status":"closed","ping_status":"closed","template":"","meta":{"_bbp_topic_count":0,"_bbp_reply_count":0,"_bbp_total_topic_count":0,"_bbp_total_reply_count":0,"_bbp_voice_count":0,"_bbp_anonymous_reply_count":0,"_bbp_topic_count_hidden":0,"_bbp_reply_count_hidden":0,"_bbp_forum_subforum_count":0,"site-sidebar-layout":"default","site-content-layout":"","ast-site-content-layout":"","site-content-style":"default","site-sidebar-style":"default","ast-global-header-display":"","ast-banner-title-visibility":"","ast-main-header-display":"","ast-hfb-above-header-display":"","ast-hfb-below-header-display":"","ast-hfb-mobile-header-display":"","site-post-title":"","ast-breadcrumbs-content":"","ast-featured-img":"","footer-sml-layout":"","theme-transparent-header-meta":"","adv-header-id-meta":"","stick-header-meta":"","header-above-stick-meta":"","header-main-stick-meta":"","header-below-stick-meta":"","astra-migrate-meta-layouts":"default","ast-page-background-enabled":"default","ast-page-background-meta":{"desktop":{"background-color":"var(--ast-global-color-4)","background-image":"","background-repeat":"repeat","background-position":"center center","background-size":"auto","background-attachment":"scroll","background-type":"","background-media":"","overlay-type":"","overlay-color":"","overlay-opacity":"","overlay-gradient":""},"tablet":{"background-color":"","background-image":"","background-repeat":"repeat","background-position":"center center","background-size":"auto","background-attachment":"scroll","background-type":"","background-media":"","overlay-type":"","overlay-color":"","overlay-opacity":"","overlay-gradient":""},"mobile":{"background-color":"","background-image":"","background-repeat":"repeat","background-position":"center center","background-size":"auto","background-attachment":"scroll","background-type":"","background-media":"","overlay-type":"","overlay-color":"","overlay-opacity":"","overlay-gradient":""}},"ast-content-background-meta":{"desktop":{"background-color":"var(--ast-global-color-5)","background-image":"","background-repeat":"repeat","background-position":"center center","background-size":"auto","background-attachment":"scroll","background-type":"","background-media":"","overlay-type":"","overlay-color":"","overlay-opacity":"","overlay-gradient":""},"tablet":{"background-color":"var(--ast-global-color-5)","background-image":"","background-repeat":"repeat","background-position":"center center","background-size":"auto","background-attachment":"scroll","background-type":"","background-media":"","overlay-type":"","overlay-color":"","overlay-opacity":"","overlay-gradient":""},"mobile":{"background-color":"var(--ast-global-color-5)","background-image":"","background-repeat":"repeat","background-position":"center center","background-size":"auto","background-attachment":"scroll","background-type":"","background-media":"","overlay-type":"","overlay-color":"","overlay-opacity":"","overlay-gradient":""}},"footnotes":""},"class_list":["post-7594","page","type-page","status-publish","hentry"],"post_mailing_queue_ids":[],"_links":{"self":[{"href":"https:\/\/agora.xtec.cat\/escolamontbui\/wp-json\/wp\/v2\/pages\/7594","targetHints":{"allow":["GET"]}}],"collection":[{"href":"https:\/\/agora.xtec.cat\/escolamontbui\/wp-json\/wp\/v2\/pages"}],"about":[{"href":"https:\/\/agora.xtec.cat\/escolamontbui\/wp-json\/wp\/v2\/types\/page"}],"author":[{"embeddable":true,"href":"https:\/\/agora.xtec.cat\/escolamontbui\/wp-json\/wp\/v2\/users\/1"}],"replies":[{"embeddable":true,"href":"https:\/\/agora.xtec.cat\/escolamontbui\/wp-json\/wp\/v2\/comments?post=7594"}],"version-history":[{"count":4,"href":"https:\/\/agora.xtec.cat\/escolamontbui\/wp-json\/wp\/v2\/pages\/7594\/revisions"}],"predecessor-version":[{"id":7605,"href":"https:\/\/agora.xtec.cat\/escolamontbui\/wp-json\/wp\/v2\/pages\/7594\/revisions\/7605"}],"wp:attachment":[{"href":"https:\/\/agora.xtec.cat\/escolamontbui\/wp-json\/wp\/v2\/media?parent=7594"}],"curies":[{"name":"wp","href":"https:\/\/api.w.org\/{rel}","templated":true}]}}