{"id":7564,"date":"2021-02-11T17:02:43","date_gmt":"2021-02-11T16:02:43","guid":{"rendered":"https:\/\/agora.xtec.cat\/escolamontbui\/?page_id=7564"},"modified":"2026-01-29T15:04:21","modified_gmt":"2026-01-29T14:04:21","slug":"trets-didentitat","status":"publish","type":"page","link":"https:\/\/agora.xtec.cat\/escolamontbui\/trets-didentitat\/","title":{"rendered":"Trets d&#8217;identitat"},"content":{"rendered":"<p>&nbsp;<\/p>\n<p>&nbsp;<\/p>\n<table style=\"border-collapse: collapse; width: 100%; height: 263px;\">\n<tbody>\n<tr style=\"height: 263px;\">\n<td style=\"width: 50%; height: 263px;\"><b>L&#8217;infant al centre<\/b><\/p>\n<p style=\"text-align: justify;\"><span style=\"font-weight: 400;\">A la nostra escola, l\u2019infant \u00e9s el centre de totes les decisions. El reconeixem com un \u00e9sser \u00fanic, capa\u00e7 i amb una identitat pr\u00f2pia, amb viv\u00e8ncies, emocions i potencialitats diverses. Respectem els seus ritmes i necessitats, i l\u2019acompanyem perqu\u00e8 construeixi el seu propi cam\u00ed de creixement personal i acad\u00e8mic, des de la confian\u00e7a i l\u2019autonomia.<\/span><\/p>\n<p><a href=\"https:\/\/agora.xtec.cat\/escolamontbui\/wp-content\/uploads\/usu116\/2026\/01\/Disseny-sense-titol-1-1.png\"><img loading=\"lazy\" decoding=\"async\" class=\"aligncenter  wp-image-11961\" src=\"https:\/\/agora.xtec.cat\/escolamontbui\/wp-content\/uploads\/usu116\/2026\/01\/Disseny-sense-titol-1-1.png\" alt=\"\" width=\"320\" height=\"418\" srcset=\"https:\/\/agora.xtec.cat\/escolamontbui\/wp-content\/uploads\/usu116\/2026\/01\/Disseny-sense-titol-1-1.png 640w, https:\/\/agora.xtec.cat\/escolamontbui\/wp-content\/uploads\/usu116\/2026\/01\/Disseny-sense-titol-1-1-229x300.png 229w\" sizes=\"auto, (max-width: 320px) 100vw, 320px\" \/><\/a><\/td>\n<td style=\"width: 50%; height: 263px;\"><b style=\"font-style: inherit;\">Aprendre per a la vida<\/b><\/p>\n<p style=\"text-align: justify;\"><span style=\"font-weight: 400;\">Entenem l\u2019educaci\u00f3 com una preparaci\u00f3 per a la vida, no nom\u00e9s per a l\u2019escola. Per aix\u00f2 treballem perqu\u00e8 els infants esdevinguin ciutadans responsables, cr\u00edtics, compromesos i actius en la societat. <\/span><span style=\"font-weight: 400;\">L\u2019aprenentatge connecta amb la realitat, els interessos i les preguntes dels infants. L\u2019escola \u00e9s un espai viu, on el coneixement es construeix des de l\u2019experi\u00e8ncia, la reflexi\u00f3 i la curiositat.<\/span><a href=\"https:\/\/agora.xtec.cat\/escolamontbui\/wp-content\/uploads\/usu116\/2026\/01\/Disseny-sense-titol-1-copia.png\"><img loading=\"lazy\" decoding=\"async\" class=\"aligncenter  wp-image-11962\" src=\"https:\/\/agora.xtec.cat\/escolamontbui\/wp-content\/uploads\/usu116\/2026\/01\/Disseny-sense-titol-1-copia.png\" alt=\"\" width=\"322\" height=\"433\" srcset=\"https:\/\/agora.xtec.cat\/escolamontbui\/wp-content\/uploads\/usu116\/2026\/01\/Disseny-sense-titol-1-copia.png 622w, https:\/\/agora.xtec.cat\/escolamontbui\/wp-content\/uploads\/usu116\/2026\/01\/Disseny-sense-titol-1-copia-223x300.png 223w\" sizes=\"auto, (max-width: 322px) 100vw, 322px\" \/><\/a><\/p>\n<\/td>\n<\/tr>\n<tr>\n<td style=\"width: 50%;\">\n<p style=\"text-align: justify;\"><b style=\"font-style: inherit;\">Esperit cr\u00edtic i esfor\u00e7<\/b><\/p>\n<p style=\"text-align: justify;\"><span style=\"font-weight: 400;\">Fomentem l\u2019esperit cr\u00edtic com a eina per pensar, q\u00fcestionar i comprendre el m\u00f3n. Valorem l\u2019esfor\u00e7 com a part essencial del proc\u00e9s d\u2019aprenentatge i com a base per superar dificultats i obstacles. Entenem l\u2019error com una oportunitat per aprendre i cr\u00e9ixer, i acompanyem els infants perqu\u00e8 desenvolupin resili\u00e8ncia i capacitat de superaci\u00f3.<\/span><\/p>\n<p><a href=\"https:\/\/agora.xtec.cat\/escolamontbui\/wp-content\/uploads\/usu116\/2026\/01\/Disseny-sense-titol-2-copia.png\"><img loading=\"lazy\" decoding=\"async\" class=\"aligncenter  wp-image-11963\" src=\"https:\/\/agora.xtec.cat\/escolamontbui\/wp-content\/uploads\/usu116\/2026\/01\/Disseny-sense-titol-2-copia.png\" alt=\"\" width=\"283\" height=\"362\" srcset=\"https:\/\/agora.xtec.cat\/escolamontbui\/wp-content\/uploads\/usu116\/2026\/01\/Disseny-sense-titol-2-copia.png 655w, https:\/\/agora.xtec.cat\/escolamontbui\/wp-content\/uploads\/usu116\/2026\/01\/Disseny-sense-titol-2-copia-235x300.png 235w\" sizes=\"auto, (max-width: 283px) 100vw, 283px\" \/><\/a><\/td>\n<td style=\"width: 50%;\">\n<p style=\"text-align: justify;\"><b style=\"font-style: inherit;\">Aprenentatge vivencial i significatiu<\/b><\/p>\n<p style=\"text-align: justify;\"><span style=\"font-weight: 400;\">Apostem per una metodologia vivencial, activa i manipulativa, que posa l\u2019infant en acci\u00f3. Aprenem fent, experimentant, preguntant-nos i descobrint, perqu\u00e8 l\u2019aprenentatge sigui significatiu, perdurable i transferible a altres contextos. <\/span><\/p>\n<p style=\"text-align: justify;\"><span style=\"font-weight: 400;\">Oferim entorns d\u2019aprenentatge diversos que desperten la curiositat i la motivaci\u00f3 natural per aprendre.<a href=\"https:\/\/agora.xtec.cat\/escolamontbui\/wp-content\/uploads\/usu116\/2026\/01\/5-copia.png\"><img loading=\"lazy\" decoding=\"async\" class=\"aligncenter size-full wp-image-11964\" src=\"https:\/\/agora.xtec.cat\/escolamontbui\/wp-content\/uploads\/usu116\/2026\/01\/5-copia.png\" alt=\"\" width=\"669\" height=\"521\" srcset=\"https:\/\/agora.xtec.cat\/escolamontbui\/wp-content\/uploads\/usu116\/2026\/01\/5-copia.png 669w, https:\/\/agora.xtec.cat\/escolamontbui\/wp-content\/uploads\/usu116\/2026\/01\/5-copia-300x234.png 300w\" sizes=\"auto, (max-width: 669px) 100vw, 669px\" \/><\/a><\/span><\/p>\n<\/td>\n<\/tr>\n<tr>\n<td style=\"width: 50%;\">\n<p style=\"text-align: justify;\"><b>Benestar i acompanyament<\/b><\/p>\n<p style=\"text-align: justify;\"><span style=\"font-weight: 400;\">Creiem que nom\u00e9s es pot aprendre plenament en un entorn de seguretat emocional. Acompanyem els infants amb cura, escolta i respecte, vetllant pel seu benestar emocional i personal. <\/span><\/p>\n<p style=\"text-align: justify;\"><span style=\"font-weight: 400;\">L\u2019escola \u00e9s un espai d\u2019acollida on tothom se sent reconegut, valorat i sostingut, i on l\u2019acompanyament dels adults \u00e9s clau per cr\u00e9ixer amb confian\u00e7a.<\/span><\/p>\n<p><a href=\"https:\/\/agora.xtec.cat\/escolamontbui\/wp-content\/uploads\/usu116\/2026\/01\/5-copia-2.png\"><img loading=\"lazy\" decoding=\"async\" class=\"aligncenter size-full wp-image-11965\" src=\"https:\/\/agora.xtec.cat\/escolamontbui\/wp-content\/uploads\/usu116\/2026\/01\/5-copia-2.png\" alt=\"\" width=\"657\" height=\"521\" srcset=\"https:\/\/agora.xtec.cat\/escolamontbui\/wp-content\/uploads\/usu116\/2026\/01\/5-copia-2.png 657w, https:\/\/agora.xtec.cat\/escolamontbui\/wp-content\/uploads\/usu116\/2026\/01\/5-copia-2-300x238.png 300w\" sizes=\"auto, (max-width: 657px) 100vw, 657px\" \/><\/a><\/td>\n<td style=\"width: 50%;\">\n<p style=\"text-align: left;\"><b style=\"font-style: inherit;\">Valors compartits, comunitat viva<\/b><\/p>\n<p style=\"text-align: justify;\"><span style=\"font-weight: 400;\">L\u2019escola \u00e9s una comunitat educativa constru\u00efda entre infants, fam\u00edlies i equip docent. Impulsem valors com el respecte, la responsabilitat, la toler\u00e0ncia, la solidaritat, l\u2019honestedat i la igualtat d\u2019oportunitats. Creiem que educar \u00e9s una tasca col\u00b7lectiva i compromesa amb l\u2019entorn.<\/span><\/p>\n<p style=\"text-align: justify;\"><span style=\"font-weight: 400;\">Afavorim espais de di\u00e0leg, cooperaci\u00f3 i conviv\u00e8ncia, on les relacions esdevenen motor de coneixement i de vida compartida.<a href=\"https:\/\/agora.xtec.cat\/escolamontbui\/wp-content\/uploads\/usu116\/2026\/01\/5-copia-3.png\"><img loading=\"lazy\" decoding=\"async\" class=\"aligncenter size-full wp-image-11966\" src=\"https:\/\/agora.xtec.cat\/escolamontbui\/wp-content\/uploads\/usu116\/2026\/01\/5-copia-3.png\" alt=\"\" width=\"667\" height=\"521\" srcset=\"https:\/\/agora.xtec.cat\/escolamontbui\/wp-content\/uploads\/usu116\/2026\/01\/5-copia-3.png 667w, https:\/\/agora.xtec.cat\/escolamontbui\/wp-content\/uploads\/usu116\/2026\/01\/5-copia-3-300x234.png 300w\" sizes=\"auto, (max-width: 667px) 100vw, 667px\" \/><\/a><\/span><b style=\"font-style: inherit;\"><\/b><\/p>\n<\/td>\n<\/tr>\n<\/tbody>\n<\/table>\n<p>&nbsp;<\/p>\n<p>&nbsp;<\/p>\n","protected":false},"excerpt":{"rendered":"<p>&nbsp; &nbsp; L&#8217;infant al centre A la nostra escola, l\u2019infant \u00e9s el centre de totes les decisions. El reconeixem com un \u00e9sser \u00fanic, capa\u00e7 i amb una identitat pr\u00f2pia, amb viv\u00e8ncies, emocions i potencialitats diverses. Respectem els seus ritmes i necessitats, i l\u2019acompanyem perqu\u00e8 construeixi el seu propi cam\u00ed de creixement personal i acad\u00e8mic, des [&hellip;]<\/p>\n","protected":false},"author":1,"featured_media":0,"parent":0,"menu_order":0,"comment_status":"closed","ping_status":"closed","template":"","meta":{"_bbp_topic_count":0,"_bbp_reply_count":0,"_bbp_total_topic_count":0,"_bbp_total_reply_count":0,"_bbp_voice_count":0,"_bbp_anonymous_reply_count":0,"_bbp_topic_count_hidden":0,"_bbp_reply_count_hidden":0,"_bbp_forum_subforum_count":0,"site-sidebar-layout":"default","site-content-layout":"","ast-site-content-layout":"default","site-content-style":"default","site-sidebar-style":"default","ast-global-header-display":"","ast-banner-title-visibility":"","ast-main-header-display":"","ast-hfb-above-header-display":"","ast-hfb-below-header-display":"","ast-hfb-mobile-header-display":"","site-post-title":"","ast-breadcrumbs-content":"","ast-featured-img":"","footer-sml-layout":"","theme-transparent-header-meta":"default","adv-header-id-meta":"","stick-header-meta":"","header-above-stick-meta":"","header-main-stick-meta":"","header-below-stick-meta":"","astra-migrate-meta-layouts":"set","ast-page-background-enabled":"default","ast-page-background-meta":{"desktop":{"background-color":"var(--ast-global-color-4)","background-image":"","background-repeat":"repeat","background-position":"center center","background-size":"auto","background-attachment":"scroll","background-type":"","background-media":"","overlay-type":"","overlay-color":"","overlay-opacity":"","overlay-gradient":""},"tablet":{"background-color":"","background-image":"","background-repeat":"repeat","background-position":"center center","background-size":"auto","background-attachment":"scroll","background-type":"","background-media":"","overlay-type":"","overlay-color":"","overlay-opacity":"","overlay-gradient":""},"mobile":{"background-color":"","background-image":"","background-repeat":"repeat","background-position":"center center","background-size":"auto","background-attachment":"scroll","background-type":"","background-media":"","overlay-type":"","overlay-color":"","overlay-opacity":"","overlay-gradient":""}},"ast-content-background-meta":{"desktop":{"background-color":"var(--ast-global-color-5)","background-image":"","background-repeat":"repeat","background-position":"center center","background-size":"auto","background-attachment":"scroll","background-type":"","background-media":"","overlay-type":"","overlay-color":"","overlay-opacity":"","overlay-gradient":""},"tablet":{"background-color":"var(--ast-global-color-5)","background-image":"","background-repeat":"repeat","background-position":"center center","background-size":"auto","background-attachment":"scroll","background-type":"","background-media":"","overlay-type":"","overlay-color":"","overlay-opacity":"","overlay-gradient":""},"mobile":{"background-color":"var(--ast-global-color-5)","background-image":"","background-repeat":"repeat","background-position":"center center","background-size":"auto","background-attachment":"scroll","background-type":"","background-media":"","overlay-type":"","overlay-color":"","overlay-opacity":"","overlay-gradient":""}},"footnotes":""},"class_list":["post-7564","page","type-page","status-publish","hentry"],"post_mailing_queue_ids":[],"_links":{"self":[{"href":"https:\/\/agora.xtec.cat\/escolamontbui\/wp-json\/wp\/v2\/pages\/7564","targetHints":{"allow":["GET"]}}],"collection":[{"href":"https:\/\/agora.xtec.cat\/escolamontbui\/wp-json\/wp\/v2\/pages"}],"about":[{"href":"https:\/\/agora.xtec.cat\/escolamontbui\/wp-json\/wp\/v2\/types\/page"}],"author":[{"embeddable":true,"href":"https:\/\/agora.xtec.cat\/escolamontbui\/wp-json\/wp\/v2\/users\/1"}],"replies":[{"embeddable":true,"href":"https:\/\/agora.xtec.cat\/escolamontbui\/wp-json\/wp\/v2\/comments?post=7564"}],"version-history":[{"count":6,"href":"https:\/\/agora.xtec.cat\/escolamontbui\/wp-json\/wp\/v2\/pages\/7564\/revisions"}],"predecessor-version":[{"id":11967,"href":"https:\/\/agora.xtec.cat\/escolamontbui\/wp-json\/wp\/v2\/pages\/7564\/revisions\/11967"}],"wp:attachment":[{"href":"https:\/\/agora.xtec.cat\/escolamontbui\/wp-json\/wp\/v2\/media?parent=7564"}],"curies":[{"name":"wp","href":"https:\/\/api.w.org\/{rel}","templated":true}]}}