{"id":730,"date":"2015-02-08T20:45:14","date_gmt":"2015-02-08T19:45:14","guid":{"rendered":"http:\/\/agora.xtec.cat\/escolamontbui\/?page_id=730"},"modified":"2016-12-20T13:55:18","modified_gmt":"2016-12-20T12:55:18","slug":"angles-a-lescola","status":"publish","type":"page","link":"https:\/\/agora.xtec.cat\/escolamontbui\/projectes\/angles-a-lescola\/","title":{"rendered":"English at school"},"content":{"rendered":"<p>L&#8217;Angl\u00e8s \u00e9s un dels nostres projectes de centre. Algunes de les activitats que realitzem s\u00f3n:<\/p>\n<p>&#8211; <strong>Titelles en angl\u00e8s<\/strong>: els alumnes de Cicle Superior 2 preparen una obra de titelles pels alumnes d&#8217;Educaci\u00f3 Infantil 3. Ells s&#8217;encarreguen tant de crear els titelles com els seus di\u00e0legs en llengua anglesa.<\/p>\n<p>&#8211; <strong>Rac\u00f3 &#8220;Let&#8217;s discover!&#8221;<\/strong>: els alumnes de Cicle Superior s&#8217;organitzen en racons de treball durant una tarda a la setmana. Es barregen els dos grups del mateix nivell i es divideixen en 3 espais i racons. Un d&#8217;ells \u00e9s el rac\u00f3 d&#8217;angl\u00e8s, on treballen continguts de coneixement del medi de forma experimental en llengua anglesa.<\/p>\n<p>&#8211; <strong>English Bag<\/strong>: els alumnes de Cicle Superior tenen preparada una maleta amb materials en angl\u00e8s (llibres de lectura, de consulta, cd&#8217;s per escoltar m\u00fasica). Aquesta maleta se l&#8217;emporta cada divendres un alumne diferent per tal de poder refor\u00e7ar la llengua anglesa els caps de setmana. \u00c9s un material de suport molt \u00fatil.<\/p>\n<p>&#8211; <strong>Speaking time<\/strong>: des dels alumnes de Cicle Inicial 1 fins a Cicle Superior 2, dediquen un m\u00f2dul setmanal a treballar l&#8217;expressi\u00f3 oral en llengua anglesa. Aquest treball es fa amb mig grup per tal de fomentar la seva participaci\u00f3 i perfeccionament de l&#8217;expressi\u00f3 oral.<\/p>\n<p style=\"text-align: center;\"><strong>HALLOWEEN GAMES<\/strong><\/p>\n<p>http:\/\/learnenglishkids.britishcouncil.org\/en\/word-games\/halloween-1<\/p>\n<p>http:\/\/learnenglishkids.britishcouncil.org\/en\/archived-word-games\/wordsearch\/halloween<\/p>\n<p>http:\/\/learnenglishkids.britishcouncil.org\/en\/archived-word-games\/word-quiz\/halloween<\/p>\n<p>http:\/\/learnenglishkids.britishcouncil.org\/en\/archived-word-games\/find-the-pairs\/halloween<\/p>\n<p>http:\/\/learnenglishkids.britishcouncil.org\/en\/games\/haunted-house<\/p>\n<p style=\"text-align: center;\"><strong>CHRISTMAS GAMES<\/strong><\/p>\n<p>https:\/\/learnenglishkids.britishcouncil.org\/es\/category\/topics\/christmas<\/p>\n<p>https:\/\/learnenglishkids.britishcouncil.org\/en\/word-games\/christmas-2<\/p>\n<p>&nbsp;<\/p>\n<p style=\"text-align: center;\"><strong><u>INFANTILE EDUCATION P5<\/u><\/strong><\/p>\n<p>In this page you have all the songs and videos that we are going to work with the P5 students. Enjoy them!!<\/p>\n<div class=\"ast-oembed-container \" style=\"height: 100%;\"><iframe loading=\"lazy\" title=\"The Greetings Song\" width=\"500\" height=\"281\" src=\"https:\/\/www.youtube.com\/embed\/gVIFEVLzP4o?feature=oembed\" frameborder=\"0\" allow=\"accelerometer; autoplay; clipboard-write; encrypted-media; gyroscope; picture-in-picture; web-share\" referrerpolicy=\"strict-origin-when-cross-origin\" allowfullscreen><\/iframe><\/div>\n<div class=\"ast-oembed-container \" style=\"height: 100%;\"><iframe loading=\"lazy\" title=\"If You&#039;re Happy | Kids Song | Super Simple Songs\" width=\"500\" height=\"281\" src=\"https:\/\/www.youtube.com\/embed\/l4WNrvVjiTw?feature=oembed\" frameborder=\"0\" allow=\"accelerometer; autoplay; clipboard-write; encrypted-media; gyroscope; picture-in-picture; web-share\" referrerpolicy=\"strict-origin-when-cross-origin\" allowfullscreen><\/iframe><\/div>\n<div class=\"ast-oembed-container \" style=\"height: 100%;\"><iframe loading=\"lazy\" title=\"The Rainbow Colors Song\" width=\"500\" height=\"281\" src=\"https:\/\/www.youtube.com\/embed\/tRNy2i75tCc?feature=oembed\" frameborder=\"0\" allow=\"accelerometer; autoplay; clipboard-write; encrypted-media; gyroscope; picture-in-picture; web-share\" referrerpolicy=\"strict-origin-when-cross-origin\" allowfullscreen><\/iframe><\/div>\n<div class=\"ast-oembed-container \" style=\"height: 100%;\"><iframe loading=\"lazy\" title=\"Make A Circle | Preschool Song | Super Simple Songs\" width=\"500\" height=\"281\" src=\"https:\/\/www.youtube.com\/embed\/ALcL3MuU4xQ?feature=oembed\" frameborder=\"0\" allow=\"accelerometer; autoplay; clipboard-write; encrypted-media; gyroscope; picture-in-picture; web-share\" referrerpolicy=\"strict-origin-when-cross-origin\" allowfullscreen><\/iframe><\/div>\n<p>https:\/\/www.youtube.com\/watch?v=TtOLzukbJbM<\/p>\n<div class=\"ast-oembed-container \" style=\"height: 100%;\"><iframe loading=\"lazy\" title=\"I See Something Blue | Colors Song for Children | Super Simple Songs\" width=\"500\" height=\"281\" src=\"https:\/\/www.youtube.com\/embed\/jYAWf8Y91hA?feature=oembed\" frameborder=\"0\" allow=\"accelerometer; autoplay; clipboard-write; encrypted-media; gyroscope; picture-in-picture; web-share\" referrerpolicy=\"strict-origin-when-cross-origin\" allowfullscreen><\/iframe><\/div>\n<div class=\"ast-oembed-container \" style=\"height: 100%;\"><iframe loading=\"lazy\" title=\"Up and Down | Gravity Song for Kids | Pancake Manor\" width=\"500\" height=\"281\" src=\"https:\/\/www.youtube.com\/embed\/ET47OtuZZkQ?feature=oembed\" frameborder=\"0\" allow=\"accelerometer; autoplay; clipboard-write; encrypted-media; gyroscope; picture-in-picture; web-share\" referrerpolicy=\"strict-origin-when-cross-origin\" allowfullscreen><\/iframe><\/div>\n<div class=\"ast-oembed-container \" style=\"height: 100%;\"><iframe loading=\"lazy\" title=\"Big and Small | Song for Kids | Pancake Manor\" width=\"500\" height=\"281\" src=\"https:\/\/www.youtube.com\/embed\/h_7wV1OzTX8?feature=oembed\" frameborder=\"0\" allow=\"accelerometer; autoplay; clipboard-write; encrypted-media; gyroscope; picture-in-picture; web-share\" referrerpolicy=\"strict-origin-when-cross-origin\" allowfullscreen><\/iframe><\/div>\n<div class=\"ast-oembed-container \" style=\"height: 100%;\"><iframe loading=\"lazy\" title=\"The Goodbye Song for Children\" width=\"500\" height=\"375\" src=\"https:\/\/www.youtube.com\/embed\/Xcws7UWWDEs?feature=oembed\" frameborder=\"0\" allow=\"accelerometer; autoplay; clipboard-write; encrypted-media; gyroscope; picture-in-picture; web-share\" referrerpolicy=\"strict-origin-when-cross-origin\" allowfullscreen><\/iframe><\/div>\n<div class=\"ast-oembed-container \" style=\"height: 100%;\"><iframe loading=\"lazy\" title=\"Can You Make A Happy Face? featuring @NoodleAndPals  Kids Halloween Song | Super Simple Songs\" width=\"500\" height=\"281\" src=\"https:\/\/www.youtube.com\/embed\/x8b4f5fhYuw?feature=oembed\" frameborder=\"0\" allow=\"accelerometer; autoplay; clipboard-write; encrypted-media; gyroscope; picture-in-picture; web-share\" referrerpolicy=\"strict-origin-when-cross-origin\" allowfullscreen><\/iframe><\/div>\n<div class=\"ast-oembed-container \" style=\"height: 100%;\"><iframe loading=\"lazy\" title=\"Knock Knock, Trick Or Treat? | Halloween Song | Super Simple Songs\" width=\"500\" height=\"281\" src=\"https:\/\/www.youtube.com\/embed\/4jxcWlq3CBg?feature=oembed\" frameborder=\"0\" allow=\"accelerometer; autoplay; clipboard-write; encrypted-media; gyroscope; picture-in-picture; web-share\" referrerpolicy=\"strict-origin-when-cross-origin\" allowfullscreen><\/iframe><\/div>\n<div class=\"ast-oembed-container \" style=\"height: 100%;\"><iframe loading=\"lazy\" title=\"What&#039;s your name?\" width=\"500\" height=\"281\" src=\"https:\/\/www.youtube.com\/embed\/Uv1JkBL5728?feature=oembed\" frameborder=\"0\" allow=\"accelerometer; autoplay; clipboard-write; encrypted-media; gyroscope; picture-in-picture; web-share\" referrerpolicy=\"strict-origin-when-cross-origin\" allowfullscreen><\/iframe><\/div>\n<div class=\"ast-oembed-container \" style=\"height: 100%;\"><iframe loading=\"lazy\" title=\"How Are You\" width=\"500\" height=\"375\" src=\"https:\/\/www.youtube.com\/embed\/NyhT6YkMn1E?feature=oembed\" frameborder=\"0\" allow=\"accelerometer; autoplay; clipboard-write; encrypted-media; gyroscope; picture-in-picture; web-share\" referrerpolicy=\"strict-origin-when-cross-origin\" allowfullscreen><\/iframe><\/div>\n<div class=\"ast-oembed-container \" style=\"height: 100%;\"><iframe loading=\"lazy\" title=\"S-A-N-T-A | Christmas Version of B-I-N-G-O! | Super Simple Songs\" width=\"500\" height=\"281\" src=\"https:\/\/www.youtube.com\/embed\/mGAYzlqj-aE?feature=oembed\" frameborder=\"0\" allow=\"accelerometer; autoplay; clipboard-write; encrypted-media; gyroscope; picture-in-picture; web-share\" referrerpolicy=\"strict-origin-when-cross-origin\" allowfullscreen><\/iframe><\/div>\n<p>&nbsp;<\/p>\n<div class=\"ast-oembed-container \" style=\"height: 100%;\"><iframe loading=\"lazy\" title=\"Jingle Bells | Christmas Carol for Kids | Super Simple Songs\" width=\"500\" height=\"281\" src=\"https:\/\/www.youtube.com\/embed\/eQ34DSTjsLQ?feature=oembed\" frameborder=\"0\" allow=\"accelerometer; autoplay; clipboard-write; encrypted-media; gyroscope; picture-in-picture; web-share\" referrerpolicy=\"strict-origin-when-cross-origin\" allowfullscreen><\/iframe><\/div>\n<div class=\"ast-oembed-container \" style=\"height: 100%;\"><iframe loading=\"lazy\" title=\"Little Snowflake | Kids Songs | Super Simple Songs\" width=\"500\" height=\"281\" src=\"https:\/\/www.youtube.com\/embed\/tbbKjDjMDok?feature=oembed\" frameborder=\"0\" allow=\"accelerometer; autoplay; clipboard-write; encrypted-media; gyroscope; picture-in-picture; web-share\" referrerpolicy=\"strict-origin-when-cross-origin\" allowfullscreen><\/iframe><\/div>\n<div class=\"ast-oembed-container \" style=\"height: 100%;\"><iframe loading=\"lazy\" title=\"Where is it?\" width=\"500\" height=\"281\" src=\"https:\/\/www.youtube.com\/embed\/8F0NYBBKczM?feature=oembed\" frameborder=\"0\" allow=\"accelerometer; autoplay; clipboard-write; encrypted-media; gyroscope; picture-in-picture; web-share\" referrerpolicy=\"strict-origin-when-cross-origin\" allowfullscreen><\/iframe><\/div>\n<p>&nbsp;<\/p>\n<div class=\"ast-oembed-container \" style=\"height: 100%;\"><iframe loading=\"lazy\" title=\"Little Snowflake- Instrumental\" width=\"500\" height=\"375\" src=\"https:\/\/www.youtube.com\/embed\/F9ITLj3uwV8?feature=oembed\" frameborder=\"0\" allow=\"accelerometer; autoplay; clipboard-write; encrypted-media; gyroscope; picture-in-picture; web-share\" referrerpolicy=\"strict-origin-when-cross-origin\" allowfullscreen><\/iframe><\/div>\n<div class=\"ast-oembed-container \" style=\"height: 100%;\"><iframe loading=\"lazy\" title=\"SANTA Dance with Matt\" width=\"500\" height=\"281\" src=\"https:\/\/www.youtube.com\/embed\/0IMCsk3X3AU?feature=oembed\" frameborder=\"0\" allow=\"accelerometer; autoplay; clipboard-write; encrypted-media; gyroscope; picture-in-picture; web-share\" referrerpolicy=\"strict-origin-when-cross-origin\" allowfullscreen><\/iframe><\/div>\n<p>&nbsp;<\/p>\n<p style=\"text-align: center;\"><strong><u>WELCOME\u00a0 1<sup>st<\/sup> and 2<sup>nd<\/sup> Grade classes<\/u><\/strong><\/p>\n<p>Here you can find activities and fun links to reinforce your English. Hope you enjoy it!<\/p>\n<div class=\"ast-oembed-container \" style=\"height: 100%;\"><iframe loading=\"lazy\" title=\"Hello! | Kids Greeting Song and Feelings Song | Super Simple Songs\" width=\"500\" height=\"281\" src=\"https:\/\/www.youtube.com\/embed\/tVlcKp3bWH8?feature=oembed\" frameborder=\"0\" allow=\"accelerometer; autoplay; clipboard-write; encrypted-media; gyroscope; picture-in-picture; web-share\" referrerpolicy=\"strict-origin-when-cross-origin\" allowfullscreen><\/iframe><\/div>\n<div class=\"ast-oembed-container \" style=\"height: 100%;\"><iframe loading=\"lazy\" title=\"The Weather Song - Songs for kids learning English\" width=\"500\" height=\"281\" src=\"https:\/\/www.youtube.com\/embed\/fWIhHTfJ34M?feature=oembed\" frameborder=\"0\" allow=\"accelerometer; autoplay; clipboard-write; encrypted-media; gyroscope; picture-in-picture; web-share\" referrerpolicy=\"strict-origin-when-cross-origin\" allowfullscreen><\/iframe><\/div>\n<div class=\"ast-oembed-container \" style=\"height: 100%;\"><iframe loading=\"lazy\" title=\"The 7 Days of the Week Song \u266b 7 Days of the Week \u266b Kids Songs by The Learning Station\" width=\"500\" height=\"281\" src=\"https:\/\/www.youtube.com\/embed\/3tx0rvuXIRg?feature=oembed\" frameborder=\"0\" allow=\"accelerometer; autoplay; clipboard-write; encrypted-media; gyroscope; picture-in-picture; web-share\" referrerpolicy=\"strict-origin-when-cross-origin\" allowfullscreen><\/iframe><\/div>\n<p>https:\/\/www.youtube.com\/watch?v=oXdKqUnnhWg<\/p>\n<div class=\"ast-oembed-container \" style=\"height: 100%;\"><iframe loading=\"lazy\" title=\"Who Took The Candy? | Halloween Song for Kids | Super Simple Songs\" width=\"500\" height=\"281\" src=\"https:\/\/www.youtube.com\/embed\/veZlIX6d63Y?feature=oembed\" frameborder=\"0\" allow=\"accelerometer; autoplay; clipboard-write; encrypted-media; gyroscope; picture-in-picture; web-share\" referrerpolicy=\"strict-origin-when-cross-origin\" allowfullscreen><\/iframe><\/div>\n<div class=\"ast-oembed-container \" style=\"height: 100%;\"><iframe loading=\"lazy\" title=\"This Is The Way We Carve A Pumpkin | Kids Halloween Song | Super Simple Songs\" width=\"500\" height=\"281\" src=\"https:\/\/www.youtube.com\/embed\/vjfICihohbI?feature=oembed\" frameborder=\"0\" allow=\"accelerometer; autoplay; clipboard-write; encrypted-media; gyroscope; picture-in-picture; web-share\" referrerpolicy=\"strict-origin-when-cross-origin\" allowfullscreen><\/iframe><\/div>\n<div class=\"ast-oembed-container \" style=\"height: 100%;\"><iframe loading=\"lazy\" title=\"Where are the Christmas presents?  Genki English\" width=\"500\" height=\"281\" src=\"https:\/\/www.youtube.com\/embed\/c_QBBESuhSk?feature=oembed\" frameborder=\"0\" allow=\"accelerometer; autoplay; clipboard-write; encrypted-media; gyroscope; picture-in-picture; web-share\" referrerpolicy=\"strict-origin-when-cross-origin\" allowfullscreen><\/iframe><\/div>\n<div class=\"ast-oembed-container \" style=\"height: 100%;\"><iframe loading=\"lazy\" title=\"Body Parts Song for Kids - This is ME! by ELF Learning - ELF Kids Videos\" width=\"500\" height=\"281\" src=\"https:\/\/www.youtube.com\/embed\/QkHQ0CYwjaI?list=PLf5ZR3oSxM885Ns-j-MMl3JBqlhjtxwZw\" frameborder=\"0\" allow=\"accelerometer; autoplay; clipboard-write; encrypted-media; gyroscope; picture-in-picture; web-share\" referrerpolicy=\"strict-origin-when-cross-origin\" allowfullscreen><\/iframe><\/div>\n<div style=\"text-align: center;\"><\/div>\n<div style=\"text-align: center;\"><strong>CLASSROOM OBJECTS<\/strong><\/div>\n<div><\/div>\n<div>Here you have an activity to practise and review school objects vocabulary.<\/div>\n<div><\/div>\n<div><\/div>\n<div>http:\/\/www.englishexercises.org\/makeagame\/viewgame.asp?id=6344<\/div>\n<div><\/div>\n<div>http:\/\/www.anglomaniacy.pl\/pencasePictureTest.swf<\/div>\n<div><\/div>\n<div><\/div>\n<div class=\"ast-oembed-container \" style=\"height: 100%;\"><iframe loading=\"lazy\" title=\"Body Parts Song for Kids - This is ME! by ELF Learning - ELF Kids Videos\" width=\"500\" height=\"281\" src=\"https:\/\/www.youtube.com\/embed\/QkHQ0CYwjaI?list=PLf5ZR3oSxM885Ns-j-MMl3JBqlhjtxwZw\" frameborder=\"0\" allow=\"accelerometer; autoplay; clipboard-write; encrypted-media; gyroscope; picture-in-picture; web-share\" referrerpolicy=\"strict-origin-when-cross-origin\" allowfullscreen><\/iframe><\/div>\n<div class=\"ast-oembed-container \" style=\"height: 100%;\"><iframe loading=\"lazy\" title=\"Yes, I Can! | Animal Song For Children | Super Simple Songs\" width=\"500\" height=\"281\" src=\"https:\/\/www.youtube.com\/embed\/_Ir0Mc6Qilo?feature=oembed\" frameborder=\"0\" allow=\"accelerometer; autoplay; clipboard-write; encrypted-media; gyroscope; picture-in-picture; web-share\" referrerpolicy=\"strict-origin-when-cross-origin\" allowfullscreen><\/iframe><\/div>\n<div><\/div>\n<div><\/div>\n<div>https:\/\/www.youtube.com\/watch?v=sJq7tFYmQyc<\/div>\n<div><\/div>\n<div><\/div>\n<div><\/div>\n<div><\/div>\n<div style=\"text-align: center;\"><strong><u>THIRD GRADE ACTIVITIES<\/u><\/strong><\/div>\n<div style=\"text-align: center;\"><\/div>\n<p>Let&#8217;s begin the year practising the ABC&#8217;s and do our best in spelling!!<\/p>\n<div class=\"ast-oembed-container \" style=\"height: 100%;\"><iframe loading=\"lazy\" title=\"Alphabet Song | ABC Song | Phonics Song\" width=\"500\" height=\"281\" src=\"https:\/\/www.youtube.com\/embed\/36IBDpTRVNE?feature=oembed\" frameborder=\"0\" allow=\"accelerometer; autoplay; clipboard-write; encrypted-media; gyroscope; picture-in-picture; web-share\" referrerpolicy=\"strict-origin-when-cross-origin\" allowfullscreen><\/iframe><\/div>\n<div class=\"ast-oembed-container \" style=\"height: 100%;\"><iframe loading=\"lazy\" title=\"The Super Simple Alphabet Song (Uppercase) | Super Simple ABCs\" width=\"500\" height=\"281\" src=\"https:\/\/www.youtube.com\/embed\/9o3RmdiLnI8?feature=oembed\" frameborder=\"0\" allow=\"accelerometer; autoplay; clipboard-write; encrypted-media; gyroscope; picture-in-picture; web-share\" referrerpolicy=\"strict-origin-when-cross-origin\" allowfullscreen><\/iframe><\/div>\n<p>Hi everyone! Here you have more fun links to reinforce the alphabet. HOPE YOU ENJOY IT!<\/p>\n<p><a href=\"http:\/\/www.angles365.com\/classroom\/c3ABC.htm\">http:\/\/www.angles365.com\/classroom\/c3ABC.htm<\/a><\/p>\n<div class=\"ast-oembed-container \" style=\"height: 100%;\"><iframe loading=\"lazy\" title=\"Halloween Stomp - Kids Halloween Song | Halloween Songs for Children\" width=\"500\" height=\"281\" src=\"https:\/\/www.youtube.com\/embed\/WWyz77PLl6I?feature=oembed\" frameborder=\"0\" allow=\"accelerometer; autoplay; clipboard-write; encrypted-media; gyroscope; picture-in-picture; web-share\" referrerpolicy=\"strict-origin-when-cross-origin\" allowfullscreen><\/iframe><\/div>\n<div class=\"ast-oembed-container \" style=\"height: 100%;\"><iframe loading=\"lazy\" title=\"Santa, Where Are You? | + More Christmas Songs for Kids | Super Simple Songs\" width=\"500\" height=\"281\" src=\"https:\/\/www.youtube.com\/embed\/jtQiwl7ZLG8?feature=oembed\" frameborder=\"0\" allow=\"accelerometer; autoplay; clipboard-write; encrypted-media; gyroscope; picture-in-picture; web-share\" referrerpolicy=\"strict-origin-when-cross-origin\" allowfullscreen><\/iframe><\/div>\n<div class=\"ast-oembed-container \" style=\"height: 100%;\"><iframe loading=\"lazy\" title=\"Top Christmas Songs Playlist with Lyrics 30 Minutes\" width=\"500\" height=\"281\" src=\"https:\/\/www.youtube.com\/embed\/Ahk66U0u2Ik?feature=oembed\" frameborder=\"0\" allow=\"accelerometer; autoplay; clipboard-write; encrypted-media; gyroscope; picture-in-picture; web-share\" referrerpolicy=\"strict-origin-when-cross-origin\" allowfullscreen><\/iframe><\/div>\n<p><strong>4th GRADE<\/strong><\/p>\n<p style=\"text-align: left;\">Here you can find activities and fun links to reinforce your English.<\/p>\n<div><u><b>CLASSROOM RULES<\/b><\/u><\/div>\n<p style=\"text-align: left;\"><b><br \/>\nIt&#8217;s very important to know and follow some basic classroom rules. Check out these ones&#8230;<\/b><\/p>\n<div class=\"ast-oembed-container \" style=\"height: 100%;\"><iframe loading=\"lazy\" title=\"Classroom Rules\" width=\"500\" height=\"375\" src=\"https:\/\/www.youtube.com\/embed\/ddvTFgzkS5M?feature=oembed\" frameborder=\"0\" allow=\"accelerometer; autoplay; clipboard-write; encrypted-media; gyroscope; picture-in-picture; web-share\" referrerpolicy=\"strict-origin-when-cross-origin\" allowfullscreen><\/iframe><\/div>\n<p style=\"text-align: left;\"><strong>Months of the year<\/strong><\/p>\n<p style=\"text-align: left;\"><a href=\"http:\/\/www.angles365.com\/classroom\/homework4\/unit5\/months.swf\">http:\/\/www.angles365.com\/classroom\/homework4\/unit5\/months.swf<\/a><\/p>\n<p style=\"text-align: left;\"><strong>Here you have some videos to review the times in English<\/strong><\/p>\n<p>https:\/\/www.youtube.com\/watch?v=kuLt890cCVo<\/p>\n<p>http:\/\/resources.oswego.org\/games\/BangOnTime\/clockwordres.html<\/p>\n<p>http:\/\/clic.xtec.cat\/db\/act_es.jsp?id=3750<\/p>\n<div class=\"ast-oembed-container \" style=\"height: 100%;\"><iframe loading=\"lazy\" title=\"it must be Halloween video.mpg\" width=\"500\" height=\"375\" src=\"https:\/\/www.youtube.com\/embed\/CUevjyadsfI?feature=oembed\" frameborder=\"0\" allow=\"accelerometer; autoplay; clipboard-write; encrypted-media; gyroscope; picture-in-picture; web-share\" referrerpolicy=\"strict-origin-when-cross-origin\" allowfullscreen><\/iframe><\/div>\n<p>&nbsp;<\/p>\n<p>https:\/\/www.youtube.com\/watch?v=7aV1RYrk1dU<\/p>\n<p>&nbsp;<\/p>\n","protected":false},"excerpt":{"rendered":"<p>L&#8217;Angl\u00e8s \u00e9s un dels nostres projectes de centre. Algunes de les activitats que realitzem s\u00f3n: &#8211; Titelles en angl\u00e8s: els alumnes de Cicle Superior 2 preparen una obra de titelles pels alumnes d&#8217;Educaci\u00f3 Infantil 3. Ells s&#8217;encarreguen tant de crear els titelles com els seus di\u00e0legs en llengua anglesa. &#8211; Rac\u00f3 &#8220;Let&#8217;s discover!&#8221;: els alumnes [&hellip;]<\/p>\n","protected":false},"author":1,"featured_media":0,"parent":176,"menu_order":0,"comment_status":"closed","ping_status":"closed","template":"page-templates\/side-menu.php","meta":{"_bbp_topic_count":0,"_bbp_reply_count":0,"_bbp_total_topic_count":0,"_bbp_total_reply_count":0,"_bbp_voice_count":0,"_bbp_anonymous_reply_count":0,"_bbp_topic_count_hidden":0,"_bbp_reply_count_hidden":0,"_bbp_forum_subforum_count":0,"site-sidebar-layout":"default","site-content-layout":"","ast-site-content-layout":"","site-content-style":"default","site-sidebar-style":"default","ast-global-header-display":"","ast-banner-title-visibility":"","ast-main-header-display":"","ast-hfb-above-header-display":"","ast-hfb-below-header-display":"","ast-hfb-mobile-header-display":"","site-post-title":"","ast-breadcrumbs-content":"","ast-featured-img":"","footer-sml-layout":"","theme-transparent-header-meta":"","adv-header-id-meta":"","stick-header-meta":"","header-above-stick-meta":"","header-main-stick-meta":"","header-below-stick-meta":"","astra-migrate-meta-layouts":"default","ast-page-background-enabled":"default","ast-page-background-meta":{"desktop":{"background-color":"var(--ast-global-color-4)","background-image":"","background-repeat":"repeat","background-position":"center center","background-size":"auto","background-attachment":"scroll","background-type":"","background-media":"","overlay-type":"","overlay-color":"","overlay-opacity":"","overlay-gradient":""},"tablet":{"background-color":"","background-image":"","background-repeat":"repeat","background-position":"center center","background-size":"auto","background-attachment":"scroll","background-type":"","background-media":"","overlay-type":"","overlay-color":"","overlay-opacity":"","overlay-gradient":""},"mobile":{"background-color":"","background-image":"","background-repeat":"repeat","background-position":"center center","background-size":"auto","background-attachment":"scroll","background-type":"","background-media":"","overlay-type":"","overlay-color":"","overlay-opacity":"","overlay-gradient":""}},"ast-content-background-meta":{"desktop":{"background-color":"var(--ast-global-color-5)","background-image":"","background-repeat":"repeat","background-position":"center center","background-size":"auto","background-attachment":"scroll","background-type":"","background-media":"","overlay-type":"","overlay-color":"","overlay-opacity":"","overlay-gradient":""},"tablet":{"background-color":"var(--ast-global-color-5)","background-image":"","background-repeat":"repeat","background-position":"center center","background-size":"auto","background-attachment":"scroll","background-type":"","background-media":"","overlay-type":"","overlay-color":"","overlay-opacity":"","overlay-gradient":""},"mobile":{"background-color":"var(--ast-global-color-5)","background-image":"","background-repeat":"repeat","background-position":"center center","background-size":"auto","background-attachment":"scroll","background-type":"","background-media":"","overlay-type":"","overlay-color":"","overlay-opacity":"","overlay-gradient":""}},"footnotes":""},"class_list":["post-730","page","type-page","status-publish","hentry"],"post_mailing_queue_ids":[],"_links":{"self":[{"href":"https:\/\/agora.xtec.cat\/escolamontbui\/wp-json\/wp\/v2\/pages\/730","targetHints":{"allow":["GET"]}}],"collection":[{"href":"https:\/\/agora.xtec.cat\/escolamontbui\/wp-json\/wp\/v2\/pages"}],"about":[{"href":"https:\/\/agora.xtec.cat\/escolamontbui\/wp-json\/wp\/v2\/types\/page"}],"author":[{"embeddable":true,"href":"https:\/\/agora.xtec.cat\/escolamontbui\/wp-json\/wp\/v2\/users\/1"}],"replies":[{"embeddable":true,"href":"https:\/\/agora.xtec.cat\/escolamontbui\/wp-json\/wp\/v2\/comments?post=730"}],"version-history":[{"count":4,"href":"https:\/\/agora.xtec.cat\/escolamontbui\/wp-json\/wp\/v2\/pages\/730\/revisions"}],"predecessor-version":[{"id":3212,"href":"https:\/\/agora.xtec.cat\/escolamontbui\/wp-json\/wp\/v2\/pages\/730\/revisions\/3212"}],"up":[{"embeddable":true,"href":"https:\/\/agora.xtec.cat\/escolamontbui\/wp-json\/wp\/v2\/pages\/176"}],"wp:attachment":[{"href":"https:\/\/agora.xtec.cat\/escolamontbui\/wp-json\/wp\/v2\/media?parent=730"}],"curies":[{"name":"wp","href":"https:\/\/api.w.org\/{rel}","templated":true}]}}