{"id":73,"date":"2014-09-18T14:01:51","date_gmt":"2014-09-18T13:01:51","guid":{"rendered":"http:\/\/agora.xtec.cat\/escolamontbui\/?page_id=73"},"modified":"2026-05-04T13:20:01","modified_gmt":"2026-05-04T11:20:01","slug":"menjador-escolar","status":"publish","type":"page","link":"https:\/\/agora.xtec.cat\/escolamontbui\/serveis\/menjador-escolar\/","title":{"rendered":"Menjador"},"content":{"rendered":"<p><img loading=\"lazy\" decoding=\"async\" class=\"alignleft\" src=\"https:\/\/actualidaddocente.cece.es\/wp-content\/uploads\/2018\/04\/logo-scolarest.png\" alt=\"Resultat d'imatges per a &quot;LOGO ESCOLAREST&quot;\" width=\"293\" height=\"146\" \/>El Consell Comarcal del Vall\u00e8s Oriental gestiona el menjador de la nostra escola des del curs 2019-20. L\u2019empresa que gestiona el servei de menjador a la nostra escola \u00e9s <b>Scolarest.<\/b><\/p>\n<p>Per a la contractaci\u00f3 i \u00a0gesti\u00f3 del servei es van establir, conjuntament amb les direccions dels centres escolars i\u00a0 les AMPAS, els criteris d\u2019adjudicaci\u00f3 tenint com a premissa b\u00e0sica garantir una gesti\u00f3 integral, que inclou:<\/p>\n<p>-Un projecte relacionat amb el lleure que afavoreix el <strong>treball de valors, actituds\u00a0 i h\u00e0bits saludables i de conviv\u00e8ncia<\/strong>\u00a0a trav\u00e9s de la realitzaci\u00f3 de xerrades, tallers i activitats que promoguin tots aquests valors\u00a0 fonamentals per millorar les relacions i coneixements de les diferents realitats dins l\u2019\u00e0mbit escolar.<\/p>\n<p>-Un projecte alimentari que potencia una <strong>alimentaci\u00f3 saludable, equilibrada i respectuosa amb la sostenibilitat i el medi <\/strong><strong>ambient<\/strong>, a trav\u00e9s de la promoci\u00f3 de\u00a0<strong>productes de proximitat, ecol\u00f2gics i de temporada<\/strong>, a la vegada que es promou formes\u00a0 culin\u00e0ries m\u00e9s saludables.<\/p>\n<p>La coordinadora de l&#8217;empresa a l&#8217;escola \u00e9s na Maria Centelles. La trobareu tots els matins a l&#8217;escola.<\/p>\n<table style=\"height: 174px;\" width=\"356\">\n<tbody>\n<tr style=\"height: 137px;\">\n<td style=\"width: 350px; height: 137px;\">\n<p style=\"font-family: 'Helvetica Neue', Helvetica, Helvetica, Arial, sans-serif; font-size: 16px;\"><em>Coordinadora del servei:<\/em>\u00a0Maria Centelles<\/p>\n<p style=\"font-family: 'Helvetica Neue', Helvetica, Helvetica, Arial, sans-serif; font-size: 16px;\"><em>Tel\u00e8fon de contacte:<\/em>\u00a0660.73.05.14<\/p>\n<p style=\"font-family: 'Helvetica Neue', Helvetica, Helvetica, Arial, sans-serif; font-size: 16px;\"><em>Correu electr\u00f2nic:<\/em>\u00a0maria.centelles@eurest.es<\/p>\n<\/td>\n<\/tr>\n<\/tbody>\n<\/table>\n<p><strong>PREU<\/strong><\/p>\n<table style=\"width: 60.1017%;\">\n<tbody>\n<tr>\n<td style=\"width: 100%;\">\n<p style=\"font-family: 'Helvetica Neue', Helvetica, Helvetica, Arial, sans-serif; font-size: 16px;\"><em>Alumnes fixos (m\u00e9s de 3 dies a la setmana)<\/em><em>: 6,81<\/em>\u20ac dia<\/p>\n<p style=\"font-family: 'Helvetica Neue', Helvetica, Helvetica, Arial, sans-serif; font-size: 16px;\"><em>Alumnes espor\u00e0dics: 7,50<\/em>\u20ac dia<\/p>\n<\/td>\n<\/tr>\n<\/tbody>\n<\/table>\n<p><strong>APP SCOLAREST DIGITAL<\/strong><\/p>\n<p>Aplicaci\u00f3 de comunicaci\u00f3 per accedir a tota la informaci\u00f3 relacionada amb el servei de menjador. <a href=\"https:\/\/agora.xtec.cat\/escolamontbui\/wp-content\/uploads\/usu116\/2023\/12\/Montbui_APP-curs-23-24.pdf\">Montbui_APP curs 23-24<\/a><\/p>\n<p><a href=\"https:\/\/play.google.com\/store\/apps\/details?id=load.iarascolarest&amp;hl=es_419&amp;pli=1\" target=\"_blank\" rel=\"noopener\">\u00a0 \u00a0 \u00a0 <\/a><a style=\"font-size: 16px; font-style: normal; font-weight: 400; transition-property: all; color: #3a3a3a;\" href=\"https:\/\/play.google.com\/store\/apps\/details?id=load.iarascolarest&amp;hl=es_419&amp;pli=1\" target=\"_blank\" rel=\"noopener\"><img loading=\"lazy\" decoding=\"async\" class=\"wp-image-10606 alignnone\" src=\"https:\/\/agora.xtec.cat\/escolamontbui\/wp-content\/uploads\/usu116\/2023\/11\/Scolarest-digital.png\" alt=\"\" width=\"169\" height=\"169\" srcset=\"https:\/\/agora.xtec.cat\/escolamontbui\/wp-content\/uploads\/usu116\/2023\/11\/Scolarest-digital.png 512w, https:\/\/agora.xtec.cat\/escolamontbui\/wp-content\/uploads\/usu116\/2023\/11\/Scolarest-digital-300x300.png 300w, https:\/\/agora.xtec.cat\/escolamontbui\/wp-content\/uploads\/usu116\/2023\/11\/Scolarest-digital-150x150.png 150w\" sizes=\"auto, (max-width: 169px) 100vw, 169px\" \/><\/a><a href=\"https:\/\/play.google.com\/store\/apps\/details?id=load.iarascolarest&amp;hl=es_419&amp;pli=1\" target=\"_blank\" rel=\"noopener\">\u00a0 \u00a0 <\/a><a href=\"https:\/\/agora.xtec.cat\/escolamontbui\/wp-content\/uploads\/usu116\/2025\/10\/LLIBRET-Menjador-25-26-Escola-Montbui.pdf\" target=\"_blank\" rel=\"noopener\"><img loading=\"lazy\" decoding=\"async\" class=\"wp-image-11227 alignnone\" src=\"https:\/\/agora.xtec.cat\/escolamontbui\/wp-content\/uploads\/usu116\/2024\/11\/LLIBRET-MENJADOR.png\" alt=\"\" width=\"143\" height=\"143\" srcset=\"https:\/\/agora.xtec.cat\/escolamontbui\/wp-content\/uploads\/usu116\/2024\/11\/LLIBRET-MENJADOR.png 600w, https:\/\/agora.xtec.cat\/escolamontbui\/wp-content\/uploads\/usu116\/2024\/11\/LLIBRET-MENJADOR-300x300.png 300w, https:\/\/agora.xtec.cat\/escolamontbui\/wp-content\/uploads\/usu116\/2024\/11\/LLIBRET-MENJADOR-150x150.png 150w\" sizes=\"auto, (max-width: 143px) 100vw, 143px\" \/><\/a> \u00a0 \u00a0 \u00a0 \u00a0 <a href=\"https:\/\/agora.xtec.cat\/escolamontbui\/wp-content\/uploads\/usu116\/2024\/11\/PROJECTE-EDUCATIU-24-25-Skoolarest.pdf\" target=\"_blank\" rel=\"noopener\">\u00a0 \u00a0 \u00a0 <\/a><a href=\"https:\/\/agora.xtec.cat\/escolamontbui\/wp-content\/uploads\/usu116\/2025\/11\/Projecte-educatiu-escola-Montbui-Merakiers_25-26.pdf\" target=\"_blank\" rel=\"noopener\"><img loading=\"lazy\" decoding=\"async\" class=\"alignnone wp-image-11228\" src=\"https:\/\/agora.xtec.cat\/escolamontbui\/wp-content\/uploads\/usu116\/2024\/11\/Diseno-sin-titulo.png\" alt=\"\" width=\"143\" height=\"143\" srcset=\"https:\/\/agora.xtec.cat\/escolamontbui\/wp-content\/uploads\/usu116\/2024\/11\/Diseno-sin-titulo.png 600w, https:\/\/agora.xtec.cat\/escolamontbui\/wp-content\/uploads\/usu116\/2024\/11\/Diseno-sin-titulo-300x300.png 300w, https:\/\/agora.xtec.cat\/escolamontbui\/wp-content\/uploads\/usu116\/2024\/11\/Diseno-sin-titulo-150x150.png 150w\" sizes=\"auto, (max-width: 143px) 100vw, 143px\" \/><\/a><a href=\"https:\/\/agora.xtec.cat\/escolamontbui\/wp-content\/uploads\/usu116\/2025\/10\/Carta-benvinguda-curs-2025-2026.pdf\"><img loading=\"lazy\" decoding=\"async\" class=\"wp-image-11507 alignnone\" src=\"https:\/\/agora.xtec.cat\/escolamontbui\/wp-content\/uploads\/usu116\/2025\/10\/Copia-de-Tarjetas-educativas-de-Matematicas-fracciones-con-equivalentes-decimales-con-patron-conocido-pixel-colorido.png\" alt=\"\" width=\"151\" height=\"143\" srcset=\"https:\/\/agora.xtec.cat\/escolamontbui\/wp-content\/uploads\/usu116\/2025\/10\/Copia-de-Tarjetas-educativas-de-Matematicas-fracciones-con-equivalentes-decimales-con-patron-conocido-pixel-colorido.png 1337w, https:\/\/agora.xtec.cat\/escolamontbui\/wp-content\/uploads\/usu116\/2025\/10\/Copia-de-Tarjetas-educativas-de-Matematicas-fracciones-con-equivalentes-decimales-con-patron-conocido-pixel-colorido-300x284.png 300w, https:\/\/agora.xtec.cat\/escolamontbui\/wp-content\/uploads\/usu116\/2025\/10\/Copia-de-Tarjetas-educativas-de-Matematicas-fracciones-con-equivalentes-decimales-con-patron-conocido-pixel-colorido-1024x968.png 1024w, https:\/\/agora.xtec.cat\/escolamontbui\/wp-content\/uploads\/usu116\/2025\/10\/Copia-de-Tarjetas-educativas-de-Matematicas-fracciones-con-equivalentes-decimales-con-patron-conocido-pixel-colorido-768x726.png 768w\" sizes=\"auto, (max-width: 151px) 100vw, 151px\" \/><\/a><\/p>\n<p><strong>NEWSLETTER<\/strong><\/p>\n<p><a href=\"https:\/\/agora.xtec.cat\/escolamontbui\/wp-content\/uploads\/usu116\/2026\/03\/NEWSLETTER-CAT-MAR-26.pdf\">MAR\u00c7 &#8217;26<\/a><\/p>\n<p><a href=\"https:\/\/agora.xtec.cat\/escolamontbui\/wp-content\/uploads\/usu116\/2026\/02\/NEWSLETTER-CAT-FEB.pdf\">FEBRER &#8217;26<\/a><\/p>\n<p><a href=\"https:\/\/agora.xtec.cat\/escolamontbui\/wp-content\/uploads\/usu116\/2026\/01\/NEWSLETTER-CAT-ENE-26.pdf\">GENER &#8217;26<\/a><\/p>\n<p><a href=\"https:\/\/agora.xtec.cat\/escolamontbui\/wp-content\/uploads\/usu116\/2025\/12\/NEWSLETTER-CAT-DES-25.pdf\">DESEMBRE &#8217;25<\/a><\/p>\n<p><a href=\"https:\/\/agora.xtec.cat\/escolamontbui\/wp-content\/uploads\/usu116\/2025\/11\/NEWSLETTER-CAT-NOV-25.pdf\">NOVEMBRE &#8217;25<\/a><\/p>\n<p><a href=\"https:\/\/agora.xtec.cat\/escolamontbui\/wp-content\/uploads\/usu116\/2025\/11\/NEWSLETTER-OCT-CAT-25.pdf\">OCTUBRE &#8217;25<\/a><\/p>\n<p><strong>MEN\u00daS MENSUALS 2025-2026<\/strong><\/p>\n<p><a href=\"https:\/\/agora.xtec.cat\/escolamontbui\/wp-content\/uploads\/usu116\/2026\/05\/968600_ESCOLA-MONTBUI_1219_202605.pdf\">MEN\u00da MAIG<\/a><\/p>\n<p><a href=\"https:\/\/agora.xtec.cat\/escolamontbui\/wp-content\/uploads\/usu116\/2026\/05\/968600_ESCOLA-MONTBUI__SENSE-PRESSEC_899_202605.pdf\">MEN\u00da MAIG_SENSE PRESSEC<\/a><\/p>\n<p><a href=\"https:\/\/agora.xtec.cat\/escolamontbui\/wp-content\/uploads\/usu116\/2026\/05\/968600_ESCOLA-MONTBUI__SENSE-PORC_899_202605.pdf\">MEN\u00da MAIG__SENSE PORC<\/a><\/p>\n<p><a href=\"https:\/\/agora.xtec.cat\/escolamontbui\/wp-content\/uploads\/usu116\/2026\/05\/968600_ESCOLA-MONTBUI__SENSE-PLV_899_202605.pdf\">MEN\u00da MAIG__SENSE PLV<\/a><\/p>\n<p><a href=\"https:\/\/agora.xtec.cat\/escolamontbui\/wp-content\/uploads\/usu116\/2026\/05\/968600_ESCOLA-MONTBUI__SENSE-OU-NI-LACTOSA_899_202605.pdf\">MEN\u00da MAIG__SENSE OU NI LACTOSA<\/a><\/p>\n<p><a href=\"https:\/\/agora.xtec.cat\/escolamontbui\/wp-content\/uploads\/usu116\/2026\/05\/968600_ESCOLA-MONTBUI__SENSE-GLUTEN_899_202605.pdf\">MEN\u00da MAIG__SENSE GLUTEN<\/a><\/p>\n<p><a href=\"https:\/\/agora.xtec.cat\/escolamontbui\/wp-content\/uploads\/usu116\/2026\/05\/968600_ESCOLA-MONTBUI__SENSE-GLUTEN-PLV-MELSUCRE-XAROP-MELASSA-SOIA-OU-PEIX-NI-FRUITA_899_202605.pdf\">MEN\u00da MAIG__SENSE GLUTEN, PLV, MEL,SUCRE, XAROP, MELASSA, SOIA, OU, PEIX NI FRUITA<\/a><\/p>\n<p><a href=\"https:\/\/agora.xtec.cat\/escolamontbui\/wp-content\/uploads\/usu116\/2026\/05\/968600_ESCOLA-MONTBUI__SENSE-GLUTEN-NI-LACTOSA_899_202605.pdf\">MEN\u00da MAIG__SENSE GLUTEN NI LACTOSA<\/a><\/p>\n<p><a href=\"https:\/\/agora.xtec.cat\/escolamontbui\/wp-content\/uploads\/usu116\/2026\/05\/968600_ESCOLA-MONTBUI__SENSE-FRUITS-SECS_899_202605.pdf\">MEN\u00da MAIG__SENSE FRUITS SECS<\/a><\/p>\n<p><a href=\"https:\/\/agora.xtec.cat\/escolamontbui\/wp-content\/uploads\/usu116\/2026\/05\/968600_ESCOLA-MONTBUI__SENSE-CRUSTACIS_899_202605.pdf\">MEN\u00da MAIG__SENSE CRUSTACIS<\/a><\/p>\n<p><a href=\"https:\/\/agora.xtec.cat\/escolamontbui\/wp-content\/uploads\/usu116\/2026\/05\/968600_ESCOLA-MONTBUI__SENSE-CACAUET_899_202605.pdf\">MEN\u00da MAIG__SENSE CACAUET<\/a><\/p>\n<p><a href=\"https:\/\/agora.xtec.cat\/escolamontbui\/wp-content\/uploads\/usu116\/2026\/05\/968600_ESCOLA-MONTBUI__SENSE-LACTOSA_899_202605.pdf\">MEN\u00da MAIG__SENSE LACTOSA<\/a><\/p>\n<p>&nbsp;<\/p>\n<p><a href=\"https:\/\/agora.xtec.cat\/escolamontbui\/wp-content\/uploads\/usu116\/2026\/03\/968600_ESCOLA-MONTBUI_1219_202604.pdf\">MEN\u00da ABRIL<\/a><\/p>\n<p><a href=\"https:\/\/agora.xtec.cat\/escolamontbui\/wp-content\/uploads\/usu116\/2026\/03\/968600_ESCOLA-MONTBUI__SENSE-PRESSEC_899_202604.pdf\">MEN\u00da ABRIL__SENSE PRESSEC<\/a><\/p>\n<p><a href=\"https:\/\/agora.xtec.cat\/escolamontbui\/wp-content\/uploads\/usu116\/2026\/03\/968600_ESCOLA-MONTBUI__SENSE-PORC_899_202604.pdf\">MEN\u00da ABRIL_SENSE PORC<\/a><\/p>\n<p><a href=\"https:\/\/agora.xtec.cat\/escolamontbui\/wp-content\/uploads\/usu116\/2026\/03\/968600_ESCOLA-MONTBUI__SENSE-OU-NI-LACTOSA_899_202604.pdf\">MEN\u00da ABRIL__SENSE OU NI LACTOSA<\/a><\/p>\n<p><a href=\"https:\/\/agora.xtec.cat\/escolamontbui\/wp-content\/uploads\/usu116\/2026\/03\/968600_ESCOLA-MONTBUI__SENSE-LACTOSA_899_202604.pdf\">MEN\u00da ABRIL__SENSE LACTOSA<\/a><\/p>\n<p><a href=\"https:\/\/agora.xtec.cat\/escolamontbui\/wp-content\/uploads\/usu116\/2026\/03\/968600_ESCOLA-MONTBUI__SENSE-GLUTEN_899_202604.pdf\">MEN\u00da ABRIL__SENSE GLUTEN<\/a><\/p>\n<p><a href=\"https:\/\/agora.xtec.cat\/escolamontbui\/wp-content\/uploads\/usu116\/2026\/03\/968600_ESCOLA-MONTBUI__SENSE-GLUTEN-PLV-MELSUCRE-XAROP-MELASSA-SOIA-OU-PEIX-NI-FRUITA_899_202604.pdf\">MEN\u00da ABRIL__SENSE GLUTEN, PLV, MEL,SUCRE, XAROP, MELASSA, SOIA, OU, PEIX NI FRUITA<\/a><\/p>\n<p><a href=\"https:\/\/agora.xtec.cat\/escolamontbui\/wp-content\/uploads\/usu116\/2026\/03\/968600_ESCOLA-MONTBUI__SENSE-GLUTEN-NI-LACTOSA_899_202604.pdf\">MEN\u00da ABRIL__SENSE GLUTEN NI LACTOSA<\/a><\/p>\n<p><a href=\"https:\/\/agora.xtec.cat\/escolamontbui\/wp-content\/uploads\/usu116\/2026\/03\/968600_ESCOLA-MONTBUI__SENSE-FRUITS-SECS_899_202604.pdf\">MEN\u00da ABRIL__SENSE FRUITS SECS<\/a><\/p>\n<p><a href=\"https:\/\/agora.xtec.cat\/escolamontbui\/wp-content\/uploads\/usu116\/2026\/03\/968600_ESCOLA-MONTBUI__SENSE-CRUSTACIS_899_202604.pdf\">MEN\u00da ABRIL__SENSE CRUSTACIS<\/a><\/p>\n<p><a href=\"https:\/\/agora.xtec.cat\/escolamontbui\/wp-content\/uploads\/usu116\/2026\/03\/968600_ESCOLA-MONTBUI__SENSE-CACAUET_899_202604.pdf\">MEN\u00da ABRIL__SENSE CACAUET<\/a><\/p>\n<p><a href=\"https:\/\/agora.xtec.cat\/escolamontbui\/wp-content\/uploads\/usu116\/2026\/03\/968600_ESCOLA-MONTBUI__SENSE-PLV_899_202604.pdf\">MEN\u00da ABRIL__SENSE PLV<\/a><\/p>\n<p>&nbsp;<\/p>\n<p><a href=\"https:\/\/agora.xtec.cat\/escolamontbui\/wp-content\/uploads\/usu116\/2026\/02\/968600_ESCOLA-MONTBUI_1219_202603.pdf\">MEN\u00da MAR\u00c7<\/a><\/p>\n<p><a href=\"https:\/\/agora.xtec.cat\/escolamontbui\/wp-content\/uploads\/usu116\/2026\/02\/968600_ESCOLA-MONTBUI__SENSE-PRESSEC_899_202603.pdf\">MEN\u00da MAR\u00c7__SENSE PRESSEC<\/a><\/p>\n<p><a href=\"https:\/\/agora.xtec.cat\/escolamontbui\/wp-content\/uploads\/usu116\/2026\/02\/968600_ESCOLA-MONTBUI__SENSE-PORC_899_202603.pdf\">MEN\u00da MAR\u00c7__SENSE PORC<\/a><\/p>\n<p><a href=\"https:\/\/agora.xtec.cat\/escolamontbui\/wp-content\/uploads\/usu116\/2026\/02\/968600_ESCOLA-MONTBUI__SENSE-PLV_899_202603.pdf\">MEN\u00da MAR\u00c7__SENSE PLV<\/a><\/p>\n<p><a href=\"https:\/\/agora.xtec.cat\/escolamontbui\/wp-content\/uploads\/usu116\/2026\/02\/968600_ESCOLA-MONTBUI__SENSE-OU-NI-LACTOSA_899_202603.pdf\">MEN\u00da MAR\u00c7__SENSE OU NI LACTOSA<\/a><\/p>\n<p><a href=\"https:\/\/agora.xtec.cat\/escolamontbui\/wp-content\/uploads\/usu116\/2026\/02\/968600_ESCOLA-MONTBUI__SENSE-LACTOSA_899_202603.pdf\">MEN\u00da MAR\u00c7__SENSE LACTOSA<\/a><\/p>\n<p><a href=\"https:\/\/agora.xtec.cat\/escolamontbui\/wp-content\/uploads\/usu116\/2026\/02\/968600_ESCOLA-MONTBUI__SENSE-GLUTEN_899_202603.pdf\">MEN\u00da MAR\u00c7__SENSE GLUTEN<\/a><\/p>\n<p><a href=\"https:\/\/agora.xtec.cat\/escolamontbui\/wp-content\/uploads\/usu116\/2026\/02\/968600_ESCOLA-MONTBUI__SENSE-GLUTEN-PLV-MELSUCRE-XAROP-MELASSA-SOIA-OU-PEIX-NI-FRUITA_899_202603.pdf\">MEN\u00da MAR\u00c7__SENSE GLUTEN, PLV, MEL,SUCRE, XAROP, MELASSA, SOIA, OU, PEIX NI FRUITA<\/a><\/p>\n<p><a href=\"https:\/\/agora.xtec.cat\/escolamontbui\/wp-content\/uploads\/usu116\/2026\/02\/968600_ESCOLA-MONTBUI__SENSE-GLUTEN-NI-LACTOSA_899_202603.pdf\">MEN\u00da MAR\u00c7__SENSE GLUTEN NI LACTOSA<\/a><\/p>\n<p><a href=\"https:\/\/agora.xtec.cat\/escolamontbui\/wp-content\/uploads\/usu116\/2026\/02\/968600_ESCOLA-MONTBUI__SENSE-FRUITS-SECS_899_202603.pdf\">MEN\u00da MAR\u00c7__SENSE FRUITS SECS<\/a><\/p>\n<p><a href=\"https:\/\/agora.xtec.cat\/escolamontbui\/wp-content\/uploads\/usu116\/2026\/02\/968600_ESCOLA-MONTBUI__SENSE-CRUSTACIS_899_202603.pdf\">MEN\u00da MAR\u00c7__SENSE CRUSTACIS<\/a><\/p>\n<p><a href=\"https:\/\/agora.xtec.cat\/escolamontbui\/wp-content\/uploads\/usu116\/2026\/02\/968600_ESCOLA-MONTBUI__SENSE-CACAUET_899_202603.pdf\">MEN\u00da MAR\u00c7__SENSE CACAUET<\/a><\/p>\n<p>&nbsp;<\/p>\n<p><a href=\"https:\/\/agora.xtec.cat\/escolamontbui\/wp-content\/uploads\/usu116\/2026\/01\/968600_ESCOLA-MONTBUI_1721__202602.pdf\">MEN\u00da FEBRER<\/a><\/p>\n<p><a href=\"https:\/\/agora.xtec.cat\/escolamontbui\/wp-content\/uploads\/usu116\/2026\/01\/968600_ESCOLA-MONTBUI__SENSE-PRESSEC_899_202602.pdf\">MEN\u00da FEBRER__SENSE PRESSEC<\/a><\/p>\n<p><a href=\"https:\/\/agora.xtec.cat\/escolamontbui\/wp-content\/uploads\/usu116\/2026\/01\/968600_ESCOLA-MONTBUI__SENSE-PORC_899_202602.pdf\">MEN\u00da FEBRER__SENSE PORC<\/a><\/p>\n<p><a href=\"https:\/\/agora.xtec.cat\/escolamontbui\/wp-content\/uploads\/usu116\/2026\/01\/968600_ESCOLA-MONTBUI__SENSE-PLV_899_202602.pdf\">MEN\u00da FEBRER__SENSE PLV<\/a><\/p>\n<p><a href=\"https:\/\/agora.xtec.cat\/escolamontbui\/wp-content\/uploads\/usu116\/2026\/01\/968600_ESCOLA-MONTBUI__SENSE-OU-NI-LACTOSA_899_202602.pdf\">MEN\u00da FEBRER__SENSE OU NI LACTOSA<\/a><\/p>\n<p><a href=\"https:\/\/agora.xtec.cat\/escolamontbui\/wp-content\/uploads\/usu116\/2026\/01\/968600_ESCOLA-MONTBUI__SENSE-GLUTEN_899_202602.pdf\">MEN\u00da FEBRER__SENSE GLUTEN<\/a><\/p>\n<p><a href=\"https:\/\/agora.xtec.cat\/escolamontbui\/wp-content\/uploads\/usu116\/2026\/01\/968600_ESCOLA-MONTBUI__SENSE-GLUTEN-PLV-MELSUCRE-XAROP-MELASSA-SOIA-OU-PEIX-NI-FRUITA_899_202602.pdf\">MEN\u00da FEBRER__SENSE GLUTEN, PLV, MEL,SUCRE, XAROP, MELASSA, SOIA, OU, PEIX NI FRUITA<\/a><\/p>\n<p><a href=\"https:\/\/agora.xtec.cat\/escolamontbui\/wp-content\/uploads\/usu116\/2026\/01\/968600_ESCOLA-MONTBUI__SENSE-GLUTEN-NI-LACTOSA_899_202602.pdf\">MEN\u00da FEBRER__SENSE GLUTEN NI LACTOSA<\/a><\/p>\n<p><a href=\"https:\/\/agora.xtec.cat\/escolamontbui\/wp-content\/uploads\/usu116\/2026\/01\/968600_ESCOLA-MONTBUI__SENSE-FRUITS-SECS_899_202602.pdf\">MEN\u00da FEBRER__SENSE FRUITS SECS<\/a><\/p>\n<p><a href=\"https:\/\/agora.xtec.cat\/escolamontbui\/wp-content\/uploads\/usu116\/2026\/01\/968600_ESCOLA-MONTBUI__SENSE-CRUSTACIS_899_202602.pdf\">MEN\u00da FEBRER__SENSE CRUSTACIS<\/a><\/p>\n<p><a href=\"https:\/\/agora.xtec.cat\/escolamontbui\/wp-content\/uploads\/usu116\/2026\/01\/968600_ESCOLA-MONTBUI__SENSE-CACAUET_899_202602.pdf\">MEN\u00da FEBRER__SENSE CACAUET<\/a><\/p>\n<p><a href=\"https:\/\/agora.xtec.cat\/escolamontbui\/wp-content\/uploads\/usu116\/2026\/01\/968600_ESCOLA-MONTBUI__SENSE-LACTOSA_899_202602.pdf\">MEN\u00da FEBRER__SENSE LACTOSA<\/a><\/p>\n<p><a href=\"https:\/\/agora.xtec.cat\/escolamontbui\/wp-content\/uploads\/usu116\/2026\/01\/968600_ESCOLA-MONTBUI__RECOMANACIO-DE-SOPARS_1124_202602.pdf\">MEN\u00da FEBRER__RECOMANACIO DE SOPARS<\/a><\/p>\n<p>&nbsp;<\/p>\n<p><a href=\"https:\/\/agora.xtec.cat\/escolamontbui\/wp-content\/uploads\/usu116\/2026\/01\/968600_ESCOLA-MONTBUI_1219_202601.pdf\">MEN\u00da GENER<\/a><\/p>\n<p><a href=\"https:\/\/agora.xtec.cat\/escolamontbui\/wp-content\/uploads\/usu116\/2026\/01\/968600_ESCOLA-MONTBUI__SIN-FS-MARISCO-NI-IP-NULA_899_202601.pdf\">MEN\u00da GENER__SENSE FS, MARISC I IP <\/a><\/p>\n<p><a href=\"https:\/\/agora.xtec.cat\/escolamontbui\/wp-content\/uploads\/usu116\/2026\/01\/968600_ESCOLA-MONTBUI__SENSE-PRESSEC_899_202601.pdf\">MEN\u00da GENER__SENSE PRESSEC<\/a><\/p>\n<p><a href=\"https:\/\/agora.xtec.cat\/escolamontbui\/wp-content\/uploads\/usu116\/2026\/01\/968600_ESCOLA-MONTBUI__SENSE-PORC_899_202601.pdf\">MEN\u00da GENER__SENSE PORC<\/a><\/p>\n<p><a href=\"https:\/\/agora.xtec.cat\/escolamontbui\/wp-content\/uploads\/usu116\/2026\/01\/968600_ESCOLA-MONTBUI__SENSE-PLV_899_202601.pdf\">MEN\u00da GENER__SENSE PLV<\/a><\/p>\n<p><a href=\"https:\/\/agora.xtec.cat\/escolamontbui\/wp-content\/uploads\/usu116\/2026\/01\/968600_ESCOLA-MONTBUI__SENSE-OU-NI-LACTOSA_899_202601.pdf\">MEN\u00da GENER__SENSE OU NI LACTOSA<\/a><\/p>\n<p><a href=\"https:\/\/agora.xtec.cat\/escolamontbui\/wp-content\/uploads\/usu116\/2026\/01\/968600_ESCOLA-MONTBUI__SENSE-LACTOSA_899_202601.pdf\">MEN\u00da GENER__SENSE LACTOSA<\/a><\/p>\n<p><a href=\"https:\/\/agora.xtec.cat\/escolamontbui\/wp-content\/uploads\/usu116\/2026\/01\/968600_ESCOLA-MONTBUI__SENSE-GLUTEN_899_202601.pdf\">MEN\u00da GENER__SENSE GLUTEN<\/a><\/p>\n<p><a href=\"https:\/\/agora.xtec.cat\/escolamontbui\/wp-content\/uploads\/usu116\/2026\/01\/968600_ESCOLA-MONTBUI__SENSE-GLUTEN-PLV-MELSUCRE-XAROP-MELASSA-SOIA-OU-PEIX-NI-FRUITA_899_202601.pdf\">MEN\u00da GENER__SENSE GLUTEN, PLV, MEL,SUCRE, XAROP, MELASSA, SOIA, OU, PEIX NI FRUITA<\/a><\/p>\n<p><a href=\"https:\/\/agora.xtec.cat\/escolamontbui\/wp-content\/uploads\/usu116\/2026\/01\/968600_ESCOLA-MONTBUI__SENSE-GLUTEN-NI-LACTOSA_899_202601.pdf\">MEN\u00da GENER__SENSE GLUTEN NI LACTOSA<\/a><\/p>\n<p><a href=\"https:\/\/agora.xtec.cat\/escolamontbui\/wp-content\/uploads\/usu116\/2026\/01\/968600_ESCOLA-MONTBUI__SENSE-FRUITS-SECS_899_202601.pdf\">MEN\u00da GENER__SENSE FRUITS SECS<\/a><\/p>\n<p><a href=\"https:\/\/agora.xtec.cat\/escolamontbui\/wp-content\/uploads\/usu116\/2026\/01\/968600_ESCOLA-MONTBUI__SENSE-CRUSTACIS_899_202601.pdf\">MEN\u00da GENER__SENSE CRUSTACIS<\/a><\/p>\n<p><a href=\"https:\/\/agora.xtec.cat\/escolamontbui\/wp-content\/uploads\/usu116\/2026\/01\/968600_ESCOLA-MONTBUI__SENSE-CACAUET_899_202601.pdf\">MEN\u00da GENER__SENSE CACAUET<\/a><\/p>\n<div style=\"text-align: center;\">\n<p>&nbsp;<\/p>\n<\/div>\n","protected":false},"excerpt":{"rendered":"<p>El Consell Comarcal del Vall\u00e8s Oriental gestiona el menjador de la nostra escola des del curs 2019-20. L\u2019empresa que gestiona el servei de menjador a la nostra escola \u00e9s Scolarest. Per a la contractaci\u00f3 i \u00a0gesti\u00f3 del servei es van establir, conjuntament amb les direccions dels centres escolars i\u00a0 les AMPAS, els criteris d\u2019adjudicaci\u00f3 tenint [&hellip;]<\/p>\n","protected":false},"author":2,"featured_media":0,"parent":66,"menu_order":1,"comment_status":"closed","ping_status":"closed","template":"","meta":{"_bbp_topic_count":0,"_bbp_reply_count":0,"_bbp_total_topic_count":0,"_bbp_total_reply_count":0,"_bbp_voice_count":0,"_bbp_anonymous_reply_count":0,"_bbp_topic_count_hidden":0,"_bbp_reply_count_hidden":0,"_bbp_forum_subforum_count":0,"site-sidebar-layout":"default","site-content-layout":"","ast-site-content-layout":"default","site-content-style":"default","site-sidebar-style":"default","ast-global-header-display":"","ast-banner-title-visibility":"","ast-main-header-display":"","ast-hfb-above-header-display":"","ast-hfb-below-header-display":"","ast-hfb-mobile-header-display":"","site-post-title":"","ast-breadcrumbs-content":"","ast-featured-img":"","footer-sml-layout":"","theme-transparent-header-meta":"default","adv-header-id-meta":"","stick-header-meta":"","header-above-stick-meta":"","header-main-stick-meta":"","header-below-stick-meta":"","astra-migrate-meta-layouts":"set","ast-page-background-enabled":"default","ast-page-background-meta":{"desktop":{"background-color":"var(--ast-global-color-4)","background-image":"","background-repeat":"repeat","background-position":"center center","background-size":"auto","background-attachment":"scroll","background-type":"","background-media":"","overlay-type":"","overlay-color":"","overlay-opacity":"","overlay-gradient":""},"tablet":{"background-color":"","background-image":"","background-repeat":"repeat","background-position":"center center","background-size":"auto","background-attachment":"scroll","background-type":"","background-media":"","overlay-type":"","overlay-color":"","overlay-opacity":"","overlay-gradient":""},"mobile":{"background-color":"","background-image":"","background-repeat":"repeat","background-position":"center center","background-size":"auto","background-attachment":"scroll","background-type":"","background-media":"","overlay-type":"","overlay-color":"","overlay-opacity":"","overlay-gradient":""}},"ast-content-background-meta":{"desktop":{"background-color":"var(--ast-global-color-5)","background-image":"","background-repeat":"repeat","background-position":"center center","background-size":"auto","background-attachment":"scroll","background-type":"","background-media":"","overlay-type":"","overlay-color":"","overlay-opacity":"","overlay-gradient":""},"tablet":{"background-color":"var(--ast-global-color-5)","background-image":"","background-repeat":"repeat","background-position":"center center","background-size":"auto","background-attachment":"scroll","background-type":"","background-media":"","overlay-type":"","overlay-color":"","overlay-opacity":"","overlay-gradient":""},"mobile":{"background-color":"var(--ast-global-color-5)","background-image":"","background-repeat":"repeat","background-position":"center center","background-size":"auto","background-attachment":"scroll","background-type":"","background-media":"","overlay-type":"","overlay-color":"","overlay-opacity":"","overlay-gradient":""}},"footnotes":""},"class_list":["post-73","page","type-page","status-publish","hentry"],"post_mailing_queue_ids":[],"_links":{"self":[{"href":"https:\/\/agora.xtec.cat\/escolamontbui\/wp-json\/wp\/v2\/pages\/73","targetHints":{"allow":["GET"]}}],"collection":[{"href":"https:\/\/agora.xtec.cat\/escolamontbui\/wp-json\/wp\/v2\/pages"}],"about":[{"href":"https:\/\/agora.xtec.cat\/escolamontbui\/wp-json\/wp\/v2\/types\/page"}],"author":[{"embeddable":true,"href":"https:\/\/agora.xtec.cat\/escolamontbui\/wp-json\/wp\/v2\/users\/2"}],"replies":[{"embeddable":true,"href":"https:\/\/agora.xtec.cat\/escolamontbui\/wp-json\/wp\/v2\/comments?post=73"}],"version-history":[{"count":7,"href":"https:\/\/agora.xtec.cat\/escolamontbui\/wp-json\/wp\/v2\/pages\/73\/revisions"}],"predecessor-version":[{"id":12194,"href":"https:\/\/agora.xtec.cat\/escolamontbui\/wp-json\/wp\/v2\/pages\/73\/revisions\/12194"}],"up":[{"embeddable":true,"href":"https:\/\/agora.xtec.cat\/escolamontbui\/wp-json\/wp\/v2\/pages\/66"}],"wp:attachment":[{"href":"https:\/\/agora.xtec.cat\/escolamontbui\/wp-json\/wp\/v2\/media?parent=73"}],"curies":[{"name":"wp","href":"https:\/\/api.w.org\/{rel}","templated":true}]}}