{"id":7036,"date":"2020-10-30T16:28:51","date_gmt":"2020-10-30T15:28:51","guid":{"rendered":"https:\/\/agora.xtec.cat\/escolamontbui\/?page_id=7036"},"modified":"2026-01-22T15:52:18","modified_gmt":"2026-01-22T14:52:18","slug":"documents-families","status":"publish","type":"page","link":"https:\/\/agora.xtec.cat\/escolamontbui\/lescola\/documents-families\/","title":{"rendered":"Documents fam\u00edlies"},"content":{"rendered":"<p>Autoritzacions<\/p>\n<ul>\n<li><a href=\"https:\/\/agora.xtec.cat\/escolamontbui\/wp-content\/uploads\/usu116\/2024\/02\/Autoritzacio-medicaments-1.pdf\" target=\"_blank\" rel=\"noopener\">Autoritzaci\u00f3-medicaments<\/a><\/li>\n<li><a href=\"https:\/\/agora.xtec.cat\/escolamontbui\/wp-content\/uploads\/usu116\/2020\/10\/Justificant-abs\u00e8ncia.pdf\" target=\"_blank\" rel=\"noopener\">Justificant-abs\u00e8ncia<\/a><\/li>\n<li><a href=\"https:\/\/agora.xtec.cat\/escolamontbui\/wp-content\/uploads\/usu116\/2021\/09\/06.Autoritzacio-alumnes-sortir-sols.doc\" target=\"_blank\" rel=\"noopener\">Autoritzaci\u00f3 alumnes sortir sols (a partir de 3r)<\/a><\/li>\n<li><a href=\"https:\/\/agora.xtec.cat\/escolamontbui\/wp-content\/uploads\/usu116\/2021\/09\/01.Qui-vindra-a-recollir-lalumne-.doc\" target=\"_blank\" rel=\"noopener\">Qui vindr\u00e0 a recollir l&#8217;alumne<\/a><\/li>\n<\/ul>\n<p>Material escolar<\/p>\n<ul>\n<li><a href=\"https:\/\/agora.xtec.cat\/escolamontbui\/wp-content\/uploads\/usu116\/2026\/01\/Globalitzacio-i-Socialitzacio-de-Despeses-GiSD-2025-26.pdf\" target=\"_blank\" rel=\"noopener\">Globalitzaci\u00f3 i Socialitzaci\u00f3 de Despeses GiSD 2025-26<\/a><\/li>\n<li>Llistat material escolar<\/li>\n<\/ul>\n<table style=\"width: 39.3958%; border-collapse: collapse; border-color: #ed8e68; background-color: #a3d69a;\">\n<tbody>\n<tr>\n<td style=\"width: 11.8678%; border-color: #ff915e; text-align: center;\"><span style=\"color: #000000;\"><a style=\"color: #000000;\" href=\"https:\/\/agora.xtec.cat\/escolamontbui\/wp-content\/uploads\/usu116\/2024\/07\/Material-I3.pdf\" target=\"_blank\" rel=\"noopener\">Material I3<\/a><\/span><\/td>\n<td style=\"width: 13.9367%; border-color: #ff915e; text-align: center;\" colspan=\"2\"><span style=\"color: #000000;\"><a style=\"color: #000000;\" href=\"https:\/\/agora.xtec.cat\/escolamontbui\/wp-content\/uploads\/usu116\/2024\/07\/Material-I4-i-I5.pdf\" target=\"_blank\" rel=\"noopener\">Material I4 i I5<\/a><\/span><\/td>\n<\/tr>\n<tr>\n<td style=\"width: 11.8678%; border-color: #ff915e; text-align: center;\"><span style=\"color: #000000;\"><a style=\"color: #000000;\" href=\"https:\/\/agora.xtec.cat\/escolamontbui\/wp-content\/uploads\/usu116\/2024\/07\/Material-1r.pdf\" target=\"_blank\" rel=\"noopener\">Material 1r<\/a><\/span><\/td>\n<td style=\"width: 13.9367%; border-color: #ff915e; text-align: center;\" colspan=\"2\"><span style=\"color: #000000;\"><a style=\"color: #000000;\" href=\"https:\/\/agora.xtec.cat\/escolamontbui\/wp-content\/uploads\/usu116\/2024\/07\/Material-2n-i-3r.pdf\" target=\"_blank\" rel=\"noopener\">Material 2n i 3r<\/a><\/span><\/td>\n<\/tr>\n<tr>\n<td style=\"width: 11.8678%; border-color: #ff915e; text-align: center;\" colspan=\"3\"><span style=\"color: #000000;\"><a style=\"color: #000000;\" href=\"https:\/\/agora.xtec.cat\/escolamontbui\/wp-content\/uploads\/usu116\/2024\/07\/Material-4t-5e-i-6e.pdf\" target=\"_blank\" rel=\"noopener\">Material 4t, 5\u00e8 i 6\u00e8<\/a><\/span><\/td>\n<\/tr>\n<\/tbody>\n<\/table>\n<ul>\n<li><a href=\"https:\/\/agora.xtec.cat\/escolamontbui\/wp-content\/uploads\/usu116\/2025\/07\/Relacio-llibres-i-material-2025-26.pdf\">Relaci\u00f3 llibres amb ISBN 2025-26<\/a><\/li>\n<li><a href=\"https:\/\/agora.xtec.cat\/escolamontbui\/wp-content\/uploads\/usu116\/2025\/07\/Carta-per-a-les-families-VE.pdf\">Carta per a les fam\u00edlies Val Escolar<\/a><\/li>\n<\/ul>\n<p><a href=\"https:\/\/agora.xtec.cat\/escolamontbui\/wp-content\/uploads\/usu116\/2024\/07\/Forma-de-pagament-.pdf\" target=\"_blank\" rel=\"noopener\">Forma de pagament<\/a><\/p>\n","protected":false},"excerpt":{"rendered":"<p>Autoritzacions Autoritzaci\u00f3-medicaments Justificant-abs\u00e8ncia Autoritzaci\u00f3 alumnes sortir sols (a partir de 3r) Qui vindr\u00e0 a recollir l&#8217;alumne Material escolar Globalitzaci\u00f3 i Socialitzaci\u00f3 de Despeses GiSD 2025-26 Llistat material escolar Material I3 Material I4 i I5 Material 1r Material 2n i 3r Material 4t, 5\u00e8 i 6\u00e8 Relaci\u00f3 llibres amb ISBN 2025-26 Carta per a les fam\u00edlies [&hellip;]<\/p>\n","protected":false},"author":1,"featured_media":0,"parent":22,"menu_order":0,"comment_status":"closed","ping_status":"closed","template":"","meta":{"_bbp_topic_count":0,"_bbp_reply_count":0,"_bbp_total_topic_count":0,"_bbp_total_reply_count":0,"_bbp_voice_count":0,"_bbp_anonymous_reply_count":0,"_bbp_topic_count_hidden":0,"_bbp_reply_count_hidden":0,"_bbp_forum_subforum_count":0,"site-sidebar-layout":"default","site-content-layout":"","ast-site-content-layout":"default","site-content-style":"default","site-sidebar-style":"default","ast-global-header-display":"","ast-banner-title-visibility":"","ast-main-header-display":"","ast-hfb-above-header-display":"","ast-hfb-below-header-display":"","ast-hfb-mobile-header-display":"","site-post-title":"","ast-breadcrumbs-content":"","ast-featured-img":"","footer-sml-layout":"","theme-transparent-header-meta":"default","adv-header-id-meta":"","stick-header-meta":"","header-above-stick-meta":"","header-main-stick-meta":"","header-below-stick-meta":"","astra-migrate-meta-layouts":"set","ast-page-background-enabled":"default","ast-page-background-meta":{"desktop":{"background-color":"var(--ast-global-color-4)","background-image":"","background-repeat":"repeat","background-position":"center center","background-size":"auto","background-attachment":"scroll","background-type":"","background-media":"","overlay-type":"","overlay-color":"","overlay-opacity":"","overlay-gradient":""},"tablet":{"background-color":"","background-image":"","background-repeat":"repeat","background-position":"center center","background-size":"auto","background-attachment":"scroll","background-type":"","background-media":"","overlay-type":"","overlay-color":"","overlay-opacity":"","overlay-gradient":""},"mobile":{"background-color":"","background-image":"","background-repeat":"repeat","background-position":"center center","background-size":"auto","background-attachment":"scroll","background-type":"","background-media":"","overlay-type":"","overlay-color":"","overlay-opacity":"","overlay-gradient":""}},"ast-content-background-meta":{"desktop":{"background-color":"var(--ast-global-color-5)","background-image":"","background-repeat":"repeat","background-position":"center center","background-size":"auto","background-attachment":"scroll","background-type":"","background-media":"","overlay-type":"","overlay-color":"","overlay-opacity":"","overlay-gradient":""},"tablet":{"background-color":"var(--ast-global-color-5)","background-image":"","background-repeat":"repeat","background-position":"center center","background-size":"auto","background-attachment":"scroll","background-type":"","background-media":"","overlay-type":"","overlay-color":"","overlay-opacity":"","overlay-gradient":""},"mobile":{"background-color":"var(--ast-global-color-5)","background-image":"","background-repeat":"repeat","background-position":"center center","background-size":"auto","background-attachment":"scroll","background-type":"","background-media":"","overlay-type":"","overlay-color":"","overlay-opacity":"","overlay-gradient":""}},"footnotes":""},"class_list":["post-7036","page","type-page","status-publish","hentry"],"post_mailing_queue_ids":[],"_links":{"self":[{"href":"https:\/\/agora.xtec.cat\/escolamontbui\/wp-json\/wp\/v2\/pages\/7036","targetHints":{"allow":["GET"]}}],"collection":[{"href":"https:\/\/agora.xtec.cat\/escolamontbui\/wp-json\/wp\/v2\/pages"}],"about":[{"href":"https:\/\/agora.xtec.cat\/escolamontbui\/wp-json\/wp\/v2\/types\/page"}],"author":[{"embeddable":true,"href":"https:\/\/agora.xtec.cat\/escolamontbui\/wp-json\/wp\/v2\/users\/1"}],"replies":[{"embeddable":true,"href":"https:\/\/agora.xtec.cat\/escolamontbui\/wp-json\/wp\/v2\/comments?post=7036"}],"version-history":[{"count":6,"href":"https:\/\/agora.xtec.cat\/escolamontbui\/wp-json\/wp\/v2\/pages\/7036\/revisions"}],"predecessor-version":[{"id":11763,"href":"https:\/\/agora.xtec.cat\/escolamontbui\/wp-json\/wp\/v2\/pages\/7036\/revisions\/11763"}],"up":[{"embeddable":true,"href":"https:\/\/agora.xtec.cat\/escolamontbui\/wp-json\/wp\/v2\/pages\/22"}],"wp:attachment":[{"href":"https:\/\/agora.xtec.cat\/escolamontbui\/wp-json\/wp\/v2\/media?parent=7036"}],"curies":[{"name":"wp","href":"https:\/\/api.w.org\/{rel}","templated":true}]}}