{"id":6860,"date":"2020-09-20T16:37:36","date_gmt":"2020-09-20T14:37:36","guid":{"rendered":"https:\/\/agora.xtec.cat\/escolamontbui\/?page_id=6860"},"modified":"2025-08-25T12:15:33","modified_gmt":"2025-08-25T10:15:33","slug":"tutorials","status":"publish","type":"page","link":"https:\/\/agora.xtec.cat\/escolamontbui\/aula-virtual\/tutorials\/","title":{"rendered":"Tutorials"},"content":{"rendered":"<p><a href=\"https:\/\/agora.xtec.cat\/escolamontbui\/wp-content\/uploads\/usu116\/2025\/08\/logo-dinantia.svg\"><img loading=\"lazy\" decoding=\"async\" class=\"wp-image-11441 alignleft\" src=\"https:\/\/agora.xtec.cat\/escolamontbui\/wp-content\/uploads\/usu116\/2025\/08\/logo-dinantia.svg\" alt=\"\" width=\"307\" height=\"67\" \/><\/a><\/p>\n<p><a href=\"https:\/\/agora.xtec.cat\/escolamontbui\/wp-content\/uploads\/usu116\/2025\/08\/Dinantia-installacio.pdf\" target=\"_blank\" rel=\"noopener\">Instal\u00b7laci\u00f3 i configuraci\u00f3 de Dinantia<\/a><\/p>\n<p><a href=\"https:\/\/agora.xtec.cat\/escolamontbui\/wp-content\/uploads\/usu116\/2025\/08\/TUTORIAL-PER-A-FAMILIES-DINANTIA.pdf\" target=\"_blank\" rel=\"noopener\">Funcionament aplicaci\u00f3 Dinantia<\/a><\/p>\n<p>&nbsp;<\/p>\n<p>Com habilitar el correu electr\u00f2nic de l&#8217;escola:<\/p>\n<div class=\"ast-oembed-container \" style=\"height: 100%;\"><iframe loading=\"lazy\" title=\"Com habilitar el correu electr\u00f2nic de l&#039;escola.\" width=\"500\" height=\"281\" src=\"https:\/\/www.youtube.com\/embed\/gmh7IkclEec?feature=oembed\" frameborder=\"0\" allow=\"accelerometer; autoplay; clipboard-write; encrypted-media; gyroscope; picture-in-picture; web-share\" referrerpolicy=\"strict-origin-when-cross-origin\" allowfullscreen><\/iframe><\/div>\n<p>&nbsp;<\/p>\n<p>Com crear un enlla\u00e7 directe al correu electr\u00f2nic, a l&#8217;escriptori del nostre ordinador:<\/p>\n<div class=\"ast-oembed-container \" style=\"height: 100%;\"><iframe loading=\"lazy\" title=\"Com crear un enlla\u00e7 directe al correu, a l&#039;escriptori del nostre ordinador\" width=\"500\" height=\"281\" src=\"https:\/\/www.youtube.com\/embed\/MtQDainlqng?feature=oembed\" frameborder=\"0\" allow=\"accelerometer; autoplay; clipboard-write; encrypted-media; gyroscope; picture-in-picture; web-share\" referrerpolicy=\"strict-origin-when-cross-origin\" allowfullscreen><\/iframe><\/div>\n<p>&nbsp;<\/p>\n<p>Com canviar l&#8217;idioma de les eines Google Workspace for Educatione (Classroom, correu electr\u00f2nic, Meet&#8230;)<\/p>\n<div class=\"ast-oembed-container \" style=\"height: 100%;\"><iframe loading=\"lazy\" title=\"Com canviar l&#039;idioma de les eines G Suite\" width=\"500\" height=\"281\" src=\"https:\/\/www.youtube.com\/embed\/JxvUSalqtns?feature=oembed\" frameborder=\"0\" allow=\"accelerometer; autoplay; clipboard-write; encrypted-media; gyroscope; picture-in-picture; web-share\" referrerpolicy=\"strict-origin-when-cross-origin\" allowfullscreen><\/iframe><\/div>\n<p>&nbsp;<\/p>\n<p>Google Classroom_Com accedir a la plataforma:<\/p>\n<div class=\"ast-oembed-container \" style=\"height: 100%;\"><iframe loading=\"lazy\" title=\"Com entrar al Classroom\" width=\"500\" height=\"281\" src=\"https:\/\/www.youtube.com\/embed\/E82P-OsXTo4?feature=oembed\" frameborder=\"0\" allow=\"accelerometer; autoplay; clipboard-write; encrypted-media; gyroscope; picture-in-picture; web-share\" referrerpolicy=\"strict-origin-when-cross-origin\" allowfullscreen><\/iframe><\/div>\n<p>&nbsp;<\/p>\n<p>Google Classroom_Explicaci\u00f3 general de les diferents parts que trobem al Classroom:<\/p>\n<div class=\"ast-oembed-container \" style=\"height: 100%;\"><iframe loading=\"lazy\" title=\"Parts dels Classroom\" width=\"500\" height=\"281\" src=\"https:\/\/www.youtube.com\/embed\/-kkH3RtK9Zc?feature=oembed\" frameborder=\"0\" allow=\"accelerometer; autoplay; clipboard-write; encrypted-media; gyroscope; picture-in-picture; web-share\" referrerpolicy=\"strict-origin-when-cross-origin\" allowfullscreen><\/iframe><\/div>\n<p>&nbsp;<\/p>\n<p>Google Classroom_Com portar a terme les diferents tasques al Classroom:<\/p>\n<div class=\"ast-oembed-container \" style=\"height: 100%;\"><iframe loading=\"lazy\" title=\"Com portar a terme les tasques al Classroom\" width=\"500\" height=\"281\" src=\"https:\/\/www.youtube.com\/embed\/BTdrzspj-RI?feature=oembed\" frameborder=\"0\" allow=\"accelerometer; autoplay; clipboard-write; encrypted-media; gyroscope; picture-in-picture; web-share\" referrerpolicy=\"strict-origin-when-cross-origin\" allowfullscreen><\/iframe><\/div>\n<p>&nbsp;<\/p>\n<p>Google Sites_ Com accedir a la plataforma:<\/p>\n<p>https:\/\/youtu.be\/FlyJMeDMq8o<\/p>\n<p>&nbsp;<\/p>\n<p>Google Sites_Organitzaci\u00f3 Google Sites Comunitat de Petits:<\/p>\n<p>https:\/\/youtu.be\/_kWCt-_B5Y8<\/p>\n","protected":false},"excerpt":{"rendered":"<p>Instal\u00b7laci\u00f3 i configuraci\u00f3 de Dinantia Funcionament aplicaci\u00f3 Dinantia &nbsp; Com habilitar el correu electr\u00f2nic de l&#8217;escola: &nbsp; Com crear un enlla\u00e7 directe al correu electr\u00f2nic, a l&#8217;escriptori del nostre ordinador: &nbsp; Com canviar l&#8217;idioma de les eines Google Workspace for Educatione (Classroom, correu electr\u00f2nic, Meet&#8230;) &nbsp; Google Classroom_Com accedir a la plataforma: &nbsp; Google Classroom_Explicaci\u00f3 [&hellip;]<\/p>\n","protected":false},"author":1,"featured_media":0,"parent":6842,"menu_order":0,"comment_status":"closed","ping_status":"closed","template":"","meta":{"_bbp_topic_count":0,"_bbp_reply_count":0,"_bbp_total_topic_count":0,"_bbp_total_reply_count":0,"_bbp_voice_count":0,"_bbp_anonymous_reply_count":0,"_bbp_topic_count_hidden":0,"_bbp_reply_count_hidden":0,"_bbp_forum_subforum_count":0,"site-sidebar-layout":"default","site-content-layout":"","ast-site-content-layout":"","site-content-style":"default","site-sidebar-style":"default","ast-global-header-display":"","ast-banner-title-visibility":"","ast-main-header-display":"","ast-hfb-above-header-display":"","ast-hfb-below-header-display":"","ast-hfb-mobile-header-display":"","site-post-title":"","ast-breadcrumbs-content":"","ast-featured-img":"","footer-sml-layout":"","theme-transparent-header-meta":"","adv-header-id-meta":"","stick-header-meta":"","header-above-stick-meta":"","header-main-stick-meta":"","header-below-stick-meta":"","astra-migrate-meta-layouts":"default","ast-page-background-enabled":"default","ast-page-background-meta":{"desktop":{"background-color":"var(--ast-global-color-4)","background-image":"","background-repeat":"repeat","background-position":"center center","background-size":"auto","background-attachment":"scroll","background-type":"","background-media":"","overlay-type":"","overlay-color":"","overlay-opacity":"","overlay-gradient":""},"tablet":{"background-color":"","background-image":"","background-repeat":"repeat","background-position":"center center","background-size":"auto","background-attachment":"scroll","background-type":"","background-media":"","overlay-type":"","overlay-color":"","overlay-opacity":"","overlay-gradient":""},"mobile":{"background-color":"","background-image":"","background-repeat":"repeat","background-position":"center center","background-size":"auto","background-attachment":"scroll","background-type":"","background-media":"","overlay-type":"","overlay-color":"","overlay-opacity":"","overlay-gradient":""}},"ast-content-background-meta":{"desktop":{"background-color":"var(--ast-global-color-5)","background-image":"","background-repeat":"repeat","background-position":"center center","background-size":"auto","background-attachment":"scroll","background-type":"","background-media":"","overlay-type":"","overlay-color":"","overlay-opacity":"","overlay-gradient":""},"tablet":{"background-color":"var(--ast-global-color-5)","background-image":"","background-repeat":"repeat","background-position":"center center","background-size":"auto","background-attachment":"scroll","background-type":"","background-media":"","overlay-type":"","overlay-color":"","overlay-opacity":"","overlay-gradient":""},"mobile":{"background-color":"var(--ast-global-color-5)","background-image":"","background-repeat":"repeat","background-position":"center center","background-size":"auto","background-attachment":"scroll","background-type":"","background-media":"","overlay-type":"","overlay-color":"","overlay-opacity":"","overlay-gradient":""}},"footnotes":""},"class_list":["post-6860","page","type-page","status-publish","hentry"],"post_mailing_queue_ids":[],"_links":{"self":[{"href":"https:\/\/agora.xtec.cat\/escolamontbui\/wp-json\/wp\/v2\/pages\/6860","targetHints":{"allow":["GET"]}}],"collection":[{"href":"https:\/\/agora.xtec.cat\/escolamontbui\/wp-json\/wp\/v2\/pages"}],"about":[{"href":"https:\/\/agora.xtec.cat\/escolamontbui\/wp-json\/wp\/v2\/types\/page"}],"author":[{"embeddable":true,"href":"https:\/\/agora.xtec.cat\/escolamontbui\/wp-json\/wp\/v2\/users\/1"}],"replies":[{"embeddable":true,"href":"https:\/\/agora.xtec.cat\/escolamontbui\/wp-json\/wp\/v2\/comments?post=6860"}],"version-history":[{"count":7,"href":"https:\/\/agora.xtec.cat\/escolamontbui\/wp-json\/wp\/v2\/pages\/6860\/revisions"}],"predecessor-version":[{"id":11444,"href":"https:\/\/agora.xtec.cat\/escolamontbui\/wp-json\/wp\/v2\/pages\/6860\/revisions\/11444"}],"up":[{"embeddable":true,"href":"https:\/\/agora.xtec.cat\/escolamontbui\/wp-json\/wp\/v2\/pages\/6842"}],"wp:attachment":[{"href":"https:\/\/agora.xtec.cat\/escolamontbui\/wp-json\/wp\/v2\/media?parent=6860"}],"curies":[{"name":"wp","href":"https:\/\/api.w.org\/{rel}","templated":true}]}}