{"id":6850,"date":"2020-09-20T16:30:51","date_gmt":"2020-09-20T14:30:51","guid":{"rendered":"https:\/\/agora.xtec.cat\/escolamontbui\/?page_id=6850"},"modified":"2020-09-24T16:50:26","modified_gmt":"2020-09-24T14:50:26","slug":"google-classroom","status":"publish","type":"page","link":"https:\/\/agora.xtec.cat\/escolamontbui\/aula-virtual\/google-classroom\/","title":{"rendered":"Google Classroom"},"content":{"rendered":"<p>&nbsp;<\/p>\n<p style=\"text-align: left;\">A l&#8217;etapa d&#8217;Educaci\u00f3 Prim\u00e0ria es far\u00e0 \u00fas de l&#8217;aplicaci\u00f3 Google Classroom. A trav\u00e9s d&#8217;aquesta, les i els mestres aniran penjant propostes de tasques per tal que l&#8217;alumnat pugui anar treballant de forma virtual. A continuaci\u00f3 us adjuntem l&#8217;enlla\u00e7 directe per iniciar sessi\u00f3 amb l&#8217;usuari i contrasenya del domini de l&#8217;escola:<\/p>\n<p style=\"text-align: left;\"><a href=\"http:\/\/mail.escolamontbui.org\" target=\"_blank\" rel=\"noopener noreferrer\"><img loading=\"lazy\" decoding=\"async\" class=\"size-full wp-image-6890 aligncenter\" src=\"https:\/\/agora.xtec.cat\/escolamontbui\/wp-content\/uploads\/usu116\/2020\/09\/Acc\u00e9s-directe.jpg\" alt=\"\" width=\"488\" height=\"597\" srcset=\"https:\/\/agora.xtec.cat\/escolamontbui\/wp-content\/uploads\/usu116\/2020\/09\/Acc\u00e9s-directe.jpg 488w, https:\/\/agora.xtec.cat\/escolamontbui\/wp-content\/uploads\/usu116\/2020\/09\/Acc\u00e9s-directe-245x300.jpg 245w\" sizes=\"auto, (max-width: 488px) 100vw, 488px\" \/><\/a><\/p>\n","protected":false},"excerpt":{"rendered":"<p>&nbsp; A l&#8217;etapa d&#8217;Educaci\u00f3 Prim\u00e0ria es far\u00e0 \u00fas de l&#8217;aplicaci\u00f3 Google Classroom. A trav\u00e9s d&#8217;aquesta, les i els mestres aniran penjant propostes de tasques per tal que l&#8217;alumnat pugui anar treballant de forma virtual. A continuaci\u00f3 us adjuntem l&#8217;enlla\u00e7 directe per iniciar sessi\u00f3 amb l&#8217;usuari i contrasenya del domini de l&#8217;escola:<\/p>\n","protected":false},"author":1,"featured_media":0,"parent":6842,"menu_order":0,"comment_status":"closed","ping_status":"closed","template":"","meta":{"_bbp_topic_count":0,"_bbp_reply_count":0,"_bbp_total_topic_count":0,"_bbp_total_reply_count":0,"_bbp_voice_count":0,"_bbp_anonymous_reply_count":0,"_bbp_topic_count_hidden":0,"_bbp_reply_count_hidden":0,"_bbp_forum_subforum_count":0,"site-sidebar-layout":"default","site-content-layout":"","ast-site-content-layout":"","site-content-style":"default","site-sidebar-style":"default","ast-global-header-display":"","ast-banner-title-visibility":"","ast-main-header-display":"","ast-hfb-above-header-display":"","ast-hfb-below-header-display":"","ast-hfb-mobile-header-display":"","site-post-title":"","ast-breadcrumbs-content":"","ast-featured-img":"","footer-sml-layout":"","theme-transparent-header-meta":"","adv-header-id-meta":"","stick-header-meta":"","header-above-stick-meta":"","header-main-stick-meta":"","header-below-stick-meta":"","astra-migrate-meta-layouts":"default","ast-page-background-enabled":"default","ast-page-background-meta":{"desktop":{"background-color":"var(--ast-global-color-4)","background-image":"","background-repeat":"repeat","background-position":"center center","background-size":"auto","background-attachment":"scroll","background-type":"","background-media":"","overlay-type":"","overlay-color":"","overlay-opacity":"","overlay-gradient":""},"tablet":{"background-color":"","background-image":"","background-repeat":"repeat","background-position":"center center","background-size":"auto","background-attachment":"scroll","background-type":"","background-media":"","overlay-type":"","overlay-color":"","overlay-opacity":"","overlay-gradient":""},"mobile":{"background-color":"","background-image":"","background-repeat":"repeat","background-position":"center center","background-size":"auto","background-attachment":"scroll","background-type":"","background-media":"","overlay-type":"","overlay-color":"","overlay-opacity":"","overlay-gradient":""}},"ast-content-background-meta":{"desktop":{"background-color":"var(--ast-global-color-5)","background-image":"","background-repeat":"repeat","background-position":"center center","background-size":"auto","background-attachment":"scroll","background-type":"","background-media":"","overlay-type":"","overlay-color":"","overlay-opacity":"","overlay-gradient":""},"tablet":{"background-color":"var(--ast-global-color-5)","background-image":"","background-repeat":"repeat","background-position":"center center","background-size":"auto","background-attachment":"scroll","background-type":"","background-media":"","overlay-type":"","overlay-color":"","overlay-opacity":"","overlay-gradient":""},"mobile":{"background-color":"var(--ast-global-color-5)","background-image":"","background-repeat":"repeat","background-position":"center center","background-size":"auto","background-attachment":"scroll","background-type":"","background-media":"","overlay-type":"","overlay-color":"","overlay-opacity":"","overlay-gradient":""}},"footnotes":""},"class_list":["post-6850","page","type-page","status-publish","hentry"],"post_mailing_queue_ids":[],"_links":{"self":[{"href":"https:\/\/agora.xtec.cat\/escolamontbui\/wp-json\/wp\/v2\/pages\/6850","targetHints":{"allow":["GET"]}}],"collection":[{"href":"https:\/\/agora.xtec.cat\/escolamontbui\/wp-json\/wp\/v2\/pages"}],"about":[{"href":"https:\/\/agora.xtec.cat\/escolamontbui\/wp-json\/wp\/v2\/types\/page"}],"author":[{"embeddable":true,"href":"https:\/\/agora.xtec.cat\/escolamontbui\/wp-json\/wp\/v2\/users\/1"}],"replies":[{"embeddable":true,"href":"https:\/\/agora.xtec.cat\/escolamontbui\/wp-json\/wp\/v2\/comments?post=6850"}],"version-history":[{"count":4,"href":"https:\/\/agora.xtec.cat\/escolamontbui\/wp-json\/wp\/v2\/pages\/6850\/revisions"}],"predecessor-version":[{"id":6895,"href":"https:\/\/agora.xtec.cat\/escolamontbui\/wp-json\/wp\/v2\/pages\/6850\/revisions\/6895"}],"up":[{"embeddable":true,"href":"https:\/\/agora.xtec.cat\/escolamontbui\/wp-json\/wp\/v2\/pages\/6842"}],"wp:attachment":[{"href":"https:\/\/agora.xtec.cat\/escolamontbui\/wp-json\/wp\/v2\/media?parent=6850"}],"curies":[{"name":"wp","href":"https:\/\/api.w.org\/{rel}","templated":true}]}}