{"id":66,"date":"2014-09-18T12:40:47","date_gmt":"2014-09-18T10:40:47","guid":{"rendered":"http:\/\/agora.xtec.cat\/escolamontbui\/?page_id=66"},"modified":"2026-02-05T13:53:23","modified_gmt":"2026-02-05T12:53:23","slug":"serveis","status":"publish","type":"page","link":"https:\/\/agora.xtec.cat\/escolamontbui\/serveis\/","title":{"rendered":"FAM\u00cdLIA-ESCOLA"},"content":{"rendered":"<p>Secci\u00f3 que informa dels serveis que ofereix el centre. Trobareu informaci\u00f3 sobre:<\/p>\n<ul>\n<li><a href=\"https:\/\/agora.xtec.cat\/escolamontbui\/serveis\/menjador-escolar\/\" target=\"_blank\" rel=\"noopener\">Menjador escolar<\/a><\/li>\n<li><a href=\"https:\/\/agora.xtec.cat\/escolamontbui\/afa\/acollida-matinal-2\/\" target=\"_blank\" rel=\"noopener\">Acollida matinal<\/a><\/li>\n<li><a href=\"https:\/\/agora.xtec.cat\/escolamontbui\/general\/servei-dacollida-de-tardes\/\" target=\"_blank\" rel=\"noopener\">Acollida tardes<\/a><\/li>\n<li><a href=\"https:\/\/agora.xtec.cat\/escolamontbui\/afa\/activitats-extraescolars\/\" target=\"_blank\" rel=\"noopener\">Activitats Extraescolars<\/a><\/li>\n<li><a href=\"https:\/\/agora.xtec.cat\/escolamontbui\/afa\/patis-oberts\/\" target=\"_blank\" rel=\"noopener\">Patis Oberts<\/a><\/li>\n<li><a href=\"https:\/\/agora.xtec.cat\/escolamontbui\/atencio-psicopedagogica\/\" target=\"_blank\" rel=\"noopener\">Atenci\u00f3 psicopedag\u00f2gica<\/a><\/li>\n<li><a href=\"https:\/\/agora.xtec.cat\/escolamontbui\/transport-escolar\/\" target=\"_blank\" rel=\"noopener\">Transport escolar<\/a><\/li>\n<\/ul>\n","protected":false},"excerpt":{"rendered":"<p>Secci\u00f3 que informa dels serveis que ofereix el centre. Trobareu informaci\u00f3 sobre: Menjador escolar Acollida matinal Acollida tardes Activitats Extraescolars Patis Oberts Atenci\u00f3 psicopedag\u00f2gica Transport escolar<\/p>\n","protected":false},"author":2,"featured_media":0,"parent":0,"menu_order":0,"comment_status":"closed","ping_status":"closed","template":"","meta":{"_bbp_topic_count":0,"_bbp_reply_count":0,"_bbp_total_topic_count":0,"_bbp_total_reply_count":0,"_bbp_voice_count":0,"_bbp_anonymous_reply_count":0,"_bbp_topic_count_hidden":0,"_bbp_reply_count_hidden":0,"_bbp_forum_subforum_count":0,"site-sidebar-layout":"default","site-content-layout":"","ast-site-content-layout":"default","site-content-style":"default","site-sidebar-style":"default","ast-global-header-display":"","ast-banner-title-visibility":"","ast-main-header-display":"","ast-hfb-above-header-display":"","ast-hfb-below-header-display":"","ast-hfb-mobile-header-display":"","site-post-title":"","ast-breadcrumbs-content":"","ast-featured-img":"","footer-sml-layout":"","theme-transparent-header-meta":"default","adv-header-id-meta":"","stick-header-meta":"","header-above-stick-meta":"","header-main-stick-meta":"","header-below-stick-meta":"","astra-migrate-meta-layouts":"set","ast-page-background-enabled":"default","ast-page-background-meta":{"desktop":{"background-color":"var(--ast-global-color-4)","background-image":"","background-repeat":"repeat","background-position":"center center","background-size":"auto","background-attachment":"scroll","background-type":"","background-media":"","overlay-type":"","overlay-color":"","overlay-opacity":"","overlay-gradient":""},"tablet":{"background-color":"","background-image":"","background-repeat":"repeat","background-position":"center center","background-size":"auto","background-attachment":"scroll","background-type":"","background-media":"","overlay-type":"","overlay-color":"","overlay-opacity":"","overlay-gradient":""},"mobile":{"background-color":"","background-image":"","background-repeat":"repeat","background-position":"center center","background-size":"auto","background-attachment":"scroll","background-type":"","background-media":"","overlay-type":"","overlay-color":"","overlay-opacity":"","overlay-gradient":""}},"ast-content-background-meta":{"desktop":{"background-color":"var(--ast-global-color-5)","background-image":"","background-repeat":"repeat","background-position":"center center","background-size":"auto","background-attachment":"scroll","background-type":"","background-media":"","overlay-type":"","overlay-color":"","overlay-opacity":"","overlay-gradient":""},"tablet":{"background-color":"var(--ast-global-color-5)","background-image":"","background-repeat":"repeat","background-position":"center center","background-size":"auto","background-attachment":"scroll","background-type":"","background-media":"","overlay-type":"","overlay-color":"","overlay-opacity":"","overlay-gradient":""},"mobile":{"background-color":"var(--ast-global-color-5)","background-image":"","background-repeat":"repeat","background-position":"center center","background-size":"auto","background-attachment":"scroll","background-type":"","background-media":"","overlay-type":"","overlay-color":"","overlay-opacity":"","overlay-gradient":""}},"footnotes":""},"class_list":["post-66","page","type-page","status-publish","hentry"],"post_mailing_queue_ids":[],"_links":{"self":[{"href":"https:\/\/agora.xtec.cat\/escolamontbui\/wp-json\/wp\/v2\/pages\/66","targetHints":{"allow":["GET"]}}],"collection":[{"href":"https:\/\/agora.xtec.cat\/escolamontbui\/wp-json\/wp\/v2\/pages"}],"about":[{"href":"https:\/\/agora.xtec.cat\/escolamontbui\/wp-json\/wp\/v2\/types\/page"}],"author":[{"embeddable":true,"href":"https:\/\/agora.xtec.cat\/escolamontbui\/wp-json\/wp\/v2\/users\/2"}],"replies":[{"embeddable":true,"href":"https:\/\/agora.xtec.cat\/escolamontbui\/wp-json\/wp\/v2\/comments?post=66"}],"version-history":[{"count":6,"href":"https:\/\/agora.xtec.cat\/escolamontbui\/wp-json\/wp\/v2\/pages\/66\/revisions"}],"predecessor-version":[{"id":12004,"href":"https:\/\/agora.xtec.cat\/escolamontbui\/wp-json\/wp\/v2\/pages\/66\/revisions\/12004"}],"wp:attachment":[{"href":"https:\/\/agora.xtec.cat\/escolamontbui\/wp-json\/wp\/v2\/media?parent=66"}],"curies":[{"name":"wp","href":"https:\/\/api.w.org\/{rel}","templated":true}]}}